{"id":991,"date":"2024-11-26T15:53:29","date_gmt":"2024-11-26T14:53:29","guid":{"rendered":"https:\/\/www.hsu-hh.de\/ggb\/?page_id=991"},"modified":"2024-11-27T11:11:45","modified_gmt":"2024-11-27T10:11:45","slug":"sekretariat","status":"publish","type":"page","link":"https:\/\/www.hsu-hh.de\/ggb\/sekretariat","title":{"rendered":"Sekretariat"},"content":{"rendered":"\n<div class=\"wp-block-columns is-layout-flex wp-container-core-columns-is-layout-9d6595d7 wp-block-columns-is-layout-flex\">\n<div class=\"wp-block-column has-grey-background-color has-background is-layout-flow wp-block-column-is-layout-flow\">\n<h1 class=\"wp-block-heading\">Diana Vo\u00df&nbsp;<\/h1>\n\n\n\n<p><em>E-Mail-Adresse:<\/em><br><a href=\"mailto:Diana.Voss@hsu-hh.de\" rel='nofollow'>Diana.Voss@hsu-hh.de<\/a><\/p>\n\n\n\n<p><em>Postanschrift:<\/em><br>Postfach 700822,<br>22008 Hamburg<\/p>\n\n\n\n<p><em>Telefonnummer:<\/em><br>+49 40 6541-2285<\/p>\n\n\n\n<p><em>Besuchsadresse:<\/em><br>Holstenhofweg 85,<br>22043 Hamburg<\/p>\n\n\n\n<p><em>Raum:<\/em><br>Geb\u00e4ude H 4, Raum 118<\/p>\n\n\n\n<p><em>Sprechzeit:<\/em><br>Montags bis freitags, 8:00 bis 12:00 Uhr<\/p>\n<\/div>\n\n\n\n<div class=\"wp-block-column has-white-background-color has-background is-layout-flow wp-block-column-is-layout-flow\">\n<h1 class=\"wp-block-heading\">Sekretariatsvertretung<\/h1>\n\n\n\n<p>Frau Vo\u00df ist f\u00fcr l\u00e4ngere Zeit abwesend. Bitte kontaktieren Sie bis auf Weiteres die Kolleg*innen in Vertretung: <\/p>\n\n\n\n<h2 class=\"wp-block-heading\">Sylvia Draack <\/h2>\n\n\n\n<p>E-Mailadresse: <a href=\"mailto:draacks@hsu-hh.de\" rel='nofollow'>draacks@hsu-hh.de<\/a><br>B\u00fcro: H4 &#8211; R.112<br>Telefon: +49 40 6541 &#8211; 2103 <br>Sprechzeiten: Mo- 08:00 bis 12:00 Uhr<br>B\u00fcrozeiten: mo-do 07:30 &#8211; 15:30 Uhr; Freitags Homeoffice 07:00 &#8211; 14:00 Uhr<\/p>\n\n\n\n<h2 class=\"wp-block-heading\">Birgit Sch\u00fcller<\/h2>\n\n\n\n<p>E-Mailadresse: <a href=\"mailto:schuellb@hsu-hh.de\" rel='nofollow'>schuellb@hsu-hh.de<\/a><br>B\u00fcro: H 4 &#8211;  R. 112<br>Telefon: +49 40 6541 &#8211; 2400<br>B\u00fcrozeiten: Mo-Mi und Fr \u00a006:30 &#8211; 12:30 Uhr; \u00a0Donnerstags: Homeoffice 06:30 &#8211; 12:30 Uhr<\/p>\n\n\n\n<p><\/p>\n<\/div>\n<\/div>\n","protected":false},"excerpt":{"rendered":"<p>Diana Vo\u00df&nbsp; E-Mail-Adresse:Diana.Voss@hsu-hh.de Postanschrift:Postfach 700822,22008 Hamburg Telefonnummer:+49 40 6541-2285 Besuchsadresse:Holstenhofweg 85,22043 Hamburg Raum:Geb\u00e4ude H 4, Raum 118 Sprechzeit:Montags bis freitags, 8:00 bis 12:00 Uhr Sekretariatsvertretung Frau Vo\u00df ist f\u00fcr l\u00e4ngere [&hellip;]<\/p>\n","protected":false},"author":4046,"featured_media":0,"parent":0,"menu_order":0,"comment_status":"closed","ping_status":"closed","template":"","meta":{"footnotes":""},"categories":[4],"tags":[],"class_list":["post-991","page","type-page","status-publish","hentry","category-forschung"],"_links":{"self":[{"href":"https:\/\/www.hsu-hh.de\/ggb\/wp-json\/wp\/v2\/pages\/991","targetHints":{"allow":["GET"]}}],"collection":[{"href":"https:\/\/www.hsu-hh.de\/ggb\/wp-json\/wp\/v2\/pages"}],"about":[{"href":"https:\/\/www.hsu-hh.de\/ggb\/wp-json\/wp\/v2\/types\/page"}],"author":[{"embeddable":true,"href":"https:\/\/www.hsu-hh.de\/ggb\/wp-json\/wp\/v2\/users\/4046"}],"replies":[{"embeddable":true,"href":"https:\/\/www.hsu-hh.de\/ggb\/wp-json\/wp\/v2\/comments?post=991"}],"version-history":[{"count":5,"href":"https:\/\/www.hsu-hh.de\/ggb\/wp-json\/wp\/v2\/pages\/991\/revisions"}],"predecessor-version":[{"id":1058,"href":"https:\/\/www.hsu-hh.de\/ggb\/wp-json\/wp\/v2\/pages\/991\/revisions\/1058"}],"wp:attachment":[{"href":"https:\/\/www.hsu-hh.de\/ggb\/wp-json\/wp\/v2\/media?parent=991"}],"wp:term":[{"taxonomy":"category","embeddable":true,"href":"https:\/\/www.hsu-hh.de\/ggb\/wp-json\/wp\/v2\/categories?post=991"},{"taxonomy":"post_tag","embeddable":true,"href":"https:\/\/www.hsu-hh.de\/ggb\/wp-json\/wp\/v2\/tags?post=991"}],"curies":[{"name":"wp","href":"https:\/\/api.w.org\/{rel}","templated":true}]}}