{"id":221,"date":"2017-10-16T19:21:27","date_gmt":"2017-10-16T17:21:27","guid":{"rendered":"https:\/\/www.hsu-hh.de\/ggb\/?page_id=221"},"modified":"2017-10-16T19:23:19","modified_gmt":"2017-10-16T17:23:19","slug":"prof-dr-thomas-hoehne","status":"publish","type":"page","link":"https:\/\/www.hsu-hh.de\/ggb\/prof-dr-thomas-hoehne","title":{"rendered":"Prof. Dr. Thomas H\u00f6hne"},"content":{"rendered":"<p><img loading=\"lazy\" decoding=\"async\" class=\"alignnone size-thumbnail wp-image-222\" src=\"https:\/\/www.hsu-hh.de\/ggb\/wp-content\/uploads\/sites\/679\/2017\/10\/Dummy123-150x150.png\" alt=\"w\" width=\"150\" height=\"150\" srcset=\"https:\/\/www.hsu-hh.de\/ggb\/wp-content\/uploads\/sites\/679\/2017\/10\/Dummy123-150x150.png 150w, https:\/\/www.hsu-hh.de\/ggb\/wp-content\/uploads\/sites\/679\/2017\/10\/Dummy123-100x100.png 100w, https:\/\/www.hsu-hh.de\/ggb\/wp-content\/uploads\/sites\/679\/2017\/10\/Dummy123.png 161w\" sizes=\"auto, (max-width: 150px) 100vw, 150px\" \/><\/p>\n<h2>Kurzvita<\/h2>\n<ul>\n<li>1998-2000\u00a0Wissenschaftlicher Mitarbeiter im VW-Projekt \u201eBilder von Fremden \u2013 Formen der Migrantendarstellung in deutschen Schulb\u00fcchern\u201c von April 1998 bis September 2000.<\/li>\n<li>2001-2004\u00a0Vertretung einer Stelle als\u00a0 Akademischer Rat an der Gie\u00dfener Justus-Liebig-Universit\u00e4t im Fachbereich 3 Kultur- und\u00a0 Sozialwissenschaften, am Institut f\u00fcr Schulp\u00e4dagogik.<\/li>\n<li>2005-2007\u00a0Vertretung der Professur f\u00fcr Erziehungswissenschaft mit dem Schwerpunkt P\u00e4dagogische Wissensforschung an der Justus Liebig Universit\u00e4t Gie\u00dfen von 4\/2005 bis 3\/2007<\/li>\n<li>04\/2007-3\/2008\u00a0Vertretung der Professur Schulp\u00e4dagogik und Didaktik an der Universit\u00e4t Paderborn<\/li>\n<li>10\/2008\u00a0Professur f\u00fcr Allgemeine Erziehungswissenschaft an der P\u00e4dagogischen Hochschule Freiburg<\/li>\n<li>4\/2012\u00a0\u00a0\u00a0Professur f\u00fcr Erziehungswissenschaft, insbesondere gesellschaftliche, politische und rechtliche Grundlagen von Bildung und Erziehung an der Helmut Schmidt Universit\u00e4t Hamburg<\/li>\n<\/ul>\n<div class=\"col-xs-12 downloads-item\">\n<div class=\"row pub-block\">\n<div class=\"col-xs-12 downloads-item\">\n<div class=\"row border-line\">\n<div class=\"thumbnail-area\"><img decoding=\"async\" class=\"download-image\" src=\"\/wp-content\/themes\/hsu\/img\/dummy\/downloads_dummy.png\" alt=\"\" \/><\/div>\n<div class=\"text-area\">\u00a0Publikationen von Prof. <abbr title=\"Doktor\">Dr.<\/abbr> Thomas H\u00f6hne<\/div>\n<div class=\"download-area\"><a class=\"download-link\" href=\"https:\/\/www.hsu-hh.de\/ggb\/wp-content\/uploads\/sites\/679\/2017\/10\/Publikationen.pdf\"><span class=\"download-name\">pdf laden<\/span><span class=\"donwload-icon\"><img decoding=\"async\" class=\"download-icon\" src=\"\/wp-content\/themes\/hsu\/img\/icons\/download_icon.png\" alt=\"download icon\" \/><\/span><span class=\"download-size\">299 KB<\/span><\/a><\/div>\n<\/div>\n<\/div>\n<\/div>\n<\/div>\n<p>&nbsp;<\/p>\n","protected":false},"excerpt":{"rendered":"<p>Kurzvita 1998-2000\u00a0Wissenschaftlicher Mitarbeiter im VW-Projekt \u201eBilder von Fremden \u2013 Formen der Migrantendarstellung in deutschen Schulb\u00fcchern\u201c von April 1998 bis September 2000. 2001-2004\u00a0Vertretung einer Stelle als\u00a0 Akademischer Rat an der Gie\u00dfener [&hellip;]<\/p>\n","protected":false},"author":69,"featured_media":0,"parent":0,"menu_order":0,"comment_status":"closed","ping_status":"closed","template":"","meta":{"footnotes":""},"categories":[],"tags":[],"class_list":["post-221","page","type-page","status-publish","hentry"],"_links":{"self":[{"href":"https:\/\/www.hsu-hh.de\/ggb\/wp-json\/wp\/v2\/pages\/221","targetHints":{"allow":["GET"]}}],"collection":[{"href":"https:\/\/www.hsu-hh.de\/ggb\/wp-json\/wp\/v2\/pages"}],"about":[{"href":"https:\/\/www.hsu-hh.de\/ggb\/wp-json\/wp\/v2\/types\/page"}],"author":[{"embeddable":true,"href":"https:\/\/www.hsu-hh.de\/ggb\/wp-json\/wp\/v2\/users\/69"}],"replies":[{"embeddable":true,"href":"https:\/\/www.hsu-hh.de\/ggb\/wp-json\/wp\/v2\/comments?post=221"}],"version-history":[{"count":6,"href":"https:\/\/www.hsu-hh.de\/ggb\/wp-json\/wp\/v2\/pages\/221\/revisions"}],"predecessor-version":[{"id":976,"href":"https:\/\/www.hsu-hh.de\/ggb\/wp-json\/wp\/v2\/pages\/221\/revisions\/976"}],"wp:attachment":[{"href":"https:\/\/www.hsu-hh.de\/ggb\/wp-json\/wp\/v2\/media?parent=221"}],"wp:term":[{"taxonomy":"category","embeddable":true,"href":"https:\/\/www.hsu-hh.de\/ggb\/wp-json\/wp\/v2\/categories?post=221"},{"taxonomy":"post_tag","embeddable":true,"href":"https:\/\/www.hsu-hh.de\/ggb\/wp-json\/wp\/v2\/tags?post=221"}],"curies":[{"name":"wp","href":"https:\/\/api.w.org\/{rel}","templated":true}]}}