{"id":191,"date":"2017-10-16T14:00:58","date_gmt":"2017-10-16T12:00:58","guid":{"rendered":"https:\/\/www.hsu-hh.de\/ggb\/?page_id=191"},"modified":"2025-01-22T07:38:37","modified_gmt":"2025-01-22T06:38:37","slug":"test123","status":"publish","type":"page","link":"https:\/\/www.hsu-hh.de\/ggb\/test123","title":{"rendered":"Aktuelles"},"content":{"rendered":"\n<hr class=\"wp-block-separator has-alpha-channel-opacity\" \/>\n\n\n\n<div class=\"wp-block-columns is-layout-flex wp-container-core-columns-is-layout-9d6595d7 wp-block-columns-is-layout-flex\">\n<div class=\"wp-block-column is-layout-flow wp-block-column-is-layout-flow\">\n<h2 class=\"wp-block-heading\">Workshop bei den Bensberger Gespr\u00e4chen: Soldaten und Soldat*innen lebensweltorientiert erreichen <\/h2>\n\n\n\n<h3 class=\"wp-block-heading\">Praxisperspektiven auf Teilnehmendenorientierung politischer Bildung im Themenfeld &#8222;Liberale Weltordnung&#8220; <\/h3>\n\n\n\n<p>Vom 12.02.-14.02.2025 finden die diesj\u00e4hrigen <a href=\"https:\/\/www.bpb.de\/veranstaltungen\/veranstaltungskalender\/557389\/liberale-weltordnung-unter-druck\/\" data-type=\"link\" data-id=\"https:\/\/www.bpb.de\/veranstaltungen\/veranstaltungskalender\/557389\/liberale-weltordnung-unter-druck\/\" rel='nofollow'>Bensberger Gespr\u00e4che <\/a>zum Thema &#8222;Liberale Weltordnung unter Druck&#8220; statt. Wir freuen uns mit einem <a href=\"https:\/\/www.bpb.de\/veranstaltungen\/veranstaltungskalender\/557389\/liberale-weltordnung-unter-druck\/?programm=1\" rel='nofollow'>praxisorientierten Workshop Teil des Programms<\/a> zu sein.  <\/p>\n\n\n\n<p>Die Bensberger Gespr\u00e4che richten sich besonders an Multiplikatoren\/-innen im milit\u00e4rischen Bereich, staatliche und nichtstaatliche Einrichtungen der politischen Jugend- und Erwachsenenbildung sowie an Multiplikatoren\/-innen der politischen Bildung, Fach-Lehrer\/-innen und Studierende, Journalist\/-innen, Wissenschaftlerinnen und Wissenschaftler und weitere Interessierte. <\/p>\n\n\n\n<p>Bei Interesse geht es <a href=\"https:\/\/www.bpb.de\/veranstaltungen\/veranstaltungskalender\/557389\/liberale-weltordnung-unter-druck\/\" rel='nofollow'>hier zur Anmeldung.<\/a> <\/p>\n<\/div>\n<\/div>\n\n\n\n<hr class=\"wp-block-separator has-alpha-channel-opacity\" \/>\n\n\n\n<div class=\"wp-block-columns is-layout-flex wp-container-core-columns-is-layout-9d6595d7 wp-block-columns-is-layout-flex\">\n<div class=\"wp-block-column is-layout-flow wp-block-column-is-layout-flow\">\n<h2 class=\"wp-block-heading\">Stellenausschreibung Wissenschaftliche Mitarbeiterin <\/h2>\n\n\n\n<h3 class=\"wp-block-heading\">Schwerpunkt: Politische Bildung <\/h3>\n\n\n\n<p>Wir suchen ab April eine:n\u00a0<strong>Wissenschaftliche Mitarbeiter:in 50% (TV\u00f6D E13)\u00a0<\/strong>mit Stellenanteilen zur Weiterqualifiaktion (Doc oder Postdoc-Phase) im Bereich der Bildungs- und Erziehungswissenschaften, spezifisch Themen der politischen Bildung. Bewerbungsschluss ist der 19.01.2025.\u00a0<\/p>\n\n\n\n<p>Alle weiteren Details sind dem angeh\u00e4ngten Dokument zu entnehmen. Nachfragen gerne an <abbr title=\"Professor\">Prof.<\/abbr> <abbr title=\"Doktor\">Dr.<\/abbr> Thomas H\u00f6hne (<a class=\"\" href=\"mailto:hoehne@hsu-hh.de\" rel='nofollow'>hoehne@hsu-hh.de<\/a>). Bewerbungen bitte&nbsp;sowohl an&nbsp;<a class=\"\" href=\"mailto:hoehne@hsu-hh.de\" rel='nofollow'>hoehne@hsu-hh.de<\/a>, wie auch&nbsp;<a class=\"\" href=\"mailto:personalabteilung@hsu-hh.de\" rel='nofollow'>personalabteilung@hsu-hh.de<\/a><\/p>\n<\/div>\n\n\n\n<div class=\"wp-block-column is-layout-flow wp-block-column-is-layout-flow\">\n<figure class=\"wp-block-image size-full\"><a href=\"https:\/\/www.hsu-hh.de\/ggb\/wp-content\/uploads\/sites\/679\/2025\/01\/Finale-Stellen-AusschreibGeiSo-2124_Hoehne_18.12.24.pdf\"><img decoding=\"async\" src=\"https:\/\/www.hsu-hh.de\/ggb\/wp-content\/uploads\/sites\/679\/2025\/01\/Finale-Stellen-AusschreibGeiSo-2124_Hoehne_18.12.24.pdf\" alt=\"\" class=\"wp-image-1114\" \/><\/a><\/figure>\n<\/div>\n<\/div>\n\n\n\n<hr class=\"wp-block-separator has-alpha-channel-opacity\" \/>\n\n\n\n<div class=\"wp-block-columns is-layout-flex wp-container-core-columns-is-layout-9d6595d7 wp-block-columns-is-layout-flex\">\n<div class=\"wp-block-column is-layout-flow wp-block-column-is-layout-flow\" style=\"flex-basis:66.66%\">\n<h2 class=\"wp-block-heading\">Workshop: Politische Bildung in Zeiten sicherheitspolitischer Krisen<\/h2>\n\n\n\n<h3 class=\"wp-block-heading\">Aktuelle Herausforderungen f\u00fcr Bundeswehr und Polizei<\/h3>\n\n\n\n<p>Am 21.\/22. November 2024 findet im Zentrum f\u00fcr Milit\u00e4rgeschichte und Sozialwissenschaften in der Bundeswehr der vom Lehrstuhl H\u00f6hne mit organisierte Tagungsworkshop zum \u00fcbergeordneten Thema Rechtsextremismus und Politische Bildung in Polizei und Bundeswehr statt. Die Tagung findet in Kooperation mit dem ZMSBw, dem AKIF und der Bundeszentrale f\u00fcr politische Bildung statt. <\/p>\n\n\n\n<p><a href=\"https:\/\/www.hsu-hh.de\/ggb\/wp-content\/uploads\/sites\/679\/2024\/11\/Programm_PolBil-Tagung_2024-FINAL_16.10.24-1.pdf\">Details zu Programm und Anmeldung finden sich hier.<\/a><\/p>\n<\/div>\n\n\n\n<div class=\"wp-block-column is-layout-flow wp-block-column-is-layout-flow\" style=\"flex-basis:33.33%\"><div class=\"wp-block-image\">\n<figure class=\"alignright size-full is-resized\"><img loading=\"lazy\" decoding=\"async\" width=\"630\" height=\"899\" src=\"https:\/\/www.hsu-hh.de\/ggb\/wp-content\/uploads\/sites\/679\/2024\/11\/Bildschirmfoto-2024-11-26-um-16.00.59.png\" data-credit=\"HSU \" alt=\"\" class=\"wp-image-996\" style=\"width:237px;height:auto\" srcset=\"https:\/\/www.hsu-hh.de\/ggb\/wp-content\/uploads\/sites\/679\/2024\/11\/Bildschirmfoto-2024-11-26-um-16.00.59.png 630w, https:\/\/www.hsu-hh.de\/ggb\/wp-content\/uploads\/sites\/679\/2024\/11\/Bildschirmfoto-2024-11-26-um-16.00.59-210x300.png 210w\" sizes=\"auto, (max-width: 630px) 100vw, 630px\" \/><\/figure>\n<\/div><\/div>\n<\/div>\n","protected":false},"excerpt":{"rendered":"<p>Workshop bei den Bensberger Gespr\u00e4chen: Soldaten und Soldat*innen lebensweltorientiert erreichen Praxisperspektiven auf Teilnehmendenorientierung politischer Bildung im Themenfeld &#8222;Liberale Weltordnung&#8220; Vom 12.02.-14.02.2025 finden die diesj\u00e4hrigen Bensberger Gespr\u00e4che zum Thema &#8222;Liberale Weltordnung [&hellip;]<\/p>\n","protected":false},"author":69,"featured_media":0,"parent":0,"menu_order":0,"comment_status":"closed","ping_status":"closed","template":"","meta":{"footnotes":""},"categories":[4],"tags":[],"class_list":["post-191","page","type-page","status-publish","hentry","category-forschung"],"_links":{"self":[{"href":"https:\/\/www.hsu-hh.de\/ggb\/wp-json\/wp\/v2\/pages\/191","targetHints":{"allow":["GET"]}}],"collection":[{"href":"https:\/\/www.hsu-hh.de\/ggb\/wp-json\/wp\/v2\/pages"}],"about":[{"href":"https:\/\/www.hsu-hh.de\/ggb\/wp-json\/wp\/v2\/types\/page"}],"author":[{"embeddable":true,"href":"https:\/\/www.hsu-hh.de\/ggb\/wp-json\/wp\/v2\/users\/69"}],"replies":[{"embeddable":true,"href":"https:\/\/www.hsu-hh.de\/ggb\/wp-json\/wp\/v2\/comments?post=191"}],"version-history":[{"count":23,"href":"https:\/\/www.hsu-hh.de\/ggb\/wp-json\/wp\/v2\/pages\/191\/revisions"}],"predecessor-version":[{"id":1122,"href":"https:\/\/www.hsu-hh.de\/ggb\/wp-json\/wp\/v2\/pages\/191\/revisions\/1122"}],"wp:attachment":[{"href":"https:\/\/www.hsu-hh.de\/ggb\/wp-json\/wp\/v2\/media?parent=191"}],"wp:term":[{"taxonomy":"category","embeddable":true,"href":"https:\/\/www.hsu-hh.de\/ggb\/wp-json\/wp\/v2\/categories?post=191"},{"taxonomy":"post_tag","embeddable":true,"href":"https:\/\/www.hsu-hh.de\/ggb\/wp-json\/wp\/v2\/tags?post=191"}],"curies":[{"name":"wp","href":"https:\/\/api.w.org\/{rel}","templated":true}]}}