{"id":1148,"date":"2025-07-16T13:00:19","date_gmt":"2025-07-16T11:00:19","guid":{"rendered":"https:\/\/www.hsu-hh.de\/ggb\/?page_id=1148"},"modified":"2025-07-17T11:04:27","modified_gmt":"2025-07-17T09:04:27","slug":"dagmar-weber","status":"publish","type":"page","link":"https:\/\/www.hsu-hh.de\/ggb\/dagmar-weber","title":{"rendered":"Dagmar Weber M.A."},"content":{"rendered":"\n<p>Wissenschaftliche Mitarbeiterin<\/p>\n\n\n\n<hr class=\"wp-block-separator has-alpha-channel-opacity\" \/>\n\n\n\n<p><strong>Kontakt<\/strong><br>Mail: <a href=\"mailto:vossch@hsu-hh.de\" rel='nofollow'>dagmar.weber@hsu-hh.de<\/a><br>Phone: (040) 6541 &#8211; 3944<br>Helmut-Schmidt-Universit\u00e4t<br>Holstenhofweg 85<br>H4 &#8211; Raum 124<\/p>\n\n\n\n<p><strong>Postanschrift<\/strong><br>Helmut-Schmidt-Universti\u00e4t<br>Postfach 70 08 22<br>22008 Hamburg<br><br><em>Sprechzeit:<\/em> nach Vereinbarung<\/p>\n\n\n\n<hr class=\"wp-block-separator has-alpha-channel-opacity\" \/>\n\n\n\n<p class=\"has-text-align-left\"><strong>Zur Person<\/strong><\/p>\n\n\n\n<p>Dagmar Weber ist seit 2025 Wissenschaftliche Mitarbeiterin am Lehrstuhl f\u00fcr Erziehungswissenschaft, insbesondere gesellschaftliche, politische und rechtliche Grundlagen von Bildung und Erziehung an der Helmut Schmidt Universit\u00e4t Hamburg. <\/p>\n\n\n\n<p>Sie studierte Afrikastudien B.A. und Politikwissenschaft B.A. an der Universit\u00e4t Leipzig sowie Friedens- und Konfliktforschung M.A. an der Philipps-Universit\u00e4t Marburg. Neben ihrer wissenschaftlichen T\u00e4tigkeit ist sie als politische Bildnerin, Bildungsreferentin und Beraterin t\u00e4tig.<\/p>\n\n\n\n<p><\/p>\n\n\n\n<p><\/p>\n\n\n\n<p><strong>Arbeitsgebiete<\/strong><\/p>\n\n\n\n<p>Politische Bildung in Organisationen<\/p>\n\n\n\n<p>Demokratie- und Menschenrechtsbildung<\/p>\n\n\n\n<p>GMF, Rechtsextremismus<\/p>\n\n\n\n<p>Antidiskriminierung und Diversit\u00e4t<\/p>\n\n\n\n<p><\/p>\n\n\n\n<p><strong>Lehre<\/strong><\/p>\n\n\n\n<p><abbr title=\"Herbsttrimester\">HT<\/abbr>2025: Grundbegriffe und Handlungsfelder der Erziehungswissenschaft: Rassismus(kritik) in Bildungsinstitutionen. Eine Einf\u00fchrung.<\/p>\n\n\n\n<p><strong>Ver\u00f6ffentlichungen<\/strong><\/p>\n\n\n\n<p>tbd<\/p>\n","protected":false},"excerpt":{"rendered":"<p>Wissenschaftliche Mitarbeiterin KontaktMail: dagmar.weber@hsu-hh.dePhone: (040) 6541 &#8211; 3944Helmut-Schmidt-Universit\u00e4tHolstenhofweg 85H4 &#8211; Raum 124 PostanschriftHelmut-Schmidt-Universti\u00e4tPostfach 70 08 2222008 Hamburg Sprechzeit: nach Vereinbarung Zur Person Dagmar Weber ist seit 2025 Wissenschaftliche Mitarbeiterin am [&hellip;]<\/p>\n","protected":false},"author":4132,"featured_media":0,"parent":0,"menu_order":0,"comment_status":"closed","ping_status":"closed","template":"","meta":{"footnotes":""},"categories":[4,8],"tags":[45,47],"class_list":["post-1148","page","type-page","status-publish","hentry","category-forschung","category-team","tag-dagmar-weber","tag-politische-bildung"],"_links":{"self":[{"href":"https:\/\/www.hsu-hh.de\/ggb\/wp-json\/wp\/v2\/pages\/1148","targetHints":{"allow":["GET"]}}],"collection":[{"href":"https:\/\/www.hsu-hh.de\/ggb\/wp-json\/wp\/v2\/pages"}],"about":[{"href":"https:\/\/www.hsu-hh.de\/ggb\/wp-json\/wp\/v2\/types\/page"}],"author":[{"embeddable":true,"href":"https:\/\/www.hsu-hh.de\/ggb\/wp-json\/wp\/v2\/users\/4132"}],"replies":[{"embeddable":true,"href":"https:\/\/www.hsu-hh.de\/ggb\/wp-json\/wp\/v2\/comments?post=1148"}],"version-history":[{"count":11,"href":"https:\/\/www.hsu-hh.de\/ggb\/wp-json\/wp\/v2\/pages\/1148\/revisions"}],"predecessor-version":[{"id":1173,"href":"https:\/\/www.hsu-hh.de\/ggb\/wp-json\/wp\/v2\/pages\/1148\/revisions\/1173"}],"wp:attachment":[{"href":"https:\/\/www.hsu-hh.de\/ggb\/wp-json\/wp\/v2\/media?parent=1148"}],"wp:term":[{"taxonomy":"category","embeddable":true,"href":"https:\/\/www.hsu-hh.de\/ggb\/wp-json\/wp\/v2\/categories?post=1148"},{"taxonomy":"post_tag","embeddable":true,"href":"https:\/\/www.hsu-hh.de\/ggb\/wp-json\/wp\/v2\/tags?post=1148"}],"curies":[{"name":"wp","href":"https:\/\/api.w.org\/{rel}","templated":true}]}}