{"id":112,"date":"2017-10-15T16:43:35","date_gmt":"2017-10-15T14:43:35","guid":{"rendered":"https:\/\/www.hsu-hh.de\/ggb\/?page_id=112"},"modified":"2024-11-27T10:15:32","modified_gmt":"2024-11-27T09:15:32","slug":"lehre","status":"publish","type":"page","link":"https:\/\/www.hsu-hh.de\/ggb\/lehre","title":{"rendered":"Bildung als privates und\/oder \u00f6ffentliches Gut?"},"content":{"rendered":"\n<hr class=\"wp-block-separator has-alpha-channel-opacity\" \/>\n\n\n\n<div class=\"wp-block-columns is-layout-flex wp-container-core-columns-is-layout-9d6595d7 wp-block-columns-is-layout-flex\">\n<div class=\"wp-block-column is-layout-flow wp-block-column-is-layout-flow\">\n<p>Die Webseite <a href=\"https:\/\/bildungalsoeffentlichesgut.fernuni-hagen.de\" rel='nofollow'>\u201eBildung als privates und\/oder \u00f6ffentliches Gut? <\/a>Formen der \u00f6konomisierende Ver\u00e4nderungen im Feld der Bildung\u201c entstand im Rahmen der Arbeit an der Gastprofessur von <abbr title=\"Professor\">Prof.<\/abbr> <abbr title=\"Doktor\">Dr.<\/abbr> Thomas H\u00f6hne an der Hagener Fernuniversit\u00e4t 2020\/2021. Dort entwickelten sich Idee und Projekt in Kooperation mit\u00a0<a href=\"https:\/\/bildungalsoeffentlichesgut.fernuni-hagen.de\/team\/prof-dr-katharina-walgenbach\/\" rel='nofollow'><abbr title=\"Professor\">Prof.<\/abbr>\u2018in <abbr title=\"Doktor\">Dr.<\/abbr> Katharina Walgenbach<\/a>. Das Ziel der Plattform ist es, Studierenden und einer interessierten \u00d6ffentlichkeit das Thema &#8222;Bildung&#8220; durch ein breites Spektrum an unterschiedlichen Materialen zug\u00e4nglich zu machen. Dazu geh\u00f6ren sowohl einf\u00fchrende und weiterf\u00fchrende Texte als auch Bilder, Fotos, Graphiken sowie Interviews, die mit verschiedenen Expert*innen zum Themenschwerpunkt gef\u00fchrt wurden. Sie tauchen als Video oder Podcast an verschiedenen Stellen der Themenschwerpunkte auf.<\/p>\n\n\n\n<div style=\"height:3em\" aria-hidden=\"true\" class=\"wp-block-spacer\"><\/div>\n<\/div>\n<\/div>\n\n\n\n<div class=\"wp-block-columns is-layout-flex wp-container-core-columns-is-layout-9d6595d7 wp-block-columns-is-layout-flex\">\n<div class=\"wp-block-column is-layout-flow wp-block-column-is-layout-flow\" style=\"flex-basis:33.33%\">\n<figure class=\"wp-block-image size-full is-resized\"><img loading=\"lazy\" decoding=\"async\" width=\"198\" height=\"72\" src=\"https:\/\/www.hsu-hh.de\/ggb\/wp-content\/uploads\/sites\/679\/2017\/10\/Gloeb.jpg\" data-credit=\"\" alt=\"1\" class=\"wp-image-248\" style=\"width:308px;height:auto\" \/><\/figure>\n<\/div>\n\n\n\n<div class=\"wp-block-column is-layout-flow wp-block-column-is-layout-flow\" style=\"flex-basis:66.66%\">\n<p>Das mittlerweile mit der Homepage verbundene <a href=\"https:\/\/bildungalsoeffentlichesgut.fernuni-hagen.de\/glossar-und-literatur\/glossar\/\" rel='nofollow'>\u201aGlossar zur \u00d6konomisierung von Bildung\u2019 (GLOEB)<\/a> basiert auf einem Gemeinschaftsprojekt der Helmut-Schmidt-Universit\u00e4t (<abbr title=\"Helmut Schmidt Universit\u00e4t\">HSU<\/abbr>) und der Gewerkschaft Erziehung und Wissenschaft (GEW) <abbr title=\"beziehungsweise\">bzw.<\/abbr> der Max Traeger Stiftung (MTS). Damit soll zum einen eine Plattform an der Schnittstelle von Wissenschaft und Gewerkschaft geschaffen werden. Zum anderen geht es auch darum, wissenschaftliche Diskurse einem breiteren Publikum zug\u00e4nglich zu machen und damit zur Vermittlung wissenschaftlicher Theorien an interessierte Leser*innen au\u00dferhalb der Wissenschaft beizutragen.<\/p>\n<\/div>\n<\/div>\n","protected":false},"excerpt":{"rendered":"<p>Die Webseite \u201eBildung als privates und\/oder \u00f6ffentliches Gut? Formen der \u00f6konomisierende Ver\u00e4nderungen im Feld der Bildung\u201c entstand im Rahmen der Arbeit an der Gastprofessur von Prof. Dr. Thomas H\u00f6hne an [&hellip;]<\/p>\n","protected":false},"author":69,"featured_media":0,"parent":0,"menu_order":0,"comment_status":"closed","ping_status":"closed","template":"","meta":{"footnotes":""},"categories":[4],"tags":[],"class_list":["post-112","page","type-page","status-publish","hentry","category-forschung"],"_links":{"self":[{"href":"https:\/\/www.hsu-hh.de\/ggb\/wp-json\/wp\/v2\/pages\/112","targetHints":{"allow":["GET"]}}],"collection":[{"href":"https:\/\/www.hsu-hh.de\/ggb\/wp-json\/wp\/v2\/pages"}],"about":[{"href":"https:\/\/www.hsu-hh.de\/ggb\/wp-json\/wp\/v2\/types\/page"}],"author":[{"embeddable":true,"href":"https:\/\/www.hsu-hh.de\/ggb\/wp-json\/wp\/v2\/users\/69"}],"replies":[{"embeddable":true,"href":"https:\/\/www.hsu-hh.de\/ggb\/wp-json\/wp\/v2\/comments?post=112"}],"version-history":[{"count":10,"href":"https:\/\/www.hsu-hh.de\/ggb\/wp-json\/wp\/v2\/pages\/112\/revisions"}],"predecessor-version":[{"id":1042,"href":"https:\/\/www.hsu-hh.de\/ggb\/wp-json\/wp\/v2\/pages\/112\/revisions\/1042"}],"wp:attachment":[{"href":"https:\/\/www.hsu-hh.de\/ggb\/wp-json\/wp\/v2\/media?parent=112"}],"wp:term":[{"taxonomy":"category","embeddable":true,"href":"https:\/\/www.hsu-hh.de\/ggb\/wp-json\/wp\/v2\/categories?post=112"},{"taxonomy":"post_tag","embeddable":true,"href":"https:\/\/www.hsu-hh.de\/ggb\/wp-json\/wp\/v2\/tags?post=112"}],"curies":[{"name":"wp","href":"https:\/\/api.w.org\/{rel}","templated":true}]}}