{"id":110,"date":"2017-10-15T16:43:27","date_gmt":"2017-10-15T14:43:27","guid":{"rendered":"https:\/\/www.hsu-hh.de\/ggb\/?page_id=110"},"modified":"2024-11-28T09:18:46","modified_gmt":"2024-11-28T08:18:46","slug":"forschung","status":"publish","type":"page","link":"https:\/\/www.hsu-hh.de\/ggb\/forschung","title":{"rendered":"Forschung"},"content":{"rendered":"\n<div class=\"wp-block-columns is-layout-flex wp-container-core-columns-is-layout-9d6595d7 wp-block-columns-is-layout-flex\">\n<div class=\"wp-block-column is-layout-flow wp-block-column-is-layout-flow\" style=\"flex-basis:66.66%\">\n<figure class=\"wp-block-image size-large is-resized\"><img loading=\"lazy\" decoding=\"async\" width=\"1024\" height=\"506\" src=\"https:\/\/www.hsu-hh.de\/ggb\/wp-content\/uploads\/sites\/679\/2024\/11\/science-1182713_1280-1024x506.jpg\" data-credit=\"\" alt=\"\" class=\"wp-image-1063\" style=\"width:755px;height:auto\" srcset=\"https:\/\/www.hsu-hh.de\/ggb\/wp-content\/uploads\/sites\/679\/2024\/11\/science-1182713_1280-1024x506.jpg 1024w, https:\/\/www.hsu-hh.de\/ggb\/wp-content\/uploads\/sites\/679\/2024\/11\/science-1182713_1280-300x148.jpg 300w, https:\/\/www.hsu-hh.de\/ggb\/wp-content\/uploads\/sites\/679\/2024\/11\/science-1182713_1280-768x379.jpg 768w, https:\/\/www.hsu-hh.de\/ggb\/wp-content\/uploads\/sites\/679\/2024\/11\/science-1182713_1280-1100x543.jpg 1100w, https:\/\/www.hsu-hh.de\/ggb\/wp-content\/uploads\/sites\/679\/2024\/11\/science-1182713_1280.jpg 1280w\" sizes=\"auto, (max-width: 1024px) 100vw, 1024px\" \/><\/figure>\n\n\n\n<h3 class=\"wp-block-heading\">Aktuelle Forschungsprojekte im Fachbereich <\/h3>\n\n\n\n<ul class=\"wp-block-list\">\n<li><a href=\"https:\/\/www.hsu-hh.de\/ggb\/politische-bildung-in-bundeswehr-und-bos\">Politische Bildung in Bundeswehr und BOS<\/a><\/li>\n<\/ul>\n\n\n\n<p>Ziel des Projektes ist die Schaffung einer digitalen und im open Access zug\u00e4nglichen Lehr-Lernplattform zur Weiterbildung von Multiplikator*innen der politischen Bildung in der Bundeswehr. Langfristig sollen Bildner*innen in Polizei und Beh\u00f6rden und Organisationen mit Sicherheitsfunktionen mitgedacht werden.&nbsp;&nbsp;<\/p>\n\n\n\n<hr class=\"wp-block-separator has-alpha-channel-opacity\" \/>\n\n\n\n<ul class=\"wp-block-list\">\n<li><a href=\"https:\/\/www.hsu-hh.de\/ggb\/lehre\">Bildung als privates und\/oder \u00f6ffentliches Gut<\/a><\/li>\n<\/ul>\n\n\n\n<p>Das Ziel der Plattform ist es, Studierenden und einer interessierten \u00d6ffentlichkeit das Thema \u201eBildung\u201c durch ein breites Spektrum an unterschiedlichen Materialen zug\u00e4nglich zu machen. Dazu geh\u00f6ren sowohl einf\u00fchrende und weiterf\u00fchrende Texte als auch Bilder, Fotos, Graphiken sowie Interviews, die mit verschiedenen Expert*innen zum Themenschwerpunkt gef\u00fchrt wurden.<\/p>\n\n\n\n<div style=\"height:3em\" aria-hidden=\"true\" class=\"wp-block-spacer\"><\/div>\n\n\n\n<h3 class=\"wp-block-heading\">Abgeschlossene Forschungsprojekte im Fachbereich und in Assoziation<\/h3>\n\n\n\n<ul class=\"wp-block-list\">\n<li><a href=\"https:\/\/www.hsu-hh.de\/sozgov\/forschung\/abgeschlossene-projekte\/dfg-projekt-bildungsdatenmanagement\/\">DFG-Projekt Bildungsdatensysteme<\/a><\/li>\n<\/ul>\n\n\n\n<p>Neue Wissens-,&nbsp;Interdependenz- und Einflussstrukturen im Kontext der Digitalisierung von Educational Governance<\/p>\n\n\n\n<hr class=\"wp-block-separator has-alpha-channel-opacity\" \/>\n\n\n\n<ul class=\"wp-block-list\">\n<li><a href=\"https:\/\/datafied.de\/ueber-das-projekt\/\" rel='nofollow'><abbr title=\"Bundesministerium f\u00fcr Bildung und Forschung\">BMBF<\/abbr>-Projekt DATAFIED<\/a><\/li>\n<\/ul>\n\n\n\n<p>Sowohl das&nbsp;<abbr title=\"Bundesministerium f\u00fcr Bildung und Forschung\">BMBF<\/abbr>, als auch die&nbsp;Kultusministerkonferenz&nbsp;haben die zunehmende Digitalisierung im Schulwesen in ihren Strategiepapieren fest verankert. Dies wird auch durch die aktuell diskutierte Grundgesetz\u00e4nderung im Rahmen des \u201eDigitalPakt Schulen\u201c bekr\u00e4ftigt. DATAFIED bildet in diesem Kontext einen wichtigen Baustein in der Erforschung und Evaluation der bisherigen Fortschritte.<\/p>\n<\/div>\n\n\n\n<div class=\"wp-block-column is-layout-flow wp-block-column-is-layout-flow\" style=\"flex-basis:33.33%\">\n<div style=\"height:100px\" aria-hidden=\"true\" class=\"wp-block-spacer\"><\/div>\n<\/div>\n<\/div>\n\n\n<h2>\u00a0<\/h2>\n<h2>\u00a0<\/h2>\n<\/p>","protected":false},"excerpt":{"rendered":"<p>Aktuelle Forschungsprojekte im Fachbereich Ziel des Projektes ist die Schaffung einer digitalen und im open Access zug\u00e4nglichen Lehr-Lernplattform zur Weiterbildung von Multiplikator*innen der politischen Bildung in der Bundeswehr. Langfristig sollen [&hellip;]<\/p>\n","protected":false},"author":69,"featured_media":0,"parent":0,"menu_order":0,"comment_status":"closed","ping_status":"closed","template":"","meta":{"footnotes":""},"categories":[4],"tags":[],"class_list":["post-110","page","type-page","status-publish","hentry","category-forschung"],"_links":{"self":[{"href":"https:\/\/www.hsu-hh.de\/ggb\/wp-json\/wp\/v2\/pages\/110","targetHints":{"allow":["GET"]}}],"collection":[{"href":"https:\/\/www.hsu-hh.de\/ggb\/wp-json\/wp\/v2\/pages"}],"about":[{"href":"https:\/\/www.hsu-hh.de\/ggb\/wp-json\/wp\/v2\/types\/page"}],"author":[{"embeddable":true,"href":"https:\/\/www.hsu-hh.de\/ggb\/wp-json\/wp\/v2\/users\/69"}],"replies":[{"embeddable":true,"href":"https:\/\/www.hsu-hh.de\/ggb\/wp-json\/wp\/v2\/comments?post=110"}],"version-history":[{"count":21,"href":"https:\/\/www.hsu-hh.de\/ggb\/wp-json\/wp\/v2\/pages\/110\/revisions"}],"predecessor-version":[{"id":1084,"href":"https:\/\/www.hsu-hh.de\/ggb\/wp-json\/wp\/v2\/pages\/110\/revisions\/1084"}],"wp:attachment":[{"href":"https:\/\/www.hsu-hh.de\/ggb\/wp-json\/wp\/v2\/media?parent=110"}],"wp:term":[{"taxonomy":"category","embeddable":true,"href":"https:\/\/www.hsu-hh.de\/ggb\/wp-json\/wp\/v2\/categories?post=110"},{"taxonomy":"post_tag","embeddable":true,"href":"https:\/\/www.hsu-hh.de\/ggb\/wp-json\/wp\/v2\/tags?post=110"}],"curies":[{"name":"wp","href":"https:\/\/api.w.org\/{rel}","templated":true}]}}