{"id":1095,"date":"2024-11-28T13:36:36","date_gmt":"2024-11-28T12:36:36","guid":{"rendered":"https:\/\/www.hsu-hh.de\/ggb\/?page_id=1095"},"modified":"2025-05-05T11:49:48","modified_gmt":"2025-05-05T09:49:48","slug":"dr-meik-nowak","status":"publish","type":"page","link":"https:\/\/www.hsu-hh.de\/ggb\/dr-meik-nowak","title":{"rendered":"Dr. Meik Nowak"},"content":{"rendered":"\n<p>Wissenschaftlicher Mitarbeiter | Mitarbeiter im Projekt &#8222;Politische Bildung in Bundeswehr und BOS&#8220;<\/p>\n\n\n\n<div class=\"wp-block-columns is-layout-flex wp-container-core-columns-is-layout-9d6595d7 wp-block-columns-is-layout-flex\">\n<div class=\"wp-block-column is-layout-flow wp-block-column-is-layout-flow\" style=\"flex-basis:25%\">\n<p><strong>Besucheranschrift<\/strong><br>Helmut-Schmidt-Universit\u00e4t<br>Geb\u00e4ude<br>Holstenhofweg 85<br>22043 Hamburg<\/p>\n<\/div>\n\n\n\n<div class=\"wp-block-column is-layout-flow wp-block-column-is-layout-flow\" style=\"flex-basis:50%\">\n<p><strong>Kontakt<\/strong><br>Mail: <a href=\"mailto:nowakme@hsu-hh.de\" rel='nofollow'>nowakme@hsu-hh.de<\/a><br>Phone: (040) 6541 &#8211; 4493<br>Helmut-Schmidt-Universit\u00e4t<br>Holstenhofweg 85<br>H4 &#8211; Raum 115<\/p>\n<\/div>\n\n\n\n<div class=\"wp-block-column is-layout-flow wp-block-column-is-layout-flow\" style=\"flex-basis:25%\"><\/div>\n<\/div>\n\n\n\n<p><\/p>\n\n\n\n<p><\/p>\n\n\n\n<p><abbr title=\"Doktor\">Dr.<\/abbr> Meik Nowak \u2013 geboren 1977 \u2013 ist promovierter Sozialwissenschaftler mit den Schwerpunkten Politik und Verwaltung. Er ist seit 2001 t\u00e4tig im Bereich der Entwicklungs- und Sicherheitspolitik mit Arbeits- und Forschungsaufenthalten in mehr als f\u00fcnfzig L\u00e4ndern. Seit 2003 ist zudem Extremismus- und Populismusforschung eines seiner Fokusthemen. Er forscht und arbeitet als politischer Bildner hierbei vor allem zu Grundlagen der gruppenbezogenen Menschenfeindlichkeit, Rechtsextremismus im \u00f6ffentlichen Raum sowie zu Rechts- und Linksextremismus und Radikalisierung in schulischen wie au\u00dferschulischen Lebenswelten junger Erwachsener. <\/p>\n\n\n\n<p>Seine Forschungsschwerpunkte sind:<\/p>\n\n\n\n<ul class=\"wp-block-list\">\n<li>Politische Bildung in der Bundeswehr<\/li>\n\n\n\n<li>Politische Bildung und Radikalisierung sowie Rechtsextremismus \/ Gruppenbezogene Menschenfeindlichkeit<\/li>\n\n\n\n<li>Monitoring &amp; Evaluation von Programmen und Projekten<\/li>\n\n\n\n<li>Zivil-Milit\u00e4rische Zusammenarbeit (CIMIC)<\/li>\n\n\n\n<li>Internationale Politik &amp; Entwicklungszusammenarbeit in fragilen Kontexten (CPCM)<\/li>\n<\/ul>\n\n\n\n<p>Seit 2021 gibt er zusammen mit Wolfgang Gieler (FH Dortmund) im Springer-Verlag die Reihe <a href=\"https:\/\/www.springer.com\/series\/16744\" rel='nofollow'>(Re-)konstruktionen &#8211; Internationale und Globale Studien<\/a> heraus und publiziert regelm\u00e4\u00dfig zu Themen der Sicherheits- und Entwicklungspolitik sowie zur Rolle der politischen Bildung in der Bundeswehr und BOS.<\/p>\n\n\n\n<p>Zudem ist er seit 2008 als politischer Bildner sowie als Seminar- und Gruppenleiter f\u00fcr eine Vielzahl von anerkannten Tr\u00e4gern der politischen Bildung in Deutschland t\u00e4tig. Seine inhaltlichen Beitr\u00e4ge dazu decken sich mit seinen Forschungsschwerpunkten sowie Inhalten der internationalen Politik mit Fokus auf Sicherheits-, Au\u00dfen- und Entwicklungspolitik.<\/p>\n","protected":false},"excerpt":{"rendered":"<p>Wissenschaftlicher Mitarbeiter | Mitarbeiter im Projekt &#8222;Politische Bildung in Bundeswehr und BOS&#8220; BesucheranschriftHelmut-Schmidt-Universit\u00e4tGeb\u00e4udeHolstenhofweg 8522043 Hamburg KontaktMail: nowakme@hsu-hh.dePhone: (040) 6541 &#8211; 4493Helmut-Schmidt-Universit\u00e4tHolstenhofweg 85H4 &#8211; Raum 115 Dr. Meik Nowak \u2013 geboren [&hellip;]<\/p>\n","protected":false},"author":4046,"featured_media":0,"parent":0,"menu_order":0,"comment_status":"closed","ping_status":"closed","template":"","meta":{"footnotes":""},"categories":[4],"tags":[],"class_list":["post-1095","page","type-page","status-publish","hentry","category-forschung"],"_links":{"self":[{"href":"https:\/\/www.hsu-hh.de\/ggb\/wp-json\/wp\/v2\/pages\/1095","targetHints":{"allow":["GET"]}}],"collection":[{"href":"https:\/\/www.hsu-hh.de\/ggb\/wp-json\/wp\/v2\/pages"}],"about":[{"href":"https:\/\/www.hsu-hh.de\/ggb\/wp-json\/wp\/v2\/types\/page"}],"author":[{"embeddable":true,"href":"https:\/\/www.hsu-hh.de\/ggb\/wp-json\/wp\/v2\/users\/4046"}],"replies":[{"embeddable":true,"href":"https:\/\/www.hsu-hh.de\/ggb\/wp-json\/wp\/v2\/comments?post=1095"}],"version-history":[{"count":6,"href":"https:\/\/www.hsu-hh.de\/ggb\/wp-json\/wp\/v2\/pages\/1095\/revisions"}],"predecessor-version":[{"id":1135,"href":"https:\/\/www.hsu-hh.de\/ggb\/wp-json\/wp\/v2\/pages\/1095\/revisions\/1135"}],"wp:attachment":[{"href":"https:\/\/www.hsu-hh.de\/ggb\/wp-json\/wp\/v2\/media?parent=1095"}],"wp:term":[{"taxonomy":"category","embeddable":true,"href":"https:\/\/www.hsu-hh.de\/ggb\/wp-json\/wp\/v2\/categories?post=1095"},{"taxonomy":"post_tag","embeddable":true,"href":"https:\/\/www.hsu-hh.de\/ggb\/wp-json\/wp\/v2\/tags?post=1095"}],"curies":[{"name":"wp","href":"https:\/\/api.w.org\/{rel}","templated":true}]}}