{"id":1060,"date":"2024-11-27T11:18:41","date_gmt":"2024-11-27T10:18:41","guid":{"rendered":"https:\/\/www.hsu-hh.de\/ggb\/?page_id=1060"},"modified":"2025-05-05T11:16:19","modified_gmt":"2025-05-05T09:16:19","slug":"politische-bildung-in-bundeswehr-und-bos","status":"publish","type":"page","link":"https:\/\/www.hsu-hh.de\/ggb\/politische-bildung-in-bundeswehr-und-bos","title":{"rendered":"&#8222;Politische Bildung in Bundeswehr und BOS&#8220;"},"content":{"rendered":"\n<h2 class=\"wp-block-heading\">Digitale Schnittstellenplattform <\/h2>\n\n\n\n<p>Ziel des Projektes ist die Schaffung einer digitalen und im open Access zug\u00e4nglichen Lehr-Lernplattform zur Weiterbildung von Multiplikator*innen der politischen Bildung in der Bundeswehr. Langfristig sollen Bildner*innen in Polizei und Beh\u00f6rden und Organisationen mit Sicherheitsfunktionen mitgedacht werden.&nbsp;&nbsp;<\/p>\n\n\n\n<p>Es ist das prim\u00e4re Ziel, Multiplikator*innen der politischen Bildung in der Bundeswehr \u2013 in vielen F\u00e4llen Offizier*innen verschiedener Dienstgrade &#8211; dazu zu bef\u00e4higen, mit den ihnen anvertrauten Einheiten gute politische Bildung durchzuf\u00fchren. Hierf\u00fcr legen die Plattforminhalte einen Schwerpunkt auf Qualifikation und Weiterbildung der durchf\u00fchrenden Personen. Diese k\u00f6nnen mittels themenspezifischer Lehr-Lern-Tutorials Professionalisierungskompetenzen \u00fcber Grunds\u00e4tze, Zielsetzungen politischer Bildung sowie ihre angemessene methodische und fachliche Umsetzung erwerben. Die Verkn\u00fcpfung mit themenspezifischen Handreichungen zur Durchf\u00fchrung von PolBil-Veranstaltungen im Rahmen der durch das BMVg angeordneten Jahresthemen gew\u00e4hrleistet eine angewandten, praxisorientierten und adressat*innenorientieren Lernprozess.&nbsp;<\/p>\n\n\n\n<p>Das digitale Plattformprojekt \u201eZur politischen Bildung bilden! Multiplikator*innen in Bundeswehr und BOS\u201c erf\u00fcllt eine wichtige Schnittstellenfunktion erstens zur Qualifikation von Multiplikator*innen der politischen Bildung in Bundeswehr und BOS; zweitens als Schnittstelle und dringend notwendige Verbindung zum zivilen Diskurs Politischer Bildung sowie seiner Kompetenz- und Materialentwicklung; drittens zu den bestehenden Angeboten der Bundeswehrdienststellen und viertens schlie\u00dflich, zur akademischen Ausbildung junger Offizier*innen an den Universit\u00e4ten der Bundeswehr, insbesondere der <abbr title=\"Helmut Schmidt Universit\u00e4t\">HSU<\/abbr>.&nbsp;<\/p>\n\n\n\n<p><strong>Projektmitarbeiter*innen:<\/strong><\/p>\n\n\n\n<div class=\"wp-block-columns is-layout-flex wp-container-core-columns-is-layout-9d6595d7 wp-block-columns-is-layout-flex\">\n<div class=\"wp-block-column is-layout-flow wp-block-column-is-layout-flow\">\n<p>Sylvia Harder M.A.<br><a href=\"https:\/\/www.hsu-hh.de\/ggb\/sylvia-harder-m-a-geb-sylvia-erben\" data-type=\"page\" data-id=\"938\">Weitere Informationen&#8230;<\/a><\/p>\n\n\n\n<p>Mail: harders@hsu-hh.de<br>Phone: (040) 6541 \u2013 2874 <\/p>\n\n\n\n<figure class=\"wp-block-image size-full is-resized\"><img loading=\"lazy\" decoding=\"async\" width=\"381\" height=\"466\" src=\"https:\/\/www.hsu-hh.de\/ggb\/wp-content\/uploads\/sites\/679\/2024\/11\/Harder-Sylvia.jpeg\" data-credit=\"Sylvia Harder \" alt=\"\" class=\"wp-image-940\" style=\"width:213px;height:auto\" srcset=\"https:\/\/www.hsu-hh.de\/ggb\/wp-content\/uploads\/sites\/679\/2024\/11\/Harder-Sylvia.jpeg 381w, https:\/\/www.hsu-hh.de\/ggb\/wp-content\/uploads\/sites\/679\/2024\/11\/Harder-Sylvia-245x300.jpeg 245w\" sizes=\"auto, (max-width: 381px) 100vw, 381px\" \/><\/figure>\n<\/div>\n\n\n\n<div class=\"wp-block-column is-layout-flow wp-block-column-is-layout-flow\">\n<p><abbr title=\"Doktor\">Dr.<\/abbr> Meik Nowak&nbsp;<br><a href=\"https:\/\/www.hsu-hh.de\/ggb\/dr-meik-nowak\" data-type=\"category\" data-id=\"8\">Weitere Informationen&#8230;<\/a><\/p>\n\n\n\n<p>Mail:&nbsp;<a href=\"mailto:nowakme@hsu-hh.de\" rel='nofollow'>nowakme@hsu-hh.de<\/a><br>Tel.: (040) 6541- 4493<\/p>\n\n\n\n<figure class=\"wp-block-image size-large is-resized\"><img loading=\"lazy\" decoding=\"async\" width=\"824\" height=\"1024\" src=\"https:\/\/www.hsu-hh.de\/ggb\/wp-content\/uploads\/sites\/679\/2025\/05\/Nowak_Pic-scaled-e1746436485714-824x1024.jpg\" data-credit=\"FOTOSTUDIO EKKENGA\" alt=\"\" class=\"wp-image-1128\" style=\"width:215px;height:auto\" srcset=\"https:\/\/www.hsu-hh.de\/ggb\/wp-content\/uploads\/sites\/679\/2025\/05\/Nowak_Pic-scaled-e1746436485714-824x1024.jpg 824w, https:\/\/www.hsu-hh.de\/ggb\/wp-content\/uploads\/sites\/679\/2025\/05\/Nowak_Pic-scaled-e1746436485714-241x300.jpg 241w, https:\/\/www.hsu-hh.de\/ggb\/wp-content\/uploads\/sites\/679\/2025\/05\/Nowak_Pic-scaled-e1746436485714-768x954.jpg 768w, https:\/\/www.hsu-hh.de\/ggb\/wp-content\/uploads\/sites\/679\/2025\/05\/Nowak_Pic-scaled-e1746436485714-1236x1536.jpg 1236w, https:\/\/www.hsu-hh.de\/ggb\/wp-content\/uploads\/sites\/679\/2025\/05\/Nowak_Pic-scaled-e1746436485714-1100x1367.jpg 1100w, https:\/\/www.hsu-hh.de\/ggb\/wp-content\/uploads\/sites\/679\/2025\/05\/Nowak_Pic-scaled-e1746436485714.jpg 1638w\" sizes=\"auto, (max-width: 824px) 100vw, 824px\" \/><\/figure>\n<\/div>\n<\/div>\n\n\n\n<p><\/p>\n\n\n\n<p><strong>B\u00fcro- und Postadresse:&nbsp;<\/strong><\/p>\n\n\n\n<p>Erziehungswissenschaft,&nbsp;insbesondere&nbsp;gesellschaftliche,&nbsp;politische und rechtliche&nbsp;Grundlagen von Bildung&nbsp;und Erziehung<br>Fakult\u00e4t f\u00fcr Geistes- und&nbsp;Sozialwissenschaften<br>Helmut-Schmidt-Universit\u00e4t | Universit\u00e4t&nbsp;der Bundeswehr Hamburg<br>Geb\u00e4ude: H4; Raum: 115&nbsp;<\/p>\n\n\n\n<p>Postfach 700822 | D-22008 Hamburg&nbsp;<\/p>\n\n\n\n<p><\/p>\n","protected":false},"excerpt":{"rendered":"<p>Digitale Schnittstellenplattform Ziel des Projektes ist die Schaffung einer digitalen und im open Access zug\u00e4nglichen Lehr-Lernplattform zur Weiterbildung von Multiplikator*innen der politischen Bildung in der Bundeswehr. Langfristig sollen Bildner*innen in [&hellip;]<\/p>\n","protected":false},"author":4046,"featured_media":0,"parent":0,"menu_order":0,"comment_status":"closed","ping_status":"closed","template":"","meta":{"footnotes":""},"categories":[4],"tags":[],"class_list":["post-1060","page","type-page","status-publish","hentry","category-forschung"],"_links":{"self":[{"href":"https:\/\/www.hsu-hh.de\/ggb\/wp-json\/wp\/v2\/pages\/1060","targetHints":{"allow":["GET"]}}],"collection":[{"href":"https:\/\/www.hsu-hh.de\/ggb\/wp-json\/wp\/v2\/pages"}],"about":[{"href":"https:\/\/www.hsu-hh.de\/ggb\/wp-json\/wp\/v2\/types\/page"}],"author":[{"embeddable":true,"href":"https:\/\/www.hsu-hh.de\/ggb\/wp-json\/wp\/v2\/users\/4046"}],"replies":[{"embeddable":true,"href":"https:\/\/www.hsu-hh.de\/ggb\/wp-json\/wp\/v2\/comments?post=1060"}],"version-history":[{"count":5,"href":"https:\/\/www.hsu-hh.de\/ggb\/wp-json\/wp\/v2\/pages\/1060\/revisions"}],"predecessor-version":[{"id":1129,"href":"https:\/\/www.hsu-hh.de\/ggb\/wp-json\/wp\/v2\/pages\/1060\/revisions\/1129"}],"wp:attachment":[{"href":"https:\/\/www.hsu-hh.de\/ggb\/wp-json\/wp\/v2\/media?parent=1060"}],"wp:term":[{"taxonomy":"category","embeddable":true,"href":"https:\/\/www.hsu-hh.de\/ggb\/wp-json\/wp\/v2\/categories?post=1060"},{"taxonomy":"post_tag","embeddable":true,"href":"https:\/\/www.hsu-hh.de\/ggb\/wp-json\/wp\/v2\/tags?post=1060"}],"curies":[{"name":"wp","href":"https:\/\/api.w.org\/{rel}","templated":true}]}}