{"id":486,"date":"2017-10-06T14:08:52","date_gmt":"2017-10-06T12:08:52","guid":{"rendered":"https:\/\/www.hsu-hh.de\/get\/?page_id=486"},"modified":"2017-10-06T14:49:21","modified_gmt":"2017-10-06T12:49:21","slug":"lectures","status":"publish","type":"page","link":"https:\/\/www.hsu-hh.de\/get\/en\/lectures","title":{"rendered":"Lectures"},"content":{"rendered":"<h2 style=\"text-align: center\">Lectures<\/h2>\n<hr \/>\n<p>Die Professur bietet folgende Module und Lehrveranstaltungen im Rahmen der Studieng\u00e4nge Elektrotechnik und Informationstechnik, B.Sc. (EIT), Engineering Science: Defence Systems, B.Sc. (ESDS), Elektrische Energietechnik, <abbr title=\"Master of Science\">M.Sc.<\/abbr>(ENT), Informatik-Ingenieurwesen, <abbr title=\"Master of Science\">M.Sc.<\/abbr>(INI), Erneuerbare Energien und intelligente Netze, <abbr title=\"Master of Science\">M.Sc.<\/abbr>(EEN) und Informationstechnik, <abbr title=\"Master of Science\">M.Sc.<\/abbr>(INT) an.<\/p>\n<hr \/>\n<h3 style=\"text-align: left\">&#8222;Grundlagen der Elektrotechnik A&#8220; (EIT)<\/h3>\n<div class=\"background-grey\">\n<p>Vorlesung Grundlagen der Elektrotechnik I (Dickmann) im 1. Trimester<\/p>\n<p>\u00dcbung Grundlagen der Elektrotechnik I (Dickmann und Mitarbeiter) im 1. Trimester<\/p>\n<p>Repetitorium und Sprechstunde Grundlagen der Elektrotechnik I (Termine nach Vereinbarung)<\/p>\n<\/div>\n<hr \/>\n<p style=\"text-align: left\"><strong>&#8222;Elektromagnetische Vertr\u00e4glichkeit&#8220; (ENT, INI, EEN, INT)<\/strong><\/p>\n<div class=\"background-grey\">\n<p style=\"text-align: left\">Vorlesung\/\u00dcbung (Dickmann)\u00a0 im 7. und 8. Trimester<\/p>\n<p style=\"text-align: left\">Kolloquium (Termine nach Vereinbarung)<\/p>\n<\/div>\n<hr \/>\n<p style=\"text-align: left\"><strong>&#8222;Electromagnetics &#8211; Part 1: Electromagnetic Compatibility&#8220; (ESDS)<\/strong><\/p>\n<div class=\"background-grey\">\n<p style=\"text-align: left\">Vorlesung\/\u00dcbung (Dickmann) im 2. Trimester<\/p>\n<\/div>\n<hr \/>\n<p style=\"text-align: left\"><strong>&#8222;Electrical Engineering &#8211; Part 1: Electric Circuits&#8220; (ESDS)<\/strong><\/p>\n<div class=\"background-grey\">\n<p>Vorlesung\/\u00dcbung (Schenke) im 1. Trimester<\/p>\n<\/div>\n<hr \/>\n<p style=\"text-align: left\"><strong>Veranstaltungen f\u00fcr H\u00f6rer anderer Fakult\u00e4ten<\/strong><\/p>\n<div class=\"background-grey\">\n<p style=\"text-align: left\">Die Professur bietet folgende Lehrveranstaltungen im Rahmen der Studieng\u00e4nge Wirtschaftsingenieurwesen und Maschinenbau an:<\/p>\n<p style=\"text-align: left\">Labor\u00fcbung Grundlagen der Elektrotechnik (Dickmann und Mitarbeiter) in Kleingruppen im 1. und 2. Trimester<\/p>\n<\/div>\n<hr \/>\n<p style=\"text-align: center\"><a href=\"https:\/\/www.hsu-hh.de\/get\/en\/professorship\/\">Professorship<\/a> \u25a0 <a href=\"https:\/\/www.hsu-hh.de\/get\/en\/team-2\/\">Team<\/a> \u25a0 <a href=\"https:\/\/www.hsu-hh.de\/get\/en\/research\/\">Research<\/a> \u25a0 <a href=\"https:\/\/www.hsu-hh.de\/get\/en\/lectures\/\">Lectures<\/a><\/p>\n","protected":false},"excerpt":{"rendered":"<p>Lectures Die Professur bietet folgende Module und Lehrveranstaltungen im Rahmen der Studieng\u00e4nge Elektrotechnik und Informationstechnik, B.Sc. (EIT), Engineering Science: Defence Systems, B.Sc. (ESDS), Elektrische Energietechnik, M.Sc.(ENT), Informatik-Ingenieurwesen, M.Sc.(INI), Erneuerbare Energien [&hellip;]<\/p>\n","protected":false},"author":20,"featured_media":0,"parent":0,"menu_order":4,"comment_status":"closed","ping_status":"closed","template":"","meta":{"footnotes":""},"categories":[],"tags":[],"class_list":["post-486","page","type-page","status-publish","hentry"],"_links":{"self":[{"href":"https:\/\/www.hsu-hh.de\/get\/wp-json\/wp\/v2\/pages\/486","targetHints":{"allow":["GET"]}}],"collection":[{"href":"https:\/\/www.hsu-hh.de\/get\/wp-json\/wp\/v2\/pages"}],"about":[{"href":"https:\/\/www.hsu-hh.de\/get\/wp-json\/wp\/v2\/types\/page"}],"author":[{"embeddable":true,"href":"https:\/\/www.hsu-hh.de\/get\/wp-json\/wp\/v2\/users\/20"}],"replies":[{"embeddable":true,"href":"https:\/\/www.hsu-hh.de\/get\/wp-json\/wp\/v2\/comments?post=486"}],"version-history":[{"count":4,"href":"https:\/\/www.hsu-hh.de\/get\/wp-json\/wp\/v2\/pages\/486\/revisions"}],"predecessor-version":[{"id":508,"href":"https:\/\/www.hsu-hh.de\/get\/wp-json\/wp\/v2\/pages\/486\/revisions\/508"}],"wp:attachment":[{"href":"https:\/\/www.hsu-hh.de\/get\/wp-json\/wp\/v2\/media?parent=486"}],"wp:term":[{"taxonomy":"category","embeddable":true,"href":"https:\/\/www.hsu-hh.de\/get\/wp-json\/wp\/v2\/categories?post=486"},{"taxonomy":"post_tag","embeddable":true,"href":"https:\/\/www.hsu-hh.de\/get\/wp-json\/wp\/v2\/tags?post=486"}],"curies":[{"name":"wp","href":"https:\/\/api.w.org\/{rel}","templated":true}]}}