{"id":482,"date":"2017-10-06T14:08:08","date_gmt":"2017-10-06T12:08:08","guid":{"rendered":"https:\/\/www.hsu-hh.de\/get\/?page_id=482"},"modified":"2018-02-13T15:20:45","modified_gmt":"2018-02-13T14:20:45","slug":"research","status":"publish","type":"page","link":"https:\/\/www.hsu-hh.de\/get\/en\/research","title":{"rendered":"Research"},"content":{"rendered":"<hr \/>\n<p style=\"text-align: left\">The field of research the professorship is the Electromagnetic Compatibility (EMC). The EMC refers to the desired state that technical devices or components do not affect one another by means of electromagnetic effects. The following aspects are examined:<\/p>\n<p style=\"padding-left: 60px\"><strong>\u2022<\/strong> noise immunity, that is immunity to external noise sources and<\/p>\n<p style=\"padding-left: 60px\"><strong>\u2022<\/strong> the emission, that is the property itself to act as a source of interference.<\/p>\n<p style=\"text-align: left\">These requirements are relevant today in almost all technical fields of application. Currently, research is being conducted at the Chair at a range of questions on the topic of EMC . The focus is on the development of methods for the EMC-compliant design of electronic devices. Here, among others, numerical field calculation programs are used. The existing laboratory equipment includes, inter alia, an anechoic chamber, TEM cell, a variety of measurement receivers, power amplifiers, vector network analyzers, and computer hardware and software for the numerical field and network calculation.<\/p>\n<hr \/>\n<div style=\"text-align: center\">\n<div class=\"content-block3\">\n<p><img loading=\"lazy\" decoding=\"async\" class=\"wp-image-104 aligncenter\" src=\"https:\/\/www.hsu-hh.de\/get\/wp-content\/uploads\/sites\/675\/2017\/09\/Aufbau-Absorberkammer-300x225.jpg\" alt=\"Absorberkammer II\" width=\"223\" height=\"167\" srcset=\"https:\/\/www.hsu-hh.de\/get\/wp-content\/uploads\/sites\/675\/2017\/09\/Aufbau-Absorberkammer-300x225.jpg 300w, https:\/\/www.hsu-hh.de\/get\/wp-content\/uploads\/sites\/675\/2017\/09\/Aufbau-Absorberkammer.jpg 668w\" sizes=\"auto, (max-width: 223px) 100vw, 223px\" \/><\/p>\n<p>build up in the anechoic chamber<\/p>\n<\/div>\n<\/div>\n<div class=\"content-block3\">\n<p><img loading=\"lazy\" decoding=\"async\" class=\"wp-image-110 aligncenter\" src=\"https:\/\/www.hsu-hh.de\/get\/wp-content\/uploads\/sites\/675\/2017\/09\/Feldverteilung-300x163.jpeg\" alt=\"Feldverteilung\" width=\"308\" height=\"167\" srcset=\"https:\/\/www.hsu-hh.de\/get\/wp-content\/uploads\/sites\/675\/2017\/09\/Feldverteilung-300x163.jpeg 300w, https:\/\/www.hsu-hh.de\/get\/wp-content\/uploads\/sites\/675\/2017\/09\/Feldverteilung-768x416.jpeg 768w, https:\/\/www.hsu-hh.de\/get\/wp-content\/uploads\/sites\/675\/2017\/09\/Feldverteilung.jpeg 923w\" sizes=\"auto, (max-width: 308px) 100vw, 308px\" \/><\/p>\n<p style=\"text-align: center\">calculated field distribution in a spatial structure<\/p>\n<\/div>\n<div class=\"content-block3\">\n<p><img loading=\"lazy\" decoding=\"async\" class=\"wp-image-105 aligncenter\" src=\"https:\/\/www.hsu-hh.de\/get\/wp-content\/uploads\/sites\/675\/2017\/09\/Brennstoffzelle-300x225.jpg\" alt=\"Brennstoffzelle\" width=\"223\" height=\"167\" srcset=\"https:\/\/www.hsu-hh.de\/get\/wp-content\/uploads\/sites\/675\/2017\/09\/Brennstoffzelle-300x225.jpg 300w, https:\/\/www.hsu-hh.de\/get\/wp-content\/uploads\/sites\/675\/2017\/09\/Brennstoffzelle.jpg 667w\" sizes=\"auto, (max-width: 223px) 100vw, 223px\" \/><\/p>\n<p style=\"text-align: center\">fuel cell<\/p>\n<\/div>\n<h2><\/h2>\n<h2><\/h2>\n<h2 style=\"text-align: left\"><\/h2>\n<p>&nbsp;<\/p>\n<h2 style=\"text-align: left\">Field of Research<\/h2>\n<ul>\n<li>Electromagnetic compatibility (EMC)<\/li>\n<li>Design methods for EMC-compliant products<\/li>\n<li>Use of numerical field calculation for EMC<\/li>\n<\/ul>\n<hr \/>\n<h2>Current research topics<\/h2>\n<ul>\n<li>Disturbances in the power electronics of fuel cells<\/li>\n<li>Emissions in electric drive concepts<\/li>\n<li>EMC of power electronic circuits<\/li>\n<li>Immunity testing of ships<\/li>\n<li>Noise coupling in cables and harnesses<\/li>\n<li>Topological concepts in EMC analysis<\/li>\n<li>Investigation of the immunity of pacemakers<\/li>\n<\/ul>\n<p><strong>An overview of the current research, please visit:\u00a0<a title=\"Home \u00bb Forschung \u00bb Ver\u00f6ffentlichungen\" href=\"https:\/\/www.hsu-hh.de\/get\/veroeffentlichungen\/\">Recent Publications<\/a><\/strong><\/p>\n<hr \/>\n<h2><strong>Laboratory Equipment<\/strong><\/h2>\n<ul>\n<li>Anechoic chamber, small absorber chamber, air chamber, (G)TEM cells<\/li>\n<li>Vector Network Analyzers 9 kHz &#8211; 8 GHz<\/li>\n<li>Digital Oscilloscopes up to 80 GS\/s<\/li>\n<li>Spectral and signal analyzers to 30 GHz<\/li>\n<li>RF signal generator to 6 GHz<\/li>\n<li>Main Harmonic Analysator<\/li>\n<li>different antennas 20 MHz &#8211; 18 GHz<\/li>\n<li>E- and H-field probes (near field, far field)<\/li>\n<li>RF current probe (up to 4 GHz)<\/li>\n<li>Power meter<\/li>\n<li>Precision LCR measuring bridge with offset current sources<\/li>\n<li>NF- power amplifier and the RF power amplifier<\/li>\n<li>Line Impedance Stabilisation Network (LISN), High Performance Power Supply<\/li>\n<li>General: high-frequency and electronic laboratory equipment<\/li>\n<\/ul>\n<hr \/>\n<h2>Computer technology<\/h2>\n<ul>\n<li>General: PCnetwork with Linux and Windows servers<\/li>\n<li>Mathematical calculation \/ Programming: Maple, Matlab, Mathematica<\/li>\n<li>Network Analysis: LTSpice, SABER<\/li>\n<li>Numerical calculation of fields: EMSS FEKO, CST Microwave Studio<\/li>\n<li>Device Control Laboratory \/ data acquisition: LabView, Matlab<\/li>\n<\/ul>\n<hr \/>\n<h2>Dienstleistungsangebote<\/h2>\n<ul>\n<li>Kooperationen mit Firmen und anderen externen Stellen im Rahmen von Forschungs- und Entwicklungsvorhaben im Bereich der Elektromagnetischen Vertr\u00e4glichkeit<\/li>\n<li>Entwicklungsbegleitende EMV-Untersuchungen<\/li>\n<\/ul>\n<hr \/>\n<h2>Ausschreibungen Bachelor- und Masterarbeiten<\/h2>\n<div class=\"content-block2\">\n<div class=\"background-grey\">\n<p><strong>Forschungsschwerpunkt Elektromagnetische Vertr\u00e4glichkeit<\/strong><\/p>\n<p style=\"text-align: left\">Das Forschungsgebiet der Professur Grundlagen der Elektrotechnik (Prof. Dickmann) ist die Elektromagnetische Vertr\u00e4glichkeit (EMV). Die Elektromagnetische Vertr\u00e4glichkeit bezeichnet den erw\u00fcnschten Zustand, dass technische Ger\u00e4te einander nicht wechselseitig mittels ungewollter elektromagnetischer Effekte beeinflussen. Dabei wird zwischen der St\u00f6rfestigkeit, d.h.der Immunit\u00e4t gegen\u00fcber \u00e4u\u00dferen St\u00f6rquellen und der St\u00f6raussendung, also dem eigenen Beitrag als St\u00f6rquelle, unterschieden. Bez\u00fcglich beider Aspekte m\u00fcssen entsprechende Grenzwerte eingehalten werden.<\/p>\n<\/div>\n<\/div>\n<div class=\"content-block2\">\n<div class=\"background-grey\">\n<p><strong>Themenspektrum f\u00fcr Studien- u. Diplomarbeiten \/ Bachelor- u. Masterarbeiten<\/strong><\/p>\n<p style=\"text-align: left\">Nach Absprache sind eine Reihe unterschiedlichster Arbeiten m\u00f6glich. Auch eigene Vorschl\u00e4ge k\u00f6nnen eingebracht werden. Grunds\u00e4tzlich sind Arbeiten m\u00f6glich in den Bereichen angewandte Messtechnik, Simulation, Entwicklung von Messtechnik ( z.B.Entwurf neuer Antennentypen, Programmierung grafischer Oberfl\u00e4chen und von Steuerungstechnik, Schaltungsentwurf), Messautomatisierung, Arbeiten zur Unterst\u00fctzung der Lehre (Visualisierung von EMV-Aspekten, Entwicklung neuer EMV-Versuche, &#8230;) u.v.m.<\/p>\n<\/div>\n<\/div>\n<div class=\"col-xs-12 downloads-item\">\n<div class=\"row border-line\">\n<div class=\"background-grey\">\n<div class=\"thumbnail-area\"><img decoding=\"async\" class=\"download-image\" src=\"\/wp-content\/themes\/hsu\/img\/dummy\/downloads_dummy.png\" alt=\"\" \/><\/div>\n<div class=\"text-area\"><span class=\"download-text\">Ausschreibungen Bachelor- und Masterarbeiten (EMV-Themen allgemein)<\/span><\/div>\n<\/div>\n<div class=\"download-area\"><a class=\"download-link\" href=\"https:\/\/www.hsu-hh.de\/get\/wp-content\/uploads\/sites\/675\/2017\/09\/EMV-Themen_allgemein.pdf\"><span class=\"download-name\">pdf laden<\/span><span class=\"donwload-icon\"><img decoding=\"async\" class=\"download-icon\" src=\"\/wp-content\/themes\/hsu\/img\/icons\/download_icon.png\" alt=\"download icon\" \/><\/span><span class=\"download-size\">2 MB<\/span><\/a><\/div>\n<\/div>\n<\/div>\n<p><strong>Kontakt<\/strong><\/p>\n<p style=\"padding-left: 30px\"><strong>\u2022 <\/strong>In den Ausschreibungen genannte Ansprechpartner<br \/>\n<strong>\u2022 <\/strong><a href=\"https:\/\/www.hsu-hh.de\/get\/team\">Wissenschaftliche Mitarbeiter der Professur GET<\/a><\/p>\n<div style=\"text-align: center\">\n<div class=\"content-block3\">\n<p><img loading=\"lazy\" decoding=\"async\" class=\"wp-image-111\" src=\"https:\/\/www.hsu-hh.de\/get\/wp-content\/uploads\/sites\/675\/2017\/09\/GTEM-Zelle-300x200.jpg\" alt=\"GTEM-Zelle\" width=\"251\" height=\"167\" srcset=\"https:\/\/www.hsu-hh.de\/get\/wp-content\/uploads\/sites\/675\/2017\/09\/GTEM-Zelle-300x200.jpg 300w, https:\/\/www.hsu-hh.de\/get\/wp-content\/uploads\/sites\/675\/2017\/09\/GTEM-Zelle.jpg 750w\" sizes=\"auto, (max-width: 251px) 100vw, 251px\" \/><\/p>\n<p>GTEM-Zelle<\/p>\n<\/div>\n<\/div>\n<div class=\"content-block3\">\n<p><img loading=\"lazy\" decoding=\"async\" class=\"wp-image-106 aligncenter\" src=\"https:\/\/www.hsu-hh.de\/get\/wp-content\/uploads\/sites\/675\/2017\/09\/CAE-Modell-Switch-300x166.jpg\" alt=\"CAE-Modell Switch\" width=\"301\" height=\"167\" srcset=\"https:\/\/www.hsu-hh.de\/get\/wp-content\/uploads\/sites\/675\/2017\/09\/CAE-Modell-Switch-300x166.jpg 300w, https:\/\/www.hsu-hh.de\/get\/wp-content\/uploads\/sites\/675\/2017\/09\/CAE-Modell-Switch-768x426.jpg 768w, https:\/\/www.hsu-hh.de\/get\/wp-content\/uploads\/sites\/675\/2017\/09\/CAE-Modell-Switch.jpg 901w\" sizes=\"auto, (max-width: 301px) 100vw, 301px\" \/><\/p>\n<p style=\"text-align: center\">CAE-Modell eines Netzwerk-Switches<\/p>\n<\/div>\n<div class=\"content-block3\">\n<p><img loading=\"lazy\" decoding=\"async\" class=\"wp-image-108 aligncenter\" src=\"https:\/\/www.hsu-hh.de\/get\/wp-content\/uploads\/sites\/675\/2017\/09\/Dateninterface-300x225.jpg\" alt=\"Dateninterface\" width=\"223\" height=\"167\" srcset=\"https:\/\/www.hsu-hh.de\/get\/wp-content\/uploads\/sites\/675\/2017\/09\/Dateninterface-300x225.jpg 300w, https:\/\/www.hsu-hh.de\/get\/wp-content\/uploads\/sites\/675\/2017\/09\/Dateninterface.jpg 667w\" sizes=\"auto, (max-width: 223px) 100vw, 223px\" \/><\/p>\n<p style=\"text-align: center\">Dateninterface f\u00fcr automatisiertes EMV-Messsystem<\/p>\n<\/div>\n<p>&nbsp;<\/p>\n<p>&nbsp;<\/p>\n<hr \/>\n<p style=\"text-align: center\"><a href=\"https:\/\/www.hsu-hh.de\/get\/en\/professorship\/\">Professorship<\/a> \u25a0 <a href=\"https:\/\/www.hsu-hh.de\/get\/en\/team-2\/\">Team<\/a> \u25a0 <a href=\"https:\/\/www.hsu-hh.de\/get\/en\/research\/\">Research<\/a> \u25a0 <a href=\"https:\/\/www.hsu-hh.de\/get\/en\/lectures\/\">Lectures<\/a><\/p>\n","protected":false},"excerpt":{"rendered":"<p>The field of research the professorship is the Electromagnetic Compatibility (EMC). The EMC refers to the desired state that technical devices or components do not affect one another by means [&hellip;]<\/p>\n","protected":false},"author":20,"featured_media":0,"parent":0,"menu_order":3,"comment_status":"closed","ping_status":"closed","template":"","meta":{"footnotes":""},"categories":[],"tags":[],"class_list":["post-482","page","type-page","status-publish","hentry"],"_links":{"self":[{"href":"https:\/\/www.hsu-hh.de\/get\/wp-json\/wp\/v2\/pages\/482","targetHints":{"allow":["GET"]}}],"collection":[{"href":"https:\/\/www.hsu-hh.de\/get\/wp-json\/wp\/v2\/pages"}],"about":[{"href":"https:\/\/www.hsu-hh.de\/get\/wp-json\/wp\/v2\/types\/page"}],"author":[{"embeddable":true,"href":"https:\/\/www.hsu-hh.de\/get\/wp-json\/wp\/v2\/users\/20"}],"replies":[{"embeddable":true,"href":"https:\/\/www.hsu-hh.de\/get\/wp-json\/wp\/v2\/comments?post=482"}],"version-history":[{"count":9,"href":"https:\/\/www.hsu-hh.de\/get\/wp-json\/wp\/v2\/pages\/482\/revisions"}],"predecessor-version":[{"id":584,"href":"https:\/\/www.hsu-hh.de\/get\/wp-json\/wp\/v2\/pages\/482\/revisions\/584"}],"wp:attachment":[{"href":"https:\/\/www.hsu-hh.de\/get\/wp-json\/wp\/v2\/media?parent=482"}],"wp:term":[{"taxonomy":"category","embeddable":true,"href":"https:\/\/www.hsu-hh.de\/get\/wp-json\/wp\/v2\/categories?post=482"},{"taxonomy":"post_tag","embeddable":true,"href":"https:\/\/www.hsu-hh.de\/get\/wp-json\/wp\/v2\/tags?post=482"}],"curies":[{"name":"wp","href":"https:\/\/api.w.org\/{rel}","templated":true}]}}