{"id":421,"date":"2017-10-05T15:47:19","date_gmt":"2017-10-05T13:47:19","guid":{"rendered":"https:\/\/www.hsu-hh.de\/get\/?page_id=421"},"modified":"2023-04-30T23:42:48","modified_gmt":"2023-04-30T21:42:48","slug":"techn-mitarbeiter","status":"publish","type":"page","link":"https:\/\/www.hsu-hh.de\/get\/team\/techn-mitarbeiter","title":{"rendered":"Techn. Mitarbeiter"},"content":{"rendered":"<div class=\"ansprechparter-container\">\n<div class=\"row ansprechpartner-item ansprechparter-header\">\n<h3 class=\"col-xs-8 col-lg-12\" style=\"margin-bottom: 30px\"><strong>\u00a0Matthias Habedank <\/strong><\/h3>\n<div class=\"col-md-4 col-lg-3 col-xs-4 ansprechpartner-item floatright img-circle center-block\" style=\"margin-bottom: 30px\">\n<div class=\"img-responsive-wrapper\">\n<p><img loading=\"lazy\" decoding=\"async\" class=\"wp-image-435 size-full\" src=\"https:\/\/www.hsu-hh.de\/get\/wp-content\/uploads\/sites\/675\/2017\/10\/none.png\" alt=\"none\" width=\"167\" height=\"168\" srcset=\"https:\/\/www.hsu-hh.de\/get\/wp-content\/uploads\/sites\/675\/2017\/10\/none.png 167w, https:\/\/www.hsu-hh.de\/get\/wp-content\/uploads\/sites\/675\/2017\/10\/none-150x150.png 150w, https:\/\/www.hsu-hh.de\/get\/wp-content\/uploads\/sites\/675\/2017\/10\/none-100x100.png 100w\" sizes=\"auto, (max-width: 167px) 100vw, 167px\" \/><\/p>\n<\/div>\n<\/div>\n<div class=\"col-md-12 col-lg-3 col-xs-12 ansprechpartner-item kontakt floatright\" style=\"margin-bottom: 30px\">\n<div class=\"row\">\n<div class=\"col-xs-12 col-sm-6 col-lg-12\">\n<div class=\"row\">\n<div class=\"col-xs-12 col-lg-4 row-text bold\">Raum:<\/div>\n<div class=\"col-xs-12 col-lg-8 row-text\">1423<\/div>\n<\/div>\n<\/div>\n<div class=\"col-xs-12 col-sm-6 col-lg-12\">\n<div class=\"row\">\n<div class=\"col-xs-12 col-lg-4 row-text bold\">Telefon:<\/div>\n<div class=\"col-xs-12 col-lg-8 row-text\">+49-40-6541-3036<\/div>\n<\/div>\n<\/div>\n<div class=\"col-xs-12 col-sm-6 col-lg-12\">\n<div class=\"row\">\n<div class=\"col-xs-12 col-lg-4 row-text bold\">Fax:<\/div>\n<div class=\"col-xs-12 col-lg-8 row-text\">+49-40-6541-2018<\/div>\n<\/div>\n<\/div>\n<div class=\"col-xs-12 col-sm-6 col-lg-12\">\n<div class=\"row\">\n<div class=\"col-xs-12 col-md-12 row-text bold\">Email:<\/div>\n<div class=\"col-xs-12 col-md-12 row-text\"><a href=\"mailto:matthias.habedank@hsu-hh.de\" rel='nofollow'>matthias.habedank@hsu-hh.de<\/a><\/div>\n<div class=\"col-xs-12 col-md-12 row-text\"><strong>Sprechstunde:<\/strong><\/div>\n<div class=\"col-xs-12 col-md-12 row-text\">nach Vereinbarung<\/div>\n<div class=\"col-xs-12 col-md-12 row-text\"><\/div>\n<\/div>\n<\/div>\n<\/div>\n<\/div>\n<div class=\"col-md-6 col-lg-3 col-xs-12 ansprechpartner-item anschrift floatright\">\n<div class=\"row-headline\">Besucheranschrift<\/div>\n<div class=\"row-text\">Helmut-Schmidt-Universit\u00e4t<\/div>\n<div class=\"row-text\">Geb\u00e4ude H1<\/div>\n<div class=\"row-text\">Holstenhofweg 85<\/div>\n<div class=\"row-text\">22043 Hamburg<\/div>\n<\/div>\n<div class=\"col-md-6 col-lg-3 col-xs-12 ansprechpartner-item anschrift floatright\">\n<div class=\"row-headline\">Postanschrift<\/div>\n<div class=\"row-text\">Helmut-Schmidt-Universit\u00e4t<\/div>\n<div class=\"row-text\">Fakult\u00e4t f\u00fcr Elektrotechnik<\/div>\n<div class=\"row-text\">Grundlagen der Elektrotechnik<\/div>\n<div class=\"row-text\">22043 Hamburg<\/div>\n<\/div>\n<\/div>\n<\/div>\n","protected":false},"excerpt":{"rendered":"<p>\u00a0Matthias Habedank Raum: 1423 Telefon: +49-40-6541-3036 Fax: +49-40-6541-2018 Email: matthias.habedank@hsu-hh.de Sprechstunde: nach Vereinbarung Besucheranschrift Helmut-Schmidt-Universit\u00e4t Geb\u00e4ude H1 Holstenhofweg 85 22043 Hamburg Postanschrift Helmut-Schmidt-Universit\u00e4t Fakult\u00e4t f\u00fcr Elektrotechnik Grundlagen der Elektrotechnik 22043 [&hellip;]<\/p>\n","protected":false},"author":20,"featured_media":0,"parent":219,"menu_order":4,"comment_status":"closed","ping_status":"closed","template":"","meta":{"footnotes":""},"categories":[4],"tags":[],"class_list":["post-421","page","type-page","status-publish","hentry","category-start"],"_links":{"self":[{"href":"https:\/\/www.hsu-hh.de\/get\/wp-json\/wp\/v2\/pages\/421","targetHints":{"allow":["GET"]}}],"collection":[{"href":"https:\/\/www.hsu-hh.de\/get\/wp-json\/wp\/v2\/pages"}],"about":[{"href":"https:\/\/www.hsu-hh.de\/get\/wp-json\/wp\/v2\/types\/page"}],"author":[{"embeddable":true,"href":"https:\/\/www.hsu-hh.de\/get\/wp-json\/wp\/v2\/users\/20"}],"replies":[{"embeddable":true,"href":"https:\/\/www.hsu-hh.de\/get\/wp-json\/wp\/v2\/comments?post=421"}],"version-history":[{"count":9,"href":"https:\/\/www.hsu-hh.de\/get\/wp-json\/wp\/v2\/pages\/421\/revisions"}],"predecessor-version":[{"id":999,"href":"https:\/\/www.hsu-hh.de\/get\/wp-json\/wp\/v2\/pages\/421\/revisions\/999"}],"up":[{"embeddable":true,"href":"https:\/\/www.hsu-hh.de\/get\/wp-json\/wp\/v2\/pages\/219"}],"wp:attachment":[{"href":"https:\/\/www.hsu-hh.de\/get\/wp-json\/wp\/v2\/media?parent=421"}],"wp:term":[{"taxonomy":"category","embeddable":true,"href":"https:\/\/www.hsu-hh.de\/get\/wp-json\/wp\/v2\/categories?post=421"},{"taxonomy":"post_tag","embeddable":true,"href":"https:\/\/www.hsu-hh.de\/get\/wp-json\/wp\/v2\/tags?post=421"}],"curies":[{"name":"wp","href":"https:\/\/api.w.org\/{rel}","templated":true}]}}