{"id":412,"date":"2017-10-05T15:43:26","date_gmt":"2017-10-05T13:43:26","guid":{"rendered":"https:\/\/www.hsu-hh.de\/get\/?page_id=412"},"modified":"2025-05-20T11:30:18","modified_gmt":"2025-05-20T09:30:18","slug":"sekretariat","status":"publish","type":"page","link":"https:\/\/www.hsu-hh.de\/get\/team\/sekretariat","title":{"rendered":"Sekretariat"},"content":{"rendered":"<div class=\"ansprechparter-container\">\n<div class=\"row ansprechpartner-item ansprechparter-header\">\n<h3 class=\"col-xs-8 col-lg-12\" style=\"margin-bottom: 30px\"><strong>\u00a0 Manuela Barz<\/strong><\/h3>\n<div class=\"col-md-4 col-lg-3 col-xs-4 ansprechpartner-item floatright img-circle center-block\" style=\"margin-bottom: 30px\">\n<div class=\"img-responsive-wrapper\"><img loading=\"lazy\" decoding=\"async\" class=\"aligncenter wp-image-1046 \" src=\"https:\/\/www.hsu-hh.de\/get\/wp-content\/uploads\/sites\/675\/2025\/05\/Bild-Barz-195x300.jpg\" alt=\"\" width=\"118\" height=\"182\" srcset=\"https:\/\/www.hsu-hh.de\/get\/wp-content\/uploads\/sites\/675\/2025\/05\/Bild-Barz-195x300.jpg 195w, https:\/\/www.hsu-hh.de\/get\/wp-content\/uploads\/sites\/675\/2025\/05\/Bild-Barz-666x1024.jpg 666w, https:\/\/www.hsu-hh.de\/get\/wp-content\/uploads\/sites\/675\/2025\/05\/Bild-Barz-768x1182.jpg 768w, https:\/\/www.hsu-hh.de\/get\/wp-content\/uploads\/sites\/675\/2025\/05\/Bild-Barz-998x1536.jpg 998w, https:\/\/www.hsu-hh.de\/get\/wp-content\/uploads\/sites\/675\/2025\/05\/Bild-Barz-1331x2048.jpg 1331w, https:\/\/www.hsu-hh.de\/get\/wp-content\/uploads\/sites\/675\/2025\/05\/Bild-Barz-1100x1692.jpg 1100w, https:\/\/www.hsu-hh.de\/get\/wp-content\/uploads\/sites\/675\/2025\/05\/Bild-Barz-scaled.jpg 1664w\" sizes=\"auto, (max-width: 118px) 100vw, 118px\" \/><\/div>\n<\/div>\n<div class=\"col-md-12 col-lg-3 col-xs-12 ansprechpartner-item kontakt floatright\" style=\"margin-bottom: 30px\">\n<div class=\"row\">\n<div class=\"col-xs-12 col-sm-6 col-lg-12\">\n<div class=\"row\">\n<div class=\"col-xs-12 col-lg-4 row-text bold\">Raum:<\/div>\n<div class=\"col-xs-12 col-lg-8 row-text\">0106<\/div>\n<\/div>\n<\/div>\n<div class=\"col-xs-12 col-sm-6 col-lg-12\">\n<div class=\"row\">\n<div class=\"col-xs-12 col-lg-4 row-text bold\">Telefon:<\/div>\n<div class=\"col-xs-12 col-lg-8 row-text\">+49-40-6541-2669<\/div>\n<\/div>\n<\/div>\n<div class=\"col-xs-12 col-sm-6 col-lg-12\">\n<div class=\"row\">\n<div class=\"col-xs-12 col-lg-4 row-text bold\">Fax:<\/div>\n<div class=\"col-xs-12 col-lg-8 row-text\">+49-40-6541-2018<\/div>\n<\/div>\n<\/div>\n<div class=\"col-xs-12 col-sm-6 col-lg-12\">\n<div class=\"row\">\n<div class=\"col-xs-12 col-md-12 row-text bold\">Email:<\/div>\n<div class=\"col-xs-12 col-md-12 row-text\"><a href=\"mailto:manuela.barz@hsu-hh.de\" rel='nofollow'>manuela.barz@hsu-hh.de<\/a><\/div>\n<div class=\"col-xs-12 col-md-12 row-text\"><\/div>\n<\/div>\n<\/div>\n<\/div>\n<\/div>\n<div class=\"col-md-6 col-lg-3 col-xs-12 ansprechpartner-item anschrift floatright\">\n<div class=\"row-headline\">Besucheranschrift<\/div>\n<div class=\"row-text\">Helmut-Schmidt-Universit\u00e4t<\/div>\n<div class=\"row-text\">Geb\u00e4ude H3<\/div>\n<div class=\"row-text\">Holstenhofweg 85<\/div>\n<div class=\"row-text\">22043 Hamburg<\/div>\n<\/div>\n<div class=\"col-md-6 col-lg-3 col-xs-12 ansprechpartner-item anschrift floatright\">\n<div class=\"row-headline\">Postanschrift<\/div>\n<div class=\"row-text\">Helmut-Schmidt-Universit\u00e4t<\/div>\n<div class=\"row-text\">Fakult\u00e4t f\u00fcr Elektrotechnik<\/div>\n<div class=\"row-text\">Grundlagen der Elektrotechnik<\/div>\n<div class=\"row-text\">22043 Hamburg<\/div>\n<\/div>\n<\/div>\n<\/div>\n<div class=\"clearfix\"><\/div>\n","protected":false},"excerpt":{"rendered":"<p>\u00a0 Manuela Barz Raum: 0106 Telefon: +49-40-6541-2669 Fax: +49-40-6541-2018 Email: manuela.barz@hsu-hh.de Besucheranschrift Helmut-Schmidt-Universit\u00e4t Geb\u00e4ude H3 Holstenhofweg 85 22043 Hamburg Postanschrift Helmut-Schmidt-Universit\u00e4t Fakult\u00e4t f\u00fcr Elektrotechnik Grundlagen der Elektrotechnik 22043 Hamburg<\/p>\n","protected":false},"author":20,"featured_media":0,"parent":219,"menu_order":1,"comment_status":"closed","ping_status":"closed","template":"","meta":{"footnotes":""},"categories":[4],"tags":[],"class_list":["post-412","page","type-page","status-publish","hentry","category-start"],"_links":{"self":[{"href":"https:\/\/www.hsu-hh.de\/get\/wp-json\/wp\/v2\/pages\/412","targetHints":{"allow":["GET"]}}],"collection":[{"href":"https:\/\/www.hsu-hh.de\/get\/wp-json\/wp\/v2\/pages"}],"about":[{"href":"https:\/\/www.hsu-hh.de\/get\/wp-json\/wp\/v2\/types\/page"}],"author":[{"embeddable":true,"href":"https:\/\/www.hsu-hh.de\/get\/wp-json\/wp\/v2\/users\/20"}],"replies":[{"embeddable":true,"href":"https:\/\/www.hsu-hh.de\/get\/wp-json\/wp\/v2\/comments?post=412"}],"version-history":[{"count":4,"href":"https:\/\/www.hsu-hh.de\/get\/wp-json\/wp\/v2\/pages\/412\/revisions"}],"predecessor-version":[{"id":1047,"href":"https:\/\/www.hsu-hh.de\/get\/wp-json\/wp\/v2\/pages\/412\/revisions\/1047"}],"up":[{"embeddable":true,"href":"https:\/\/www.hsu-hh.de\/get\/wp-json\/wp\/v2\/pages\/219"}],"wp:attachment":[{"href":"https:\/\/www.hsu-hh.de\/get\/wp-json\/wp\/v2\/media?parent=412"}],"wp:term":[{"taxonomy":"category","embeddable":true,"href":"https:\/\/www.hsu-hh.de\/get\/wp-json\/wp\/v2\/categories?post=412"},{"taxonomy":"post_tag","embeddable":true,"href":"https:\/\/www.hsu-hh.de\/get\/wp-json\/wp\/v2\/tags?post=412"}],"curies":[{"name":"wp","href":"https:\/\/api.w.org\/{rel}","templated":true}]}}