{"id":409,"date":"2017-10-05T15:42:48","date_gmt":"2017-10-05T13:42:48","guid":{"rendered":"https:\/\/www.hsu-hh.de\/get\/?page_id=409"},"modified":"2022-06-07T16:47:28","modified_gmt":"2022-06-07T14:47:28","slug":"leitung","status":"publish","type":"page","link":"https:\/\/www.hsu-hh.de\/get\/team\/leitung","title":{"rendered":"Leitung"},"content":{"rendered":"<div class=\"ansprechparter-container\">\n<div class=\"row ansprechpartner-item ansprechparter-header\">\n<h3 class=\"col-xs-8 col-lg-12\" style=\"margin-bottom: 30px\"><strong>\u00a0 <abbr title=\"Universit\u00e4tsprofessor\">Univ.-Prof.<\/abbr> <abbr title=\"Doktor\">Dr.<\/abbr>-Ing Stefan Dickmann<\/strong><\/h3>\n<div class=\"col-md-4 col-lg-3 col-xs-4 ansprechpartner-item floatright img-circle center-block\" style=\"margin-bottom: 30px\">\n<div class=\"img-responsive-wrapper\"><img loading=\"lazy\" decoding=\"async\" class=\"wp-image-231\" src=\"https:\/\/www.hsu-hh.de\/get\/wp-content\/uploads\/sites\/675\/2017\/09\/Dickmann-233x300.jpg\" alt=\"Dickmann\" width=\"161\" height=\"207\" srcset=\"https:\/\/www.hsu-hh.de\/get\/wp-content\/uploads\/sites\/675\/2017\/09\/Dickmann-233x300.jpg 233w, https:\/\/www.hsu-hh.de\/get\/wp-content\/uploads\/sites\/675\/2017\/09\/Dickmann.jpg 413w\" sizes=\"auto, (max-width: 161px) 100vw, 161px\" \/><\/div>\n<\/div>\n<div class=\"col-md-12 col-lg-3 col-xs-12 ansprechpartner-item kontakt floatright\" style=\"margin-bottom: 30px\">\n<div class=\"row\">\n<div class=\"col-xs-12 col-sm-6 col-lg-12\">\n<div class=\"row\">\n<div class=\"col-xs-12 col-lg-4 row-text bold\">Raum:<\/div>\n<div class=\"col-xs-12 col-lg-8 row-text\">0107<\/div>\n<\/div>\n<\/div>\n<div class=\"col-xs-12 col-sm-6 col-lg-12\">\n<div class=\"row\">\n<div class=\"col-xs-12 col-lg-4 row-text bold\">Telefon:<\/div>\n<div class=\"col-xs-12 col-lg-8 row-text\">+49-40-6541-3019<\/div>\n<\/div>\n<\/div>\n<div class=\"col-xs-12 col-sm-6 col-lg-12\">\n<div class=\"row\">\n<div class=\"col-xs-12 col-lg-4 row-text bold\">Fax:<\/div>\n<div class=\"col-xs-12 col-lg-8 row-text\">+49-40-6541-2018<\/div>\n<\/div>\n<\/div>\n<div class=\"col-xs-12 col-sm-6 col-lg-12\">\n<div class=\"row\">\n<div class=\"col-xs-12 col-md-12 row-text bold\">Email:<\/div>\n<div class=\"col-xs-12 col-md-12 row-text\"><a href=\"mailto:Stefan.Dickmann@HSU-Hamburg.de\" rel='nofollow'>Stefan.Dickmann@<abbr title=\"Helmut Schmidt Universit\u00e4t\">HSU<\/abbr>-Hamburg.de<\/a><\/div>\n<div class=\"col-xs-12 col-md-12 row-text\"><strong>Sprechstunde:<\/strong><\/div>\n<div class=\"col-xs-12 col-md-12 row-text\">nach Vereinbarung<\/div>\n<div class=\"col-xs-12 col-md-12 row-text\"><\/div>\n<\/div>\n<\/div>\n<\/div>\n<\/div>\n<div class=\"col-md-6 col-lg-3 col-xs-12 ansprechpartner-item anschrift floatright\">\n<div class=\"row-headline\">Besucheranschrift<\/div>\n<div class=\"row-text\">Helmut-Schmidt-Universit\u00e4t<\/div>\n<div class=\"row-text\">Geb\u00e4ude H3<\/div>\n<div class=\"row-text\">Holstenhofweg 85<\/div>\n<div class=\"row-text\">22043 Hamburg<\/div>\n<\/div>\n<div class=\"col-md-6 col-lg-3 col-xs-12 ansprechpartner-item anschrift floatright\">\n<div class=\"row-headline\">Postanschrift<\/div>\n<div class=\"row-text\">Helmut-Schmidt-Universit\u00e4t<\/div>\n<div class=\"row-text\">Fakult\u00e4t f\u00fcr Elektrotechnik<\/div>\n<div class=\"row-text\">Grundlagen der Elektrotechnik<\/div>\n<div class=\"row-text\">22043 Hamburg<\/div>\n<\/div>\n<\/div>\n<\/div>\n<div class=\"clearfix\"><\/div>\n","protected":false},"excerpt":{"rendered":"<p>\u00a0 Univ.-Prof. Dr.-Ing Stefan Dickmann Raum: 0107 Telefon: +49-40-6541-3019 Fax: +49-40-6541-2018 Email: Stefan.Dickmann@HSU-Hamburg.de Sprechstunde: nach Vereinbarung Besucheranschrift Helmut-Schmidt-Universit\u00e4t Geb\u00e4ude H3 Holstenhofweg 85 22043 Hamburg Postanschrift Helmut-Schmidt-Universit\u00e4t Fakult\u00e4t f\u00fcr Elektrotechnik Grundlagen [&hellip;]<\/p>\n","protected":false},"author":20,"featured_media":0,"parent":219,"menu_order":0,"comment_status":"closed","ping_status":"closed","template":"","meta":{"footnotes":""},"categories":[4],"tags":[],"class_list":["post-409","page","type-page","status-publish","hentry","category-start"],"_links":{"self":[{"href":"https:\/\/www.hsu-hh.de\/get\/wp-json\/wp\/v2\/pages\/409","targetHints":{"allow":["GET"]}}],"collection":[{"href":"https:\/\/www.hsu-hh.de\/get\/wp-json\/wp\/v2\/pages"}],"about":[{"href":"https:\/\/www.hsu-hh.de\/get\/wp-json\/wp\/v2\/types\/page"}],"author":[{"embeddable":true,"href":"https:\/\/www.hsu-hh.de\/get\/wp-json\/wp\/v2\/users\/20"}],"replies":[{"embeddable":true,"href":"https:\/\/www.hsu-hh.de\/get\/wp-json\/wp\/v2\/comments?post=409"}],"version-history":[{"count":2,"href":"https:\/\/www.hsu-hh.de\/get\/wp-json\/wp\/v2\/pages\/409\/revisions"}],"predecessor-version":[{"id":973,"href":"https:\/\/www.hsu-hh.de\/get\/wp-json\/wp\/v2\/pages\/409\/revisions\/973"}],"up":[{"embeddable":true,"href":"https:\/\/www.hsu-hh.de\/get\/wp-json\/wp\/v2\/pages\/219"}],"wp:attachment":[{"href":"https:\/\/www.hsu-hh.de\/get\/wp-json\/wp\/v2\/media?parent=409"}],"wp:term":[{"taxonomy":"category","embeddable":true,"href":"https:\/\/www.hsu-hh.de\/get\/wp-json\/wp\/v2\/categories?post=409"},{"taxonomy":"post_tag","embeddable":true,"href":"https:\/\/www.hsu-hh.de\/get\/wp-json\/wp\/v2\/tags?post=409"}],"curies":[{"name":"wp","href":"https:\/\/api.w.org\/{rel}","templated":true}]}}