{"id":285,"date":"2017-09-29T14:07:48","date_gmt":"2017-09-29T12:07:48","guid":{"rendered":"https:\/\/www.hsu-hh.de\/get\/?page_id=285"},"modified":"2019-11-20T09:16:44","modified_gmt":"2019-11-20T08:16:44","slug":"lehre","status":"publish","type":"page","link":"https:\/\/www.hsu-hh.de\/get\/lehre","title":{"rendered":"Lehre"},"content":{"rendered":"<hr \/>\n<p>Die Professur bietet folgende Module und Lehrveranstaltungen im Rahmen der Studieng\u00e4nge Elektrotechnik und Informationstechnik, B.Sc. (EIT), Engineering Science, B.Sc. (ES), Elektrische Energietechnik, <abbr title=\"Master of Science\">M.Sc.<\/abbr> (ENT), Informatik-Ingenieurwesen, <abbr title=\"Master of Science\">M.Sc.<\/abbr> (INI), Erneuerbare Energien und intelligente Netze, <abbr title=\"Master of Science\">M.Sc.<\/abbr> (EEN) und Informationstechnik, <abbr title=\"Master of Science\">M.Sc.<\/abbr> (INT) an.<\/p>\n<hr \/>\n<h2>Lehrveranstaltungen<\/h2>\n<h3>&#8222;Grundlagen der Elektrotechnik A&#8220; (EIT)<\/h3>\n<div class=\"background-grey\">\n<p>Vorlesung Grundlagen der Elektrotechnik I (Dickmann) im 1. Trimester<\/p>\n<p>\u00dcbung Grundlagen der Elektrotechnik I (Dickmann und Mitarbeiter) im 1. Trimester<\/p>\n<\/div>\n<hr \/>\n<h3>&#8222;Grundlagen der Elektrotechnik B&#8220; (EIT)<\/h3>\n<div class=\"background-grey\">\n<p>Vorlesung Grundlagen der Elektrotechnik II+III (Dickmann) im 2. und 3. Trimester<\/p>\n<p>\u00dcbung Grundlagen der Elektrotechnik II+III (Dickmann und Mitarbeiter) im 2. und 3. Trimester<\/p>\n<\/div>\n<hr \/>\n<h3>&#8222;Repetitorium zu den Grundlagen der Elektrotechnik&#8220; (EIT, <abbr title=\"Wirtschaftsingenieurwesen\">WI<\/abbr>, MB, ES)<\/h3>\n<div class=\"background-grey\">Repetitorium (Schenke) in jedem Trimester.<br \/>\nLehrmaterial und weitere Informationen finden Sie <a href=\"https:\/\/www.hsu-hh.de\/get\/lehre\/repetitorium\">hier<\/a>.<\/div>\n<hr \/>\n<h3>&#8222;Labor\u00fcbungen Grundlagen der Elektrotechnik&#8220; (EIT, <abbr title=\"Wirtschaftsingenieurwesen\">WI<\/abbr>, MB)<\/h3>\n<div class=\"background-grey\">Informationen zu den Labor\u00fcbungen finden Sie im jeweiligen <a href=\"https:\/\/ilias.hsu-hh.de\/goto_unibw_cat_75594.html\" rel='nofollow'>Ilias-Kurs<\/a>.<\/div>\n<hr \/>\n<h3><strong>&#8222;Elektromagnetische Vertr\u00e4glichkeit&#8220; (ENT, INI, EEN, INT)<\/strong><\/h3>\n<div class=\"background-grey\">\n<p>Vorlesung\/\u00dcbung (Dickmann)\u00a0 im 7. und 8. Trimester<\/p>\n<p>Kolloquium (Termine nach Vereinbarung)<\/p>\n<\/div>\n<hr \/>\n<h3><strong>&#8222;Electromagnetics &#8211; Part 1: Electromagnetic Compatibility&#8220; (ESDS)<\/strong><\/h3>\n<div class=\"background-grey\">\n<p>Vorlesung\/\u00dcbung (Dickmann) im 2. Trimester<\/p>\n<\/div>\n<hr \/>\n<h3><strong>&#8222;Electrical Engineering &#8211; Part 1: Electric Circuits&#8220; (ESDS)<\/strong><\/h3>\n<div class=\"background-grey\">\n<p>Vorlesung\/\u00dcbung (Schenke) im 1. Trimester<\/p>\n<\/div>\n<hr \/>\n<h3><strong>Veranstaltungen f\u00fcr H\u00f6rer anderer Fakult\u00e4ten<\/strong><\/h3>\n<div class=\"background-grey\">\n<p>Die Professur bietet folgende Lehrveranstaltungen im Rahmen der Studieng\u00e4nge Wirtschaftsingenieurwesen und Maschinenbau an:<\/p>\n<p>Labor\u00fcbung Grundlagen der Elektrotechnik (Dickmann und Mitarbeiter) in Kleingruppen im 1. und 2. Trimester<\/p>\n<\/div>\n<hr \/>\n<p><a href=\"https:\/\/www.hsu-hh.de\/get\/professur\/\">Professur<\/a> \u25a0 <a href=\"https:\/\/www.hsu-hh.de\/get\/team\/\">Team<\/a> \u25a0 <a href=\"https:\/\/www.hsu-hh.de\/get\/forschung\/\">Forschung<\/a> \u25a0 <a href=\"https:\/\/www.hsu-hh.de\/get\/lehre\/\">Lehre<\/a><\/p>\n","protected":false},"excerpt":{"rendered":"<p>Die Professur bietet folgende Module und Lehrveranstaltungen im Rahmen der Studieng\u00e4nge Elektrotechnik und Informationstechnik, B.Sc. (EIT), Engineering Science, B.Sc. (ES), Elektrische Energietechnik, M.Sc. (ENT), Informatik-Ingenieurwesen, M.Sc. (INI), Erneuerbare Energien und [&hellip;]<\/p>\n","protected":false},"author":20,"featured_media":0,"parent":0,"menu_order":4,"comment_status":"closed","ping_status":"closed","template":"","meta":{"footnotes":""},"categories":[],"tags":[],"class_list":["post-285","page","type-page","status-publish","hentry"],"_links":{"self":[{"href":"https:\/\/www.hsu-hh.de\/get\/wp-json\/wp\/v2\/pages\/285","targetHints":{"allow":["GET"]}}],"collection":[{"href":"https:\/\/www.hsu-hh.de\/get\/wp-json\/wp\/v2\/pages"}],"about":[{"href":"https:\/\/www.hsu-hh.de\/get\/wp-json\/wp\/v2\/types\/page"}],"author":[{"embeddable":true,"href":"https:\/\/www.hsu-hh.de\/get\/wp-json\/wp\/v2\/users\/20"}],"replies":[{"embeddable":true,"href":"https:\/\/www.hsu-hh.de\/get\/wp-json\/wp\/v2\/comments?post=285"}],"version-history":[{"count":37,"href":"https:\/\/www.hsu-hh.de\/get\/wp-json\/wp\/v2\/pages\/285\/revisions"}],"predecessor-version":[{"id":715,"href":"https:\/\/www.hsu-hh.de\/get\/wp-json\/wp\/v2\/pages\/285\/revisions\/715"}],"wp:attachment":[{"href":"https:\/\/www.hsu-hh.de\/get\/wp-json\/wp\/v2\/media?parent=285"}],"wp:term":[{"taxonomy":"category","embeddable":true,"href":"https:\/\/www.hsu-hh.de\/get\/wp-json\/wp\/v2\/categories?post=285"},{"taxonomy":"post_tag","embeddable":true,"href":"https:\/\/www.hsu-hh.de\/get\/wp-json\/wp\/v2\/tags?post=285"}],"curies":[{"name":"wp","href":"https:\/\/api.w.org\/{rel}","templated":true}]}}