{"id":174,"date":"2017-09-29T14:07:29","date_gmt":"2017-09-29T12:07:29","guid":{"rendered":"https:\/\/www.hsu-hh.de\/get\/?page_id=174"},"modified":"2018-02-13T15:20:18","modified_gmt":"2018-02-13T14:20:18","slug":"forschung","status":"publish","type":"page","link":"https:\/\/www.hsu-hh.de\/get\/forschung","title":{"rendered":"Forschung"},"content":{"rendered":"<hr \/>\n<p style=\"text-align: left\">Das Forschungsgebiet der Professur umfasst die Elektromagnetische Vertr\u00e4glichkeit (EMV). Die EMV bezeichnet den erw\u00fcschten Zustand, dass technische Ger\u00e4te oder Komponenten sich nicht wechselseitig mittels elektromagnetischer Effekte beeinflussen. Dabei m\u00fcssen folgende Aspekte untersucht werden:<\/p>\n<p style=\"padding-left: 60px\"><strong>\u2022<\/strong> die St\u00f6rfestigkeit, das hei\u00dft, die Immunit\u00e4t gegen\u00fcber \u00e4u\u00dferen St\u00f6rquellen und<\/p>\n<p style=\"padding-left: 60px\"><strong>\u2022<\/strong> die St\u00f6raussendung, das hei\u00dft, die Eigenschaft selbst als St\u00f6rquelle zu fungieren.<\/p>\n<p style=\"text-align: left\">Diese Forderungen sind heutzutage in nahezu allen technischen Anwendungsfeldern relevant. Derzeit werden an der Professur an einer Reihe verschiedener Fragestellungen zum Themenkomplex EMV geforscht. Im Vordergrund steht dabei die Entwicklung von Methoden f\u00fcr den EMV-gerechten Entwurf von elektronischen Ger\u00e4ten. Dabei kommen <abbr title=\"unter anderem\">u.a.<\/abbr> numerische Feldberechnungsprogramme zum Einsatz. Die vorhandene Laborausstattung umfasst <abbr title=\"unter anderem\">u.a.<\/abbr> einen Absorberraum, eine TEM-Zelle, verschiedenste Messempf\u00e4nger, Leistungsverst\u00e4rker, Vektor-Netzwerkanalysatoren sowie Rechner-<span lang=\"en\" xml:lang=\"en\">Hardware<\/span> und <span lang=\"en\" xml:lang=\"en\">Software<\/span> zur numerischen Feld- und Netzwerkberechnung.<\/p>\n<hr \/>\n<p>&nbsp;<\/p>\n<div style=\"text-align: center\">\n<div class=\"content-block3\">\n<p><img loading=\"lazy\" decoding=\"async\" class=\"wp-image-104 aligncenter\" src=\"https:\/\/www.hsu-hh.de\/get\/wp-content\/uploads\/sites\/675\/2017\/09\/Aufbau-Absorberkammer-300x225.jpg\" alt=\"Absorberkammer II\" width=\"223\" height=\"167\" srcset=\"https:\/\/www.hsu-hh.de\/get\/wp-content\/uploads\/sites\/675\/2017\/09\/Aufbau-Absorberkammer-300x225.jpg 300w, https:\/\/www.hsu-hh.de\/get\/wp-content\/uploads\/sites\/675\/2017\/09\/Aufbau-Absorberkammer.jpg 668w\" sizes=\"auto, (max-width: 223px) 100vw, 223px\" \/><\/p>\n<p>Aufbau in der Absorberkammer<\/p>\n<\/div>\n<\/div>\n<div class=\"content-block3\">\n<p><img loading=\"lazy\" decoding=\"async\" class=\"wp-image-110 aligncenter\" src=\"https:\/\/www.hsu-hh.de\/get\/wp-content\/uploads\/sites\/675\/2017\/09\/Feldverteilung-300x163.jpeg\" alt=\"Feldverteilung\" width=\"308\" height=\"167\" srcset=\"https:\/\/www.hsu-hh.de\/get\/wp-content\/uploads\/sites\/675\/2017\/09\/Feldverteilung-300x163.jpeg 300w, https:\/\/www.hsu-hh.de\/get\/wp-content\/uploads\/sites\/675\/2017\/09\/Feldverteilung-768x416.jpeg 768w, https:\/\/www.hsu-hh.de\/get\/wp-content\/uploads\/sites\/675\/2017\/09\/Feldverteilung.jpeg 923w\" sizes=\"auto, (max-width: 308px) 100vw, 308px\" \/><\/p>\n<p style=\"text-align: center\">Numerisch berechnete Feldverteilung in einer Raumstruktur<\/p>\n<\/div>\n<div class=\"content-block3\">\n<p><img loading=\"lazy\" decoding=\"async\" class=\"wp-image-105 aligncenter\" src=\"https:\/\/www.hsu-hh.de\/get\/wp-content\/uploads\/sites\/675\/2017\/09\/Brennstoffzelle-300x225.jpg\" alt=\"Brennstoffzelle\" width=\"223\" height=\"167\" srcset=\"https:\/\/www.hsu-hh.de\/get\/wp-content\/uploads\/sites\/675\/2017\/09\/Brennstoffzelle-300x225.jpg 300w, https:\/\/www.hsu-hh.de\/get\/wp-content\/uploads\/sites\/675\/2017\/09\/Brennstoffzelle.jpg 667w\" sizes=\"auto, (max-width: 223px) 100vw, 223px\" \/><\/p>\n<p style=\"text-align: center\">Brennstoffzelle<\/p>\n<\/div>\n<h2><\/h2>\n<p>&nbsp;<\/p>\n<h2>Forschungsgebiete<\/h2>\n<ul>\n<li>Elektromagnetische Vertr\u00e4glichkeit (EMV)<\/li>\n<li>Entwurfsmethoden f\u00fcr EMV-gerechte Produkte<\/li>\n<li>Einsatz numerischer Feldberechnung f\u00fcr die EMV<\/li>\n<\/ul>\n<p>&nbsp;<\/p>\n<hr \/>\n<h2>Aktuelle Forschungsthemen<\/h2>\n<ul>\n<li>St\u00f6rungen bei der Leistungselektronik von Brennstoffzellen<\/li>\n<li>St\u00f6raussendungen in elektrischen Antriebskonzepten<\/li>\n<li>EMV von Schaltungen der Leistungselektronik<\/li>\n<li>St\u00f6rfestigkeitsuntersuchung von Schiffen<\/li>\n<li>Einkopplung von St\u00f6rungen in Kabel und Kabelb\u00e4ume<\/li>\n<li>Topologische Konzepte bei der EMV-Analyse<\/li>\n<li>Untersuchung der St\u00f6rfestigkeit von Herzschrittmachern<\/li>\n<\/ul>\n<p>&nbsp;<\/p>\n<p><strong>Einen \u00dcberblick \u00fcber die aktuellen Forschungsergebnisse finden Sie unter:\u00a0 <a title=\"Home \u00bb Forschung \u00bb Ver\u00f6ffentlichungen\" href=\"https:\/\/www.hsu-hh.de\/get\/veroeffentlichungen\/\">Aktuelle Ver\u00f6ffentlichungen<\/a><\/strong><\/p>\n<p>&nbsp;<\/p>\n<hr \/>\n<h2><strong>Laborausstattung<\/strong><\/h2>\n<ul>\n<li>Absorberraum, kleine Absorber-Kammer, Klimakammer, (G)TEM-Zellen<\/li>\n<li>Vektor-Netzwerkanalysatoren 9 kHz &#8211; 8 GHz<\/li>\n<li>Digital-Oszilloskope bis 80 GS\/s<\/li>\n<li>Spektral- und Signalanalysatoren bis 30 GHz<\/li>\n<li>HF-Signalgenerator bis 6 GHz<\/li>\n<li>Netzoberschwingungsanalysator<\/li>\n<li>verschiedene Antennen 20 MHz &#8211; 18 GHz<\/li>\n<li>E- und H-Feldmesssonden (Nahfeld, Fernfeld)<\/li>\n<li>HF-Stromzange (bis 4 GHz)<\/li>\n<li>Leistungsmesser<\/li>\n<li>Pr\u00e4zisions-LCR-Messbr\u00fccke mit Offset-Stromquellen<\/li>\n<li>NF-Leistungsverst\u00e4rker und HF-Leistungsverst\u00e4rker<\/li>\n<li>Netznachbildungen, Hochleistungsnetzger\u00e4te<\/li>\n<li>Allgemeine Hochfrequenz- und Elektronik-Laborausstattung<\/li>\n<\/ul>\n<p>&nbsp;<\/p>\n<hr \/>\n<h2>Rechnertechnik<\/h2>\n<ul>\n<li>Allgemein: <abbr title=\"Personal Computer\">PC<\/abbr>-Netzwerk mit Linux- und Windows-Server<\/li>\n<li>Mathematische Berechnung \/ Programmierung: Maple, MatLab, Mathematica<\/li>\n<li>Netzwerkanalyse: LTSpice, SABER<\/li>\n<li>Numerische Feldberechnung: EMSS FEKO, CST Microwave Studio<\/li>\n<li>Ger\u00e4testeuerung Labor \/ Messdatenerfassung: LabView, Matlab<\/li>\n<\/ul>\n<p>&nbsp;<\/p>\n<hr \/>\n<h2>Dienstleistungsangebote<\/h2>\n<ul>\n<li>Kooperationen mit Firmen und anderen externen Stellen im Rahmen von Forschungs- und Entwicklungsvorhaben im Bereich der Elektromagnetischen Vertr\u00e4glichkeit<\/li>\n<li>Entwicklungsbegleitende EMV-Untersuchungen<\/li>\n<\/ul>\n<p>&nbsp;<\/p>\n<hr \/>\n<h2>Ausschreibungen Bachelor- und Masterarbeiten<\/h2>\n<div class=\"content-block2\">\n<div class=\"background-grey\">\n<p><strong>Forschungsschwerpunkt Elektromagnetische Vertr\u00e4glichkeit<\/strong><\/p>\n<p style=\"text-align: left\">Das Forschungsgebiet der Professur Grundlagen der Elektrotechnik (Prof. Dickmann) ist die Elektromagnetische Vertr\u00e4glichkeit (EMV). Die Elektromagnetische Vertr\u00e4glichkeit bezeichnet den erw\u00fcnschten Zustand, dass technische Ger\u00e4te einander nicht wechselseitig mittels ungewollter elektromagnetischer Effekte beeinflussen. Dabei wird zwischen der St\u00f6rfestigkeit, <abbr title=\"das hei\u00dft\">d.h.<\/abbr> der Immunit\u00e4t gegen\u00fcber \u00e4u\u00dferen St\u00f6rquellen und der St\u00f6raussendung, also dem eigenen Beitrag als St\u00f6rquelle, unterschieden. Bez\u00fcglich beider Aspekte m\u00fcssen entsprechende Grenzwerte eingehalten werden.<\/p>\n<\/div>\n<\/div>\n<div class=\"content-block2\">\n<div class=\"background-grey\">\n<p><strong>Themenspektrum f\u00fcr Studien- u. Diplomarbeiten \/ Bachelor- u. Masterarbeiten<\/strong><\/p>\n<p style=\"text-align: left\">Nach Absprache sind eine Reihe unterschiedlichster Arbeiten m\u00f6glich. Auch eigene Vorschl\u00e4ge k\u00f6nnen eingebracht werden. Grunds\u00e4tzlich sind Arbeiten m\u00f6glich in den Bereichen angewandte Messtechnik, Simulation, Entwicklung von Messtechnik ( <abbr title=\"zum Beispiel\">z.B.<\/abbr> Entwurf neuer Antennentypen, Programmierung grafischer Oberfl\u00e4chen und von Steuerungstechnik, Schaltungsentwurf), Messautomatisierung, Arbeiten zur Unterst\u00fctzung der Lehre (Visualisierung von EMV-Aspekten, Entwicklung neuer EMV-Versuche, &#8230;) u.v.m.<\/p>\n<\/div>\n<\/div>\n<div class=\"col-xs-12 downloads-item\">\n<div class=\"row border-line\">\n<div class=\"background-grey\">\n<div class=\"thumbnail-area\"><img decoding=\"async\" class=\"download-image\" src=\"\/wp-content\/themes\/hsu\/img\/dummy\/downloads_dummy.png\" alt=\"\" \/><\/div>\n<div class=\"text-area\"><span class=\"download-text\">Ausschreibungen Bachelor- und Masterarbeiten (EMV-Themen allgemein)<\/span><\/div>\n<\/div>\n<div class=\"download-area\"><a class=\"download-link\" href=\"https:\/\/www.hsu-hh.de\/get\/wp-content\/uploads\/sites\/675\/2017\/09\/EMV-Themen_allgemein.pdf\"><span class=\"download-name\">pdf laden<\/span><span class=\"donwload-icon\"><img decoding=\"async\" class=\"download-icon\" src=\"\/wp-content\/themes\/hsu\/img\/icons\/download_icon.png\" alt=\"download icon\" \/><\/span><span class=\"download-size\">2 MB<\/span><\/a><\/div>\n<\/div>\n<\/div>\n<p><strong>Kontakt<\/strong><\/p>\n<p style=\"padding-left: 30px\"><strong>\u2022 <\/strong>In den Ausschreibungen genannte Ansprechpartner<br \/>\n<strong>\u2022 <\/strong><a href=\"https:\/\/www.hsu-hh.de\/get\/team\">Wissenschaftliche Mitarbeiter der Professur GET<\/a><\/p>\n<p>&nbsp;<\/p>\n<div style=\"text-align: center\">\n<div class=\"content-block3\">\n<p><img loading=\"lazy\" decoding=\"async\" class=\"wp-image-111\" src=\"https:\/\/www.hsu-hh.de\/get\/wp-content\/uploads\/sites\/675\/2017\/09\/GTEM-Zelle-300x200.jpg\" alt=\"GTEM-Zelle\" width=\"251\" height=\"167\" srcset=\"https:\/\/www.hsu-hh.de\/get\/wp-content\/uploads\/sites\/675\/2017\/09\/GTEM-Zelle-300x200.jpg 300w, https:\/\/www.hsu-hh.de\/get\/wp-content\/uploads\/sites\/675\/2017\/09\/GTEM-Zelle.jpg 750w\" sizes=\"auto, (max-width: 251px) 100vw, 251px\" \/><\/p>\n<p>GTEM-Zelle<\/p>\n<\/div>\n<\/div>\n<div class=\"content-block3\">\n<p><img loading=\"lazy\" decoding=\"async\" class=\"wp-image-106 aligncenter\" src=\"https:\/\/www.hsu-hh.de\/get\/wp-content\/uploads\/sites\/675\/2017\/09\/CAE-Modell-Switch-300x166.jpg\" alt=\"CAE-Modell Switch\" width=\"301\" height=\"167\" srcset=\"https:\/\/www.hsu-hh.de\/get\/wp-content\/uploads\/sites\/675\/2017\/09\/CAE-Modell-Switch-300x166.jpg 300w, https:\/\/www.hsu-hh.de\/get\/wp-content\/uploads\/sites\/675\/2017\/09\/CAE-Modell-Switch-768x426.jpg 768w, https:\/\/www.hsu-hh.de\/get\/wp-content\/uploads\/sites\/675\/2017\/09\/CAE-Modell-Switch.jpg 901w\" sizes=\"auto, (max-width: 301px) 100vw, 301px\" \/><\/p>\n<p style=\"text-align: center\">CAE-Modell eines Netzwerk-Switches<\/p>\n<\/div>\n<div class=\"content-block3\">\n<p><img loading=\"lazy\" decoding=\"async\" class=\"wp-image-108 aligncenter\" src=\"https:\/\/www.hsu-hh.de\/get\/wp-content\/uploads\/sites\/675\/2017\/09\/Dateninterface-300x225.jpg\" alt=\"Dateninterface\" width=\"223\" height=\"167\" srcset=\"https:\/\/www.hsu-hh.de\/get\/wp-content\/uploads\/sites\/675\/2017\/09\/Dateninterface-300x225.jpg 300w, https:\/\/www.hsu-hh.de\/get\/wp-content\/uploads\/sites\/675\/2017\/09\/Dateninterface.jpg 667w\" sizes=\"auto, (max-width: 223px) 100vw, 223px\" \/><\/p>\n<p style=\"text-align: center\">Dateninterface f\u00fcr automatisiertes EMV-Messsystem<\/p>\n<\/div>\n<p>&nbsp;<\/p>\n<hr \/>\n<p style=\"text-align: center\"><a href=\"https:\/\/www.hsu-hh.de\/get\/professur\/\">Professur<\/a> \u25a0 <a href=\"https:\/\/www.hsu-hh.de\/get\/team\/\">Team<\/a> \u25a0 <a href=\"https:\/\/www.hsu-hh.de\/get\/forschung\/\">Forschung<\/a> \u25a0 <a href=\"https:\/\/www.hsu-hh.de\/get\/lehre\/\">Lehre<\/a><\/p>\n","protected":false},"excerpt":{"rendered":"<p>Das Forschungsgebiet der Professur umfasst die Elektromagnetische Vertr\u00e4glichkeit (EMV). Die EMV bezeichnet den erw\u00fcschten Zustand, dass technische Ger\u00e4te oder Komponenten sich nicht wechselseitig mittels elektromagnetischer Effekte beeinflussen. Dabei m\u00fcssen folgende [&hellip;]<\/p>\n","protected":false},"author":20,"featured_media":0,"parent":0,"menu_order":3,"comment_status":"closed","ping_status":"closed","template":"","meta":{"footnotes":""},"categories":[],"tags":[],"class_list":["post-174","page","type-page","status-publish","hentry"],"_links":{"self":[{"href":"https:\/\/www.hsu-hh.de\/get\/wp-json\/wp\/v2\/pages\/174","targetHints":{"allow":["GET"]}}],"collection":[{"href":"https:\/\/www.hsu-hh.de\/get\/wp-json\/wp\/v2\/pages"}],"about":[{"href":"https:\/\/www.hsu-hh.de\/get\/wp-json\/wp\/v2\/types\/page"}],"author":[{"embeddable":true,"href":"https:\/\/www.hsu-hh.de\/get\/wp-json\/wp\/v2\/users\/20"}],"replies":[{"embeddable":true,"href":"https:\/\/www.hsu-hh.de\/get\/wp-json\/wp\/v2\/comments?post=174"}],"version-history":[{"count":84,"href":"https:\/\/www.hsu-hh.de\/get\/wp-json\/wp\/v2\/pages\/174\/revisions"}],"predecessor-version":[{"id":583,"href":"https:\/\/www.hsu-hh.de\/get\/wp-json\/wp\/v2\/pages\/174\/revisions\/583"}],"wp:attachment":[{"href":"https:\/\/www.hsu-hh.de\/get\/wp-json\/wp\/v2\/media?parent=174"}],"wp:term":[{"taxonomy":"category","embeddable":true,"href":"https:\/\/www.hsu-hh.de\/get\/wp-json\/wp\/v2\/categories?post=174"},{"taxonomy":"post_tag","embeddable":true,"href":"https:\/\/www.hsu-hh.de\/get\/wp-json\/wp\/v2\/tags?post=174"}],"curies":[{"name":"wp","href":"https:\/\/api.w.org\/{rel}","templated":true}]}}