{"id":120,"date":"2017-09-29T14:07:50","date_gmt":"2017-09-29T12:07:50","guid":{"rendered":"https:\/\/www.hsu-hh.de\/get\/?page_id=120"},"modified":"2018-07-27T10:40:22","modified_gmt":"2018-07-27T08:40:22","slug":"professur","status":"publish","type":"page","link":"https:\/\/www.hsu-hh.de\/get\/professur","title":{"rendered":"Professur"},"content":{"rendered":"<hr \/>\n<h2 style=\"text-align: left\">Geschichte<\/h2>\n<p style=\"text-align: left\">Das Fach &#8222;Grundlagen der Elektrotechnik&#8220; (GET) in der Fakult\u00e4t f\u00fcr Elektrotechnik ( <abbr title=\"Elektrotechnik\">ET<\/abbr>) wurde von 1973 bis 1988 von Prof. G. Loocke und von 1989 bis 2001 &#8211; gemeinsam mit dem Fach &#8222;Leistungselektronik&#8220; &#8211; durch Prof. J. Schmidt vertreten. Mit der Berufung von Prof. S. Dickmann im Sommer 2002 wurden die GET wieder eigenst\u00e4ndig, was ihrer Bedeutung als Fundament der Elektrotechnik und als Teildisziplin von Maschinenbau (MB) und Wirtschaftsingenieurwesen ( <abbr title=\"Wirtschaftsingenieurwesen\">WI<\/abbr>) Rechnung tr\u00e4gt.<\/p>\n<p>&nbsp;<\/p>\n<div style=\"text-align: center\">\n<div class=\"content-block3\">\n<p><img loading=\"lazy\" decoding=\"async\" class=\"aligncenter wp-image-109\" src=\"https:\/\/www.hsu-hh.de\/get\/wp-content\/uploads\/sites\/675\/2017\/09\/Elektrische-Maschine-300x200.jpg\" alt=\"Elektrische Maschine\" width=\"250\" height=\"167\" srcset=\"https:\/\/www.hsu-hh.de\/get\/wp-content\/uploads\/sites\/675\/2017\/09\/Elektrische-Maschine-300x200.jpg 300w, https:\/\/www.hsu-hh.de\/get\/wp-content\/uploads\/sites\/675\/2017\/09\/Elektrische-Maschine.jpg 750w\" sizes=\"auto, (max-width: 250px) 100vw, 250px\" \/><\/p>\n<p>Praktikumsversuch &#8222;Elektrische Maschine&#8220;<\/p>\n<\/div>\n<\/div>\n<div class=\"content-block3\">\n<p><img loading=\"lazy\" decoding=\"async\" class=\"wp-image-107 aligncenter\" src=\"https:\/\/www.hsu-hh.de\/get\/wp-content\/uploads\/sites\/675\/2017\/09\/CAE-Modell-233x300.png\" alt=\"CAE-Modell Antenne\" width=\"130\" height=\"167\" srcset=\"https:\/\/www.hsu-hh.de\/get\/wp-content\/uploads\/sites\/675\/2017\/09\/CAE-Modell-233x300.png 233w, https:\/\/www.hsu-hh.de\/get\/wp-content\/uploads\/sites\/675\/2017\/09\/CAE-Modell.png 388w\" sizes=\"auto, (max-width: 130px) 100vw, 130px\" \/><\/p>\n<p style=\"text-align: center\">CAE-Modell einer bikonischen Antenne<\/p>\n<\/div>\n<div class=\"content-block3\">\n<p><img loading=\"lazy\" decoding=\"async\" class=\"aligncenter wp-image-112\" src=\"https:\/\/www.hsu-hh.de\/get\/wp-content\/uploads\/sites\/675\/2017\/09\/PCB-Mikrocontroller-300x225.jpg\" alt=\"PCB Mikrocontroller\" width=\"223\" height=\"167\" srcset=\"https:\/\/www.hsu-hh.de\/get\/wp-content\/uploads\/sites\/675\/2017\/09\/PCB-Mikrocontroller-300x225.jpg 300w, https:\/\/www.hsu-hh.de\/get\/wp-content\/uploads\/sites\/675\/2017\/09\/PCB-Mikrocontroller.jpg 667w\" sizes=\"auto, (max-width: 223px) 100vw, 223px\" \/><\/p>\n<p style=\"text-align: center\">Best\u00fccktes PCB mit Mikrocontroller<\/p>\n<\/div>\n<h2><\/h2>\n<h2><\/h2>\n<p>&nbsp;<\/p>\n<hr \/>\n<h2>Forschung<\/h2>\n<p>Themen der &#8222;Elektromagnetischen Vertr\u00e4glichkeit (EMV)&#8220; bilden den Schwerpunkt der Forschung an der Professur. Im Vordergrund steht\u00a0 dabei die Entwicklung von Methoden f\u00fcr den EMV-gerechten Entwurf von elektronischen Ger\u00e4ten.<\/p>\n<p>Die vorhandene Laborausstattung umfasst <abbr title=\"unter anderem\">u.a.<\/abbr> einen Absorberraum, (G)TEM-Zellen, Messempf\u00e4nger, Leistungsverst\u00e4rker, Vektor- Netzwerkanalysator sowie Rechner-Hardware und Software zur numerischen Feld- und Netzwerkberechnung. Die Forschungsarbeiten an der Professur werden in Kooperation mit der Industrie durchgef\u00fchrt.<\/p>\n<p>&nbsp;<\/p>\n<hr \/>\n<h2>Lehre<\/h2>\n<p>Das Fach GET ist neben der Mathematik und Physik das wichtigste und umfangreichste Lehrfach im Grundstudium der Elektrotechnik. \u00c4hnlich bedeutend ist es f\u00fcr die Studieng\u00e4nge Maschinenbau und Wirtschaftsingenieurwesen. GET bietet eine Einf\u00fchrung in die Physik von Elektrizit\u00e4t und Magnetismus. Der dabei vermittelte Feldbegriff ist die anschauliche Grundlage f\u00fcr das Verst\u00e4ndnis weiterf\u00fchrender F\u00e4cher wie &#8222;Theoretische Elektrotechnik&#8220;, &#8222;Hochfrequenztechnik&#8220; und &#8222;Elektrische Maschinen und Antriebe&#8220;. Au\u00dferdem werden elementare elektrische Bauelemente und das Verhalten daraus aufgebauter elektrischer Einrichtungen behandelt. Hierdurch wird einerseits bereits die Einsicht in die Funktionsweise vieler allt\u00e4glicher elektrischer Ger\u00e4te und andererseits die Basis weiterf\u00fchrender F\u00e4cher, wie <abbr title=\"zum Beispiel\">z.B.<\/abbr> &#8222;Elektronik&#8220;, &#8222;Nachrichtentechnik&#8220; und &#8222;Regelungstechnik&#8220; vermittelt.<\/p>\n<p>&nbsp;<\/p>\n<p>&nbsp;<\/p>\n<h3 style=\"padding-left: 30px;text-align: center\">Die Lehre der GET ruht auf drei S\u00e4ulen:<strong><br \/>\n<\/strong><\/h3>\n<p>&nbsp;<\/p>\n<div class=\"content-block3\">\n<div class=\"background-grey\">\n<p style=\"text-align: center\">Reale Umsetzung des Stoffes und Ein\u00fcbung praktischer F\u00e4higkeiten durch Schaltungsaufbau und Messungen im Labor.<\/p>\n<p style=\"text-align: center\"><img loading=\"lazy\" decoding=\"async\" class=\"aligncenter wp-image-350\" src=\"https:\/\/www.hsu-hh.de\/get\/wp-content\/uploads\/sites\/675\/2017\/10\/2saeule_rendita.png\" alt=\"Saeule\" width=\"121\" height=\"123\" \/><\/p>\n<\/div>\n<\/div>\n<div class=\"content-block3\">\n<div class=\"background-grey\">\n<p style=\"text-align: center\">Anschauliche Vermittlung des Stoffes in der Vorlesung unter Einbeziehung von H\u00f6rsaalexperimenten.<\/p>\n<p style=\"text-align: center\"><img loading=\"lazy\" decoding=\"async\" class=\"aligncenter wp-image-350\" src=\"https:\/\/www.hsu-hh.de\/get\/wp-content\/uploads\/sites\/675\/2017\/10\/2saeule_rendita.png\" alt=\"Saeule\" width=\"121\" height=\"123\" \/><\/p>\n<p>&nbsp;<\/p>\n<\/div>\n<\/div>\n<div class=\"content-block3\">\n<div class=\"background-grey\">\n<p style=\"text-align: center\">Ein\u00fcbung der mathematischen Formulierung des Stoffes in Kleingruppen-Rechen\u00fcbungen bei individueller Betreuung.<\/p>\n<p style=\"text-align: center\"><img loading=\"lazy\" decoding=\"async\" class=\"aligncenter wp-image-350\" src=\"https:\/\/www.hsu-hh.de\/get\/wp-content\/uploads\/sites\/675\/2017\/10\/2saeule_rendita.png\" alt=\"Saeule\" width=\"121\" height=\"123\" \/><\/p>\n<\/div>\n<\/div>\n<p>&nbsp;<\/p>\n<p>&nbsp;<\/p>\n<hr \/>\n<p style=\"text-align: center\"><a href=\"https:\/\/www.hsu-hh.de\/get\/professur\/\">Professur<\/a> \u25a0 <a href=\"https:\/\/www.hsu-hh.de\/get\/team\/\">Team<\/a> \u25a0 <a href=\"https:\/\/www.hsu-hh.de\/get\/forschung\/\">Forschung<\/a> \u25a0 <a href=\"https:\/\/www.hsu-hh.de\/get\/lehre\/\">Lehre<\/a><\/p>\n","protected":false},"excerpt":{"rendered":"<p>Geschichte Das Fach &#8222;Grundlagen der Elektrotechnik&#8220; (GET) in der Fakult\u00e4t f\u00fcr Elektrotechnik ( ET) wurde von 1973 bis 1988 von Prof. G. Loocke und von 1989 bis 2001 &#8211; gemeinsam [&hellip;]<\/p>\n","protected":false},"author":20,"featured_media":0,"parent":0,"menu_order":1,"comment_status":"closed","ping_status":"closed","template":"","meta":{"footnotes":""},"categories":[],"tags":[],"class_list":["post-120","page","type-page","status-publish","hentry"],"_links":{"self":[{"href":"https:\/\/www.hsu-hh.de\/get\/wp-json\/wp\/v2\/pages\/120","targetHints":{"allow":["GET"]}}],"collection":[{"href":"https:\/\/www.hsu-hh.de\/get\/wp-json\/wp\/v2\/pages"}],"about":[{"href":"https:\/\/www.hsu-hh.de\/get\/wp-json\/wp\/v2\/types\/page"}],"author":[{"embeddable":true,"href":"https:\/\/www.hsu-hh.de\/get\/wp-json\/wp\/v2\/users\/20"}],"replies":[{"embeddable":true,"href":"https:\/\/www.hsu-hh.de\/get\/wp-json\/wp\/v2\/comments?post=120"}],"version-history":[{"count":86,"href":"https:\/\/www.hsu-hh.de\/get\/wp-json\/wp\/v2\/pages\/120\/revisions"}],"predecessor-version":[{"id":1005,"href":"https:\/\/www.hsu-hh.de\/get\/wp-json\/wp\/v2\/pages\/120\/revisions\/1005"}],"wp:attachment":[{"href":"https:\/\/www.hsu-hh.de\/get\/wp-json\/wp\/v2\/media?parent=120"}],"wp:term":[{"taxonomy":"category","embeddable":true,"href":"https:\/\/www.hsu-hh.de\/get\/wp-json\/wp\/v2\/categories?post=120"},{"taxonomy":"post_tag","embeddable":true,"href":"https:\/\/www.hsu-hh.de\/get\/wp-json\/wp\/v2\/tags?post=120"}],"curies":[{"name":"wp","href":"https:\/\/api.w.org\/{rel}","templated":true}]}}