{"id":654,"date":"2021-08-03T12:14:51","date_gmt":"2021-08-03T10:14:51","guid":{"rendered":"https:\/\/www.hsu-hh.de\/geot\/?page_id=654"},"modified":"2025-10-24T14:05:28","modified_gmt":"2025-10-24T12:05:28","slug":"sammlung-bisheriger-abschlussarbeiten","status":"publish","type":"page","link":"https:\/\/www.hsu-hh.de\/geot\/lehre\/sammlung-bisheriger-abschlussarbeiten\/","title":{"rendered":"Bisheriger Abschlussarbeiten an der Professur"},"content":{"rendered":"\n<div style=\"height:20px\" aria-hidden=\"true\" class=\"wp-block-spacer\"><\/div>\n\n\n\n<h3 class=\"wp-block-heading\">Bachelorarbeit <\/h3>\n\n\n\n<ul class=\"wp-block-list\">\n<li>Experimentelle Untersuchungen zum Einfluss von Elektroosmose auf die Pfahlmantelreibung (Dennis Schuck, BIW 2022)<\/li>\n\n\n\n<li>Labortechnische Untersuchung zur Bestimmung der Parameter von bindigen Bodenproben f\u00fcr hypoplastische Stoffmodelle (Lucy Tana Hamer, BIW 2022)<\/li>\n\n\n\n<li>Nutzung von terrestrischen Laserscans und BIM-Modellen f\u00fcr B\u00f6schungsbruchberechnungen (Henkrik Haferkorn, BIW 2022)<\/li>\n\n\n\n<li>Durchf\u00fchrung und Auswertung von Dispersionswellenmessungen im Bereich der Br\u00fccke &#8222;Vahrendorfer Stadtweg&#8220; (Paul Ian Funk, BIW 2022)<\/li>\n\n\n\n<li>Vorverarbeitung von Bohrkernbildern f\u00fcr maschinelle Bodenklassifikation (Christian Wulff, BIW 2021)<\/li>\n\n\n\n<li>Untersuchungen zum Einfluss der Kornform und der Kornrauigkeit auf das Sandrieselverfahren (Alexander Sch\u00fctzhoff, BIW 2021) <\/li>\n\n\n\n<li>Zur Anwendung einer Particle Swarm Optimization f\u00fcr geotechnische Fragestellungen (Kevin Pior, BIW 2021) <\/li>\n\n\n\n<li>Untersuchungen zum Schrumpfverhalten bindiger B\u00f6den mit dem 3D-Laserscanner an Proben unterschiedlicher Geometrie (Tom Jacobs, BIW 2021)<\/li>\n\n\n\n<li>Konzeption eines Leitfadens zur Vermittlung der Grundlagen objektorientierter Bauwerksmodellierung (Fabian Maris Doll, BIW 2021)<\/li>\n\n\n\n<li>Numerische Untersuchungen zum Einfluss von Bestandskaimauern auf Neubauten (Jonna Brinkmann, BIW 2021)<\/li>\n\n\n\n<li>Entwicklung eines Laborversuches zur Absch\u00e4tzung der Pfropfentragf\u00e4higkeit in offenen Rohrprofilen (Hannes Bars, BIW 2021)<\/li>\n\n\n\n<li>Untersuchung kritischer Gleitfl\u00e4chen inforlge Wandbewegungen am Schneebeli-Modell (Janik Bargemann, BIW 2021)<\/li>\n\n\n\n<li>Automatisierte Ermittlung der wirtschaftlichsten Herstellungsart von Baugruben basierend auf Bauwerksinformationsmodellen (BIM) (Arne Tidmann, BIW 2020)<\/li>\n\n\n\n<li>Beitrag zur Erstellung von Bestandsmodellen f\u00fcr Entw\u00e4sserungsanlagen zur Abbildung in r\u00e4umlichen Bauwerksinformationsmodellen (Marvin J\u00f6rg Sch\u00f6nfeld, BIW 2020)<\/li>\n\n\n\n<li>Auswertung von Dispersionswellenmessungen und Vergleich der Steifigkeit mit realen Baugrundaufschl\u00fcssen (Marlon Kim Malte Luber, BIW 2020)<\/li>\n\n\n\n<li>Bodenklassifikation basierend auf Bilderkennung (Loay Katinah, BIW 2020)<\/li>\n\n\n\n<li>Vergleich numerischer und analytischer Verfahren zur Bemessung einer dreifach verankerten Baugrube (Emiliya Raynik, BIW 2019)<\/li>\n\n\n\n<li>Zerst\u00f6rungsfreie 3D-Messung der wassergehaltsabh\u00e4ngigen Volumen\u00e4nderung zur mathematischen Beschreibung der \u201eSSCC\u201c koh\u00e4siver B\u00f6den (Marisa H\u00e4hnel, BIW 2019)<\/li>\n\n\n\n<li>Modellbasierte Bewertung von Bauablaufst\u00f6rungen am Beispiel einer Baugrube (Paul Gollnau, BIW 2019)<\/li>\n\n\n\n<li>Untersuchungen verschiedener Pfahlsysteme im Hin-blick auf Nachhaltigkeit unterst\u00fctzt durch die Metho-den des Building-Information-Modeling (Lilli Feske, BIW 2019)<\/li>\n\n\n\n<li>Modellierung einer Baugrube unter Anwendung der Methode des Building-Information-Modeling (BIM) mit Einsatz parametrisierter Bauteile (Leonard Bones, BIW 2018)<\/li>\n\n\n\n<li>Globales Sicherheitskonzept im Vergleich zum Teilsicherheitskonzept am Beispiel einer Baugrube (Sarah Flug, BIW 2018)<\/li>\n\n\n\n<li>Machbarkeitsstudie zur Umsetzung einer geotechnischen Bestandsmodellierung im BIM-Kontext (Stefanie Jan\u00dfen, BIW 2018)<\/li>\n\n\n\n<li>Vergleich verschiedener Programme zur Erstellung digitaler Baugrundmodelle im Kontext des Building-Information-Modeling (BIM) (Daniel K\u00fc\u00dfner, BIW 2018)<\/li>\n\n\n\n<li>Untersuchungen zur Standsicherheit und Ert\u00fcchtigung eines nicht standsicheren Schienenverkehrsdamms auf weichem Untergrund (Gero Meinke, BIW 2018)<\/li>\n\n\n\n<li>Vergleichsberechnungen zur Bemessung von Hangverd\u00fcbelungen stabilit\u00e4tsgef\u00e4hrdeter B\u00f6schungen (Axel Wolfsteller, BIW 2018)<\/li>\n<\/ul>\n\n\n\n<div style=\"height:10px\" aria-hidden=\"true\" class=\"wp-block-spacer\"><\/div>\n\n\n\n<h3 class=\"wp-block-heading\">Masterarbeiten <\/h3>\n\n\n\n<ul class=\"wp-block-list\">\n<li>Numerische Untersuchungen zur Ersch\u00fctterungsausbreitung und -einwirkung auf jungen Beton (Christian Wulff, BIW 2021)<\/li>\n\n\n\n<li>Teildichtenbestimmungen an rekonstruierten Sandproben (Alexander Johannes Sch\u00fctzhoff, BIW 2021)<\/li>\n\n\n\n<li>Untersuchungen zur Optimierung der Partikelbewegungen w\u00e4hrend des Sandrieselverfahrens (Jannis Schreiber, BIW 2021) <\/li>\n\n\n\n<li>Vergleichende Studien zur Festlegung ma\u00dfgebender Schnitte bei geotechnischen Problemstellungen (Kevin Pior, BIW 2021) <\/li>\n\n\n\n<li>\u00dcber die Bemessung nach dem IFA\/OFA-Konzept des neuen Eurocode 7 in der Geotechnik (Niklas Max Carl Hofmann, BIW 2021)<\/li>\n\n\n\n<li>Nichtlineare numerische Simulation von Ersch\u00fctterungsausbreitungen infolge fallender Massen beim Sprengabbruch (Fabian Maris Doll, BIW 2021)<\/li>\n\n\n\n<li>Numerische Simulation des Installationsvorgangs offener Rohrpf\u00e4hle in \u00fcberkonsolidierten Ton (Hannes Bars, BIW 2021)<\/li>\n\n\n\n<li>Durchf\u00fchrung verschiedener bodenmechanischer und bodendynamischer Laborversuche an Sanden zur Erarbeitung einer Korrelation zwischen statischer und dynamischer Steifigkeit (Abdul Rahman Arabi, BIW 2021)<\/li>\n\n\n\n<li>Vergleichende Untersuchung von Ans\u00e4tzen zur 3D-Baugrundmodellierung bei komplexen Infrastrukturma\u00dfnahmen (Arne Tiedmann, BIW 2020)<\/li>\n\n\n\n<li>Entwicklung eines parametrischen Br\u00fcckengenerators in BIM (Marvin Sch\u00f6nfeld, BIW 2020)<\/li>\n\n\n\n<li>Parameterstudie zur DEM-Simulation von Sand (Marlon Kim Malte Luber, BIW 2020)<\/li>\n\n\n\n<li>Untersuchung der Wellenausbreitung im r\u00e4umlichen numerischen Modell im Bereich unterschiedlicher Hindernisse und vergleichende Analyse mit Feld- und Laborversuchen (Lou-Ann Luise Kuhlmann, BIW 2020)<\/li>\n\n\n\n<li>Maschinelle Bodenansprache basierend auf Bohrkernbildern (Loay Katinah, BIW 2020)<\/li>\n\n\n\n<li>Entwicklung eines Fachmodells des Schienengebundenen Oberbaus der BIM-Methodik im Assetmanagement der DB InfraGO AG (Constantin Colun, BIW 2020)<\/li>\n\n\n\n<li>Untersuchungen zur Verspannung in offenen Profilen basierend auf numerischen und labortechnischen Methoden (Robert Schatz, BIW 2019)<\/li>\n\n\n\n<li>Inverse Parameterkalibrierung unter Verwendung von Optimierungsalgorithmen am Beispiel einer innerst\u00e4dtischen Schlitzwandbaugrube (Emiliya Raynik, BIW 2019) <\/li>\n\n\n\n<li>Vergleichende Ermittlung dynamischer Baugrundkennwerte mit unterschiedlichen Laborversuchen inklusive ger\u00e4tespezifischem Vergleich (Marisa H\u00e4hnel, BIW 2019) <\/li>\n\n\n\n<li>Numerische Untersuchungen zum Einfluss von zyklischen Lasten auf die Gebrauchstauglichkeit von Kranbahnbalken (Paul Gollnau, BIW 2019) <\/li>\n\n\n\n<li>Installation of open-ended piles in clay with focus on boulder-pile interaction and soil-plugging (Lilli Feske, BIW 2019) <\/li>\n\n\n\n<li>Laserbasierte Erfassung der wassergehaltsabh\u00e4ngigen Volumen\u00e4nderung koh\u00e4siver B\u00f6den zur Ableitung empirischer Prognoseverfahren schrumpfungsbedingter Setzung (Katharina Reiswig, HCU)<\/li>\n\n\n\n<li>Entwicklung eines Modellversuchsstandes zur Simulation der Bentonitverdr\u00e4ngung beim Betoniervorgang von Schlitzw\u00e4nden (Nils Wieben, HCU) <\/li>\n\n\n\n<li>Untersuchungen zum Sandrieselverfahren f\u00fcr geotechnische Modellversuche auf Basis von kleinma\u00dfst\u00e4blichen Laborversuchen und erg\u00e4nzenden DEM-Simulationen (Axel Wolfsteller, BIW 2018) <\/li>\n\n\n\n<li>Untersuchungen numerischer Nachweisverfahren zur Bemessung von Baugruben (Gero Meinke, BIW 2018) <\/li>\n\n\n\n<li>Entwicklung von Ans\u00e4tzen zur messdatenbasierten BIM-Umsetzung eines digitalen Zwillings am Beispiel einer Testbr\u00fccke (Stefanie Jan\u00dfen, BIW 2018) <\/li>\n\n\n\n<li>Zur Ableitung numerischer Modelle f\u00fcr geotechniche Fragestellungen aus dem BIM-Fachmodell Baugrund (Luca Hofmann, BIW 2018) <\/li>\n\n\n\n<li>Untersuchungen verschiedener Stoffmodelle bei der Modellierung von Stahlbetonbauteilen am Beispiel einer Schlitzwandbaugrube mit der FEM (Sarah Flug, BIW 2018) <\/li>\n\n\n\n<li>Entwicklung einer BIM-gest\u00fctzten Methodik zur Beurteilung der Dichtigkeit von D\u00fcsenstrahlsohlen (Leonard Bones, BIW 2018) <\/li>\n\n\n\n<li>Untersuchungen zur wirklichkeitsnahen Beschreibung der Boden-Bauteil Interaktion (Jana Miosga, HCU) <\/li>\n\n\n\n<li>Building Information Modeling im Leitungsbau &#8211; Modellierung von Bestandsdaten zur Anwendung von Building Information Modeling im Leitungstiefbau (Swaantje Petersen-Frey, HWI Hamburg)<\/li>\n<\/ul>\n\n\n\n<div style=\"height:10px\" aria-hidden=\"true\" class=\"wp-block-spacer\"><\/div>\n","protected":false},"excerpt":{"rendered":"<p>Bachelorarbeit Masterarbeiten<\/p>\n","protected":false},"author":2126,"featured_media":0,"parent":116,"menu_order":1,"comment_status":"closed","ping_status":"closed","template":"","meta":{"footnotes":""},"categories":[6],"tags":[],"class_list":["post-654","page","type-page","status-publish","hentry","category-lehre"],"_links":{"self":[{"href":"https:\/\/www.hsu-hh.de\/geot\/wp-json\/wp\/v2\/pages\/654","targetHints":{"allow":["GET"]}}],"collection":[{"href":"https:\/\/www.hsu-hh.de\/geot\/wp-json\/wp\/v2\/pages"}],"about":[{"href":"https:\/\/www.hsu-hh.de\/geot\/wp-json\/wp\/v2\/types\/page"}],"author":[{"embeddable":true,"href":"https:\/\/www.hsu-hh.de\/geot\/wp-json\/wp\/v2\/users\/2126"}],"replies":[{"embeddable":true,"href":"https:\/\/www.hsu-hh.de\/geot\/wp-json\/wp\/v2\/comments?post=654"}],"version-history":[{"count":10,"href":"https:\/\/www.hsu-hh.de\/geot\/wp-json\/wp\/v2\/pages\/654\/revisions"}],"predecessor-version":[{"id":2018,"href":"https:\/\/www.hsu-hh.de\/geot\/wp-json\/wp\/v2\/pages\/654\/revisions\/2018"}],"up":[{"embeddable":true,"href":"https:\/\/www.hsu-hh.de\/geot\/wp-json\/wp\/v2\/pages\/116"}],"wp:attachment":[{"href":"https:\/\/www.hsu-hh.de\/geot\/wp-json\/wp\/v2\/media?parent=654"}],"wp:term":[{"taxonomy":"category","embeddable":true,"href":"https:\/\/www.hsu-hh.de\/geot\/wp-json\/wp\/v2\/categories?post=654"},{"taxonomy":"post_tag","embeddable":true,"href":"https:\/\/www.hsu-hh.de\/geot\/wp-json\/wp\/v2\/tags?post=654"}],"curies":[{"name":"wp","href":"https:\/\/api.w.org\/{rel}","templated":true}]}}