{"id":512,"date":"2021-06-04T10:44:30","date_gmt":"2021-06-04T08:44:30","guid":{"rendered":"https:\/\/www.hsu-hh.de\/geot\/?page_id=512"},"modified":"2023-09-15T10:50:52","modified_gmt":"2023-09-15T08:50:52","slug":"themen-abschlussarbeiten","status":"publish","type":"page","link":"https:\/\/www.hsu-hh.de\/geot\/themen-abschlussarbeiten\/","title":{"rendered":"Themen f\u00fcr Abschlussarbeiten"},"content":{"rendered":"\n<p>Nachfolgend ist eine Liste verschiedener Themenvorschl\u00e4ge f\u00fcr Abschlussarbeiten beigef\u00fcgt. Es wird jeweils eine Einsch\u00e4tzung abgegeben, ob diese Themen eher f\u00fcr eine Bachelorarbeit (BA) oder Studien- (SA) und Masterarbeiten (MA) geeignet sind. Hierbei ist anzumerken, dass diese Einsch\u00e4tzung nur subjektiv ist und von der Interessenlage und Motivation des\/der Studierenden abh\u00e4ngt.<\/p>\n\n\n\n<p>Nat\u00fcrlich sind wir auch immer offen f\u00fcr Vorschl\u00e4ge von Ihrer Seite. Sollte sich also kein Thema finden, welches Sie interessiert, sprechen Sie uns dennoch gern an!<\/p>\n\n\n\n<div class=\"wp-block-columns is-layout-flex wp-container-core-columns-is-layout-9d6595d7 wp-block-columns-is-layout-flex\">\n<div class=\"wp-block-column is-layout-flow wp-block-column-is-layout-flow\">\n<h4 class=\"wp-block-heading\">Thema<\/h4>\n<\/div>\n\n\n\n<div class=\"wp-block-column is-layout-flow wp-block-column-is-layout-flow\">\n<h4 class=\"wp-block-heading\">Inhalt \/ Kurzbeschreibung<\/h4>\n<\/div>\n\n\n\n<div class=\"wp-block-column is-layout-flow wp-block-column-is-layout-flow\">\n<h4 class=\"wp-block-heading\">Methoden \/ Geeignet f\u00fcr BA, SA, MA<\/h4>\n<\/div>\n<\/div>\n\n\n\n<div class=\"wp-block-columns is-layout-flex wp-container-core-columns-is-layout-9d6595d7 wp-block-columns-is-layout-flex\">\n<div class=\"wp-block-column is-layout-flow wp-block-column-is-layout-flow\">\n<p class=\"has-text-align-center\">Zum Einfluss des Interpolationsverfahrens bei der dreidimensionalen Baugrundmodellierung<\/p>\n<\/div>\n\n\n\n<div class=\"wp-block-column is-layout-flow wp-block-column-is-layout-flow\">\n<p>Verschiedene Interpolationsverfahren (Delauny, Kriging, minimum curvature, inverse distance, etc) sollen hinsichtlich Ihres Einflusses auf das 3D-Baugrundmodell untersucht werden. Dabei sind die Unterschiede insbesondere vor dem Hintergrund der einschl\u00e4gigen BIM-Anwendungsf\u00e4lle zu ber\u00fccksichtigen (<abbr title=\"zum Beispiel\">z.B.<\/abbr> Massenermittlung)<\/p>\n<\/div>\n\n\n\n<div class=\"wp-block-column is-layout-flow wp-block-column-is-layout-flow\">\n<p>BIM \/ Analytisch &#8211; Geeignet f\u00fcr SA \/ MA<\/p>\n<\/div>\n<\/div>\n\n\n\n<div class=\"wp-block-columns is-layout-flex wp-container-core-columns-is-layout-9d6595d7 wp-block-columns-is-layout-flex\">\n<div class=\"wp-block-column is-layout-flow wp-block-column-is-layout-flow\">\n<p class=\"has-text-align-center\">Zum Einfluss des Fl\u00e4chenmoments einer Verbauwand auf das Biegemoemnt<\/p>\n<\/div>\n\n\n\n<div class=\"wp-block-column is-layout-flow wp-block-column-is-layout-flow\">\n<p>Numerische Simulation von Baugruben (einfach, zweifach und dreifach ausgesteift) mit der FEM. Entwicklung einer Abh\u00e4ngigkeit zwischen dem Fl\u00e4chenmoment und dem maximalen Biegemoment der Verbauwand.<\/p>\n<\/div>\n\n\n\n<div class=\"wp-block-column is-layout-flow wp-block-column-is-layout-flow\">\n<p>Numerisch &#8211; Geeignet f\u00fcr BA<\/p>\n<\/div>\n<\/div>\n\n\n\n<div class=\"wp-block-columns is-layout-flex wp-container-core-columns-is-layout-9d6595d7 wp-block-columns-is-layout-flex\">\n<div class=\"wp-block-column is-layout-flow wp-block-column-is-layout-flow\">\n<p class=\"has-text-align-center\">Entwicklung eines numerischen Standsicherheitsnachweis gegen Versinken<\/p>\n<\/div>\n\n\n\n<div class=\"wp-block-column is-layout-flow wp-block-column-is-layout-flow\">\n<p>An verschiedenen Baugrubenkonstruktionen soll ein numerischer Nachweis gegen Versinken unter Verwendung numerischer Methoden (FEM) entwickelt werden. Anhand von realen Baugruben soll der Nachweis verifiziert werden.<\/p>\n<\/div>\n\n\n\n<div class=\"wp-block-column is-layout-flow wp-block-column-is-layout-flow\">\n<p>Numerisch &#8211; Geeignet f\u00fcr SA und erweiterbar f\u00fcr MA<\/p>\n<\/div>\n<\/div>\n\n\n\n<div class=\"wp-block-columns is-layout-flex wp-container-core-columns-is-layout-9d6595d7 wp-block-columns-is-layout-flex\">\n<div class=\"wp-block-column is-layout-flow wp-block-column-is-layout-flow\">\n<p class=\"has-text-align-center\">Stratigraphische Randbedingungen f\u00fcr die automatisierte 3D-Baugrundschichtenmodellierung<\/p>\n<\/div>\n\n\n\n<div class=\"wp-block-column is-layout-flow wp-block-column-is-layout-flow\">\n<p>Aus einer Literaturreche heraus sollen maschineninterpretierbare Randbedingungen f\u00fcr die automatisierte Baugrundschichtenerstellung identifiziert werden. Beispiel: stratigraphisches Grundgesetz: Sedimentschichten im Liegenden sind \u00e4lter als Sedimentschichten im Hangenden -&gt; Verschneiden von oben mit unten (und nicht von unten mit oben).<\/p>\n<\/div>\n\n\n\n<div class=\"wp-block-column is-layout-flow wp-block-column-is-layout-flow\">\n<p>BIM \/ Analytisch &#8211; Geeignet f\u00fcr BA, SA, MA<\/p>\n<\/div>\n<\/div>\n\n\n\n<div class=\"wp-block-columns is-layout-flex wp-container-core-columns-is-layout-9d6595d7 wp-block-columns-is-layout-flex\">\n<div class=\"wp-block-column is-layout-flow wp-block-column-is-layout-flow\">\n<p class=\"has-text-align-center\">Anwendung von Clusterverfahren bei Drucksondierungen<\/p>\n<\/div>\n\n\n\n<div class=\"wp-block-column is-layout-flow wp-block-column-is-layout-flow\">\n<p>Die Ergebnisse von Drucksondierungen sollen mit verschiedenen Clustermethoden, z. B. R-Means-Clustering, ausgewertet werden. Die Methoden sollen auf ihre Eignung zur Schichtidentifikation hin untersucht werden.<\/p>\n<\/div>\n\n\n\n<div class=\"wp-block-column is-layout-flow wp-block-column-is-layout-flow\">\n<p>BIM \/ Analytisch \/ Messdaten &#8211; Geeignet f\u00fcr BA, SA, MA<\/p>\n<\/div>\n<\/div>\n\n\n\n<div class=\"wp-block-columns is-layout-flex wp-container-core-columns-is-layout-9d6595d7 wp-block-columns-is-layout-flex\">\n<div class=\"wp-block-column is-layout-flow wp-block-column-is-layout-flow\">\n<p class=\"has-text-align-center\">Vergleich von Fl\u00e4chenmodellierungsvarianten f\u00fcr die Repr\u00e4sentation von Baugrundschichtenverl\u00e4ufen<\/p>\n<\/div>\n\n\n\n<div class=\"wp-block-column is-layout-flow wp-block-column-is-layout-flow\">\n<p>Punktuelle Baugrundaufschl\u00fcsse werden bei der Erstellung des BIM-Fachmodells Baugrund zuerst als fl\u00e4chige Schichtverl\u00e4ufe interpretiert. Es existieren verschiedene Ans\u00e4tze, wie Fl\u00e4chen modelliert werden k\u00f6nnen. (Netze, Nurbs, T-Splines, SubD-Surfaces). Diese Varianten sollen auf Vor- und Nachteile f\u00fcr die Baugrundmodellierung untersucht werden.<\/p>\n<\/div>\n\n\n\n<div class=\"wp-block-column is-layout-flow wp-block-column-is-layout-flow\">\n<p>BIM \/ Analytisch &#8211; Geeignet f\u00fcr BA, SA, MA<\/p>\n<\/div>\n<\/div>\n\n\n\n<div class=\"wp-block-columns is-layout-flex wp-container-core-columns-is-layout-9d6595d7 wp-block-columns-is-layout-flex\">\n<div class=\"wp-block-column is-layout-flow wp-block-column-is-layout-flow\">\n<p class=\"has-text-align-center\">Einfluss von Interpolationsverfahren bei der Baugrundschichtenprognose auf geotechnische Fragestellungen<\/p>\n<\/div>\n\n\n\n<div class=\"wp-block-column is-layout-flow wp-block-column-is-layout-flow\">\n<p>Ein 3D-Baugrundmodell wird aus Punktdaten erstellt, welche mittels Interpolationsverfahren zu Fl\u00e4chenelementen interpretiert werden. Es sind viele Verfahren, wie Delauny-Triangulation, Inverse Distnace Weighting, diverse Kriging-Verfahren, zul\u00e4ssig. In der Arbeit soll anhand ausgew\u00e4hlter Anwendungsf\u00e4lle (z. B. Aushubvolumen, Setzungsberechnung) bei realen Projekten der Einfluss der Verfahren auf geotechnische Fragestellungen untersucht werden.<\/p>\n<\/div>\n\n\n\n<div class=\"wp-block-column is-layout-flow wp-block-column-is-layout-flow\">\n<p>BIM \/ Analytisch \/ Modellierung &#8211; Geeignet f\u00fcr MA, <abbr title=\"gegebenenfalls\">ggf.<\/abbr> mit Vorbereitung durch SA<\/p>\n<\/div>\n<\/div>\n\n\n\n<div class=\"wp-block-columns is-layout-flex wp-container-core-columns-is-layout-9d6595d7 wp-block-columns-is-layout-flex\">\n<div class=\"wp-block-column is-layout-flow wp-block-column-is-layout-flow\">\n<p class=\"has-text-align-center\">Einsatzm\u00f6glichkeiten von Machine Learning Algorithmen zur Progonse von Baugrundaufschl\u00fcssen<\/p>\n<\/div>\n\n\n\n<div class=\"wp-block-column is-layout-flow wp-block-column-is-layout-flow\">\n<p>In dieser Machbarkeitsstudie soll gepr\u00fcft werden, ob machine learning algorithmen bei der Baugrundaufschlussprognose eingesetzt werden k\u00f6nnen. Als Grundlage zum Trainieren der KI stehen umfangreiche (300.000+) Datens\u00e4tze f\u00fcr Hamburg zur Verf\u00fcgung. Im Rahmen der Arbeit ist ein Konzept zur Bewertung der Prognose zu erarbeiten und erste Prognosen sind zu erstellen. Im Rahmen der Machbarkeitsstudie sind verschiedene KI-Ans\u00e4tze miteinander hinsichtlich Ihrer Eignung zu Vergleichen.<\/p>\n<\/div>\n\n\n\n<div class=\"wp-block-column is-layout-flow wp-block-column-is-layout-flow\">\n<p>Analytisch \/ KI \/ BIM &#8211; Geeignet f\u00fcr MA, <abbr title=\"gegebenenfalls\">ggf.<\/abbr> vorbereitet durch SA<\/p>\n<\/div>\n<\/div>\n\n\n\n<div class=\"wp-block-columns is-layout-flex wp-container-core-columns-is-layout-9d6595d7 wp-block-columns-is-layout-flex\">\n<div class=\"wp-block-column is-layout-flow wp-block-column-is-layout-flow\">\n<p class=\"has-text-align-center\">Programmierung von Python-Skripten zur Bemessung von Verbauw\u00e4nden mit der FEM<\/p>\n<\/div>\n\n\n\n<div class=\"wp-block-column is-layout-flow wp-block-column-is-layout-flow\">\n<p>Entwicklung <abbr title=\"beziehungsweise\">bzw.<\/abbr> Weiterentwicklung \/ Verbesserung von bestehenden Python-Skripten zur Bemessung von Verbauw\u00e4nden. Zum Einen sollen die bereits bestehenden Python-Skripte optimiert werden. Zum Anderen ist es das Ziel der Arbeit, Python-Skripte f\u00fcr weitere Nachweise zu schreiben\/entwickeln. Wie z. B. der Nachweis des Erdwiderlagers oder die Reduktion von Festigkeitsparametern der Verbauwand \/ Anker.<\/p>\n<\/div>\n\n\n\n<div class=\"wp-block-column is-layout-flow wp-block-column-is-layout-flow\">\n<p>Numerik \/ Analytik \/ Programmieren &#8211; Geeignet f\u00fcr MA, <abbr title=\"gegebenenfalls\">ggf.<\/abbr> vorbereitet durch SA<\/p>\n<\/div>\n<\/div>\n\n\n\n<div class=\"wp-block-columns is-layout-flex wp-container-core-columns-is-layout-9d6595d7 wp-block-columns-is-layout-flex\">\n<div class=\"wp-block-column is-layout-flow wp-block-column-is-layout-flow\">\n<p class=\"has-text-align-center\">Digitalisierung von D\u00fcsenstrahlbaustellen am Beispiel einer DSV-Sohle<\/p>\n<\/div>\n\n\n\n<div class=\"wp-block-column is-layout-flow wp-block-column-is-layout-flow\">\n<p>Zur Abdichtung von Baugrubensohlen werden oftmals D\u00fcsenstrahlsohlen hergestellt. Bei diesem System ist eine hohe Anforderung an die Herstellgenauigkeit vorhanden. Zur Vermessung der Herstellgenauigkeit erfolgt oftmals eine sogenannte Lagevermessung mit dem Tigor-Messsystem. Auf Basis von realen Messdaten einer Baugrubenbaustelle soll im Rahmen dieser Arbeit ein Konzept entwickelt werden, wie eine digitale Integration der Messdaten in ein As-built Modell gewinnbringend m\u00f6glich ist.<\/p>\n<\/div>\n\n\n\n<div class=\"wp-block-column is-layout-flow wp-block-column-is-layout-flow\">\n<p>BIM \/ Analytik \/ Modellieren &#8211; Geeignet f\u00fcr BA, SA, MA<\/p>\n<\/div>\n<\/div>\n\n\n\n<div class=\"wp-block-columns is-layout-flex wp-container-core-columns-is-layout-9d6595d7 wp-block-columns-is-layout-flex\">\n<div class=\"wp-block-column is-layout-flow wp-block-column-is-layout-flow\">\n<p class=\"has-text-align-center\">Vergleichende Ermittlung von dynamischen Baugrundkennwerten mit unterschiedlichen Laborversuchen<\/p>\n<\/div>\n\n\n\n<div class=\"wp-block-column is-layout-flow wp-block-column-is-layout-flow\">\n<p>Verschiedene Laborversuche erm\u00f6glichen die Bestimmung von bodendynamischen Kennwerten. In einer vergleichenden Untersuchung sollen die verschiedenen Verfahren (RC-Versuche, Bender-Element-Test, Dynamischer Triaxialversuch) verglichen werden. Es sollen die M\u00f6glichkeiten und Grenzen der verschiedenen Laborverfahren gegen\u00fcbergestellt werden.<\/p>\n<\/div>\n\n\n\n<div class=\"wp-block-column is-layout-flow wp-block-column-is-layout-flow\">\n<p>Labor &#8211; Geeignet f\u00fcr SA, MA, <abbr title=\"gegebenenfalls\">ggf.<\/abbr> BA<\/p>\n<\/div>\n<\/div>\n\n\n\n<div class=\"wp-block-columns is-layout-flex wp-container-core-columns-is-layout-9d6595d7 wp-block-columns-is-layout-flex\">\n<div class=\"wp-block-column is-layout-flow wp-block-column-is-layout-flow\">\n<p class=\"has-text-align-center\">Parameterstudie zum Nachweis des Erdwiderlagers mit der FEM unter Verwendung eines Python Skriptes<\/p>\n<\/div>\n\n\n\n<div class=\"wp-block-column is-layout-flow wp-block-column-is-layout-flow\">\n<p>F\u00fcr die Entwicklung des Nachweises des Erdwiderlagers mit der FEM soll eine Parameterstudie erstellt werden. Hierbei sollen die ma\u00dfgebenden Gr\u00f6\u00dfen\/Kennwerte herausgearbeitet und variiert werden. Die mit der FEM gewonnenen Erkenntnisse werden mit dem klassischen Nachweis verglichen.<\/p>\n<\/div>\n\n\n\n<div class=\"wp-block-column is-layout-flow wp-block-column-is-layout-flow\">\n<p>Numerik \/ Analytik &#8211; Geeignet f\u00fcr BA, <abbr title=\"gegebenenfalls\">ggf.<\/abbr> MA<\/p>\n<\/div>\n<\/div>\n\n\n\n<div class=\"wp-block-columns is-layout-flex wp-container-core-columns-is-layout-9d6595d7 wp-block-columns-is-layout-flex\">\n<div class=\"wp-block-column is-layout-flow wp-block-column-is-layout-flow\">\n<p><strong>Untersuchungen des Einflusses von Reaktionspf\u00e4hlen auf die Ergebnisse von Pfahlprobebelastungen<\/strong><\/p>\n\n\n\n<p><em>Investigations of the influence of reaction piles on the results of pile test loads<\/em><\/p>\n<\/div>\n\n\n\n<div class=\"wp-block-column is-layout-flow wp-block-column-is-layout-flow\">\n<div class=\"wp-block-hsu-downloadblock\"><div class=\"thumbnail-area\"><img decoding=\"async\" src=\"\/wp-content\/themes\/hsu\/img\/dummy\/downloads_dummy.png\" alt=\"Download Symbol-Icon\" \/><\/div><div class=\"text-area\">    <strong>20.07.2021 \/ <abbr title=\"Helmut Schmidt Universit\u00e4t\">HSU<\/abbr><br \/> <\/strong>   <strong>BA \/ SA<\/strong><br \/>    <a href=\"https:\/\/www.hsu-hh.de\/geot\/mitarbeiter\/\" data-type=\"page\" data-id=\"106\">Lo<\/a>reth \/ <a href=\"https:\/\/www.hsu-hh.de\/geot\/mitarbeiter\/\" data-type=\"page\" data-id=\"106\">He<\/a>nke<br \/><\/div><div class=\"download-area\"><a class=\"download-link\" href=\"https:\/\/www.hsu-hh.de\/geot\/wp-content\/uploads\/sites\/820\/2021\/07\/BAT-Untersuchung-Reaktionspfaehle.pdf\"><span class=\"download-name\">pdf laden<\/span><span class=\"download-icon\"><img decoding=\"async\" class=\"download-icon\" alt=\"download icon\" src=\"\/wp-content\/themes\/hsu\/img\/icons\/download_icon.png\" \/><\/span><span class=\"download-size\">209 kB<\/span><\/a><\/div><\/div>\n<\/div>\n<\/div>\n\n\n\n<div class=\"wp-block-columns is-layout-flex wp-container-core-columns-is-layout-9d6595d7 wp-block-columns-is-layout-flex\">\n<div class=\"wp-block-column is-layout-flow wp-block-column-is-layout-flow\">\n<p><strong>Untersuchungen zum Einfluss der Kornform auf das Scherverhalten von Sand<\/strong><\/p>\n\n\n\n<p><em>Investigations into the influence of grain shape on the shear behaviour of sand<\/em><\/p>\n<\/div>\n\n\n\n<div class=\"wp-block-column is-layout-flow wp-block-column-is-layout-flow\">\n<div class=\"wp-block-hsu-downloadblock\"><div class=\"thumbnail-area\"><img decoding=\"async\" src=\"\/wp-content\/themes\/hsu\/img\/dummy\/downloads_dummy.png\" alt=\"Download Symbol-Icon\" \/><\/div><div class=\"text-area\">    <strong>21.07.2021 \/ BAW<\/strong><br \/><strong>    BA<\/strong><br \/>    <a href=\"https:\/\/www.baw.de\/DE\/geotechnik\/forschung_entwicklung\/forschung_entwicklung.html\" rel='nofollow'>mussie.kidane@baw.de<\/a><\/div><div class=\"download-area\"><a class=\"download-link\" href=\"https:\/\/www.hsu-hh.de\/geot\/wp-content\/uploads\/sites\/820\/2021\/07\/2021_07-BAW_Thema_01_Kornform.pdf\"><span class=\"download-name\">pdf laden<\/span><span class=\"download-icon\"><img decoding=\"async\" class=\"download-icon\" alt=\"download icon\" src=\"\/wp-content\/themes\/hsu\/img\/icons\/download_icon.png\" \/><\/span><span class=\"download-size\">176 kB<\/span><\/a><\/div><\/div>\n<\/div>\n<\/div>\n\n\n\n<div class=\"wp-block-columns is-layout-flex wp-container-core-columns-is-layout-9d6595d7 wp-block-columns-is-layout-flex\">\n<div class=\"wp-block-column is-layout-flow wp-block-column-is-layout-flow\">\n<p><strong>Untersuchungen zum \u00dcberkonsolidierungsverh\u00e4ltnis norddeutscher B\u00f6den<\/strong><\/p>\n\n\n\n<p><em>Investigations regarding the over-consolidation ratio of <em>soils<\/em><\/em> in <em>Northern Germany <\/em><\/p>\n<\/div>\n\n\n\n<div class=\"wp-block-column is-layout-flow wp-block-column-is-layout-flow\">\n<div class=\"wp-block-hsu-downloadblock\"><div class=\"thumbnail-area\"><img decoding=\"async\" src=\"\/wp-content\/themes\/hsu\/img\/dummy\/downloads_dummy.png\" alt=\"Download Symbol-Icon\" \/><\/div><div class=\"text-area\">    <strong>2<\/strong>1<strong>.07.2021 \/ BAW<\/strong><br \/>    <strong>BA<\/strong><br \/>    <a href=\"https:\/\/www.baw.de\/DE\/geotechnik\/forschung_entwicklung\/forschung_entwicklung.html\" rel='nofollow'>ulf.matthiesen@baw.de<\/a><\/div><div class=\"download-area\"><a class=\"download-link\" href=\"https:\/\/www.hsu-hh.de\/geot\/wp-content\/uploads\/sites\/820\/2021\/07\/2021_06-BAW_Thema_03_OCR.pdf\"><span class=\"download-name\">pdf laden<\/span><span class=\"download-icon\"><img decoding=\"async\" class=\"download-icon\" alt=\"download icon\" src=\"\/wp-content\/themes\/hsu\/img\/icons\/download_icon.png\" \/><\/span><span class=\"download-size\">158 kB<\/span><\/a><\/div><\/div>\n<\/div>\n<\/div>\n\n\n\n<div class=\"wp-block-columns is-layout-flex wp-container-core-columns-is-layout-9d6595d7 wp-block-columns-is-layout-flex\">\n<div class=\"wp-block-column is-layout-flow wp-block-column-is-layout-flow\">\n<p><strong>Ermittlung von Grundlagen f\u00fcr eine probabilistische Absch\u00e4tzung von Steinen und Bl\u00f6cken in Homogenbereichen auf Basis von Erfahrungswissen<\/strong><\/p>\n\n\n\n<p><em>Analyses of empirical knowledge for a probabilistic estimation of stones and blocks in homogeneous areas<\/em><\/p>\n<\/div>\n\n\n\n<div class=\"wp-block-column is-layout-flow wp-block-column-is-layout-flow\">\n<div class=\"wp-block-columns is-layout-flex wp-container-core-columns-is-layout-9d6595d7 wp-block-columns-is-layout-flex\">\n<div class=\"wp-block-column is-layout-flow wp-block-column-is-layout-flow\">\n<div class=\"wp-block-hsu-downloadblock\"><div class=\"thumbnail-area\"><img decoding=\"async\" src=\"\/wp-content\/themes\/hsu\/img\/dummy\/downloads_dummy.png\" alt=\"Download Symbol-Icon\" \/><\/div><div class=\"text-area\">    <strong>21.07.2021<\/strong> <strong>\/ BAW<\/strong><br \/>    <strong>MA<\/strong><br \/>    <a href=\"https:\/\/www.baw.de\/DE\/geotechnik\/forschung_entwicklung\/forschung_entwicklung.html\" rel='nofollow'>julia.sorgatz@baw.de<\/a><\/div><div class=\"download-area\"><a class=\"download-link\" href=\"https:\/\/www.hsu-hh.de\/geot\/wp-content\/uploads\/sites\/820\/2021\/07\/2021_07-BAW_Thema_02_Bayes.pdf\"><span class=\"download-name\">pdf laden<\/span><span class=\"download-icon\"><img decoding=\"async\" class=\"download-icon\" alt=\"download icon\" src=\"\/wp-content\/themes\/hsu\/img\/icons\/download_icon.png\" \/><\/span><span class=\"download-size\">175 kB<\/span><\/a><\/div><\/div>\n<\/div>\n<\/div>\n<\/div>\n<\/div>\n\n\n\n<div class=\"wp-block-columns is-layout-flex wp-container-core-columns-is-layout-9d6595d7 wp-block-columns-is-layout-flex\">\n<div class=\"wp-block-column is-layout-flow wp-block-column-is-layout-flow\">\n<p><strong>Zerst\u00f6rungsfreie 3D-Messung zur mathematische Beschreibung der \u201eSSCC&#8220;<\/strong><\/p>\n\n\n\n<p><em>Non-destructive 3D measurement for mathematical description of the &#8222;SSCC<\/em>&#8222;<\/p>\n<\/div>\n\n\n\n<div class=\"wp-block-column is-layout-flow wp-block-column-is-layout-flow\">\n<div class=\"wp-block-hsu-downloadblock\"><div class=\"thumbnail-area\"><img decoding=\"async\" src=\"\/wp-content\/themes\/hsu\/img\/dummy\/downloads_dummy.png\" alt=\"Download Symbol-Icon\" \/><\/div><div class=\"text-area\">    <strong>20.07.2021<\/strong> <strong>\/ <abbr title=\"Helmut Schmidt Universit\u00e4t\">HSU<\/abbr><\/strong><br \/>    <strong>BA \/ SA<\/strong><br \/>    <a href=\"https:\/\/www.hsu-hh.de\/geot\/mitarbeiter\/\">Lo<\/a>reth <strong>\/<\/strong> <a href=\"https:\/\/www.hsu-hh.de\/geot\/forschung\/labor\/\">Vo<\/a>gel<\/div><div class=\"download-area\"><a class=\"download-link\" href=\"https:\/\/www.hsu-hh.de\/geot\/wp-content\/uploads\/sites\/820\/2021\/07\/BAT_laser-shrinkage.pdf\"><span class=\"download-name\">pdf laden<\/span><span class=\"download-icon\"><img decoding=\"async\" class=\"download-icon\" alt=\"download icon\" src=\"\/wp-content\/themes\/hsu\/img\/icons\/download_icon.png\" \/><\/span><span class=\"download-size\">240 kB<\/span><\/a><\/div><\/div>\n<\/div>\n<\/div>\n\n\n\n<div class=\"wp-block-columns is-layout-flex wp-container-core-columns-is-layout-9d6595d7 wp-block-columns-is-layout-flex\">\n<div class=\"wp-block-column is-layout-flow wp-block-column-is-layout-flow\">\n<p><strong>Entwicklung eines Modellversuchsstandes zur Simulation der Bentonitverdr\u00e4ngung beim Betoniervorgang<\/strong><\/p>\n\n\n\n<p><em>Development of a model test setup to simulate the displacement of bentonite<br>during concreting<\/em><\/p>\n<\/div>\n\n\n\n<div class=\"wp-block-column is-layout-flow wp-block-column-is-layout-flow\">\n<div class=\"wp-block-hsu-downloadblock\"><div class=\"thumbnail-area\"><img decoding=\"async\" src=\"\/wp-content\/themes\/hsu\/img\/dummy\/downloads_dummy.png\" alt=\"Download Symbol-Icon\" \/><\/div><div class=\"text-area\">    <strong>21.07.2021 \/ <abbr title=\"Helmut Schmidt Universit\u00e4t\">HSU<\/abbr><br \/>    BA \/ SA \/ MA<\/strong><br \/>    <a href=\"https:\/\/www.hsu-hh.de\/geot\/mitarbeiter\/\">He<\/a>nke \/ <a href=\"https:\/\/www.hsu-hh.de\/geot\/forschung\/labor\/\">Vo<\/a>gel<\/div><div class=\"download-area\"><a class=\"download-link\" href=\"https:\/\/www.hsu-hh.de\/geot\/wp-content\/uploads\/sites\/820\/2021\/07\/BAT_MAT-Modellversuchsstand-Bentonitverdraengung.pdf\"><span class=\"download-name\">pdf laden<\/span><span class=\"download-icon\"><img decoding=\"async\" class=\"download-icon\" alt=\"download icon\" src=\"\/wp-content\/themes\/hsu\/img\/icons\/download_icon.png\" \/><\/span><span class=\"download-size\">184 kB<\/span><\/a><\/div><\/div>\n<\/div>\n<\/div>\n\n\n\n<div class=\"wp-block-columns is-layout-flex wp-container-core-columns-is-layout-9d6595d7 wp-block-columns-is-layout-flex\">\n<div class=\"wp-block-column is-layout-flow wp-block-column-is-layout-flow\">\n<p><strong>Machbarkeitsstudie zur numerischen Simulation des Betoniervorgangs einer Schlitzwand<\/strong><\/p>\n\n\n\n<p><em>Feasibility study regarding the numerical simulation of concreting a diaphragm wall<\/em><\/p>\n<\/div>\n\n\n\n<div class=\"wp-block-column is-layout-flow wp-block-column-is-layout-flow\">\n<div class=\"wp-block-hsu-downloadblock\"><div class=\"thumbnail-area\"><img decoding=\"async\" src=\"\/wp-content\/themes\/hsu\/img\/dummy\/downloads_dummy.png\" alt=\"Download Symbol-Icon\" \/><\/div><div class=\"text-area\">    <strong>21.07.2021 \/ <abbr title=\"Helmut Schmidt Universit\u00e4t\">HSU<\/abbr><br \/>    MA<br \/>   <\/strong> <a href=\"https:\/\/www.hsu-hh.de\/geot\/mitarbeiter\/\">He<\/a>nke<\/div><div class=\"download-area\"><a class=\"download-link\" href=\"https:\/\/www.hsu-hh.de\/geot\/wp-content\/uploads\/sites\/820\/2021\/07\/MAT-Simulation-Bentonitverdraengung.pdf\"><span class=\"download-name\">pdf laden<\/span><span class=\"download-icon\"><img decoding=\"async\" class=\"download-icon\" alt=\"download icon\" src=\"\/wp-content\/themes\/hsu\/img\/icons\/download_icon.png\" \/><\/span><span class=\"download-size\">186 kB<\/span><\/a><\/div><\/div>\n\n\n\n<p><\/p>\n<\/div>\n<\/div>\n\n\n\n<p><\/p>\n","protected":false},"excerpt":{"rendered":"<p>Nachfolgend ist eine Liste verschiedener Themenvorschl\u00e4ge f\u00fcr Abschlussarbeiten beigef\u00fcgt. Es wird jeweils eine Einsch\u00e4tzung abgegeben, ob diese Themen eher f\u00fcr eine Bachelorarbeit (BA) oder Studien- (SA) und Masterarbeiten (MA) geeignet [&hellip;]<\/p>\n","protected":false},"author":2126,"featured_media":0,"parent":0,"menu_order":0,"comment_status":"closed","ping_status":"closed","template":"","meta":{"footnotes":""},"categories":[4],"tags":[],"class_list":["post-512","page","type-page","status-publish","hentry","category-forschung"],"_links":{"self":[{"href":"https:\/\/www.hsu-hh.de\/geot\/wp-json\/wp\/v2\/pages\/512","targetHints":{"allow":["GET"]}}],"collection":[{"href":"https:\/\/www.hsu-hh.de\/geot\/wp-json\/wp\/v2\/pages"}],"about":[{"href":"https:\/\/www.hsu-hh.de\/geot\/wp-json\/wp\/v2\/types\/page"}],"author":[{"embeddable":true,"href":"https:\/\/www.hsu-hh.de\/geot\/wp-json\/wp\/v2\/users\/2126"}],"replies":[{"embeddable":true,"href":"https:\/\/www.hsu-hh.de\/geot\/wp-json\/wp\/v2\/comments?post=512"}],"version-history":[{"count":54,"href":"https:\/\/www.hsu-hh.de\/geot\/wp-json\/wp\/v2\/pages\/512\/revisions"}],"predecessor-version":[{"id":1457,"href":"https:\/\/www.hsu-hh.de\/geot\/wp-json\/wp\/v2\/pages\/512\/revisions\/1457"}],"wp:attachment":[{"href":"https:\/\/www.hsu-hh.de\/geot\/wp-json\/wp\/v2\/media?parent=512"}],"wp:term":[{"taxonomy":"category","embeddable":true,"href":"https:\/\/www.hsu-hh.de\/geot\/wp-json\/wp\/v2\/categories?post=512"},{"taxonomy":"post_tag","embeddable":true,"href":"https:\/\/www.hsu-hh.de\/geot\/wp-json\/wp\/v2\/tags?post=512"}],"curies":[{"name":"wp","href":"https:\/\/api.w.org\/{rel}","templated":true}]}}