{"id":227,"date":"2019-04-23T09:33:39","date_gmt":"2019-04-23T07:33:39","guid":{"rendered":"https:\/\/www.hsu-hh.de\/geot\/?page_id=227"},"modified":"2025-10-14T15:52:23","modified_gmt":"2025-10-14T13:52:23","slug":"b-sc-bauingenieurwesen","status":"publish","type":"page","link":"https:\/\/www.hsu-hh.de\/geot\/lehre\/b-sc-bauingenieurwesen\/","title":{"rendered":"B.Sc. Bauingenieurwesen"},"content":{"rendered":"\n<p>Im Bachelor-Studiengang Bauingenieurwesen werden durch die Professur f\u00fcr Geotechnik die nachfolgenden Veranstaltungen angeboten:<\/p>\n\n\n\n<div style=\"height:20px\" aria-hidden=\"true\" class=\"wp-block-spacer\"><\/div>\n\n\n\n<h3 class=\"wp-block-heading\">Geologie, Geomorphologie und Bodenmechanik<\/h3>\n\n\n\n<p><strong>Vorlesungszeitraum:<\/strong><\/p>\n\n\n\n<p>Herbsttrimester<\/p>\n\n\n\n<p><strong>Umfang:<\/strong><\/p>\n\n\n\n<p>1,5 TWS Vorlesung, 0,5 TWS \u00dcbung f\u00fcr den Modulteil &#8222;Geologie und Geomorphologie&#8220;<br>2,0 TWS Vorlesung, 2,0 TWS \u00dcbung f\u00fcr den Modulteil &#8222;Bodenmechanik&#8220;<\/p>\n\n\n\n<p><strong>Inhalte:<\/strong><\/p>\n\n\n\n<p><em>Modulteil &#8222;Geologie und Geomorphologie&#8220;<\/em><\/p>\n\n\n\n<ul class=\"wp-block-list\">\n<li>Zusammensetzung und Einteilung der Gesteine<\/li>\n\n\n\n<li>Entstehung und Verwitterung von Gesteinen<\/li>\n\n\n\n<li>Locker- und Festgesteine als Baugrund<\/li>\n\n\n\n<li>Erkundung des Baugrundes f\u00fcr bautechnische Zwecke<\/li>\n\n\n\n<li>Klassifizierung der Gesteine<\/li>\n\n\n\n<li>Grundlagen der Hydrogeologie<\/li>\n\n\n\n<li>Bodenmechanisches Praktikum<\/li>\n<\/ul>\n\n\n\n<p><em>Modulteil &#8222;Bodenmechanik&#8220;<\/em><\/p>\n\n\n\n<ul class=\"wp-block-list\">\n<li>Kennwerte und Eigenschaften des Bodens<\/li>\n\n\n\n<li>Ermittlung von bodenmechanischen Kenngr\u00f6\u00dfen im Labor-\/Feldversuch<\/li>\n\n\n\n<li>Grundwasser<\/li>\n\n\n\n<li>Spannungs-Dehnungs-Verhalten von B\u00f6den<\/li>\n\n\n\n<li>Vertikale Zusammendr\u00fcckung \/ Kompressionsverhalten des Bodens<\/li>\n\n\n\n<li>Scherfestigkeit<\/li>\n\n\n\n<li>Erddruck<\/li>\n\n\n\n<li>B\u00f6schungsbruch<\/li>\n<\/ul>\n\n\n\n<div style=\"height:10px\" aria-hidden=\"true\" class=\"wp-block-spacer\"><\/div>\n\n\n\n<h3 class=\"wp-block-heading\">Grundbau<\/h3>\n\n\n\n<p><strong>Vorlesungszeitraum:<\/strong><\/p>\n\n\n\n<p>Wintertrimester<\/p>\n\n\n\n<p><strong>Umfang:<\/strong><\/p>\n\n\n\n<p>2,0 TWS Vorlesung, 2,0 TWS \u00dcbung<\/p>\n\n\n\n<p><strong>Inhalte:<\/strong><\/p>\n\n\n\n<ul class=\"wp-block-list\">\n<li>Grundbruchberechnung<\/li>\n\n\n\n<li>Entwurf und Bemessung von Flachgr\u00fcndungen<\/li>\n\n\n\n<li>Entwurf und Bemessung von Pfahlgr\u00fcndungen<\/li>\n\n\n\n<li>Bemessung von St\u00fctzmauern<\/li>\n\n\n\n<li>Bemessung von St\u00fctzw\u00e4nden<\/li>\n\n\n\n<li>Nachweis von Ankertragf\u00e4higkeiten<\/li>\n\n\n\n<li>Dimensionierung einer Grundwasserhaltung<\/li>\n<\/ul>\n\n\n\n<div style=\"height:10px\" aria-hidden=\"true\" class=\"wp-block-spacer\"><\/div>\n\n\n\n<h3 class=\"wp-block-heading\">Hafenbau<\/h3>\n\n\n\n<p><strong>Vorlesungszeitraum:<\/strong><\/p>\n\n\n\n<p>Wintertrimester<\/p>\n\n\n\n<p><strong>Umfang:<\/strong><\/p>\n\n\n\n<p>2,0 TWS Vorlesung, 2,0 TWS \u00dcbung<\/p>\n\n\n\n<p><strong>Inhalte:<\/strong><\/p>\n\n\n\n<ul class=\"wp-block-list\">\n<li>Allgemeine Grundlagen zum Hafenbau<\/li>\n\n\n\n<li>Geschiche des Hafenbaus<\/li>\n\n\n\n<li>Wellenbrecher und Molen (gesch\u00fcttete und senkrechte Wellenbrecher)<\/li>\n\n\n\n<li>Kaimauerkonstruktionen (Bauteile, Herstellung, Tragverhalten)<\/li>\n\n\n\n<li>Hamburger Kaimauerquerschnitt (Bauteile, Herstellung und Tragverhalten)<\/li>\n\n\n\n<li>Lastans\u00e4tze \/ Lastannahmen f\u00fcr Uferw\u00e4nde<\/li>\n\n\n\n<li>Grundlagen des Nassbaggerns<\/li>\n\n\n\n<li>Einf\u00fchrung in das Offshore-Ingenieurwesen<\/li>\n<\/ul>\n\n\n\n<div style=\"height:10px\" aria-hidden=\"true\" class=\"wp-block-spacer\"><\/div>\n\n\n\n<h3 class=\"wp-block-heading\">Spezialtiefbauverfahren im Grund- und Wasserbau <\/h3>\n\n\n\n<p><strong>Vorlesungszeitraum:<\/strong><\/p>\n\n\n\n<p>Fr\u00fchjahrstrimester<\/p>\n\n\n\n<p><strong>Umfang:<\/strong><\/p>\n\n\n\n<p>2,0 TWS Vorlesung, 2,0 TWS \u00dcbung<\/p>\n\n\n\n<p><strong>Inhalte:<\/strong><\/p>\n\n\n\n<ul class=\"wp-block-list\">\n<li>Vertikaldrainagen<\/li>\n\n\n\n<li>Baugrundverbesserungsverfahren (Tiefenverdichtung, Oberfl\u00e4chenverdichtung, Impulsverdichtung, Injektionen)<\/li>\n\n\n\n<li>Unterfangung und Verst\u00e4rkung von Gr\u00fcndungen<\/li>\n\n\n\n<li>D\u00fcsenstrahlverfahren<\/li>\n\n\n\n<li>Filterstabilit\u00e4t im Dammbau<\/li>\n\n\n\n<li>Geokunststoffe in Geotechnik und Wasserbau<\/li>\n\n\n\n<li>Horizontal belastete Pf\u00e4hle, Pfahlroste und kombinierte Pfahl-Plattengr\u00fcndung (KPP)<\/li>\n<\/ul>\n\n\n\n<div style=\"height:10px\" aria-hidden=\"true\" class=\"wp-block-spacer\"><\/div>\n","protected":false},"excerpt":{"rendered":"<p>Im Bachelor-Studiengang Bauingenieurwesen werden durch die Professur f\u00fcr Geotechnik die nachfolgenden Veranstaltungen angeboten: Geologie, Geomorphologie und Bodenmechanik Vorlesungszeitraum: Herbsttrimester Umfang: 1,5 TWS Vorlesung, 0,5 TWS \u00dcbung f\u00fcr den Modulteil &#8222;Geologie [&hellip;]<\/p>\n","protected":false},"author":2126,"featured_media":0,"parent":116,"menu_order":1,"comment_status":"closed","ping_status":"closed","template":"","meta":{"footnotes":""},"categories":[6],"tags":[],"class_list":["post-227","page","type-page","status-publish","hentry","category-lehre"],"_links":{"self":[{"href":"https:\/\/www.hsu-hh.de\/geot\/wp-json\/wp\/v2\/pages\/227","targetHints":{"allow":["GET"]}}],"collection":[{"href":"https:\/\/www.hsu-hh.de\/geot\/wp-json\/wp\/v2\/pages"}],"about":[{"href":"https:\/\/www.hsu-hh.de\/geot\/wp-json\/wp\/v2\/types\/page"}],"author":[{"embeddable":true,"href":"https:\/\/www.hsu-hh.de\/geot\/wp-json\/wp\/v2\/users\/2126"}],"replies":[{"embeddable":true,"href":"https:\/\/www.hsu-hh.de\/geot\/wp-json\/wp\/v2\/comments?post=227"}],"version-history":[{"count":16,"href":"https:\/\/www.hsu-hh.de\/geot\/wp-json\/wp\/v2\/pages\/227\/revisions"}],"predecessor-version":[{"id":1980,"href":"https:\/\/www.hsu-hh.de\/geot\/wp-json\/wp\/v2\/pages\/227\/revisions\/1980"}],"up":[{"embeddable":true,"href":"https:\/\/www.hsu-hh.de\/geot\/wp-json\/wp\/v2\/pages\/116"}],"wp:attachment":[{"href":"https:\/\/www.hsu-hh.de\/geot\/wp-json\/wp\/v2\/media?parent=227"}],"wp:term":[{"taxonomy":"category","embeddable":true,"href":"https:\/\/www.hsu-hh.de\/geot\/wp-json\/wp\/v2\/categories?post=227"},{"taxonomy":"post_tag","embeddable":true,"href":"https:\/\/www.hsu-hh.de\/geot\/wp-json\/wp\/v2\/tags?post=227"}],"curies":[{"name":"wp","href":"https:\/\/api.w.org\/{rel}","templated":true}]}}