{"id":1855,"date":"2025-01-22T15:25:30","date_gmt":"2025-01-22T14:25:30","guid":{"rendered":"https:\/\/www.hsu-hh.de\/geot\/?page_id=1855"},"modified":"2025-01-22T15:37:32","modified_gmt":"2025-01-22T14:37:32","slug":"ehemalige-forschungstehmen","status":"publish","type":"page","link":"https:\/\/www.hsu-hh.de\/geot\/forschung\/forschungsthemen\/ehemalige-forschungstehmen\/","title":{"rendered":"Ehemalige Forschungstehmen"},"content":{"rendered":"\n<p>Ehemalige Forschungsthemen und -projekte an der Professur, die in der Vergangenheit abgeschlossen wurden.  <\/p>\n\n\n\n<div style=\"height:10px\" aria-hidden=\"true\" class=\"wp-block-spacer\"><\/div>\n\n\n\n<h3 class=\"wp-block-heading\">Untersuchungen zur Tragf\u00e4higkeit von Baugruben mit der Finite-Elemente-Methode<\/h3>\n\n\n\n<p>Bearbeiter: <abbr title=\"Master of Science\">M.Sc.<\/abbr> Hauke J\u00fcrgens<\/p>\n\n\n\n<p>F\u00f6rderzeitraum: 2019 \u2013 2024<\/p>\n\n\n\n<p>Mittelgeber: internes Forschungsprojekt<\/p>\n\n\n\n<p><strong>Kurzbeschreibung:<\/strong><\/p>\n\n\n\n<ul class=\"wp-block-list\">\n<li>Untersuchung und Entwicklung von Standsicherheitsnachweisen f\u00fcr Baugruben unter Verwendung der Finite-Elemente-Methode (FEM)<\/li>\n\n\n\n<li>Validierung theoretischer Grundlagen der Bodenmechanik mit numerischen Methoden<\/li>\n\n\n\n<li>Optimierung von geotechnischen Konstruktion anhand von Messdaten mit der FEM<\/li>\n<\/ul>\n","protected":false},"excerpt":{"rendered":"<p>Ehemalige Forschungsthemen und -projekte an der Professur, die in der Vergangenheit abgeschlossen wurden. Untersuchungen zur Tragf\u00e4higkeit von Baugruben mit der Finite-Elemente-Methode Bearbeiter: M.Sc. Hauke J\u00fcrgens F\u00f6rderzeitraum: 2019 \u2013 2024 Mittelgeber: [&hellip;]<\/p>\n","protected":false},"author":3639,"featured_media":0,"parent":166,"menu_order":2,"comment_status":"closed","ping_status":"closed","template":"","meta":{"footnotes":""},"categories":[41],"tags":[],"class_list":["post-1855","page","type-page","status-publish","hentry","category-forschungsthemen"],"_links":{"self":[{"href":"https:\/\/www.hsu-hh.de\/geot\/wp-json\/wp\/v2\/pages\/1855","targetHints":{"allow":["GET"]}}],"collection":[{"href":"https:\/\/www.hsu-hh.de\/geot\/wp-json\/wp\/v2\/pages"}],"about":[{"href":"https:\/\/www.hsu-hh.de\/geot\/wp-json\/wp\/v2\/types\/page"}],"author":[{"embeddable":true,"href":"https:\/\/www.hsu-hh.de\/geot\/wp-json\/wp\/v2\/users\/3639"}],"replies":[{"embeddable":true,"href":"https:\/\/www.hsu-hh.de\/geot\/wp-json\/wp\/v2\/comments?post=1855"}],"version-history":[{"count":1,"href":"https:\/\/www.hsu-hh.de\/geot\/wp-json\/wp\/v2\/pages\/1855\/revisions"}],"predecessor-version":[{"id":1857,"href":"https:\/\/www.hsu-hh.de\/geot\/wp-json\/wp\/v2\/pages\/1855\/revisions\/1857"}],"up":[{"embeddable":true,"href":"https:\/\/www.hsu-hh.de\/geot\/wp-json\/wp\/v2\/pages\/166"}],"wp:attachment":[{"href":"https:\/\/www.hsu-hh.de\/geot\/wp-json\/wp\/v2\/media?parent=1855"}],"wp:term":[{"taxonomy":"category","embeddable":true,"href":"https:\/\/www.hsu-hh.de\/geot\/wp-json\/wp\/v2\/categories?post=1855"},{"taxonomy":"post_tag","embeddable":true,"href":"https:\/\/www.hsu-hh.de\/geot\/wp-json\/wp\/v2\/tags?post=1855"}],"curies":[{"name":"wp","href":"https:\/\/api.w.org\/{rel}","templated":true}]}}