{"id":170,"date":"2019-03-22T13:01:38","date_gmt":"2019-03-22T12:01:38","guid":{"rendered":"https:\/\/www.hsu-hh.de\/geot\/?page_id=170"},"modified":"2024-11-27T15:35:11","modified_gmt":"2024-11-27T14:35:11","slug":"labor","status":"publish","type":"page","link":"https:\/\/www.hsu-hh.de\/geot\/forschung\/labor\/","title":{"rendered":"Labor"},"content":{"rendered":"\n<h2 class=\"wp-block-heading\">Laborpersonal<\/h2>\n\n\n\n<p><a href=\"https:\/\/www.hsu-hh.de\/geot\/mitarbeiter\/labor-ingenieur-m-sc-andre-vogel\/\"><abbr title=\"Diplom\">Dipl.<\/abbr>&#8211;<abbr title=\"Ingenieur\">Ing.<\/abbr> Andr\u00e9 Vogel, Labor Ingenieur<\/a><\/p>\n\n\n\n<p><a href=\"https:\/\/www.hsu-hh.de\/geot\/mitarbeiter\/georg-christoph-allroggen\/\">Georg Christoph Allroggen<\/a><\/p>\n\n\n\n<div style=\"height:30px\" aria-hidden=\"true\" class=\"wp-block-spacer\"><\/div>\n\n\n\n<h2 class=\"wp-block-heading\">Laborausstattung <\/h2>\n\n\n\n<h3 class=\"wp-block-heading\">Abrasivit\u00e4ts-Testger\u00e4t<\/h3>\n\n\n\n<ul class=\"wp-block-list\">\n<li>Abrasivit\u00e4ts-Testger\u00e4t (LCPC-Ger\u00e4t) zur Untersuchung grobk\u00f6rniger Lockergesteine (nach NF P18-579:2013 und \u00d6VB-Merkblatt 2013)<\/li>\n<\/ul>\n\n\n\n<h3 class=\"wp-block-heading\">Calcimeter <\/h3>\n\n\n\n<ul class=\"wp-block-list\">\n<li>Calcimeter zur Bestimmung des Karbonatgehalts im Boden  <\/li>\n<\/ul>\n\n\n\n<h3 class=\"wp-block-heading\">Einaxger\u00e4t  <\/h3>\n\n\n\n<ul class=\"wp-block-list\">\n<li>\u00a0Ger\u00e4t f\u00fcr den Einaxialen Druckversuch (nach DIN EN <abbr title=\"International Standards Organization\">ISO<\/abbr> 17892-7:2018)<\/li>\n<\/ul>\n\n\n\n<h3 class=\"wp-block-heading\">ENSLIN-Ger\u00e4t <\/h3>\n\n\n\n<ul class=\"wp-block-list\">\n<li>Enslin-Ger\u00e4t zur Messung des Wasseraufnahme- und Wasserbindeverm\u00f6gens<\/li>\n<\/ul>\n\n\n\n<h3 class=\"wp-block-heading\">Konsistenzgrenzen <\/h3>\n\n\n\n<ul class=\"wp-block-list\">\n<li>Ger\u00e4te zum Feststellen der Schrumpfgrenze, der Ausrollgrenze und Flie\u00dfgrenzenger\u00e4t nach Casagrande (ATTERBERG 1911; DIN EN <abbr title=\"International Standards Organization\">ISO<\/abbr> 17892-12)<\/li>\n<\/ul>\n\n\n\n<h3 class=\"wp-block-heading\">Verschiedene Fl\u00fcgelsonden<\/h3>\n\n\n\n<ul class=\"wp-block-list\">\n<li>Laborfl\u00fcgelsonde: Fl\u00fcgelscherversuchsstand (Sonderger\u00e4t; Eigenbau) erm\u00f6glicht die Ermittlung von Scherfestigkeiten in wasserges\u00e4ttigten, undrainierten, bindigen und organischen B\u00f6den<\/li>\n\n\n\n<li>Feldfl\u00fcgelsonde<\/li>\n<\/ul>\n\n\n\n<h3 class=\"wp-block-heading\">GeoTribometer <\/h3>\n\n\n\n<ul class=\"wp-block-list\">\n<li>GeoTribometer (Sonderger\u00e4t; Eigenbau) zur Bestimmung <abbr title=\"beziehungsweise\">bzw.<\/abbr> Absch\u00e4tzung von reibenden Kr\u00e4ften zwischen Boden und Metalloberfl\u00e4che<\/li>\n<\/ul>\n\n\n\n<h3 class=\"wp-block-heading\">Korngr\u00f6\u00dfenverteilung <\/h3>\n\n\n\n<ul class=\"wp-block-list\">\n<li>Korngr\u00f6\u00dfenverteilung (nach DIN EN <abbr title=\"International Standards Organization\">ISO<\/abbr> 17892-4):\n<ul class=\"wp-block-list\">\n<li>Sedimentationsanalyse<\/li>\n\n\n\n<li>Nass- oder Trockensiebung<\/li>\n\n\n\n<li>Partikelanalyse per CAMSIZER X2<\/li>\n<\/ul>\n<\/li>\n<\/ul>\n\n\n\n<h3 class=\"wp-block-heading\">3D Laserscanner HandySCAN 70<\/h3>\n\n\n\n<ul class=\"wp-block-list\">\n<li>3D Laserscanner HandySCAN 70 (ber\u00fchrungslose Volumenbestimmung von Probek\u00f6rpern)<\/li>\n<\/ul>\n\n\n\n<h3 class=\"wp-block-heading\">Muffelofen<\/h3>\n\n\n\n<ul class=\"wp-block-list\">\n<li>Muffelofen zur Bestimmung des Gl\u00fchverlusts (DIN 18128) <\/li>\n<\/ul>\n\n\n\n<h3 class=\"wp-block-heading\">Pull-out Zugpr\u00fcfzelle <\/h3>\n\n\n\n<ul class=\"wp-block-list\">\n<li>Pull-out Zugpr\u00fcfzelle (nach Empfehlung RILEM TC, 1994; zur Bestimmung der maximalen Zugkraft beim Ausziehversagen von Bewehrungsstab im Beton; Sonderger\u00e4t; Eigenbau). Ein externer Zugpr\u00fcfrahmen wird ben\u00f6tigt. <\/li>\n<\/ul>\n\n\n\n<h3 class=\"wp-block-heading\">Resonant Column <\/h3>\n\n\n\n<ul class=\"wp-block-list\">\n<li>Resonant Column-Messeinrichtung von GDS Instruments (Bestimmung des Schubmoduls)<\/li>\n<\/ul>\n\n\n\n<h3 class=\"wp-block-heading\">Shaker APS-420<\/h3>\n\n\n\n<ul class=\"wp-block-list\">\n<li>Shaker APS-420 zur Untersuchung von schwingenden Systemen<\/li>\n<\/ul>\n\n\n\n<h3 class=\"wp-block-heading\">Lagerungsdichten <\/h3>\n\n\n\n<ul class=\"wp-block-list\">\n<li>Versuche nach DIN 18126; Messung der lockersten und dichtesten Lagerung nichtbindiger B\u00f6den ohne Feinanteile<\/li>\n\n\n\n<li>per z. B. Trichter und Schlaggabelversuch<\/li>\n<\/ul>\n\n\n\n<h3 class=\"wp-block-heading\">Shearbase System GDS<\/h3>\n\n\n\n<ul class=\"wp-block-list\">\n<li>1 x Shearbase System von GDS Instruments<\/li>\n<\/ul>\n\n\n\n<h3 class=\"wp-block-heading\">Dynamsicher Triaxial Test DYNTTS von GDS <\/h3>\n\n\n\n<div class=\"wp-block-columns is-layout-flex wp-container-core-columns-is-layout-9d6595d7 wp-block-columns-is-layout-flex\">\n<div class=\"wp-block-column is-layout-flow wp-block-column-is-layout-flow\">\n<ul class=\"wp-block-list\">\n<li>1 x Automatisches Triaxial-Testsystem f\u00fcr DYNTTS-Versuche (von GDS) \n<ul class=\"wp-block-list\">\n<li>dynamische Belastung bis 5 Hz<\/li>\n\n\n\n<li>Belastungsbereich bis 10kN<\/li>\n\n\n\n<li>Probendurchmesser bis 100mm<\/li>\n\n\n\n<li>Zelldruckbereich bis 1 MPa)<\/li>\n<\/ul>\n<\/li>\n<\/ul>\n<\/div>\n\n\n\n<div class=\"wp-block-column is-layout-flow wp-block-column-is-layout-flow\">\n<figure class=\"wp-block-image size-large\"><img loading=\"lazy\" decoding=\"async\" width=\"768\" height=\"1024\" src=\"https:\/\/www.hsu-hh.de\/geot\/wp-content\/uploads\/sites\/820\/2023\/08\/DYNTTS-768x1024.jpg\" data-credit=\"Andr\u00e9 Vogel\" alt=\"Laborausstatung\" class=\"wp-image-1174\" srcset=\"https:\/\/www.hsu-hh.de\/geot\/wp-content\/uploads\/sites\/820\/2023\/08\/DYNTTS-768x1024.jpg 768w, https:\/\/www.hsu-hh.de\/geot\/wp-content\/uploads\/sites\/820\/2023\/08\/DYNTTS-225x300.jpg 225w, https:\/\/www.hsu-hh.de\/geot\/wp-content\/uploads\/sites\/820\/2023\/08\/DYNTTS-1152x1536.jpg 1152w, https:\/\/www.hsu-hh.de\/geot\/wp-content\/uploads\/sites\/820\/2023\/08\/DYNTTS-1536x2048.jpg 1536w, https:\/\/www.hsu-hh.de\/geot\/wp-content\/uploads\/sites\/820\/2023\/08\/DYNTTS-1100x1467.jpg 1100w, https:\/\/www.hsu-hh.de\/geot\/wp-content\/uploads\/sites\/820\/2023\/08\/DYNTTS-scaled.jpg 1920w\" sizes=\"auto, (max-width: 768px) 100vw, 768px\" \/><figcaption class=\"wp-element-caption\">Elektromechanisches Triaxialtest System DYNTTS<\/figcaption><\/figure>\n<\/div>\n<\/div>\n\n\n\n<h3 class=\"wp-block-heading\">Automatischer Triaxial Test (statisch) ADVTAS von GDS<\/h3>\n\n\n\n<ul class=\"wp-block-list\">\n<li>2 x Automatische Triaxial Ger\u00e4te von GDS:\n<ul class=\"wp-block-list\">\n<li>statischer Belastungsbereich bis 10kN<\/li>\n\n\n\n<li>Probendurchmesser bis 100mm<\/li>\n\n\n\n<li>Zelldruckbereich bis 1 MPa<\/li>\n<\/ul>\n<\/li>\n<\/ul>\n\n\n\n<h3 class=\"wp-block-heading\">Bestimmung der Wasserdurchl\u00e4ssigkeit<\/h3>\n\n\n\n<ul class=\"wp-block-list\">\n<li>Zelle zur Bestimmung der Wasserdurchl\u00e4ssigkeit nichtbindiger B\u00f6den (nach DIN EN <abbr title=\"International Standards Organization\">ISO<\/abbr> 17892-11)<\/li>\n<\/ul>\n\n\n\n<h3 class=\"wp-block-heading\">\u00d6dometer (Eindimensionaler Kompressionsversuch)<\/h3>\n\n\n\n<ul class=\"wp-block-list\">\n<li>\u00d6dometer (Eindimensionaler Kompressionsversuch nach DIN-EN-<abbr title=\"International Standards Organization\">ISO<\/abbr>-17892-5) zur Ermittlung vom Spannungs-Dehnungs-Verhalten:\n<ul class=\"wp-block-list\">\n<li>4 x automatisches \u00d6dometer System von GDS Instruments (Probendurchmesser bis 63,5 mm)<\/li>\n\n\n\n<li>2 x Versuchsstand manuelles System mit Totlast (Probendurchmesser bis 71,4 mm)<\/li>\n<\/ul>\n<\/li>\n<\/ul>\n\n\n\n<div class=\"wp-block-columns is-layout-flex wp-container-core-columns-is-layout-9d6595d7 wp-block-columns-is-layout-flex\">\n<div class=\"wp-block-column is-layout-flow wp-block-column-is-layout-flow\" style=\"flex-basis:100%\"><\/div>\n<\/div>\n","protected":false},"excerpt":{"rendered":"<p>Laborpersonal Dipl.&#8211;Ing. Andr\u00e9 Vogel, Labor Ingenieur Georg Christoph Allroggen Laborausstattung Abrasivit\u00e4ts-Testger\u00e4t Calcimeter Einaxger\u00e4t ENSLIN-Ger\u00e4t Konsistenzgrenzen Verschiedene Fl\u00fcgelsonden GeoTribometer Korngr\u00f6\u00dfenverteilung 3D Laserscanner HandySCAN 70 Muffelofen Pull-out Zugpr\u00fcfzelle Resonant Column Shaker APS-420 [&hellip;]<\/p>\n","protected":false},"author":2126,"featured_media":0,"parent":112,"menu_order":1,"comment_status":"closed","ping_status":"closed","template":"","meta":{"footnotes":""},"categories":[4,45],"tags":[],"class_list":["post-170","page","type-page","status-publish","hentry","category-forschung","category-labor"],"_links":{"self":[{"href":"https:\/\/www.hsu-hh.de\/geot\/wp-json\/wp\/v2\/pages\/170","targetHints":{"allow":["GET"]}}],"collection":[{"href":"https:\/\/www.hsu-hh.de\/geot\/wp-json\/wp\/v2\/pages"}],"about":[{"href":"https:\/\/www.hsu-hh.de\/geot\/wp-json\/wp\/v2\/types\/page"}],"author":[{"embeddable":true,"href":"https:\/\/www.hsu-hh.de\/geot\/wp-json\/wp\/v2\/users\/2126"}],"replies":[{"embeddable":true,"href":"https:\/\/www.hsu-hh.de\/geot\/wp-json\/wp\/v2\/comments?post=170"}],"version-history":[{"count":87,"href":"https:\/\/www.hsu-hh.de\/geot\/wp-json\/wp\/v2\/pages\/170\/revisions"}],"predecessor-version":[{"id":1803,"href":"https:\/\/www.hsu-hh.de\/geot\/wp-json\/wp\/v2\/pages\/170\/revisions\/1803"}],"up":[{"embeddable":true,"href":"https:\/\/www.hsu-hh.de\/geot\/wp-json\/wp\/v2\/pages\/112"}],"wp:attachment":[{"href":"https:\/\/www.hsu-hh.de\/geot\/wp-json\/wp\/v2\/media?parent=170"}],"wp:term":[{"taxonomy":"category","embeddable":true,"href":"https:\/\/www.hsu-hh.de\/geot\/wp-json\/wp\/v2\/categories?post=170"},{"taxonomy":"post_tag","embeddable":true,"href":"https:\/\/www.hsu-hh.de\/geot\/wp-json\/wp\/v2\/tags?post=170"}],"curies":[{"name":"wp","href":"https:\/\/api.w.org\/{rel}","templated":true}]}}