{"id":166,"date":"2019-03-22T13:00:27","date_gmt":"2019-03-22T12:00:27","guid":{"rendered":"https:\/\/www.hsu-hh.de\/geot\/?page_id=166"},"modified":"2025-01-22T15:29:00","modified_gmt":"2025-01-22T14:29:00","slug":"forschungsthemen","status":"publish","type":"page","link":"https:\/\/www.hsu-hh.de\/geot\/forschung\/forschungsthemen\/","title":{"rendered":"Forschungsthemen"},"content":{"rendered":"\n<p>Folgende Forschungsthemen werden aktuell an der Professur f\u00fcr Geotechnik der <abbr title=\"Helmut Schmidt Universit\u00e4t\">HSU<\/abbr> bearbeitet:<\/p>\n\n\n\n<div style=\"height:10px\" aria-hidden=\"true\" class=\"wp-block-spacer\"><\/div>\n\n\n\n<h3 class=\"wp-block-heading\">Geotechnische Bemessung basierend auf multidimensionalen Informationsmodellen<\/h3>\n\n\n\n<p>Bearbeiter: M.Eng. Johannes Beck<\/p>\n\n\n\n<p>F\u00f6rderzeitraum: seit 2020<\/p>\n\n\n\n<p>Mittelgeber: internes Forschungsprojekt<\/p>\n\n\n\n<p>Intelligente Baugrundmodellierung und Bemessung aus dem digitalen Zwilling im Kontext des BIM.<\/p>\n\n\n\n<div style=\"height:10px\" aria-hidden=\"true\" class=\"wp-block-spacer\"><\/div>\n\n\n\n<h3 class=\"wp-block-heading\">Pfropfenbildung in offenen Profilen <\/h3>\n\n\n\n<p>Bearbeiter: M.Eng. Philipp Wiesenthal <\/p>\n\n\n\n<p>F\u00f6rderzeitraum: seit 2020<\/p>\n\n\n\n<p>Mittelgeber: internes Forschungsprojekt<\/p>\n\n\n\n<p>Untersuchungen zur Pfropfenbildung in offenen Profilen <\/p>\n\n\n\n<div style=\"height:10px\" aria-hidden=\"true\" class=\"wp-block-spacer\"><\/div>\n\n\n\n<h3 class=\"wp-block-heading\">Bettungsmodulentwicklung bei Kranbahn\u00fcberfahrten<\/h3>\n\n\n\n<p>Bearbeiter: M.Eng. Philipp Wiesenthal<\/p>\n\n\n\n<p>F\u00f6rderzeitraum: seit 2020<\/p>\n\n\n\n<p>Mittelgeber: internes Forschungsprojekt, Kooperation mit HCU Hamburg<\/p>\n\n\n\n<p>Untersuchungen zum Einfluss von Kran\u00fcberfahrten bei Kranbahngr\u00fcndungen auf den Bettungsmodul des Bodens <\/p>\n\n\n\n<div style=\"height:10px\" aria-hidden=\"true\" class=\"wp-block-spacer\"><\/div>\n\n\n\n<h3 class=\"wp-block-heading\">Dispersionswellenmessungen im Bereich von Bestandsbauwerken<\/h3>\n\n\n\n<p>Bearbeiter: <abbr title=\"Master of Science\">M.Sc.<\/abbr> Caroline Reimers<\/p>\n\n\n\n<p>F\u00f6rderzeitraum: 01.01.2021-31.12.2024<\/p>\n\n\n\n<p>Mittelgeber: DTEC-Bw<\/p>\n\n\n\n<p>Baugrunderkundung mittles Dispersionswellenmessungen im Bereich von Br\u00fcckenbauwerken und Vergleich mit Bohrungen sowie Laborergebnissen im Projekt SHM (Structural Health Monitoring)<\/p>\n\n\n\n<div style=\"height:10px\" aria-hidden=\"true\" class=\"wp-block-spacer\"><\/div>\n\n\n\n<h3 class=\"wp-block-heading\">Untersuchungen zur Wellenausbreitung durch Pfahlinstallation <\/h3>\n\n\n\n<p>Bearbeiter: <abbr title=\"Master of Science\">M.Sc.<\/abbr> Maliha Tasnim Tilat<\/p>\n\n\n\n<p>F\u00f6rderzeitraum: seit 2022<\/p>\n\n\n\n<p>Mittelgeber: DFG<\/p>\n\n\n\n<p>Untersuchung der Wellenausbreitung im Baugrund durch die Installation von Rammpf\u00e4hlen mittels nummerischer Berechnungen in Abaqus und gro\u00dfskaligen Feldmessungen&nbsp;<\/p>\n\n\n\n<div style=\"height:10px\" aria-hidden=\"true\" class=\"wp-block-spacer\"><\/div>\n\n\n\n<h3 class=\"wp-block-heading\">Geotechnische Betrachtung von Wellenbrecher <\/h3>\n\n\n\n<p>Bearbeiter: <abbr title=\"Master of Science\">M.Sc.<\/abbr> Natascha Heim<\/p>\n\n\n\n<p>F\u00f6rderzeitraum: seit 2022<\/p>\n\n\n\n<p>Mittelgeber: <abbr title=\"Helmut Schmidt Universit\u00e4t\">HSU<\/abbr>-interne F\u00f6rderung<\/p>\n\n\n\n<p>Physikalische Modellierung von gesch\u00fctten Wellenbrecher sowie den Erosionsvorg\u00e4ngen an Gr\u00fcndungen fester Wellenbrecher, durchgef\u00fchrt im Rahmen des Wellenbrecher-Projektes der <abbr title=\"Helmut Schmidt Universit\u00e4t\">HSU<\/abbr>\u00a0<\/p>\n\n\n\n<div style=\"height:20px\" aria-hidden=\"true\" class=\"wp-block-spacer\"><\/div>\n\n\n\n<h3 class=\"wp-block-heading\"><a href=\"https:\/\/www.hsu-hh.de\/geot\/ehemalige-forschungstehmen\/\">Ehemalige Foschungsthemen<\/a><\/h3>\n\n\n\n<div style=\"height:20px\" aria-hidden=\"true\" class=\"wp-block-spacer\"><\/div>\n\n\n\n<p>Weitere <strong>Schwerpunkte der Forschung<\/strong> an der Professur liegen in folgenden Themenkomplexen:<\/p>\n\n\n\n<ul class=\"wp-block-list\">\n<li>Baugrunddynamik \/ Wellenausbreitung im Baugrund<\/li>\n\n\n\n<li>Plastodynamische Untersuchungen bei geotechnischen Prozessen mit gro\u00dfen Deformationen<\/li>\n\n\n\n<li>Untersuchungen zum dynamischen Fu\u00dfabdruck bei Rutschungen von B\u00f6schungen<\/li>\n\n\n\n<li>Umsetzung des BIM-Prozesses in der Geotechnik<\/li>\n\n\n\n<li>Anwendung numerischer Methoden in der geotechnischen Bemessungspraxis<\/li>\n<\/ul>\n","protected":false},"excerpt":{"rendered":"<p>Folgende Forschungsthemen werden aktuell an der Professur f\u00fcr Geotechnik der HSU bearbeitet: Geotechnische Bemessung basierend auf multidimensionalen Informationsmodellen Bearbeiter: M.Eng. Johannes Beck F\u00f6rderzeitraum: seit 2020 Mittelgeber: internes Forschungsprojekt Intelligente Baugrundmodellierung [&hellip;]<\/p>\n","protected":false},"author":2126,"featured_media":0,"parent":112,"menu_order":1,"comment_status":"closed","ping_status":"closed","template":"","meta":{"footnotes":""},"categories":[4,41],"tags":[],"class_list":["post-166","page","type-page","status-publish","hentry","category-forschung","category-forschungsthemen"],"_links":{"self":[{"href":"https:\/\/www.hsu-hh.de\/geot\/wp-json\/wp\/v2\/pages\/166","targetHints":{"allow":["GET"]}}],"collection":[{"href":"https:\/\/www.hsu-hh.de\/geot\/wp-json\/wp\/v2\/pages"}],"about":[{"href":"https:\/\/www.hsu-hh.de\/geot\/wp-json\/wp\/v2\/types\/page"}],"author":[{"embeddable":true,"href":"https:\/\/www.hsu-hh.de\/geot\/wp-json\/wp\/v2\/users\/2126"}],"replies":[{"embeddable":true,"href":"https:\/\/www.hsu-hh.de\/geot\/wp-json\/wp\/v2\/comments?post=166"}],"version-history":[{"count":21,"href":"https:\/\/www.hsu-hh.de\/geot\/wp-json\/wp\/v2\/pages\/166\/revisions"}],"predecessor-version":[{"id":1859,"href":"https:\/\/www.hsu-hh.de\/geot\/wp-json\/wp\/v2\/pages\/166\/revisions\/1859"}],"up":[{"embeddable":true,"href":"https:\/\/www.hsu-hh.de\/geot\/wp-json\/wp\/v2\/pages\/112"}],"wp:attachment":[{"href":"https:\/\/www.hsu-hh.de\/geot\/wp-json\/wp\/v2\/media?parent=166"}],"wp:term":[{"taxonomy":"category","embeddable":true,"href":"https:\/\/www.hsu-hh.de\/geot\/wp-json\/wp\/v2\/categories?post=166"},{"taxonomy":"post_tag","embeddable":true,"href":"https:\/\/www.hsu-hh.de\/geot\/wp-json\/wp\/v2\/tags?post=166"}],"curies":[{"name":"wp","href":"https:\/\/api.w.org\/{rel}","templated":true}]}}