{"id":1603,"date":"2024-04-30T15:06:35","date_gmt":"2024-04-30T13:06:35","guid":{"rendered":"https:\/\/www.hsu-hh.de\/geot\/?page_id=1603"},"modified":"2025-03-28T17:26:46","modified_gmt":"2025-03-28T16:26:46","slug":"m-sc-july-jaramillo","status":"publish","type":"page","link":"https:\/\/www.hsu-hh.de\/geot\/en\/m-sc-july-jaramillo\/","title":{"rendered":"M.Sc. July Jaramillo"},"content":{"rendered":"<script type=\"application\/ld+json\">[{\"@context\": \"https:\/\/www.schema.org\",\"@type\": \"Person\",\"name\": \"July Jaramillo\",\"worksFor\": [{\t\"@type\": \"Organization\",\t\"name\": \"Helmut-Schmidt-Universit\u00e4t, Campus Nord\",\t\"url\": \"https:\/\/www.hsu-hh.de\"\t, \"department\": {\"@type\": \"Organization\",\t\t\t\t\t\"name\": \"Professur f\u00fcr Geotechnik\",\t\t\t\t\t\"location\": {\t\t\t\t\t\t\"@type\": \"PostalAddress\",\t\t\t\t\t\t\"addressLocality\": \"\",        \t\t\t\t\"postalCode\": \"22159\",        \t\t\t\t\"streetAddress\": \"Friedrich-Ebert-Damm 245 , Deutsche Rentenvers. Nord\"\t\t\t\t\t}},\t\"location\": {\t\t\"@type\": \"PostalAddress\",    \t\"addressLocality\": \"\",    \t\"postalCode\": \"22008\",    \t\"postOfficeBoxNumber\": \"700822\"\t}   }],\"image\": \"https:\/\/www.hsu-hh.de\/geot\/wp-content\/uploads\/sites\/820\/2024\/04\/July_Jaramillo-150x150.jpg\",\"telephone\": \"\",\"faxNumber\": \"\",\"email\": \"july.jaramillo@hsu-hh.de\"}]<\/script><div class=\"clearfix\"><\/div><div class=\"ansprechparter-container \" style=\"margin-top:1em; \"><div class=\"row ansprechpartner-item ansprechparter-header\" ><div class=\"col-xs-8 col-lg-12\" style=\"margin-bottom: 30px;\"><h3 class=\"ansprechparter-headline\">July Jaramillo<\/h3><\/div><\/div><div class=\"col-md-4 col-lg-3 col-xs-4 ansprechpartner-item floatright img-circle center-block\" style=\"margin-bottom: 30px;\"><div class=\"img-responsive-wrapper\"><img decoding=\"async\" src=\"https:\/\/www.hsu-hh.de\/geot\/wp-content\/uploads\/sites\/820\/2024\/04\/July_Jaramillo-150x150.jpg\" alt=\"July Jaramillo\" class=\"img-circle img-responsive center-block\" \/><\/div><\/div><div class=\"col-md-12 col-lg-3 col-xs-12 ansprechpartner-item kontakt floatright\" style=\"margin-bottom: 30px; \"><div class=\"row\"><div class=\"col-xs-12 col-sm-6 col-lg-12\"><div class=\"row\"><div class=\"col-xs-4 col-lg-4 row-text bold\">E-Mail:<\/div><div class=\"row-text\" style=\"overflow:hidden; word-break: break-word\"><a href=\"mailto:july.jaramillo@hsu-hh.de\" rel=\"nofollow\">july.jaramillo@hsu-hh.de<\/a><\/div><\/div><\/div><\/div><\/div><div class=\"col-md-6 col-lg-3 col-xs-12 ansprechpartner-item anschrift floatright\" ><div class=\"row-headline\">Besucheranschrift<\/div><div class=\"dataBesucheranschrift\" style=\"\"><div class=\"row-text\">Helmut-Schmidt-Universit\u00e4t<\/div><div class=\"row-text\">Campus Nord<\/div><div class=\"row-text\">Deutsche Rentenvers. Nord<\/div><div class=\"row-text\">Friedrich-Ebert-Damm 245<\/div><div class=\"row-text\">22159 Hamburg<\/div><\/div><\/div><div class=\"col-md-6 col-lg-3 col-xs-12 ansprechpartner-item anschrift floatright\"><div class=\"row-headline\">Postanschrift<\/div><div class=\"dataPostanschrift\" style=\"\"><div class=\"row-text\">Helmut-Schmidt-Universit\u00e4t<\/div><div class=\"row-text\">Fakult\u00e4t f\u00fcr Maschinenbau und Bauingenieurwesen<\/div><div class=\"row-text\">Professur f\u00fcr Geotechnik<\/div><div class=\"row-text\">Postfach 70 08 22<\/div><div class=\"row-text\">22008 Hamburg<\/div><\/div><\/div><\/div><div class=\"clearfix\"><\/div>\n\n\n<div style=\"height:20px\" aria-hidden=\"true\" class=\"wp-block-spacer\"><\/div>\n\n\n\n<h2 class=\"wp-block-heading\">Areas of Research<\/h2>\n\n\n\n<ul class=\"wp-block-list\">\n<li>Representation of geotextiles in the context of BIM (building information modeling) <\/li>\n<\/ul>\n\n\n\n<div style=\"height:30px\" aria-hidden=\"true\" class=\"wp-block-spacer\"><\/div>\n\n\n\n<h2 class=\"wp-block-heading\">Publications <\/h2>\n\n\n\n<p><strong>2025<\/strong> Jaramillo Castro, J.; Henke, S.; Detert, O.: Semantische Modellierung von Geokunststoffen: Entwicklung und Integration in Projektabl\u00e4ufe, in: Tagungsband zum 14. RuhrGeo-Tag 2025 in Essen (27.03.2025), S. 107-117. <a href=\"https:\/\/duepublico2.uni-due.de\/receive\/duepublico_mods_00082728\" rel='nofollow'>https:\/\/duepublico2.uni-due.de\/receive\/duepublico_mods_00082728<\/a><\/p>\n\n\n\n<p><strong>2024 <\/strong>Jaramillo Castro J.E.; Henke, S.; Detert, O.: Ontologie-Ansatz zur Modellierung von Geokunststoffen im Kontext der modellbasierten Projektabwicklung (BIM). Beitr\u00e4ge zum 29. Darmst\u00e4dter Geotechnik-Kolloquium am 7. M\u00e4rz 2024, S. 66-84. DOI: 10.26083\/tuprints-00026910 (<a href=\"https:\/\/tuprints.ulb.tu-darmstadt.de\/26910\/\" rel='nofollow'>Download<\/a>)<\/p>\n\n\n\n<h4 class=\"wp-block-heading\"><a href=\"https:\/\/www.hsu-hh.de\/geot\/en\/research\/publications\/\">View all Publications<\/a><\/h4>\n","protected":false},"excerpt":{"rendered":"<p>Areas of Research Publications 2025 Jaramillo Castro, J.; Henke, S.; Detert, O.: Semantische Modellierung von Geokunststoffen: Entwicklung und Integration in Projektabl\u00e4ufe, in: Tagungsband zum 14. RuhrGeo-Tag 2025 in Essen (27.03.2025), [&hellip;]<\/p>\n","protected":false},"author":3639,"featured_media":0,"parent":0,"menu_order":1,"comment_status":"closed","ping_status":"closed","template":"","meta":{"footnotes":""},"categories":[9],"tags":[],"class_list":["post-1603","page","type-page","status-publish","hentry","category-team-en"],"_links":{"self":[{"href":"https:\/\/www.hsu-hh.de\/geot\/wp-json\/wp\/v2\/pages\/1603","targetHints":{"allow":["GET"]}}],"collection":[{"href":"https:\/\/www.hsu-hh.de\/geot\/wp-json\/wp\/v2\/pages"}],"about":[{"href":"https:\/\/www.hsu-hh.de\/geot\/wp-json\/wp\/v2\/types\/page"}],"author":[{"embeddable":true,"href":"https:\/\/www.hsu-hh.de\/geot\/wp-json\/wp\/v2\/users\/3639"}],"replies":[{"embeddable":true,"href":"https:\/\/www.hsu-hh.de\/geot\/wp-json\/wp\/v2\/comments?post=1603"}],"version-history":[{"count":4,"href":"https:\/\/www.hsu-hh.de\/geot\/wp-json\/wp\/v2\/pages\/1603\/revisions"}],"predecessor-version":[{"id":1902,"href":"https:\/\/www.hsu-hh.de\/geot\/wp-json\/wp\/v2\/pages\/1603\/revisions\/1902"}],"wp:attachment":[{"href":"https:\/\/www.hsu-hh.de\/geot\/wp-json\/wp\/v2\/media?parent=1603"}],"wp:term":[{"taxonomy":"category","embeddable":true,"href":"https:\/\/www.hsu-hh.de\/geot\/wp-json\/wp\/v2\/categories?post=1603"},{"taxonomy":"post_tag","embeddable":true,"href":"https:\/\/www.hsu-hh.de\/geot\/wp-json\/wp\/v2\/tags?post=1603"}],"curies":[{"name":"wp","href":"https:\/\/api.w.org\/{rel}","templated":true}]}}