{"id":1368,"date":"2023-08-22T09:48:35","date_gmt":"2023-08-22T07:48:35","guid":{"rendered":"https:\/\/www.hsu-hh.de\/geot\/?page_id=1368"},"modified":"2025-10-28T10:42:08","modified_gmt":"2025-10-28T09:42:08","slug":"m-sc-maliha-tasnim-tilat-2","status":"publish","type":"page","link":"https:\/\/www.hsu-hh.de\/geot\/m-sc-maliha-tasnim-tilat-2\/","title":{"rendered":"M.Sc. Maliha Tasnim Tilat"},"content":{"rendered":"<script type=\"application\/ld+json\">[{\"@context\": \"https:\/\/www.schema.org\",\"@type\": \"Person\",\"name\": \"Maliha Tasnim Tilat\",\"worksFor\": [{\t\"@type\": \"Organization\",\t\"name\": \"Helmut-Schmidt-Universit\u00e4t, Campus Nord\",\t\"url\": \"https:\/\/www.hsu-hh.de\"\t, \"department\": {\"@type\": \"Organization\",\t\t\t\t\t\"name\": \"Professur Geotechnik\",\t\t\t\t\t\"location\": {\t\t\t\t\t\t\"@type\": \"PostalAddress\",\t\t\t\t\t\t\"addressLocality\": \"\",        \t\t\t\t\"postalCode\": \"22159\",        \t\t\t\t\"streetAddress\": \"Friedrich-Ebert-Damm 245 , Deutsche Rentenvers. Nord\"\t\t\t\t\t}},\t\"location\": {\t\t\"@type\": \"PostalAddress\",    \t\"addressLocality\": \"\",    \t\"postalCode\": \"22008\",    \t\"postOfficeBoxNumber\": \"700822\"\t}   }],\"image\": \"https:\/\/www.hsu-hh.de\/geot\/wp-content\/uploads\/sites\/820\/2022\/06\/Maliha-e1655373004184-150x150.jpg\",\"telephone\": \"+49406541-3934\",\"faxNumber\": \"\",\"email\": \"tilatm@hsu-hh.de\"}]<\/script><div class=\"clearfix\"><\/div><div class=\"ansprechparter-container \" style=\"margin-top:1em; \"><div class=\"row ansprechpartner-item ansprechparter-header\" ><div class=\"col-xs-8 col-lg-12\" style=\"margin-bottom: 30px;\"><h3 class=\"ansprechparter-headline\">Maliha Tasnim Tilat<\/h3><\/div><\/div><div class=\"col-md-4 col-lg-3 col-xs-4 ansprechpartner-item floatright img-circle center-block\" style=\"margin-bottom: 30px;\"><div class=\"img-responsive-wrapper\"><img decoding=\"async\" src=\"https:\/\/www.hsu-hh.de\/geot\/wp-content\/uploads\/sites\/820\/2022\/06\/Maliha-e1655373004184-150x150.jpg\" alt=\"Profilfoto\" class=\"img-circle img-responsive center-block\" \/><\/div><\/div><div class=\"col-md-12 col-lg-3 col-xs-12 ansprechpartner-item kontakt floatright\" style=\"margin-bottom: 30px; \"><div class=\"row\"><div class=\"col-xs-12 col-sm-6 col-lg-12\"><div class=\"row\"><div class=\"col-xs-4 col-lg-4 row-text bold\" >Raum:<\/div><div class=\" row-text\">0E 115<\/div><\/div><\/div><div class=\"col-xs-12 col-sm-6 col-lg-12\"><div class=\"row\"><div class=\"col-xs-4 col-lg-4 row-text bold\">Telefon:<\/div><div class=\" row-text\">+49406541-3934<\/div><\/div><\/div><div class=\"col-xs-12 col-sm-6 col-lg-12\"><div class=\"row\"><div class=\"col-xs-4 col-lg-4 row-text bold\">E-Mail:<\/div><div class=\"row-text\" style=\"overflow:hidden; word-break: break-word\"><a href=\"mailto:tilatm@hsu-hh.de\" rel=\"nofollow\">tilatm@hsu-hh.de<\/a><\/div><\/div><\/div><\/div><\/div><div class=\"col-md-6 col-lg-3 col-xs-12 ansprechpartner-item anschrift floatright\" ><div class=\"row-headline\">Besucheranschrift<\/div><div class=\"dataBesucheranschrift\" style=\"\"><div class=\"row-text\">Helmut-Schmidt-Universit\u00e4t<\/div><div class=\"row-text\">Campus Nord<\/div><div class=\"row-text\">Deutsche Rentenvers. Nord<\/div><div class=\"row-text\">Friedrich-Ebert-Damm 245<\/div><div class=\"row-text\">22159 Hamburg<\/div><\/div><\/div><div class=\"col-md-6 col-lg-3 col-xs-12 ansprechpartner-item anschrift floatright\"><div class=\"row-headline\">Postanschrift<\/div><div class=\"dataPostanschrift\" style=\"\"><div class=\"row-text\">Helmut-Schmidt-Universit\u00e4t<\/div><div class=\"row-text\">Fakult\u00e4t f\u00fcr Maschinenbau und Bauingenieurwesen<\/div><div class=\"row-text\">Professur Geotechnik<\/div><div class=\"row-text\">Postfach 70 08 22<\/div><div class=\"row-text\">22008 Hamburg<\/div><\/div><\/div><\/div><div class=\"clearfix\"><\/div>\n\n\n<div style=\"height:20px\" aria-hidden=\"true\" class=\"wp-block-spacer\"><\/div>\n\n\n\n<h2 class=\"wp-block-heading\">Forschungsgebiete <\/h2>\n\n\n\n<ul class=\"wp-block-list\">\n<li>Numerische Simulationen von Wellenausbreitung durch Pfahlinstallation <\/li>\n\n\n\n<li>Messungen bei gro\u00df-skaligen Feldversuchen <\/li>\n<\/ul>\n\n\n\n<div style=\"height:30px\" aria-hidden=\"true\" class=\"wp-block-spacer\"><\/div>\n\n\n\n<div class=\"wp-block-columns is-layout-flex wp-container-core-columns-is-layout-9d6595d7 wp-block-columns-is-layout-flex\">\n<div class=\"wp-block-column is-layout-flow wp-block-column-is-layout-flow\">\n<figure class=\"wp-block-video\"><video height=\"720\" style=\"aspect-ratio: 1280 \/ 720;\" width=\"1280\" controls src=\"https:\/\/www.hsu-hh.de\/geot\/wp-content\/uploads\/sites\/820\/2023\/08\/nummerical-simulation-driving-test.mp4\"><\/video><figcaption class=\"wp-element-caption\">Nummerische Simulation des Rammversuches<\/figcaption><\/figure>\n<\/div>\n\n\n\n<div class=\"wp-block-column is-layout-flow wp-block-column-is-layout-flow\"><script>\tvar sosereDefaults = {\"allowfullscreen\":true,\"fit\":\"contain\",\"transition\":\"crossfade\",\"loop\":true,\"autoplay\":\"3000\",\"stopautoplayontouch\":true,\"keyboard\":true,\"nav\":\"thumbs\"}<\/script><div class='sosere--wp' data-ids='1374,1373,1371,1372'data-link='file'data-itemtag='dl'data-icontag='dt'data-captiontag='dd'data-columns='0'data-size='large'data-width='656'data-auto='false'data-max-width='100%'data-ratio='1.3172690763052'><div id='gallery-1' class='gallery galleryid-1368 gallery-columns-0 gallery-size-thumbnail'><dl class='gallery-item'>\n\t\t\t<dt class='gallery-icon landscape'>\n\t\t\t\t<a href='https:\/\/www.hsu-hh.de\/geot\/wp-content\/uploads\/sites\/820\/2023\/08\/Sensors.png' data-full='https:\/\/www.hsu-hh.de\/geot\/wp-content\/uploads\/sites\/820\/2023\/08\/Sensors.png' data-credit=\"Maliha Tasnim Tilat\"><img loading=\"lazy\" decoding=\"async\" width=\"150\" height=\"150\" src=\"https:\/\/www.hsu-hh.de\/geot\/wp-content\/uploads\/sites\/820\/2023\/08\/Sensors-150x150.png\" class=\"attachment-thumbnail size-thumbnail\" alt=\"Sensoren f\u00fcr den Rammversuch\" aria-describedby=\"gallery-1-1374\" srcset=\"https:\/\/www.hsu-hh.de\/geot\/wp-content\/uploads\/sites\/820\/2023\/08\/Sensors-150x150.png 150w, https:\/\/www.hsu-hh.de\/geot\/wp-content\/uploads\/sites\/820\/2023\/08\/Sensors-100x100.png 100w\" sizes=\"auto, (max-width: 150px) 100vw, 150px\" \/><\/a>\n\t\t\t<\/dt>\n\t\t\t\t<dd class='wp-caption-text gallery-caption' id='gallery-1-1374'>\n\t\t\t\tSensoren f\u00fcr den Rammversuch \n\t\t\t\t<\/dd><\/dl><dl class='gallery-item'>\n\t\t\t<dt class='gallery-icon portrait'>\n\t\t\t\t<a href='https:\/\/www.hsu-hh.de\/geot\/wp-content\/uploads\/sites\/820\/2023\/08\/Rammrohr.png' data-full='https:\/\/www.hsu-hh.de\/geot\/wp-content\/uploads\/sites\/820\/2023\/08\/Rammrohr.png' data-credit=\"Maliha Tasnim Tilat \"><img loading=\"lazy\" decoding=\"async\" width=\"150\" height=\"150\" src=\"https:\/\/www.hsu-hh.de\/geot\/wp-content\/uploads\/sites\/820\/2023\/08\/Rammrohr-150x150.png\" class=\"attachment-thumbnail size-thumbnail\" alt=\"Stahl-Rammrohr f\u00fcr Feldversuche\" aria-describedby=\"gallery-1-1373\" srcset=\"https:\/\/www.hsu-hh.de\/geot\/wp-content\/uploads\/sites\/820\/2023\/08\/Rammrohr-150x150.png 150w, https:\/\/www.hsu-hh.de\/geot\/wp-content\/uploads\/sites\/820\/2023\/08\/Rammrohr-100x100.png 100w\" sizes=\"auto, (max-width: 150px) 100vw, 150px\" \/><\/a>\n\t\t\t<\/dt>\n\t\t\t\t<dd class='wp-caption-text gallery-caption' id='gallery-1-1373'>\n\t\t\t\tStahl-Rammrohr f\u00fcr Feldversuche \n\t\t\t\t<\/dd><\/dl><dl class='gallery-item'>\n\t\t\t<dt class='gallery-icon landscape'>\n\t\t\t\t<a href='https:\/\/www.hsu-hh.de\/geot\/wp-content\/uploads\/sites\/820\/2023\/08\/measurement.png' data-full='https:\/\/www.hsu-hh.de\/geot\/wp-content\/uploads\/sites\/820\/2023\/08\/measurement.png' data-credit=\"Maliha Tasmin Tilat\"><img loading=\"lazy\" decoding=\"async\" width=\"150\" height=\"150\" src=\"https:\/\/www.hsu-hh.de\/geot\/wp-content\/uploads\/sites\/820\/2023\/08\/measurement-150x150.png\" class=\"attachment-thumbnail size-thumbnail\" alt=\"Messungen w\u00e4hrend der Pfahlinstallation\" aria-describedby=\"gallery-1-1371\" srcset=\"https:\/\/www.hsu-hh.de\/geot\/wp-content\/uploads\/sites\/820\/2023\/08\/measurement-150x150.png 150w, https:\/\/www.hsu-hh.de\/geot\/wp-content\/uploads\/sites\/820\/2023\/08\/measurement-100x100.png 100w\" sizes=\"auto, (max-width: 150px) 100vw, 150px\" \/><\/a>\n\t\t\t<\/dt>\n\t\t\t\t<dd class='wp-caption-text gallery-caption' id='gallery-1-1371'>\n\t\t\t\tMessungen w\u00e4hrend der Pfahlinstallation \n\t\t\t\t<\/dd><\/dl><dl class='gallery-item'>\n\t\t\t<dt class='gallery-icon landscape'>\n\t\t\t\t<a href='https:\/\/www.hsu-hh.de\/geot\/wp-content\/uploads\/sites\/820\/2023\/08\/num.png' data-full='https:\/\/www.hsu-hh.de\/geot\/wp-content\/uploads\/sites\/820\/2023\/08\/num.png' data-credit=\"Maliha Tasnim Tilat\"><img loading=\"lazy\" decoding=\"async\" width=\"150\" height=\"150\" src=\"https:\/\/www.hsu-hh.de\/geot\/wp-content\/uploads\/sites\/820\/2023\/08\/num-150x150.png\" class=\"attachment-thumbnail size-thumbnail\" alt=\"Vorbereitende Nummerische Modelentwicklung und Simulation\" aria-describedby=\"gallery-1-1372\" srcset=\"https:\/\/www.hsu-hh.de\/geot\/wp-content\/uploads\/sites\/820\/2023\/08\/num-150x150.png 150w, https:\/\/www.hsu-hh.de\/geot\/wp-content\/uploads\/sites\/820\/2023\/08\/num-100x100.png 100w\" sizes=\"auto, (max-width: 150px) 100vw, 150px\" \/><\/a>\n\t\t\t<\/dt>\n\t\t\t\t<dd class='wp-caption-text gallery-caption' id='gallery-1-1372'>\n\t\t\t\tVorbereitende Nummerische Modelentwicklung und Simulation\n\t\t\t\t<\/dd><\/dl>\n\t\t<\/div>\n<\/div><\/div>\n<\/div>\n\n\n\n<h2 class=\"wp-block-heading\">Publikationen <\/h2>\n\n\n\n<p><strong>2024<\/strong> Tilat, M.T. : Untersuchung des Einflusses von Ersch\u00fctterungen auf Ortbetonrammpf\u00e4hle bei der Rammung benachbarter Pf\u00e4hle. Beitr\u00e4ge der Spezialsitzung der 38. Baugrundtagung, Messe Bremen, 25. \u2013 28. September 2024<\/p>\n\n\n\n<p><strong>2024 <\/strong>Tilat M.T.; Henke S.: Dynamic analysis of wave propagation due to pile installation using numerical simulations. Japanese Geotechnical Society Publication, 2024, Volume 10, Issue 14, 446-450. https:\/\/doi.org\/10.3208\/jgssp.v10.OS-3-09, <a href=\"https:\/\/www.jstage.jst.go.jp\/article\/jgssp\/10\/14\/10_v10.OS-3-09\/_article\/-char\/en\" rel='nofollow'>Link<\/a>.<\/p>\n\n\n\n<p><strong>2024<\/strong> Tilat M.T.; Henke, S.: Untersuchung der Wellenausbreitung bei der Herstellung von Ortbetonrammpf\u00e4hlen. Tagungsband der 14. \u00d6sterreichischen Geotechniktagung 2024. <abbr title=\"Herausgeber\">Hrsg.<\/abbr> \u00d6sterreichischer Ingenieur- und Architekten-Verein. <abbr title=\"International Standard Book Number\">ISBN<\/abbr>-Nr. 978-3-902593-11-5<\/p>\n\n\n\n<p><strong>2023<\/strong> Henke, S.; Tilat, M. T.; Wiesenthal, P.: Numerical simulations of pile foundations considering small and large deformations. In: Geotec Hanoi 2023, 14.12.2023, Hanoi, Vietnam<\/p>\n\n\n\n<h3 class=\"wp-block-heading\"><a href=\"https:\/\/www.hsu-hh.de\/geot\/forschung\/publikationen\/\">Alle Publikationen<\/a><\/h3>\n","protected":false},"excerpt":{"rendered":"<p>Forschungsgebiete Publikationen 2024 Tilat, M.T. : Untersuchung des Einflusses von Ersch\u00fctterungen auf Ortbetonrammpf\u00e4hle bei der Rammung benachbarter Pf\u00e4hle. Beitr\u00e4ge der Spezialsitzung der 38. Baugrundtagung, Messe Bremen, 25. \u2013 28. September [&hellip;]<\/p>\n","protected":false},"author":3639,"featured_media":0,"parent":0,"menu_order":1,"comment_status":"closed","ping_status":"closed","template":"","meta":{"footnotes":""},"categories":[8],"tags":[],"class_list":["post-1368","page","type-page","status-publish","hentry","category-team"],"_links":{"self":[{"href":"https:\/\/www.hsu-hh.de\/geot\/wp-json\/wp\/v2\/pages\/1368","targetHints":{"allow":["GET"]}}],"collection":[{"href":"https:\/\/www.hsu-hh.de\/geot\/wp-json\/wp\/v2\/pages"}],"about":[{"href":"https:\/\/www.hsu-hh.de\/geot\/wp-json\/wp\/v2\/types\/page"}],"author":[{"embeddable":true,"href":"https:\/\/www.hsu-hh.de\/geot\/wp-json\/wp\/v2\/users\/3639"}],"replies":[{"embeddable":true,"href":"https:\/\/www.hsu-hh.de\/geot\/wp-json\/wp\/v2\/comments?post=1368"}],"version-history":[{"count":10,"href":"https:\/\/www.hsu-hh.de\/geot\/wp-json\/wp\/v2\/pages\/1368\/revisions"}],"predecessor-version":[{"id":2037,"href":"https:\/\/www.hsu-hh.de\/geot\/wp-json\/wp\/v2\/pages\/1368\/revisions\/2037"}],"wp:attachment":[{"href":"https:\/\/www.hsu-hh.de\/geot\/wp-json\/wp\/v2\/media?parent=1368"}],"wp:term":[{"taxonomy":"category","embeddable":true,"href":"https:\/\/www.hsu-hh.de\/geot\/wp-json\/wp\/v2\/categories?post=1368"},{"taxonomy":"post_tag","embeddable":true,"href":"https:\/\/www.hsu-hh.de\/geot\/wp-json\/wp\/v2\/tags?post=1368"}],"curies":[{"name":"wp","href":"https:\/\/api.w.org\/{rel}","templated":true}]}}