{"id":1363,"date":"2023-08-22T09:31:02","date_gmt":"2023-08-22T07:31:02","guid":{"rendered":"https:\/\/www.hsu-hh.de\/geot\/?page_id=1363"},"modified":"2025-01-22T15:18:40","modified_gmt":"2025-01-22T14:18:40","slug":"m-sc-hauke-juergens","status":"publish","type":"page","link":"https:\/\/www.hsu-hh.de\/geot\/mitarbeiter\/m-sc-hauke-juergens\/","title":{"rendered":"Ehemaliger Mitarbeiter: Dr.-Ing. Hauke J\u00fcrgens"},"content":{"rendered":"\n\n<script type=\"application\/ld+json\">[{\"@context\": \"https:\/\/www.schema.org\",\"@type\": \"Person\",\"name\": \"Hauke J\u00fcrgens\",\"worksFor\": [{\t\"@type\": \"Organization\",\t\"name\": \"\",\t\"url\": \"https:\/\/www.hsu-hh.de\"}],\"image\": \"https:\/\/www.hsu-hh.de\/geot\/wp-content\/uploads\/sites\/820\/2019\/09\/DSC_7753-150x150.jpg\",\"telephone\": \"\",\"faxNumber\": \"\",\"email\": \"hauke.juergens@ramboll.com\"}]<\/script><div class=\"clearfix\"><\/div><div class=\"ansprechparter-container \" style=\"margin-top:1em; \"><div class=\"row ansprechpartner-item ansprechparter-header\" ><div class=\"col-xs-8 col-lg-12\" style=\"margin-bottom: 30px;\"><h3 class=\"ansprechparter-headline\">Hauke J\u00fcrgens<\/h3><\/div><\/div><div class=\"col-md-4 col-lg-3 col-xs-4 ansprechpartner-item floatright img-circle center-block\" style=\"margin-bottom: 30px;\"><div class=\"img-responsive-wrapper\"><img decoding=\"async\" src=\"https:\/\/www.hsu-hh.de\/geot\/wp-content\/uploads\/sites\/820\/2019\/09\/DSC_7753-150x150.jpg\" alt=\"MA Hauke J\u00fcrgens\" class=\"img-circle img-responsive center-block\" \/><\/div><\/div><div class=\"col-md-12 col-lg-3 col-xs-12 ansprechpartner-item kontakt floatright\" style=\"margin-bottom: 30px; \"><div class=\"row\"><div class=\"col-xs-12 col-sm-6 col-lg-12\"><div class=\"row\"><div class=\"col-xs-4 col-lg-4 row-text bold\">E-Mail:<\/div><div class=\"row-text\" style=\"overflow:hidden; word-break: break-word\"><a href=\"mailto:hauke.juergens@ramboll.com\" rel=\"nofollow\">hauke.juergens@ramboll.com<\/a><\/div><\/div><\/div><\/div><\/div><div class=\"col-md-6 col-lg-3 col-xs-12 ansprechpartner-item anschrift floatright\" ><div class=\"row-headline\">Besucheranschrift<\/div><div class=\"dataBesucheranschrift\" style=\"\"><div class=\"row-text\"><\/div><div class=\"row-text\"><\/div><\/div><\/div><div class=\"col-md-6 col-lg-3 col-xs-12 ansprechpartner-item anschrift floatright\"><div class=\"row-headline\">Postanschrift<\/div><div class=\"dataPostanschrift\" style=\"\"><div class=\"row-text\"><\/div><div class=\"row-text\"><\/div><\/div><\/div><\/div><div class=\"clearfix\"><\/div>\n\n\n<div style=\"height:20px\" aria-hidden=\"true\" class=\"wp-block-spacer\"><\/div>\n\n\n\n<h2 class=\"wp-block-heading\">Forschungsgebiete <\/h2>\n\n\n\n<ul class=\"wp-block-list\">\n<li>Untersuchung und Entwicklung von Standsicherheitsnachweisen f\u00fcr Baugruben unter Verwendung der Finite-Elemente-Methode (FEM)<\/li>\n\n\n\n<li>Validierung theoretischer Grundlagen der Bodenmechanik mit numerischen Methoden<\/li>\n\n\n\n<li>Optimierung von geotechnischen Konstruktionen anhand von Messdaten mit der FEM<\/li>\n<\/ul>\n\n\n\n<div style=\"height:30px\" aria-hidden=\"true\" class=\"wp-block-spacer\"><\/div>\n\n\n\n<h2 class=\"wp-block-heading\">Publikationen an der Professur<\/h2>\n\n\n\n<p><strong>2024<\/strong> J\u00fcrgens, H., Henke, S.: Entwicklung eines Steifigkeitsparameters zur Absch\u00e4tzung des bemessungsrelevanten Nachweisverfahrens, in: BAWKolloquium (2024): Numerik in der Geotechnik, 07.11.2024, Karlsruhe, Deutschland. <a href=\"https:\/\/hdl.handle.net\/20.500.11970\/114167\" rel='nofollow'>https:\/\/hdl.handle.net\/20.500.11970\/114167<\/a><\/p>\n\n\n\n<p><strong>2024<\/strong> J\u00fcrgens, H.: Untersuchungen zur Tragf\u00e4higkeit von Baugruben mit der Finite-Elemente-Methode. Dissertation. <a href=\"https:\/\/openhsu.ub.hsu-hh.de\/entities\/publication\/17063\" rel='nofollow'>https:\/\/openhsu.ub.hsu-hh.de\/entities\/publication\/17063<\/a><\/p>\n\n\n\n<p><strong>2023<\/strong> J\u00fcrgens, H.; Henke, S.: Numerical optimisation of excavation pit design using finite element analyses. Geotech Geol Eng (2023). https:\/\/doi.org\/10.1007\/s10706-023-02639-7 (<a href=\"https:\/\/rdcu.be\/dmIND\" rel='nofollow'>https:\/\/rdcu.be\/dmIND<\/a>)<\/p>\n\n\n\n<p><strong>2023<\/strong> J\u00fcrgens, H.; Henke, S.: Investigation of numerical modelling approaches for diaphragm walls with support of inverse parameter identification. Proceedings 10th NUMGE 2023. 10th European Conference on Numerical Methods in Geotechnical Engineering. Zdravkovic L, Kontoe S., Taborda DMG, Tsiampousi A (eds). <a href=\"https:\/\/doi.org\/10.53243\/NUMGE2023-41\" rel='nofollow'>https:\/\/doi.org\/10.53243\/NUMGE2023-41<\/a><\/p>\n\n\n\n<p><strong>2023<\/strong> J\u00fcrgens, H.; Henke, S.: Zum Nachweis gegen Versagen des Erdwiderlagers mit der Finite-Elemente-Methode. Bautechnik. Zur Ver\u00f6ffentlichung angenommen. <a href=\"http:\/\/onlinelibrary.wiley.com\/doi\/10.1002\/bate.202200071\/abstract\" rel='nofollow'>http:\/\/onlinelibrary.wiley.com\/doi\/10.1002\/bate.202200071\/abstract<\/a><\/p>\n\n\n\n<p><strong>2022<\/strong> J\u00fcrgens, H.; Henke, S.: Untersuchungen zur Bemessung von Baugruben mit der Finite-Elemente-Methode. In: Conference Proceedings \u201eWorkshop Numerische Methoden in der Geotechnik 2022, Ver\u00f6ffentlichungen des Instituts f\u00fcr Geotechnik und Baubetrieb der TUHH, Band 53, S. 105-121.<\/p>\n\n\n\n<p><strong>2022<\/strong> J\u00fcrgens, H.; Vogel, P.; Henke, S.; Grabe, J.: Zur numerischen Berechnung der globalen Standsicherheit von Bauwerken im Boden. geotechnik 45, H. 3, S. 155\u2013169. <a href=\"https:\/\/doi.org\/10.1002\/gete.202200003\" rel='nofollow'>https:\/\/doi.org\/10.1002\/gete.202200003<\/a><\/p>\n\n\n\n<p><strong>2022<\/strong> Vogel, P.; Grabe, J.; J\u00fcrgens, H.; Henke, S.: Zur numerischen Bemessung geotechnischer Bauwerke gem\u00e4\u00df EC 7. Vortr\u00e4ge zum 28. Darmst\u00e4dter Geotechnik-Kolloquium am 09. M\u00e4rz 2022.<\/p>\n\n\n\n<p><strong>2021<\/strong> J\u00fcrgens, H.; Henke, S.: Entwicklung eines Python-Skriptes zur Festigkeitsreduktion mit numerischen Methoden. Geotechnik 44 (2021), Heft 4, 248-259. DOI: 10.1002\/gete.202100004<\/p>\n\n\n\n<p><strong>2021<\/strong> Henke, S.; J\u00fcrgens, H.: The design of geotechnical structures using numerical methods. IOP Conference Series: Earth and Environmental Science, Vol. 727, 14th Baltic Sea Region Geotechnical Conference 18-19th of January 2021, Helsinki, Finland. <a href=\"https:\/\/iopscience.iop.org\/article\/10.1088\/1755-1315\/727\/1\/012021\" rel='nofollow'>https:\/\/iopscience.iop.org\/article\/10.1088\/1755-1315\/727\/1\/012021<\/a><\/p>\n\n\n\n<p><strong>2021<\/strong> J\u00fcrgens, H.; Henke, S.: The Design of Geotechnical Structures Using Numerical Methods \u2013 Shear Parameter Reduction Including Structural Elements. International Journal of Earth &amp; Environmental Sciences 6\/1. DOI: 10.15344\/2456-351X\/2021\/177<\/p>\n\n\n\n<div style=\"height:20px\" aria-hidden=\"true\" class=\"wp-block-spacer\"><\/div>\n\n\n\n<h3 class=\"wp-block-heading\"><a href=\"https:\/\/www.hsu-hh.de\/geot\/forschung\/publikationen\/\">Alle Publikationen<\/a><\/h3>\n\n\n\n<p><\/p>\n","protected":false},"excerpt":{"rendered":"<p>Forschungsgebiete Publikationen an der Professur 2024 J\u00fcrgens, H., Henke, S.: Entwicklung eines Steifigkeitsparameters zur Absch\u00e4tzung des bemessungsrelevanten Nachweisverfahrens, in: BAWKolloquium (2024): Numerik in der Geotechnik, 07.11.2024, Karlsruhe, Deutschland. https:\/\/hdl.handle.net\/20.500.11970\/114167 2024 [&hellip;]<\/p>\n","protected":false},"author":3639,"featured_media":0,"parent":106,"menu_order":1,"comment_status":"closed","ping_status":"closed","template":"","meta":{"footnotes":""},"categories":[8],"tags":[],"class_list":["post-1363","page","type-page","status-publish","hentry","category-team"],"_links":{"self":[{"href":"https:\/\/www.hsu-hh.de\/geot\/wp-json\/wp\/v2\/pages\/1363","targetHints":{"allow":["GET"]}}],"collection":[{"href":"https:\/\/www.hsu-hh.de\/geot\/wp-json\/wp\/v2\/pages"}],"about":[{"href":"https:\/\/www.hsu-hh.de\/geot\/wp-json\/wp\/v2\/types\/page"}],"author":[{"embeddable":true,"href":"https:\/\/www.hsu-hh.de\/geot\/wp-json\/wp\/v2\/users\/3639"}],"replies":[{"embeddable":true,"href":"https:\/\/www.hsu-hh.de\/geot\/wp-json\/wp\/v2\/comments?post=1363"}],"version-history":[{"count":10,"href":"https:\/\/www.hsu-hh.de\/geot\/wp-json\/wp\/v2\/pages\/1363\/revisions"}],"predecessor-version":[{"id":1851,"href":"https:\/\/www.hsu-hh.de\/geot\/wp-json\/wp\/v2\/pages\/1363\/revisions\/1851"}],"up":[{"embeddable":true,"href":"https:\/\/www.hsu-hh.de\/geot\/wp-json\/wp\/v2\/pages\/106"}],"wp:attachment":[{"href":"https:\/\/www.hsu-hh.de\/geot\/wp-json\/wp\/v2\/media?parent=1363"}],"wp:term":[{"taxonomy":"category","embeddable":true,"href":"https:\/\/www.hsu-hh.de\/geot\/wp-json\/wp\/v2\/categories?post=1363"},{"taxonomy":"post_tag","embeddable":true,"href":"https:\/\/www.hsu-hh.de\/geot\/wp-json\/wp\/v2\/tags?post=1363"}],"curies":[{"name":"wp","href":"https:\/\/api.w.org\/{rel}","templated":true}]}}