{"id":1319,"date":"2023-09-22T16:18:28","date_gmt":"2023-09-22T14:18:28","guid":{"rendered":"https:\/\/www.hsu-hh.de\/geot\/?page_id=1319"},"modified":"2025-10-14T15:28:21","modified_gmt":"2025-10-14T13:28:21","slug":"univ-prof-dr-ing-habil-sascha-henke","status":"publish","type":"page","link":"https:\/\/www.hsu-hh.de\/geot\/mitarbeiter\/univ-prof-dr-ing-habil-sascha-henke\/","title":{"rendered":"Univ.-Prof. Dr.-Ing. habil. Sascha Henke"},"content":{"rendered":"<script type=\"application\/ld+json\">[{\"@context\": \"https:\/\/www.schema.org\",\"@type\": \"Person\",\"name\": \"Sascha Henke\",\"worksFor\": [{\t\"@type\": \"Organization\",\t\"name\": \"Helmut-Schmidt-Universit\u00e4t, Campus Nord \",\t\"url\": \"https:\/\/www.hsu-hh.de\"\t, \"department\": {\"@type\": \"Organization\",\t\t\t\t\t\"name\": \"Professur f\u00fcr Geotechnik\",\t\t\t\t\t\"location\": {\t\t\t\t\t\t\"@type\": \"PostalAddress\",\t\t\t\t\t\t\"addressLocality\": \"\",        \t\t\t\t\"postalCode\": \"22159\",        \t\t\t\t\"streetAddress\": \"Friedrich-Ebert-Damm 245 , Deutsche Rentenvers. Nord \"\t\t\t\t\t}},\t\"location\": {\t\t\"@type\": \"PostalAddress\",    \t\"addressLocality\": \"\",    \t\"postalCode\": \"22008\",    \t\"postOfficeBoxNumber\": \"700822\"\t}   }],\"image\": \"https:\/\/www.hsu-hh.de\/geot\/wp-content\/uploads\/sites\/820\/2019\/03\/Foto-SaschaHenke-e1553253285687-150x150.jpg\",\"telephone\": \"+49406541-3351\",\"faxNumber\": \"\",\"email\": \"sascha.henke@hsu-hh.de\"}]<\/script><div class=\"clearfix\"><\/div><div class=\"ansprechparter-container \" style=\"margin-top:1em; \"><div class=\"row ansprechpartner-item ansprechparter-header\" ><div class=\"col-xs-8 col-lg-12\" style=\"margin-bottom: 30px;\"><h3 class=\"ansprechparter-headline\">Sascha Henke<\/h3><\/div><\/div><div class=\"col-md-4 col-lg-3 col-xs-4 ansprechpartner-item floatright img-circle center-block\" style=\"margin-bottom: 30px;\"><div class=\"img-responsive-wrapper\"><img decoding=\"async\" src=\"https:\/\/www.hsu-hh.de\/geot\/wp-content\/uploads\/sites\/820\/2019\/03\/Foto-SaschaHenke-e1553253285687-150x150.jpg\" alt=\"Mitarbeiterbild Professor Henke\" class=\"img-circle img-responsive center-block\" \/><\/div><\/div><div class=\"col-md-12 col-lg-3 col-xs-12 ansprechpartner-item kontakt floatright\" style=\"margin-bottom: 30px; \"><div class=\"row\"><div class=\"col-xs-12 col-sm-6 col-lg-12\"><div class=\"row\"><div class=\"col-xs-4 col-lg-4 row-text bold\" >Raum:<\/div><div class=\" row-text\">0E116<\/div><\/div><\/div><div class=\"col-xs-12 col-sm-6 col-lg-12\"><div class=\"row\"><div class=\"col-xs-4 col-lg-4 row-text bold\">Telefon:<\/div><div class=\" row-text\">+49406541-3351<\/div><\/div><\/div><div class=\"col-xs-12 col-sm-6 col-lg-12\"><div class=\"row\"><div class=\"col-xs-4 col-lg-4 row-text bold\">E-Mail:<\/div><div class=\"row-text\" style=\"overflow:hidden; word-break: break-word\"><a href=\"mailto:sascha.henke@hsu-hh.de\" rel=\"nofollow\">sascha.henke@hsu-hh.de<\/a><\/div><\/div><\/div><\/div><\/div><div class=\"col-md-6 col-lg-3 col-xs-12 ansprechpartner-item anschrift floatright\" ><div class=\"row-headline\">Besucheranschrift<\/div><div class=\"dataBesucheranschrift\" style=\"\"><div class=\"row-text\">Helmut-Schmidt-Universit\u00e4t<\/div><div class=\"row-text\">Campus Nord <\/div><div class=\"row-text\">Deutsche Rentenvers. Nord <\/div><div class=\"row-text\">Friedrich-Ebert-Damm 245<\/div><div class=\"row-text\">22159 Hamburg<\/div><\/div><\/div><div class=\"col-md-6 col-lg-3 col-xs-12 ansprechpartner-item anschrift floatright\"><div class=\"row-headline\">Postanschrift<\/div><div class=\"dataPostanschrift\" style=\"\"><div class=\"row-text\">Helmut-Schmidt-Universit\u00e4t<\/div><div class=\"row-text\">Fakult\u00e4t f\u00fcr Maschinenbau<\/div><div class=\"row-text\">Professur f\u00fcr Geotechnik<\/div><div class=\"row-text\">Postfach 70 08 22<\/div><div class=\"row-text\">22008 Hamburg<\/div><\/div><\/div><\/div><div class=\"clearfix\"><\/div>\n\n\n<div style=\"height:30px\" aria-hidden=\"true\" class=\"wp-block-spacer\"><\/div>\n\n\n\n<h2 class=\"wp-block-heading\">Lebenslauf<\/h2>\n\n\n\n<p><abbr title=\"Professor\">Prof.<\/abbr> Henke studierte von 2000-2005 Bauingenieurwesen und Umwelttechnik an der <abbr title=\"Technische Universit\u00e4t\">TU<\/abbr> Hamburg-Harburg, wo er im Anschluss am Institut f\u00fcr Geotechnik und Baubetrieb bei <abbr title=\"Professor\">Prof.<\/abbr> Grabe auch promovierte und habilitierte. Anschlie\u00dfend an die wissenschaftliche Ausbildung war <abbr title=\"Professor\">Prof.<\/abbr> Henke zun\u00e4chst bei der GuD Geotechnik und Dynamik Consult <abbr title=\"Gesellschaft mit beschr\u00e4nkter Haftung\">GmbH<\/abbr> in Berlin als Projektleiter und Handlungsbevollm\u00e4chtigter t\u00e4tig, bevor er 2016 die Gesch\u00e4ftsf\u00fchrung der BBI Geo- und Umwelttechnik Ingenieurgesellschaft in Hamburg \u00fcbernahm, als diese in den Verbund der GuD-B\u00fcros eingegliedert wurde.<\/p>\n\n\n\n<p><abbr title=\"Professor\">Prof.<\/abbr> Henke ist Mitglied in mehreren Arbeitskreisen der DGGT, VDI und ISSMGE und befasst sich u. a. intensiv mit den Themen Baugrunddynamik sowie Numerischen Methoden in der Geotechnik.<\/p>\n\n\n\n<p>Ein detaillierter Lebenslauf mit weiteren Informationen kann hier eingesehen werden:<\/p>\n\n\n\n<div class=\"wp-block-hsu-downloadblock\"><div class=\"thumbnail-area\"><img decoding=\"async\" src=\"\/wp-content\/themes\/hsu\/img\/dummy\/downloads_dummy.png\" alt=\"Download Symbol-Icon\" \/><\/div><div class=\"text-area\">Lebenslauf Sascha Henke<\/div><div class=\"download-area\"><a class=\"download-link\" href=\"https:\/\/www.hsu-hh.de\/geot\/wp-content\/uploads\/sites\/820\/2025\/10\/CV-Sascha-Henke.pdf\"><span class=\"download-name\">pdf laden<\/span><span class=\"download-icon\"><img decoding=\"async\" class=\"download-icon\" alt=\"download icon\" src=\"\/wp-content\/themes\/hsu\/img\/icons\/download_icon.png\" \/><\/span><span class=\"download-size\">631 kB<\/span><\/a><\/div><\/div>\n\n\n\n<div style=\"height:30px\" aria-hidden=\"true\" class=\"wp-block-spacer\"><\/div>\n\n\n\n<h2 class=\"wp-block-heading\">Forschungsgebiete <\/h2>\n\n\n\n<p>Folgende Forschungsinteressen werden durch <abbr title=\"Professor\">Prof.<\/abbr> Henke schwerpunktm\u00e4\u00dfig verfolgt:<\/p>\n\n\n\n<ul class=\"wp-block-list\">\n<li>Anwendung und Entwicklung numerischer Methoden in der Geotechnik<\/li>\n\n\n\n<li>Fragestellungen mit gro\u00dfen Deformationen in der Geotechnik<\/li>\n\n\n\n<li>Baugrunddynamik (insbesondere Fragestellungen der Plastodynamik)<\/li>\n\n\n\n<li>Geomesstechnik<\/li>\n\n\n\n<li>BIM in der Geotechnik<\/li>\n\n\n\n<li>Offshore-Geotechnik<\/li>\n<\/ul>\n\n\n\n<div style=\"height:20px\" aria-hidden=\"true\" class=\"wp-block-spacer\"><\/div>\n","protected":false},"excerpt":{"rendered":"<p>Lebenslauf Prof. Henke studierte von 2000-2005 Bauingenieurwesen und Umwelttechnik an der TU Hamburg-Harburg, wo er im Anschluss am Institut f\u00fcr Geotechnik und Baubetrieb bei Prof. Grabe auch promovierte und habilitierte. [&hellip;]<\/p>\n","protected":false},"author":3639,"featured_media":0,"parent":106,"menu_order":1,"comment_status":"closed","ping_status":"closed","template":"","meta":{"footnotes":""},"categories":[8],"tags":[],"class_list":["post-1319","page","type-page","status-publish","hentry","category-team"],"_links":{"self":[{"href":"https:\/\/www.hsu-hh.de\/geot\/wp-json\/wp\/v2\/pages\/1319","targetHints":{"allow":["GET"]}}],"collection":[{"href":"https:\/\/www.hsu-hh.de\/geot\/wp-json\/wp\/v2\/pages"}],"about":[{"href":"https:\/\/www.hsu-hh.de\/geot\/wp-json\/wp\/v2\/types\/page"}],"author":[{"embeddable":true,"href":"https:\/\/www.hsu-hh.de\/geot\/wp-json\/wp\/v2\/users\/3639"}],"replies":[{"embeddable":true,"href":"https:\/\/www.hsu-hh.de\/geot\/wp-json\/wp\/v2\/comments?post=1319"}],"version-history":[{"count":5,"href":"https:\/\/www.hsu-hh.de\/geot\/wp-json\/wp\/v2\/pages\/1319\/revisions"}],"predecessor-version":[{"id":1970,"href":"https:\/\/www.hsu-hh.de\/geot\/wp-json\/wp\/v2\/pages\/1319\/revisions\/1970"}],"up":[{"embeddable":true,"href":"https:\/\/www.hsu-hh.de\/geot\/wp-json\/wp\/v2\/pages\/106"}],"wp:attachment":[{"href":"https:\/\/www.hsu-hh.de\/geot\/wp-json\/wp\/v2\/media?parent=1319"}],"wp:term":[{"taxonomy":"category","embeddable":true,"href":"https:\/\/www.hsu-hh.de\/geot\/wp-json\/wp\/v2\/categories?post=1319"},{"taxonomy":"post_tag","embeddable":true,"href":"https:\/\/www.hsu-hh.de\/geot\/wp-json\/wp\/v2\/tags?post=1319"}],"curies":[{"name":"wp","href":"https:\/\/api.w.org\/{rel}","templated":true}]}}