{"id":116,"date":"2018-01-17T14:07:04","date_gmt":"2018-01-17T13:07:04","guid":{"rendered":"https:\/\/www.hsu-hh.de\/vorlage\/?page_id=116"},"modified":"2025-10-14T15:51:49","modified_gmt":"2025-10-14T13:51:49","slug":"lehre","status":"publish","type":"page","link":"https:\/\/www.hsu-hh.de\/geot\/lehre\/","title":{"rendered":"Lehre"},"content":{"rendered":"\n<p>Nachfolgend erhalten Sie einen \u00dcberblick \u00fcber die von der Professur f\u00fcr Geotechnik angebotenen Lehrveranstaltungen:<\/p>\n\n\n\n<p><a href=\"https:\/\/www.hsu-hh.de\/geot\/b-sc-bauingenieurwesen\/\">Lehrveranstaltung im B.Sc. Bauingenieurwesen<\/a><\/p>\n\n\n\n<ul class=\"wp-block-list\">\n<li>Geologie, Geomorphologie und Bodenmechanik<\/li>\n\n\n\n<li>Grundbau<\/li>\n\n\n\n<li>Hafenbau<\/li>\n\n\n\n<li>Spezialtiefbauverfahren im Grund- und Wasserbau<\/li>\n<\/ul>\n\n\n\n<div style=\"height:20px\" aria-hidden=\"true\" class=\"wp-block-spacer\"><\/div>\n\n\n\n<p><a href=\"https:\/\/www.hsu-hh.de\/geot\/m-sc-bauingenieurwesen\/\">Lehrveranstaltung im <abbr title=\"Master of Science\">M.Sc.<\/abbr> Bauingenieurwesen<\/a><\/p>\n\n\n\n<ul class=\"wp-block-list\">\n<li>Erdbauwerke<\/li>\n\n\n\n<li>Baugrunddynamik<\/li>\n\n\n\n<li>Numerische Methoden in der Geotechnik<\/li>\n\n\n\n<li>Spezialthemen der Bodenmechnaik und Umweltgeotechnik<\/li>\n<\/ul>\n\n\n\n<div style=\"height:30px\" aria-hidden=\"true\" class=\"wp-block-spacer\"><\/div>\n\n\n\n<p>Weiterhin freuen wir uns, wenn Sie an unserer Professur Ihre Bachelor-, Studien- oder Masterarbeiten verfassen wollen. Gern sprechen wir gemeinsam \u00fcber Ihre Interessen und finden sicher ein spannendes und geeignetes Thema. Dabei k\u00f6nnen Sie sich sowohl an <a href=\"https:\/\/www.hsu-hh.de\/geot\/mitarbeiter\/univ-prof-dr-ing-habil-sascha-henke\/\"><abbr title=\"Professor\">Prof.<\/abbr> Henke<\/a> als auch an die <a href=\"https:\/\/www.hsu-hh.de\/geot\/mitarbeiter\/\">anderen Mitarbeitenden der Professur<\/a> wenden. <\/p>\n\n\n\n<p><\/p>\n\n\n\n<p>Eine Historie der bisher an der Professur f\u00fcr Geotechnik bearbeiteten Abschlussarbeiten kann unter dem folgenden Link eingesehen werden:<\/p>\n\n\n\n<p><a href=\"https:\/\/www.hsu-hh.de\/geot\/sammlung-bisheriger-abschlussarbeiten\/\" data-type=\"URL\" data-id=\"https:\/\/www.hsu-hh.de\/geot\/sammlung-bisheriger-abschlussarbeiten\/\">Historie bisheriger Abschlussarbeiten<\/a><\/p>\n","protected":false},"excerpt":{"rendered":"<p>Nachfolgend erhalten Sie einen \u00dcberblick \u00fcber die von der Professur f\u00fcr Geotechnik angebotenen Lehrveranstaltungen: Lehrveranstaltung im B.Sc. Bauingenieurwesen Lehrveranstaltung im M.Sc. Bauingenieurwesen Weiterhin freuen wir uns, wenn Sie an unserer [&hellip;]<\/p>\n","protected":false},"author":26,"featured_media":0,"parent":0,"menu_order":0,"comment_status":"closed","ping_status":"closed","template":"","meta":{"footnotes":""},"categories":[6],"tags":[],"class_list":["post-116","page","type-page","status-publish","hentry","category-lehre"],"_links":{"self":[{"href":"https:\/\/www.hsu-hh.de\/geot\/wp-json\/wp\/v2\/pages\/116","targetHints":{"allow":["GET"]}}],"collection":[{"href":"https:\/\/www.hsu-hh.de\/geot\/wp-json\/wp\/v2\/pages"}],"about":[{"href":"https:\/\/www.hsu-hh.de\/geot\/wp-json\/wp\/v2\/types\/page"}],"author":[{"embeddable":true,"href":"https:\/\/www.hsu-hh.de\/geot\/wp-json\/wp\/v2\/users\/26"}],"replies":[{"embeddable":true,"href":"https:\/\/www.hsu-hh.de\/geot\/wp-json\/wp\/v2\/comments?post=116"}],"version-history":[{"count":21,"href":"https:\/\/www.hsu-hh.de\/geot\/wp-json\/wp\/v2\/pages\/116\/revisions"}],"predecessor-version":[{"id":1979,"href":"https:\/\/www.hsu-hh.de\/geot\/wp-json\/wp\/v2\/pages\/116\/revisions\/1979"}],"wp:attachment":[{"href":"https:\/\/www.hsu-hh.de\/geot\/wp-json\/wp\/v2\/media?parent=116"}],"wp:term":[{"taxonomy":"category","embeddable":true,"href":"https:\/\/www.hsu-hh.de\/geot\/wp-json\/wp\/v2\/categories?post=116"},{"taxonomy":"post_tag","embeddable":true,"href":"https:\/\/www.hsu-hh.de\/geot\/wp-json\/wp\/v2\/tags?post=116"}],"curies":[{"name":"wp","href":"https:\/\/api.w.org\/{rel}","templated":true}]}}