{"id":112,"date":"2018-01-17T14:06:36","date_gmt":"2018-01-17T13:06:36","guid":{"rendered":"https:\/\/www.hsu-hh.de\/vorlage\/?page_id=112"},"modified":"2023-09-25T10:53:09","modified_gmt":"2023-09-25T08:53:09","slug":"forschung","status":"publish","type":"page","link":"https:\/\/www.hsu-hh.de\/geot\/forschung\/","title":{"rendered":"Forschung"},"content":{"rendered":"\n<p>Die wesentlichen Forschungsthemen der Professur f\u00fcr Geotechnik behandeln Fragestellungen der <\/p>\n\n\n\n<ul class=\"wp-block-list\">\n<li>Numerischen Methoden in der Geotechnik, <\/li>\n\n\n\n<li>Baugrunddynamik, <\/li>\n\n\n\n<li>Digitalisierung in der Geotechnik, <\/li>\n\n\n\n<li>Geotechnisches Versuchswesens, und der  <\/li>\n\n\n\n<li>Bodenmechnischen Beschreibung von Lockergesteinen. <\/li>\n<\/ul>\n\n\n\n<div style=\"height:20px\" aria-hidden=\"true\" class=\"wp-block-spacer\"><\/div>\n\n\n\n<p>Nachfolgend k\u00f6nnen Sie einen Eindruck \u00fcber aktuell laufende <a href=\"https:\/\/www.hsu-hh.de\/geot\/forschung\/forschungsthemen\/\">Forschungsthemen<\/a> sowie die <a href=\"https:\/\/www.hsu-hh.de\/geot\/forschung\/publikationen\/\">Publikationen<\/a> der Wissenschaftler und Wissenschaftlerinnen erhalten. <\/p>\n","protected":false},"excerpt":{"rendered":"<p>Die wesentlichen Forschungsthemen der Professur f\u00fcr Geotechnik behandeln Fragestellungen der Nachfolgend k\u00f6nnen Sie einen Eindruck \u00fcber aktuell laufende Forschungsthemen sowie die Publikationen der Wissenschaftler und Wissenschaftlerinnen erhalten.<\/p>\n","protected":false},"author":26,"featured_media":0,"parent":0,"menu_order":0,"comment_status":"closed","ping_status":"closed","template":"","meta":{"footnotes":""},"categories":[4],"tags":[],"class_list":["post-112","page","type-page","status-publish","hentry","category-forschung"],"_links":{"self":[{"href":"https:\/\/www.hsu-hh.de\/geot\/wp-json\/wp\/v2\/pages\/112","targetHints":{"allow":["GET"]}}],"collection":[{"href":"https:\/\/www.hsu-hh.de\/geot\/wp-json\/wp\/v2\/pages"}],"about":[{"href":"https:\/\/www.hsu-hh.de\/geot\/wp-json\/wp\/v2\/types\/page"}],"author":[{"embeddable":true,"href":"https:\/\/www.hsu-hh.de\/geot\/wp-json\/wp\/v2\/users\/26"}],"replies":[{"embeddable":true,"href":"https:\/\/www.hsu-hh.de\/geot\/wp-json\/wp\/v2\/comments?post=112"}],"version-history":[{"count":10,"href":"https:\/\/www.hsu-hh.de\/geot\/wp-json\/wp\/v2\/pages\/112\/revisions"}],"predecessor-version":[{"id":1510,"href":"https:\/\/www.hsu-hh.de\/geot\/wp-json\/wp\/v2\/pages\/112\/revisions\/1510"}],"wp:attachment":[{"href":"https:\/\/www.hsu-hh.de\/geot\/wp-json\/wp\/v2\/media?parent=112"}],"wp:term":[{"taxonomy":"category","embeddable":true,"href":"https:\/\/www.hsu-hh.de\/geot\/wp-json\/wp\/v2\/categories?post=112"},{"taxonomy":"post_tag","embeddable":true,"href":"https:\/\/www.hsu-hh.de\/geot\/wp-json\/wp\/v2\/tags?post=112"}],"curies":[{"name":"wp","href":"https:\/\/api.w.org\/{rel}","templated":true}]}}