{"id":1010,"date":"2023-07-28T13:03:13","date_gmt":"2023-07-28T11:03:13","guid":{"rendered":"https:\/\/www.hsu-hh.de\/geot\/?page_id=1010"},"modified":"2025-10-13T07:11:14","modified_gmt":"2025-10-13T05:11:14","slug":"m-eng-philipp-wiesenthal","status":"publish","type":"page","link":"https:\/\/www.hsu-hh.de\/geot\/en\/m-eng-philipp-wiesenthal\/","title":{"rendered":"M.Eng. Philipp Wiesenthal"},"content":{"rendered":"<script type=\"application\/ld+json\">[{\"@context\": \"https:\/\/www.schema.org\",\"@type\": \"Person\",\"name\": \"Philipp Wiesenthal\",\"worksFor\": [{\t\"@type\": \"Organization\",\t\"name\": \"Helmut-Schmidt-Universit\u00e4t, Campus Nord\",\t\"url\": \"https:\/\/www.hsu-hh.de\"\t, \"department\": {\"@type\": \"Organization\",\t\t\t\t\t\"name\": \"Professur Geotechnik\",\t\t\t\t\t\"location\": {\t\t\t\t\t\t\"@type\": \"PostalAddress\",\t\t\t\t\t\t\"addressLocality\": \"\",        \t\t\t\t\"postalCode\": \"22159\",        \t\t\t\t\"streetAddress\": \"Friedrich-Ebert-Damm 245 , Deutsche Rentenvers. Nord\"\t\t\t\t\t}},\t\"location\": {\t\t\"@type\": \"PostalAddress\",    \t\"addressLocality\": \"\",    \t\"postalCode\": \"22008\",    \t\"postOfficeBoxNumber\": \"700822\"\t}   }],\"image\": \"https:\/\/www.hsu-hh.de\/geot\/wp-content\/uploads\/sites\/820\/2023\/10\/Portrait_2023_09_27-1-150x150.jpg\",\"telephone\": \"(040) 6541-4569\",\"faxNumber\": \"\",\"email\": \"wiesentp@hsu-hh.de\"}]<\/script><div class=\"clearfix\"><\/div><div class=\"ansprechparter-container \" style=\"margin-top:1em; \"><div class=\"row ansprechpartner-item ansprechparter-header\" ><div class=\"col-xs-8 col-lg-12\" style=\"margin-bottom: 30px;\"><h3 class=\"ansprechparter-headline\">Philipp Wiesenthal<\/h3><\/div><\/div><div class=\"col-md-4 col-lg-3 col-xs-4 ansprechpartner-item floatright img-circle center-block\" style=\"margin-bottom: 30px;\"><div class=\"img-responsive-wrapper\"><img decoding=\"async\" src=\"https:\/\/www.hsu-hh.de\/geot\/wp-content\/uploads\/sites\/820\/2023\/10\/Portrait_2023_09_27-1-150x150.jpg\" alt=\"\" class=\"img-circle img-responsive center-block\" \/><\/div><\/div><div class=\"col-md-12 col-lg-3 col-xs-12 ansprechpartner-item kontakt floatright\" style=\"margin-bottom: 30px; \"><div class=\"row\"><div class=\"col-xs-12 col-sm-6 col-lg-12\"><div class=\"row\"><div class=\"col-xs-4 col-lg-4 row-text bold\" >Raum:<\/div><div class=\" row-text\">0E 113<\/div><\/div><\/div><div class=\"col-xs-12 col-sm-6 col-lg-12\"><div class=\"row\"><div class=\"col-xs-4 col-lg-4 row-text bold\">Telefon:<\/div><div class=\" row-text\">(040) 6541-4569<\/div><\/div><\/div><div class=\"col-xs-12 col-sm-6 col-lg-12\"><div class=\"row\"><div class=\"col-xs-4 col-lg-4 row-text bold\">E-Mail:<\/div><div class=\"row-text\" style=\"overflow:hidden; word-break: break-word\"><a href=\"mailto:wiesentp@hsu-hh.de\" rel=\"nofollow\">wiesentp@hsu-hh.de<\/a><\/div><\/div><\/div><\/div><\/div><div class=\"col-md-6 col-lg-3 col-xs-12 ansprechpartner-item anschrift floatright\" ><div class=\"row-headline\">Besucheranschrift<\/div><div class=\"dataBesucheranschrift\" style=\"\"><div class=\"row-text\">Helmut-Schmidt-Universit\u00e4t<\/div><div class=\"row-text\">Campus Nord<\/div><div class=\"row-text\">Deutsche Rentenvers. Nord<\/div><div class=\"row-text\">Friedrich-Ebert-Damm 245<\/div><div class=\"row-text\">22159 Hamburg<\/div><\/div><\/div><div class=\"col-md-6 col-lg-3 col-xs-12 ansprechpartner-item anschrift floatright\"><div class=\"row-headline\">Postanschrift<\/div><div class=\"dataPostanschrift\" style=\"\"><div class=\"row-text\">Helmut-Schmidt-Universit\u00e4t<\/div><div class=\"row-text\">Fakult\u00e4t f\u00fcr Maschinenbau und Bauingenieurwesen<\/div><div class=\"row-text\">Professur Geotechnik<\/div><div class=\"row-text\">Postfach 70 08 22<\/div><div class=\"row-text\">22008 Hamburg<\/div><\/div><\/div><\/div><div class=\"clearfix\"><\/div>\n\n\n<div style=\"height:30px\" aria-hidden=\"true\" class=\"wp-block-spacer\"><\/div>\n\n\n\n<h2 class=\"wp-block-heading\">Areas of research <\/h2>\n\n\n\n<ul class=\"wp-block-list\">\n<li>Investigations on the plug formation in open-ended profiles in clay<\/li>\n<\/ul>\n\n\n\n<figure class=\"wp-block-image size-large is-resized\"><img loading=\"lazy\" decoding=\"async\" width=\"1024\" height=\"694\" src=\"https:\/\/www.hsu-hh.de\/geot\/wp-content\/uploads\/sites\/820\/2025\/01\/Soil_plugging_Thema_Dissertation-1-1024x694.jpg\" data-credit=\"Philipp Wiesenthal\" alt=\"\" class=\"wp-image-1874\" style=\"width:468px;height:auto\" srcset=\"https:\/\/www.hsu-hh.de\/geot\/wp-content\/uploads\/sites\/820\/2025\/01\/Soil_plugging_Thema_Dissertation-1-1024x694.jpg 1024w, https:\/\/www.hsu-hh.de\/geot\/wp-content\/uploads\/sites\/820\/2025\/01\/Soil_plugging_Thema_Dissertation-1-300x203.jpg 300w, https:\/\/www.hsu-hh.de\/geot\/wp-content\/uploads\/sites\/820\/2025\/01\/Soil_plugging_Thema_Dissertation-1-768x520.jpg 768w, https:\/\/www.hsu-hh.de\/geot\/wp-content\/uploads\/sites\/820\/2025\/01\/Soil_plugging_Thema_Dissertation-1-1100x745.jpg 1100w, https:\/\/www.hsu-hh.de\/geot\/wp-content\/uploads\/sites\/820\/2025\/01\/Soil_plugging_Thema_Dissertation-1.jpg 1289w\" sizes=\"auto, (max-width: 1024px) 100vw, 1024px\" \/><\/figure>\n\n\n\n<h1 class=\"wp-block-heading\">Soil plugging in clay<\/h1>\n\n\n\n<ul class=\"wp-block-list\">\n<li>Analytical concept<\/li>\n\n\n\n<li>Numerical simulations<\/li>\n\n\n\n<li>Centrifuge testing<\/li>\n\n\n\n<li>Publications<\/li>\n<\/ul>\n\n\n\n<div style=\"height:100px\" aria-hidden=\"true\" class=\"wp-block-spacer\"><\/div>\n\n\n\n<h2 class=\"wp-block-heading\">Analytical concept<\/h2>\n\n\n\n<p><strong>Link to app:<\/strong> <em><a href=\"http:\/\/clayplugging.streamlit.app\" data-type=\"link\" data-id=\"clayplugging.streamlit.app\" rel='nofollow'>clayplugging.streamlit.app<\/a><\/em><\/p>\n\n\n\n<div style=\"height:100px\" aria-hidden=\"true\" class=\"wp-block-spacer\"><\/div>\n\n\n\n<h2 class=\"wp-block-heading\">Numerical simulations<\/h2>\n\n\n\n<h3 class=\"wp-block-heading has-medium-font-size\">CEL-calculations with simplified Tresca-material and total stresses<br><br><figure class=\"wp-block-video\"><video autoplay=\"\" controls=\"\" loop=\"\" src=\"https:\/\/www.hsu-hh.de\/geot\/wp-content\/uploads\/sites\/820\/2025\/01\/LinkedinPost_20241126_ActaGeotechnica-1.mp4\"><\/video><\/figure><\/h3>\n\n\n\n<div style=\"height:100px\" aria-hidden=\"true\" class=\"wp-block-spacer\"><\/div>\n\n\n\n<h2 class=\"wp-block-heading\">Centrifuge testing<\/h2>\n\n\n\n<figure class=\"wp-block-video aligncenter\"><video height=\"1080\" style=\"aspect-ratio: 1920 \/ 1080;\" width=\"1920\" autoplay controls src=\"https:\/\/www.hsu-hh.de\/geot\/wp-content\/uploads\/sites\/820\/2025\/01\/OC_clay_P20_jacking_03mms.mp4\"><\/video><figcaption class=\"wp-element-caption\">pile installation via jacking P20 v=0.3mm\/s<\/figcaption><\/figure>\n\n\n<div class=\"wp-block-image\">\n<figure class=\"aligncenter size-full is-resized\"><img loading=\"lazy\" decoding=\"async\" width=\"659\" height=\"393\" src=\"https:\/\/www.hsu-hh.de\/geot\/wp-content\/uploads\/sites\/820\/2025\/01\/exemplary_results_P20_03_website.png\" data-credit=\"\" alt=\"\" class=\"wp-image-1836\" style=\"width:736px;height:auto\" srcset=\"https:\/\/www.hsu-hh.de\/geot\/wp-content\/uploads\/sites\/820\/2025\/01\/exemplary_results_P20_03_website.png 659w, https:\/\/www.hsu-hh.de\/geot\/wp-content\/uploads\/sites\/820\/2025\/01\/exemplary_results_P20_03_website-300x179.png 300w\" sizes=\"auto, (max-width: 659px) 100vw, 659px\" \/><\/figure>\n<\/div>\n\n\n<div style=\"height:100px\" aria-hidden=\"true\" class=\"wp-block-spacer\"><\/div>\n\n\n\n<h2 class=\"wp-block-heading\"><a href=\"https:\/\/www.researchgate.net\/profile\/Philipp-Wiesenthal\" rel='nofollow'>Publications<\/a><\/h2>\n\n\n\n<p><strong>2025<\/strong> Wiesenthal, P.; Henke, S.: Interpretation numerischer Simulationen zur Pfropfenbildung in Ton mittels analytischem Konzept, Fachsektionstage Geotechnik &#8211; Interdisziplin\u00e4res Forum 2025: 07.\/08. Oktober 2025, W\u00fcrzburg, Deutschland. <\/p>\n\n\n\n<p><strong>2025<\/strong> Wiesenthal, P.; Henke, S.: Numerical investigation of soil plugging in clay with the CEL method and effective contact stresses. 5th International Symposium on Frontiers in Offshore Geotechnics (ISFOG2025). <a href=\"https:\/\/doi.org\/10.53243\/ISFOG2025-112\" rel='nofollow'>https:\/\/doi.org\/10.53243\/ISFOG2025-112<\/a><\/p>\n\n\n\n<p><strong>2025<\/strong> Wiesenthal, P.; Henke, S.: Untersuchungen zur Pfropfenbildung in bindigen B\u00f6den bei offenen Rohrpf\u00e4hlen, in: Mitteilungen des Instituts f\u00fcr Geomechanik und Geotechnik Technische Universit\u00e4t Braunschweig (Heft Nr. 119): Pfahlsymposium 2025: Fachseminar 20.\/21. Februar 2025, <abbr title=\"International Standard Book Number\">ISBN<\/abbr> \u2013 Nr: 978-3-948141-11-0 <span><a href=\"\" rel='nofollow'><img decoding=\"async\" title=\"Titel anhand dieser ISBN in Citavi-Projekt \u00fcbernehmen\" class=\"citavipicker\" style=\"border: 0px none!important;width: 16px!important;height: 16px!important;margin-left:1px !important;margin-right:1px !important\" src=\"image\/svg+xml;base64,PD94bWwgdmVyc2lvbj0iMS4wIiBlbmNvZGluZz0idXRmLTgiPz48IURPQ1RZUEUgc3ZnIFBVQkxJQyAiLS8vVzNDLy9EVEQgU1ZHIDEuMS8vRU4iICJodHRwOi8vd3d3LnczLm9yZy9HcmFwaGljcy9TVkcvMS4xL0RURC9zdmcxMS5kdGQiPjxzdmcgdmVyc2lvbj0iMS4xIiBpZD0iRWJlbmVfMSIgeG1sbnM9Imh0dHA6Ly93d3cudzMub3JnLzIwMDAvc3ZnIiB4bWxuczp4bGluaz0iaHR0cDovL3d3dy53My5vcmcvMTk5OS94bGluayIgeD0iMHB4IiB5PSIwcHgiIHdpZHRoPSIxNnB4IiBoZWlnaHQ9IjE2cHgiIHZpZXdCb3g9IjAgMCAxNiAxNiIgZW5hYmxlLWJhY2tncm91bmQ9Im5ldyAwIDAgMTYgMTYiIHhtbDpzcGFjZT0icHJlc2VydmUiPjxnPjxnPjxwYXRoIGZpbGw9IiNGRkZGRkYiIGQ9Ik04LjAwMSwxNS41QzMuODY0LDE1LjUsMC41LDEyLjEzNiwwLjUsOGMwLTQuMTM1LDMuMzY1LTcuNSw3LjUwMS03LjVTMTUuNSwzLjg2NCwxNS41LDhTMTIuMTM3LDE1LjUsOC4wMDEsMTUuNXoiLz48cGF0aCBmaWxsPSIjRDUyQjFFIiBkPSJNOC4wMDEsMUMxMS44NiwxLDE1LDQuMTQxLDE1LDhzLTMuMTM5LDctNi45OTksN0M0LjE0LDE1LDEsMTEuODU5LDEsOFM0LjE0LDEsOC4wMDEsMSBNOC4wMDEsMEMzLjU4MiwwLDAsMy41ODIsMCw4czMuNTgyLDgsOC4wMDEsOEMxMi40MTgsMTYsMTYsMTIuNDE4LDE2LDhTMTIuNDE4LDAsOC4wMDEsMEw4LjAwMSwweiIvPjwvZz48cGF0aCBmaWxsPSIjRDUyQjFFIiBkPSJNNi43NDUsMTIuNTg5Yy0wLjIyNywwLjEyMi0wLjQ5NywwLjI0Ny0wLjY4NCwwLjI0N2MtMC4zMTgsMC0wLjUwMS0wLjE2NC0wLjUwMS0wLjQ1MmMwLTAuMjA3LDAuMTQtMC4zNzUsMC41OTUtMC42MjJjMS41NDktMC45MDQsMi41OTQtMi4yNzIsMi41OTQtMy43MjFjMC0wLjgyNS0wLjIyNy0xLjExOS0wLjY4MS0xLjExOWMtMC4xMzUsMC0wLjMyLDAuMjE5LTAuNjM2LDAuMjE5SDcuMTU3QzYuMTAyLDcuMTQzLDUuMzMzLDYuMjY0LDUuMzMzLDUuMjNjMC0xLjE1MiwwLjk1OC0yLjAwNiwyLjI4LTIuMDA2YzEuNzc3LDAsMy4wNTMsMS4zNzMsMy4wNTMsMy40M0MxMC42NjYsOS4yMTUsOS4yMDMsMTEuMjcsNi43NDUsMTIuNTg5Ii8+PC9nPjwvc3ZnPg\"><\/a><\/span><\/p>\n\n\n\n<p><strong>2025 <\/strong>Wiesenthal, P., Henke, S.: Concept on plug development in jacked open-ended piles in clay considering total stresses. <em>Acta Geotech.<\/em> (2025). https:\/\/doi.org\/10.1007\/s11440-024-02455-0<\/p>\n\n\n\n<p><strong>2024<\/strong> Wiesenthal, P.; Henke, S.: Application and challenges of fibre optic pore pressure sensors in centrifuge testing for monitoring pile jacking in clay, in: 5th European Conference on Physica Modelling in Geotechnics, 03.10.2024, Delft, Niederlande.<\/p>\n\n\n\n<p><strong>2024<\/strong> Wiesenthal, P.; Henke, S.: Concept on soil plugging in clay developed from numerical CEL-simulations considering total stresses, in: 19th Nordic Geotechnical Meeting, 20.09.2024, G\u00f6teborg, Schweden.<\/p>\n\n\n\n<p><strong>2024<\/strong> Henke, S.; Wiesenthal, P.: Investigation of geotribological behaviour in the soil-pile interface considering clay based on numerical and laboratory investigations, in: WCCM2024, 24.07.2024, Vancouver, Kanada. https:\/\/www.scipedia.com\/public\/Henke_Wiesenthal_2024a&nbsp;<\/p>\n\n\n\n<p><strong>2023<\/strong> Henke, S.; Tilat, M. T.; Wiesenthal, P.: Numerical simulations of pile foundations considering small and large deformations. In: Geotec Hanoi 2023, 14.12.2023, Hanoi, Vietnam<\/p>\n\n\n\n<p><strong>2023<\/strong> Wiesenthal, P.; L\u00fcking, J.; Heitmann, J.: Zum Tragverhalten von auf Zug belasteten Pf\u00e4hlen des Systems FUNDEX. In: Pfahl-Symposium 2023, Braunschweig, Mitteilung des Instituts f\u00fcr Geomechanik und Geotechnik, Technische Universit\u00e4t Braunschweig, Heft 113, Band 1, S. 307-334<\/p>\n\n\n\n<p><strong>2023<\/strong> L\u00fcking, J.; Wiesenthal, P.; Kirsch, F.: Betrachtungen zur Anwendung des p-y Verfahrens bei geschichteten B\u00f6den. In: Pfahl-Symposium 2023, Braunschweig, Mitteilung des Instituts f\u00fcr Geomechanik und Geotechnik, Technische Universit\u00e4t Braunschweig, Heft 113, Band 1, S. 255-276<\/p>\n\n\n\n<p><strong>2022<\/strong> L\u00fcking, J.; Wiesenthal, P.; Kirsch, F.: Zur Anwendung der Erdwiderstandsmodelle von p-y-Kurven und nach DIN 4085 zur lateralen Pfahlbemessung in geschichteten B\u00f6den. geotechnik 45, H. 3, S. 197\u2013210. <a href=\"https:\/\/doi.org\/10.1002\/gete.202200003\" rel='nofollow'>https:\/\/doi.org\/10.1002\/gete.202200001<\/a><\/p>\n\n\n\n<h2 class=\"wp-block-heading\">More presentations<\/h2>\n\n\n\n<p><strong>2025<\/strong> Wiesenthal, P.: Untersuchungen zur Pfropfenbildung in bindigen B\u00f6den bei offenen Rohrpf\u00e4hlen. At: 3 Findlinge, Hafencity Universit\u00e4t, Hamburg. 17.02.2025<\/p>\n\n\n\n<p><strong>2024<\/strong> Wiesenthal, P.: Numerical simulations on soil plugging in clays. At: Oceans Graduate School, UWA Oceans Institute, Perth, Australia. December 2024<\/p>\n\n\n\n<p><strong>2024<\/strong> Wiesenthal, P.: Investigations on soil plug development in clays. At: Oceans Graduate School, UWA Oceans Institute, Perth, Australia. 06.02.2024<\/p>\n\n\n\n<h2 class=\"wp-block-heading\">Supervised theses<\/h2>\n\n\n\n<p><strong>2025<\/strong> Bars, H.: Numerische Simulation des Installationsvorgangs offener Rohrpf\u00e4hle in \u00fcberkonsolidierten Ton. Masterarbeit, Fakult\u00e4t f\u00fcr Maschinenbau und Bauingenieurwesen, Professur f\u00fcr Geotechnik, Helmut-Schmidt-Universit\u00e4t \/ Universit\u00e4t der Bundeswehr Hamburg.<\/p>\n\n\n\n<p><strong>2025<\/strong> Hofmann, N.: \u00dcber die Bemessung nach dem IFA\/OFA-Konzept des neuen Eurocode 7 in der Geotechnik. Masterarbeit, Fakult\u00e4t f\u00fcr Maschinenbau und Bauingenieurwesen, Professur f\u00fcr Geotechnik, Helmut-Schmidt-Universit\u00e4t \/ Universit\u00e4t der Bundeswehr Hamburg.<\/p>\n\n\n\n<p><strong>2024<\/strong> Schuck, D.: Experimentelle Untersuchungen zum Einfluss von Elektroosmose auf die Pfahlmantelreibung. Bachelorarbeit, Fakult\u00e4t f\u00fcr Maschinenbau und Bauingenieurwesen, Professur f\u00fcr Geotechnik, Helmut-Schmidt-Universit\u00e4t \/ Universit\u00e4t der Bundeswehr Hamburg.<\/p>\n\n\n\n<p><strong>2023<\/strong> Bars, H.: Entwicklung eines Laborversuches zur Absch\u00e4tzung der Pfropfentragf\u00e4higkeit in offenen Rohrprofilen. Bachelorarbeit, Fakult\u00e4t f\u00fcr Maschinenbau und Bauingenieurwesen, Professur f\u00fcr Geotechnik, Helmut-Schmidt-Universit\u00e4t \/ Universit\u00e4t der Bundeswehr Hamburg.<\/p>\n\n\n\n<p><strong>2023<\/strong> Schatz, R.: Untersuchungen zur Verspannung in offenen Profilen basierend auf numerischen und labortechnischen Methoden. Masterarbeit, Fakult\u00e4t f\u00fcr Maschinenbau und Bauingenieurwesen, Professur f\u00fcr Geotechnik, Helmut-Schmidt-Universit\u00e4t \/ Universit\u00e4t der Bundeswehr Hamburg.<\/p>\n\n\n\n<p><strong>2023<\/strong> Gollnau, P.: Numerische Untersuchungen zum Einfluss von zyklischen Lasten auf die Gebrauchstauglichkeit von Kranbahnbalken. Masterarbeit, Fakult\u00e4t f\u00fcr Maschinenbau und Bauingenieurwesen, Professur f\u00fcr Geotechnik, Helmut-Schmidt-Universit\u00e4t \/ Universit\u00e4t der Bundeswehr Hamburg.<\/p>\n\n\n\n<p><strong>2023<\/strong> Feske, L.: Installation of open-ended piles in clay with focus on boulder-pile interaction and soil-plugging. Masterarbeit, Fakult\u00e4t f\u00fcr Maschinenbau und Bauingenieurwesen, Professur f\u00fcr Geotechnik, Helmut-Schmidt-Universit\u00e4t \/ Universit\u00e4t der Bundeswehr Hamburg.<\/p>\n\n\n\n<h4 class=\"wp-block-heading\"><a href=\"https:\/\/www.hsu-hh.de\/geot\/en\/research\/publications\/\">View all publications <\/a><\/h4>\n","protected":false},"excerpt":{"rendered":"<p>Areas of research Soil plugging in clay Analytical concept Link to app: clayplugging.streamlit.app Numerical simulations CEL-calculations with simplified Tresca-material and total stresses Centrifuge testing Publications 2025 Wiesenthal, P.; Henke, S.: [&hellip;]<\/p>\n","protected":false},"author":3705,"featured_media":0,"parent":0,"menu_order":1,"comment_status":"closed","ping_status":"closed","template":"","meta":{"footnotes":""},"categories":[9],"tags":[],"class_list":["post-1010","page","type-page","status-publish","hentry","category-team-en"],"_links":{"self":[{"href":"https:\/\/www.hsu-hh.de\/geot\/wp-json\/wp\/v2\/pages\/1010","targetHints":{"allow":["GET"]}}],"collection":[{"href":"https:\/\/www.hsu-hh.de\/geot\/wp-json\/wp\/v2\/pages"}],"about":[{"href":"https:\/\/www.hsu-hh.de\/geot\/wp-json\/wp\/v2\/types\/page"}],"author":[{"embeddable":true,"href":"https:\/\/www.hsu-hh.de\/geot\/wp-json\/wp\/v2\/users\/3705"}],"replies":[{"embeddable":true,"href":"https:\/\/www.hsu-hh.de\/geot\/wp-json\/wp\/v2\/comments?post=1010"}],"version-history":[{"count":26,"href":"https:\/\/www.hsu-hh.de\/geot\/wp-json\/wp\/v2\/pages\/1010\/revisions"}],"predecessor-version":[{"id":1963,"href":"https:\/\/www.hsu-hh.de\/geot\/wp-json\/wp\/v2\/pages\/1010\/revisions\/1963"}],"wp:attachment":[{"href":"https:\/\/www.hsu-hh.de\/geot\/wp-json\/wp\/v2\/media?parent=1010"}],"wp:term":[{"taxonomy":"category","embeddable":true,"href":"https:\/\/www.hsu-hh.de\/geot\/wp-json\/wp\/v2\/categories?post=1010"},{"taxonomy":"post_tag","embeddable":true,"href":"https:\/\/www.hsu-hh.de\/geot\/wp-json\/wp\/v2\/tags?post=1010"}],"curies":[{"name":"wp","href":"https:\/\/api.w.org\/{rel}","templated":true}]}}