{"id":521,"date":"2017-09-14T15:39:28","date_gmt":"2017-09-14T13:39:28","guid":{"rendered":"https:\/\/www.hsu-hh.de\/geiso\/?page_id=521"},"modified":"2026-04-01T08:23:12","modified_gmt":"2026-04-01T06:23:12","slug":"kontakt-2","status":"publish","type":"page","link":"https:\/\/www.hsu-hh.de\/geiso\/kontakt-2","title":{"rendered":"Kontakt"},"content":{"rendered":"<div>\n<div>\n<div>\n<div>\n<div>\n<div>\n<div>\n<div>\n<div>\n<div>\n<h2><strong>Dekanat<\/strong><\/h2>\n<p>Das Leitungsgremium der Fakult\u00e4t besteht aus Dekan*in und Prodekan*in. Der\/die Dekan*in vertritt die Fakult\u00e4t innerhalb der <abbr title=\"Helmut Schmidt Universit\u00e4t\">HSU<\/abbr>\/UniBw H und f\u00fchrt die laufenden Gesch\u00e4fte in eigener Zust\u00e4ndigkeit.<strong><br \/><\/strong><\/p>\n<p>Dekan: <a href=\"https:\/\/www.hsu-hh.de\/nng\/team\/payk\"><abbr title=\"Universit\u00e4tsprofessor\">Univ.-Prof.<\/abbr> <abbr title=\"Doktor\">Dr.<\/abbr> Marcus Payk<\/a><\/p>\n<p>Prodekan: <a href=\"https:\/\/www.hsu-hh.de\/idgbe\/prof-dr-esther-berner\/\">Univ.-Prof.in <abbr title=\"Doktor\">Dr.<\/abbr> Esther Berner<\/a><br \/><abbr><abbr><abbr><\/p>\n<h2><strong>Studiendekanate<\/strong><\/h2>\n<p>Studiendekan*innen nehmen im Rahmen der Gesamtverantwortung der Dekanin\/ des Dekans die mit Lehre und Studium zusammenh\u00e4ngenden Aufgaben wahr.<\/p>\n<p>Studiendekan f\u00fcr den Studiengang Bildungs- und Erziehungswissenschaft: <a href=\"https:\/\/www.hsu-hh.de\/systpaed\/Team\"><abbr title=\"Universit\u00e4tsprofessor\">Univ.-Prof.<\/abbr> <abbr title=\"Doktor\">Dr.<\/abbr> Arnd-Michael Nohl<\/a><\/p>\n<p>Studiendekan f\u00fcr den Studiengang Geschichte:<a href=\"https:\/\/www.hsu-hh.de\/histec\/\"> <abbr title=\"Universit\u00e4tsprofessor\">Univ.-Prof.<\/abbr> <abbr title=\"Doktor\">Dr.<\/abbr> Heinrich Hartmann<\/a><\/p>\n<p>Studiendekan f\u00fcr den Studiengang Psychologie: <a href=\"https:\/\/www.hsu-hh.de\/diffpsych\/team\/philipp-yorck-herzberg\"><abbr title=\"Universit\u00e4tsprofessor\">Univ.-Prof.<\/abbr> <abbr title=\"Doktor\">Dr.<\/abbr> Philipp Y. Herzberg<\/a><\/p>\n<h2><strong>Fakult\u00e4tsplanung<\/strong><\/h2>\n<p>Die <a href=\"https:\/\/www.hsu-hh.de\/geiso\/fakultaetsplanung\">Fakult\u00e4tsplanung\/Studiengangskoordination<\/a> (<a href=\"mailto:fakultaetsplanung.geiso@hsu-hh.de\" rel='nofollow'>fakultaetsplanung.geiso@hsu-hh.de<\/a>) unterst\u00fctzt die Dekanin <abbr title=\"beziehungsweise\">bzw.<\/abbr> den Dekan, ist f\u00fcr die Lehr- und Pr\u00fcfungsplanung zust\u00e4ndig und ist Ansprechpartner auf Fakult\u00e4tsebene f\u00fcr das Campus Management System.\u00a0<\/p>\n<p>Fakult\u00e4tsplanerin: <a href=\"https:\/\/www.hsu-hh.de\/geiso\/startseite\/te\">Eliane Tenten<\/a><\/p>\n<p>Studiengangskoordinatorin: <a href=\"https:\/\/www.hsu-hh.de\/geiso\/la\">Valentina Dimova<\/a><\/p>\n<h2>I<strong>T-Koordination<\/strong><\/h2>\n<p><a href=\"https:\/\/www.hsu-hh.de\/it-gws\/\">Die <abbr title=\"Informationstechnologie\">IT<\/abbr>-Koordination<\/a> unterst\u00fctzt die Mitglieder der Fakult\u00e4t f\u00fcr Geistes- und Sozialwissenschaften durch Information und Beratung bei der Planung und Anwendung der Datenverarbeitung an den <abbr title=\"Informationstechnologie\">IT<\/abbr>-Systemen der Fakult\u00e4t und bei der Nutzung der zentralen Systeme und Dienste des Rechenzentrums. Die technische Hilfe reicht von der Unterst\u00fctzung bei der Installation von Hard- und Software bis zur Mitwirkung bei der L\u00f6sung von Anwendungsproblemen. <a href=\"https:\/\/ilias.hsu-hh.de\/goto.php?target=cat_61579&amp;client_id=unibw\" rel='nofollow'><br \/><\/a>E-Mail: <a href=\"mailto:EDV-GeiSo@hsu-hh.de\" rel='nofollow'>it-gws@hsu-hh.de<\/a><\/p>\n<p><a href=\"https:\/\/www.hsu-hh.de\/it-gws\/team\"><abbr title=\"Doktor\">Dr.<\/abbr> Manuel Thiel \u00a0 \u00a0<\/a><br \/><a href=\"https:\/\/www.hsu-hh.de\/it-gws\/team\">Stephanie Ibscher<\/a><br \/><a href=\"https:\/\/www.hsu-hh.de\/it-gws\/team\">Justin Piper<\/a><\/p>\n<h2><strong>Fakult\u00e4tsverwaltung<\/strong><\/h2>\n<p>F\u00fcr viele Fragen und Bereiche ist die <a href=\"https:\/\/www.hsu-hh.de\/geiso\/fakultaetsverwaltung-edv\">Fakult\u00e4tsverwaltung<\/a> erste Anlaufstelle der Fakult\u00e4t. Die Mitarbeiter*innen unterst\u00fctzen und beraten die Wissenschaftlerinnen und Wissenschaftler in Bezug auf Fragen zu Haushaltsangelegenheiten, Einstellungsantr\u00e4gen, Bedarfsforderungen, Gastvortr\u00e4gen, Nutzungsrechten und zu vielen weiteren Themen.<\/p>\n<p>Hochschulangeh\u00f6rige finden weitere Informationen im <a href=\"https:\/\/ilias.hsu-hh.de\/goto.php?target=cat_61579&amp;client_id=unibw\" rel='nofollow'>internen Bereich der Fakult\u00e4tsverwaltung.<\/a><\/p>\n<p>E-Mail:<a href=\"mailto:fkv.geiso@hsu-hh.de\" rel='nofollow'> fkv.geiso@hsu-hh.de<\/a><br \/>Telefon: ++49\/40-6541-2956<\/p>\n<p>Leiterin der Fakult\u00e4tsverwaltung: <a href=\"https:\/\/www.hsu-hh.de\/geiso\/anja-sommer\">RAmtfr Anja Sommer<\/a><br \/>Gesch\u00e4ftszimmer: <a href=\"https:\/\/www.hsu-hh.de\/geiso\/jennifer-weber\">Jennifer Weber<\/a><br \/>\u00d6ffnungszeiten des Gesch\u00e4ftszimmers (Geb\u00e4ude H 1, Raum 2304)<br \/>Montag 9-15<br \/>Dienstag 8-15<br \/>Mittwoch 8-15 <br \/>Donnerstag 8-15<br \/>Freitag 8-14<\/p>\n<h2><strong>E<\/strong>thikkommission<strong><br \/><\/strong><\/h2>\n<p><strong>Mehr dazu unter: <a href=\"https:\/\/www.hsu-hh.de\/geiso\/ethikkommission\">Ethikkommission<\/a><\/strong><\/p>\n<h2>Postanschrift<\/h2>\n<p>Helmut-Schmidt-Universit\u00e4t \/Universit\u00e4t der Bundeswehr Hamburg<br \/>Fakult\u00e4t f\u00fcr Geistes- und Sozialwissenschaften<br \/>Postfach 700822<br \/>22008 Hamburg<\/p>\n<h2>Besucheranschrift<\/h2>\n<p>Helmut-Schmidt-Universit\u00e4t \/Universit\u00e4t der Bundeswehr Hamburg<br \/>Geb\u00e4ude H1<br \/>Holstenhofweg 85<br \/>22043Hamburg<\/p>\n<p><strong><a href=\"https:\/\/www.hsu-hh.de\/geiso\/anfahrt\">Anfahrt und Lagepl\u00e4ne<\/a><br \/><\/strong><\/p>\n<p><img loading=\"lazy\" decoding=\"async\" class=\"size-news1-image wp-image-1054\" src=\"https:\/\/www.hsu-hh.de\/geiso\/wp-content\/uploads\/sites\/497\/2017\/12\/DSC_0426-400x200.jpg\" alt=\"Herbststimmung\" width=\"400\" height=\"200\" \/><\/p>\n<\/div>\n<\/div>\n<\/div>\n<\/div>\n<\/div>\n<\/div>\n<\/div>\n<\/div>\n<\/div>\n<\/div>\n\n\n<p><\/p>\n","protected":false},"excerpt":{"rendered":"<p>Dekanat Das Leitungsgremium der Fakult\u00e4t besteht aus Dekan*in und Prodekan*in. Der\/die Dekan*in vertritt die Fakult\u00e4t innerhalb der HSU\/UniBw H und f\u00fchrt die laufenden Gesch\u00e4fte in eigener Zust\u00e4ndigkeit. Dekan: Univ.-Prof. Dr. [&hellip;]<\/p>\n","protected":false},"author":27,"featured_media":0,"parent":0,"menu_order":0,"comment_status":"closed","ping_status":"closed","template":"","meta":{"footnotes":""},"categories":[4,10],"tags":[],"class_list":["post-521","page","type-page","status-publish","hentry","category-forschung","category-ueber"],"_links":{"self":[{"href":"https:\/\/www.hsu-hh.de\/geiso\/wp-json\/wp\/v2\/pages\/521","targetHints":{"allow":["GET"]}}],"collection":[{"href":"https:\/\/www.hsu-hh.de\/geiso\/wp-json\/wp\/v2\/pages"}],"about":[{"href":"https:\/\/www.hsu-hh.de\/geiso\/wp-json\/wp\/v2\/types\/page"}],"author":[{"embeddable":true,"href":"https:\/\/www.hsu-hh.de\/geiso\/wp-json\/wp\/v2\/users\/27"}],"replies":[{"embeddable":true,"href":"https:\/\/www.hsu-hh.de\/geiso\/wp-json\/wp\/v2\/comments?post=521"}],"version-history":[{"count":156,"href":"https:\/\/www.hsu-hh.de\/geiso\/wp-json\/wp\/v2\/pages\/521\/revisions"}],"predecessor-version":[{"id":4658,"href":"https:\/\/www.hsu-hh.de\/geiso\/wp-json\/wp\/v2\/pages\/521\/revisions\/4658"}],"wp:attachment":[{"href":"https:\/\/www.hsu-hh.de\/geiso\/wp-json\/wp\/v2\/media?parent=521"}],"wp:term":[{"taxonomy":"category","embeddable":true,"href":"https:\/\/www.hsu-hh.de\/geiso\/wp-json\/wp\/v2\/categories?post=521"},{"taxonomy":"post_tag","embeddable":true,"href":"https:\/\/www.hsu-hh.de\/geiso\/wp-json\/wp\/v2\/tags?post=521"}],"curies":[{"name":"wp","href":"https:\/\/api.w.org\/{rel}","templated":true}]}}