{"id":4218,"date":"2024-12-02T19:01:26","date_gmt":"2024-12-02T18:01:26","guid":{"rendered":"https:\/\/www.hsu-hh.de\/geiso\/?page_id=4218"},"modified":"2024-12-02T19:01:26","modified_gmt":"2024-12-02T18:01:26","slug":"berufs-und-wirtschaftspaedagogik","status":"publish","type":"page","link":"https:\/\/www.hsu-hh.de\/geiso\/berufs-und-wirtschaftspaedagogik","title":{"rendered":"Berufs- und Wirtschaftsp\u00e4dagogik"},"content":{"rendered":"\n<p><a href=\"https:\/\/www.hsu-hh.de\/bwp-b\/\">Professur f\u00fcr Berufs- und Wirtschaftsp\u00e4dagogik \/ Berufsp\u00e4dagogik<\/a> (<abbr title=\"Universit\u00e4tsprofessor\">Univ.-Prof.<\/abbr> <abbr title=\"Doktor\">Dr.<\/abbr> Karin B\u00fcchter)<br><a href=\"http:\/\/www.hsu-hh.de\/bwp-w\">Professur f\u00fcr Berufs- und Wirtschaftsp\u00e4dagogik \/ Wirtschaftsp\u00e4dagogik<\/a>\u00a0(<abbr title=\"Universit\u00e4tsprofessor\">Univ.-Prof.<\/abbr> <abbr title=\"Doktor\">Dr.<\/abbr> Tobias Schl\u00f6mer)<\/p>\n","protected":false},"excerpt":{"rendered":"<p>Professur f\u00fcr Berufs- und Wirtschaftsp\u00e4dagogik \/ Berufsp\u00e4dagogik (Univ.-Prof. Dr. Karin B\u00fcchter)Professur f\u00fcr Berufs- und Wirtschaftsp\u00e4dagogik \/ Wirtschaftsp\u00e4dagogik\u00a0(Univ.-Prof. Dr. Tobias Schl\u00f6mer)<\/p>\n","protected":false},"author":27,"featured_media":0,"parent":0,"menu_order":0,"comment_status":"closed","ping_status":"closed","template":"","meta":{"footnotes":""},"categories":[4],"tags":[],"class_list":["post-4218","page","type-page","status-publish","hentry","category-forschung"],"_links":{"self":[{"href":"https:\/\/www.hsu-hh.de\/geiso\/wp-json\/wp\/v2\/pages\/4218","targetHints":{"allow":["GET"]}}],"collection":[{"href":"https:\/\/www.hsu-hh.de\/geiso\/wp-json\/wp\/v2\/pages"}],"about":[{"href":"https:\/\/www.hsu-hh.de\/geiso\/wp-json\/wp\/v2\/types\/page"}],"author":[{"embeddable":true,"href":"https:\/\/www.hsu-hh.de\/geiso\/wp-json\/wp\/v2\/users\/27"}],"replies":[{"embeddable":true,"href":"https:\/\/www.hsu-hh.de\/geiso\/wp-json\/wp\/v2\/comments?post=4218"}],"version-history":[{"count":1,"href":"https:\/\/www.hsu-hh.de\/geiso\/wp-json\/wp\/v2\/pages\/4218\/revisions"}],"predecessor-version":[{"id":4219,"href":"https:\/\/www.hsu-hh.de\/geiso\/wp-json\/wp\/v2\/pages\/4218\/revisions\/4219"}],"wp:attachment":[{"href":"https:\/\/www.hsu-hh.de\/geiso\/wp-json\/wp\/v2\/media?parent=4218"}],"wp:term":[{"taxonomy":"category","embeddable":true,"href":"https:\/\/www.hsu-hh.de\/geiso\/wp-json\/wp\/v2\/categories?post=4218"},{"taxonomy":"post_tag","embeddable":true,"href":"https:\/\/www.hsu-hh.de\/geiso\/wp-json\/wp\/v2\/tags?post=4218"}],"curies":[{"name":"wp","href":"https:\/\/api.w.org\/{rel}","templated":true}]}}