{"id":4212,"date":"2024-12-02T18:59:56","date_gmt":"2024-12-02T17:59:56","guid":{"rendered":"https:\/\/www.hsu-hh.de\/geiso\/?page_id=4212"},"modified":"2026-01-06T09:25:29","modified_gmt":"2026-01-06T08:25:29","slug":"geschichtswissenschaft","status":"publish","type":"page","link":"https:\/\/www.hsu-hh.de\/geiso\/geschichtswissenschaft","title":{"rendered":"Geschichtswissenschaft"},"content":{"rendered":"\n<p><a href=\"https:\/\/www.hsu-hh.de\/hisalt\/\">Professur f\u00fcr Alte Geschichte<\/a> (N.N.)<br><a href=\"https:\/\/www.hsu-hh.de\/mittelalter\/\">Professur f\u00fcr Mittelalterliche Geschichte<\/a> (<abbr title=\"Universit\u00e4tsprofessor\">Univ.-Prof.<\/abbr> <abbr title=\"Doktor\">Dr.<\/abbr> Stephan Selzer)<br><a href=\"https:\/\/www.hsu-hh.de\/hisfnz\/\">Professur f\u00fcr Geschichte der Fr\u00fchen Neuzeit<\/a> (<abbr title=\"Universit\u00e4tsprofessor\">Univ.-Prof.<\/abbr> <abbr title=\"Doktor\">Dr.<\/abbr> Jutta Nowosadtko)<br><a href=\"https:\/\/www.hsu-hh.de\/nng\/\">Professur f\u00fcr Neuere und Neueste Geschichte<\/a> ( <abbr title=\"Universit\u00e4tsprofessor\">Univ.-Prof.<\/abbr> <abbr title=\"Doktor\">Dr.<\/abbr> Marcus M. Payk, Dekan)<br><a href=\"https:\/\/www.hsu-hh.de\/hisost\/\">Professur f\u00fcr Geschichte Osteuropas und Ostmitteleuropas<\/a> (<abbr title=\"Universit\u00e4tsprofessor\">Univ.-Prof.<\/abbr> <abbr title=\"Doktor\">Dr.<\/abbr> J\u00f6rn Happel)<br><a href=\"https:\/\/www.hsu-hh.de\/histec\/\">Professur f\u00fcr Wissensgeschichte moderner Gesellschaften <\/a>(<abbr title=\"Universit\u00e4tsprofessor\">Univ.-Prof.<\/abbr> <abbr title=\"Doktor\">Dr.<\/abbr> Heinrich Andreas Hartmann, Studiendekan Geschichte)<\/p>\n\n\n\n<p><\/p>\n","protected":false},"excerpt":{"rendered":"<p>Professur f\u00fcr Alte Geschichte (N.N.)Professur f\u00fcr Mittelalterliche Geschichte (Univ.-Prof. Dr. Stephan Selzer)Professur f\u00fcr Geschichte der Fr\u00fchen Neuzeit (Univ.-Prof. Dr. Jutta Nowosadtko)Professur f\u00fcr Neuere und Neueste Geschichte ( Univ.-Prof. Dr. Marcus [&hellip;]<\/p>\n","protected":false},"author":27,"featured_media":0,"parent":0,"menu_order":0,"comment_status":"closed","ping_status":"closed","template":"","meta":{"footnotes":""},"categories":[4],"tags":[],"class_list":["post-4212","page","type-page","status-publish","hentry","category-forschung"],"_links":{"self":[{"href":"https:\/\/www.hsu-hh.de\/geiso\/wp-json\/wp\/v2\/pages\/4212","targetHints":{"allow":["GET"]}}],"collection":[{"href":"https:\/\/www.hsu-hh.de\/geiso\/wp-json\/wp\/v2\/pages"}],"about":[{"href":"https:\/\/www.hsu-hh.de\/geiso\/wp-json\/wp\/v2\/types\/page"}],"author":[{"embeddable":true,"href":"https:\/\/www.hsu-hh.de\/geiso\/wp-json\/wp\/v2\/users\/27"}],"replies":[{"embeddable":true,"href":"https:\/\/www.hsu-hh.de\/geiso\/wp-json\/wp\/v2\/comments?post=4212"}],"version-history":[{"count":4,"href":"https:\/\/www.hsu-hh.de\/geiso\/wp-json\/wp\/v2\/pages\/4212\/revisions"}],"predecessor-version":[{"id":4559,"href":"https:\/\/www.hsu-hh.de\/geiso\/wp-json\/wp\/v2\/pages\/4212\/revisions\/4559"}],"wp:attachment":[{"href":"https:\/\/www.hsu-hh.de\/geiso\/wp-json\/wp\/v2\/media?parent=4212"}],"wp:term":[{"taxonomy":"category","embeddable":true,"href":"https:\/\/www.hsu-hh.de\/geiso\/wp-json\/wp\/v2\/categories?post=4212"},{"taxonomy":"post_tag","embeddable":true,"href":"https:\/\/www.hsu-hh.de\/geiso\/wp-json\/wp\/v2\/tags?post=4212"}],"curies":[{"name":"wp","href":"https:\/\/api.w.org\/{rel}","templated":true}]}}