{"id":4208,"date":"2024-12-02T18:56:27","date_gmt":"2024-12-02T17:56:27","guid":{"rendered":"https:\/\/www.hsu-hh.de\/geiso\/?page_id=4208"},"modified":"2026-01-06T09:24:27","modified_gmt":"2026-01-06T08:24:27","slug":"psychologie","status":"publish","type":"page","link":"https:\/\/www.hsu-hh.de\/geiso\/psychologie","title":{"rendered":"Psychologie"},"content":{"rendered":"\n<p><a href=\"https:\/\/www.hsu-hh.de\/sozpsy\/\">Professur f\u00fcr Sozialpsychologie<\/a> (N.N.)<br><a href=\"https:\/\/www.hsu-hh.de\/psyaow\">Professur f\u00fcr Arbeits-, Organisations- und Wirtschaftspsychologie<\/a> (<abbr title=\"Universit\u00e4tsprofessor\">Univ.-Prof.<\/abbr> <abbr title=\"Doktor\">Dr.<\/abbr> J\u00f6rg Felfe)<br><a href=\"https:\/\/www.hsu-hh.de\/diffpsych\/\">Professur f\u00fcr Pers\u00f6nlichkeitspsychologie und Psychologische Diagnostik<\/a> (<abbr title=\"Universit\u00e4tsprofessor\">Univ.-Prof.<\/abbr> <abbr title=\"Doktor\">Dr.<\/abbr> Philipp Y. Herzberg, Studiendekan Psychologie)<br><a href=\"https:\/\/www.hsu-hh.de\/epu\/\">Professur f\u00fcr Allgemeine und Biologische Psychologie<\/a> (<abbr title=\"Universit\u00e4tsprofessor\">Univ.-Prof.<\/abbr> <abbr title=\"Doktor\">Dr.<\/abbr> Thomas Jacobsen, Fachsprecher)<br><a href=\"https:\/\/www.hsu-hh.de\/klinpsych\">Professur f\u00fcr Klinische Psychologie und Psychotherapie<\/a> (<abbr title=\"Universit\u00e4tsprofessor\">Univ.-Prof.<\/abbr> <abbr title=\"Doktor\">Dr.<\/abbr> Yvonne Nestoriuc)<br><a href=\"https:\/\/www.hsu-hh.de\/paepsy\/\">Professur f\u00fcr Entwicklungspsychologie und P\u00e4dagogische Psychologie<\/a> (<abbr title=\"Universit\u00e4tsprofessor\">Univ.-Prof.<\/abbr> <abbr title=\"Doktor\">Dr.<\/abbr> Monika Daseking)<br><a href=\"https:\/\/www.hsu-hh.de\/psy-meth\/\">Professur f\u00fcr <strong>Psychologische Methoden und Statistik<\/strong><\/a> (<abbr title=\"Universit\u00e4tsprofessor\">Univ.-Prof.<\/abbr> <abbr title=\"Doktor\">Dr.<\/abbr> Martin Hecht)<br><a href=\"https:\/\/www.hsu-hh.de\/afb\/\">Arbeitsbereich F\u00fchrungsbegleitung<\/a> (Privatdozent <abbr title=\"Doktor\">Dr.<\/abbr> Martin Scherm)<br><a href=\"https:\/\/www.hsu-hh.de\/geiso\/psychologische-labore\">Psychologische Labore<\/a> (Leiter <abbr title=\"Doktor\">Dr.<\/abbr> Andreas L\u00f6w)<br><a href=\"https:\/\/www.hsu-hh.de\/geiso\/dr-valentin-wagner\">Sprache und Emotion<\/a> (<abbr title=\"Doktor\">Dr.<\/abbr> Valentin Wagner)<\/p>\n\n\n\n<p><\/p>\n","protected":false},"excerpt":{"rendered":"<p>Professur f\u00fcr Sozialpsychologie (N.N.)Professur f\u00fcr Arbeits-, Organisations- und Wirtschaftspsychologie (Univ.-Prof. Dr. J\u00f6rg Felfe)Professur f\u00fcr Pers\u00f6nlichkeitspsychologie und Psychologische Diagnostik (Univ.-Prof. Dr. Philipp Y. Herzberg, Studiendekan Psychologie)Professur f\u00fcr Allgemeine und Biologische Psychologie [&hellip;]<\/p>\n","protected":false},"author":27,"featured_media":0,"parent":0,"menu_order":0,"comment_status":"closed","ping_status":"closed","template":"","meta":{"footnotes":""},"categories":[4],"tags":[],"class_list":["post-4208","page","type-page","status-publish","hentry","category-forschung"],"_links":{"self":[{"href":"https:\/\/www.hsu-hh.de\/geiso\/wp-json\/wp\/v2\/pages\/4208","targetHints":{"allow":["GET"]}}],"collection":[{"href":"https:\/\/www.hsu-hh.de\/geiso\/wp-json\/wp\/v2\/pages"}],"about":[{"href":"https:\/\/www.hsu-hh.de\/geiso\/wp-json\/wp\/v2\/types\/page"}],"author":[{"embeddable":true,"href":"https:\/\/www.hsu-hh.de\/geiso\/wp-json\/wp\/v2\/users\/27"}],"replies":[{"embeddable":true,"href":"https:\/\/www.hsu-hh.de\/geiso\/wp-json\/wp\/v2\/comments?post=4208"}],"version-history":[{"count":6,"href":"https:\/\/www.hsu-hh.de\/geiso\/wp-json\/wp\/v2\/pages\/4208\/revisions"}],"predecessor-version":[{"id":4558,"href":"https:\/\/www.hsu-hh.de\/geiso\/wp-json\/wp\/v2\/pages\/4208\/revisions\/4558"}],"wp:attachment":[{"href":"https:\/\/www.hsu-hh.de\/geiso\/wp-json\/wp\/v2\/media?parent=4208"}],"wp:term":[{"taxonomy":"category","embeddable":true,"href":"https:\/\/www.hsu-hh.de\/geiso\/wp-json\/wp\/v2\/categories?post=4208"},{"taxonomy":"post_tag","embeddable":true,"href":"https:\/\/www.hsu-hh.de\/geiso\/wp-json\/wp\/v2\/tags?post=4208"}],"curies":[{"name":"wp","href":"https:\/\/api.w.org\/{rel}","templated":true}]}}