{"id":4206,"date":"2024-12-02T18:54:37","date_gmt":"2024-12-02T17:54:37","guid":{"rendered":"https:\/\/www.hsu-hh.de\/geiso\/?page_id=4206"},"modified":"2025-02-25T09:53:41","modified_gmt":"2025-02-25T08:53:41","slug":"soziologie","status":"publish","type":"page","link":"https:\/\/www.hsu-hh.de\/geiso\/soziologie","title":{"rendered":"Theologie"},"content":{"rendered":"\n<p><a href=\"https:\/\/www.hsu-hh.de\/theevs\/\">Professur f\u00fcr Evangelische Theologie unter besonderer Ber\u00fccksichtigung der Sozial- und Technikethik<\/a> (<abbr title=\"Universit\u00e4tsprofessor\">Univ.-Prof.<\/abbr> <abbr title=\"Doktor\">Dr.<\/abbr> Gerhard Schreiber)<br><a href=\"https:\/\/www.hsu-hh.de\/thekat\">Professur f\u00fcr Katholische Theologie unter besonderer Ber\u00fccksichtigung der Sozialwissenschaften und der Sozialethik\u00a0<\/a>(N.N.)<\/p>\n\n\n\n<p><\/p>\n","protected":false},"excerpt":{"rendered":"<p>Professur f\u00fcr Evangelische Theologie unter besonderer Ber\u00fccksichtigung der Sozial- und Technikethik (Univ.-Prof. Dr. Gerhard Schreiber)Professur f\u00fcr Katholische Theologie unter besonderer Ber\u00fccksichtigung der Sozialwissenschaften und der Sozialethik\u00a0(N.N.)<\/p>\n","protected":false},"author":27,"featured_media":0,"parent":0,"menu_order":0,"comment_status":"closed","ping_status":"closed","template":"","meta":{"footnotes":""},"categories":[4],"tags":[],"class_list":["post-4206","page","type-page","status-publish","hentry","category-forschung"],"_links":{"self":[{"href":"https:\/\/www.hsu-hh.de\/geiso\/wp-json\/wp\/v2\/pages\/4206","targetHints":{"allow":["GET"]}}],"collection":[{"href":"https:\/\/www.hsu-hh.de\/geiso\/wp-json\/wp\/v2\/pages"}],"about":[{"href":"https:\/\/www.hsu-hh.de\/geiso\/wp-json\/wp\/v2\/types\/page"}],"author":[{"embeddable":true,"href":"https:\/\/www.hsu-hh.de\/geiso\/wp-json\/wp\/v2\/users\/27"}],"replies":[{"embeddable":true,"href":"https:\/\/www.hsu-hh.de\/geiso\/wp-json\/wp\/v2\/comments?post=4206"}],"version-history":[{"count":5,"href":"https:\/\/www.hsu-hh.de\/geiso\/wp-json\/wp\/v2\/pages\/4206\/revisions"}],"predecessor-version":[{"id":4405,"href":"https:\/\/www.hsu-hh.de\/geiso\/wp-json\/wp\/v2\/pages\/4206\/revisions\/4405"}],"wp:attachment":[{"href":"https:\/\/www.hsu-hh.de\/geiso\/wp-json\/wp\/v2\/media?parent=4206"}],"wp:term":[{"taxonomy":"category","embeddable":true,"href":"https:\/\/www.hsu-hh.de\/geiso\/wp-json\/wp\/v2\/categories?post=4206"},{"taxonomy":"post_tag","embeddable":true,"href":"https:\/\/www.hsu-hh.de\/geiso\/wp-json\/wp\/v2\/tags?post=4206"}],"curies":[{"name":"wp","href":"https:\/\/api.w.org\/{rel}","templated":true}]}}