{"id":4203,"date":"2024-12-02T18:52:36","date_gmt":"2024-12-02T17:52:36","guid":{"rendered":"https:\/\/www.hsu-hh.de\/geiso\/?page_id=4203"},"modified":"2025-05-15T13:34:17","modified_gmt":"2025-05-15T11:34:17","slug":"theologie","status":"publish","type":"page","link":"https:\/\/www.hsu-hh.de\/geiso\/theologie","title":{"rendered":"Soziologie"},"content":{"rendered":"\n<p><a href=\"https:\/\/www.hsu-hh.de\/mikrosoz\/\">Professur f\u00fcr Soziologie unter besonderer Ber\u00fccksichtigung der Mikrosoziologie<\/a> (<abbr title=\"Universit\u00e4tsprofessor\">Univ.-Prof.<\/abbr> <abbr title=\"Doktor\">Dr.<\/abbr> Katharina Liebsch)<br><a href=\"https:\/\/www.hsu-hh.de\/soziologie\/\">Professur f\u00fcr Soziologie mit dem Schwerpunkt Gesellschaftsanalyse und sozialer Wandel<\/a> (<abbr title=\"Universit\u00e4tsprofessor\">Univ.-Prof.<\/abbr> Teresa Koloma Beck)<br><a href=\"http:\/\/www.hsu-hh.de\/sozgov\">Professur\u00a0 f\u00fcr Soziologie, <abbr title=\"insbesondere\">insb.<\/abbr> Transformation von Governance in Bildung und Gesellschaft<\/a> (<abbr title=\"Universit\u00e4tsprofessor\">Univ.-Prof.<\/abbr> <abbr title=\"Doktor\">Dr.<\/abbr> Sigrid Hartong)<br><a href=\"https:\/\/www.hsu-hh.de\/arbeit\/\">Professur f\u00fcr Internationale Arbeitsbeziehungen<\/a> (<abbr title=\"Universit\u00e4tsprofessor\">Univ.-Prof.<\/abbr> <abbr title=\"Doktor\">Dr.<\/abbr> Martin Krzywdzinski)<\/p>\n","protected":false},"excerpt":{"rendered":"<p>Professur f\u00fcr Soziologie unter besonderer Ber\u00fccksichtigung der Mikrosoziologie (Univ.-Prof. Dr. Katharina Liebsch)Professur f\u00fcr Soziologie mit dem Schwerpunkt Gesellschaftsanalyse und sozialer Wandel (Univ.-Prof. Teresa Koloma Beck)Professur\u00a0 f\u00fcr Soziologie, insb. Transformation von [&hellip;]<\/p>\n","protected":false},"author":27,"featured_media":0,"parent":0,"menu_order":0,"comment_status":"closed","ping_status":"closed","template":"","meta":{"footnotes":""},"categories":[4],"tags":[],"class_list":["post-4203","page","type-page","status-publish","hentry","category-forschung"],"_links":{"self":[{"href":"https:\/\/www.hsu-hh.de\/geiso\/wp-json\/wp\/v2\/pages\/4203","targetHints":{"allow":["GET"]}}],"collection":[{"href":"https:\/\/www.hsu-hh.de\/geiso\/wp-json\/wp\/v2\/pages"}],"about":[{"href":"https:\/\/www.hsu-hh.de\/geiso\/wp-json\/wp\/v2\/types\/page"}],"author":[{"embeddable":true,"href":"https:\/\/www.hsu-hh.de\/geiso\/wp-json\/wp\/v2\/users\/27"}],"replies":[{"embeddable":true,"href":"https:\/\/www.hsu-hh.de\/geiso\/wp-json\/wp\/v2\/comments?post=4203"}],"version-history":[{"count":3,"href":"https:\/\/www.hsu-hh.de\/geiso\/wp-json\/wp\/v2\/pages\/4203\/revisions"}],"predecessor-version":[{"id":4444,"href":"https:\/\/www.hsu-hh.de\/geiso\/wp-json\/wp\/v2\/pages\/4203\/revisions\/4444"}],"wp:attachment":[{"href":"https:\/\/www.hsu-hh.de\/geiso\/wp-json\/wp\/v2\/media?parent=4203"}],"wp:term":[{"taxonomy":"category","embeddable":true,"href":"https:\/\/www.hsu-hh.de\/geiso\/wp-json\/wp\/v2\/categories?post=4203"},{"taxonomy":"post_tag","embeddable":true,"href":"https:\/\/www.hsu-hh.de\/geiso\/wp-json\/wp\/v2\/tags?post=4203"}],"curies":[{"name":"wp","href":"https:\/\/api.w.org\/{rel}","templated":true}]}}