{"id":4188,"date":"2024-12-02T18:27:06","date_gmt":"2024-12-02T17:27:06","guid":{"rendered":"https:\/\/www.hsu-hh.de\/geiso\/?page_id=4188"},"modified":"2026-02-16T11:59:08","modified_gmt":"2026-02-16T10:59:08","slug":"professuren-und-arbeitsbereiche-von-a-bis-z","status":"publish","type":"page","link":"https:\/\/www.hsu-hh.de\/geiso\/professuren-und-arbeitsbereiche-von-a-bis-z","title":{"rendered":"Professuren und Arbeitsbereiche von A bis Z"},"content":{"rendered":"\n<p><abbr title=\"Universit\u00e4tsprofessor\">Univ.-Prof.<\/abbr> <abbr title=\"Doktor\">Dr.<\/abbr> Esther Berner,\u00a0 <a href=\"https:\/\/www.hsu-hh.de\/idgbe\">Professur f\u00fcr Erziehungswissenschaft, insbesondere Ideen- und Diskursgeschichte von Bildung und Erziehung<\/a><br><abbr title=\"Universit\u00e4tsprofessor\">Univ.-Prof.<\/abbr> <abbr title=\"Doktor\">Dr.<\/abbr> Karin B\u00fcchter, <a href=\"https:\/\/www.hsu-hh.de\/bwp-b\/\">Professur f\u00fcr Berufs- und Wirtschaftsp\u00e4dagogik \/ Berufsp\u00e4dagogik<\/a><br><abbr title=\"Universit\u00e4tsprofessor\">Univ.-Prof.<\/abbr> <abbr title=\"Doktor\">Dr.<\/abbr> Monika Daseking, <a href=\"https:\/\/www.hsu-hh.de\/paepsy\/\">Professur f\u00fcr Entwicklungspsychologie und P\u00e4dagogische Psychologie<\/a><br>N.N., <a href=\"https:\/\/www.hsu-hh.de\/sozpsy\/\">Professur f\u00fcr Sozialpsychologie<br><\/a><abbr title=\"Universit\u00e4tsprofessor\">Univ.-Prof.<\/abbr> <abbr title=\"Doktor\">Dr.<\/abbr> J\u00f6rg Felfe, <a href=\"https:\/\/www.hsu-hh.de\/psyaow\">Professur f\u00fcr Arbeits-, Organisations- und Wirtschaftspsychologie<\/a><br><abbr title=\"Universit\u00e4tsprofessor\">Univ.-Prof.<\/abbr> Carola Groppe, <a href=\"https:\/\/www.hsu-hh.de\/paehis\/\">Professur f\u00fcr Erziehungswissenschaft, insbesondere Historische Bildungsforschung<\/a><br><abbr title=\"Universit\u00e4tsprofessor\">Univ.-Prof.<\/abbr> <abbr title=\"Doktor\">Dr.<\/abbr> J\u00f6rn Happel, <a href=\"https:\/\/www.hsu-hh.de\/hisost\/\">Professur f\u00fcr Osteurop\u00e4ische Geschichte<\/a><br><abbr title=\"Universit\u00e4tsprofessor\">Univ.-Prof.<\/abbr> <abbr title=\"Doktor\">Dr.<\/abbr> Heinrich Andreas Hartmann, <a href=\"https:\/\/www.hsu-hh.de\/histec\/\">Wissensgeschichte moderner Gesellschaften\u00a0<\/a><br><abbr title=\"Universit\u00e4tsprofessor\">Univ.-Prof.<\/abbr> <abbr title=\"Doktor\">Dr.<\/abbr> Sigrid Hartong, <a href=\"http:\/\/www.hsu-hh.de\/sozgov\">Professur\u00a0 f\u00fcr Soziologie, <abbr title=\"insbesondere\">insb.<\/abbr> Transformation von Governance in Bildung und Gesellschaft<\/a><br><abbr title=\"Universit\u00e4tsprofessor\">Univ.-Prof.<\/abbr> <abbr title=\"Doktor\">Dr.<\/abbr> Sven Hauff, <a href=\"https:\/\/www.hsu-hh.de\/apo\/\">\u00a0 Professur f\u00fcr Arbeit, Personal und Organisation<\/a><br><abbr title=\"Universit\u00e4tsprofessor\">Univ.-Prof.<\/abbr> <abbr title=\"Doktor\">Dr.<\/abbr> Martin Hecht, <a href=\"https:\/\/www.hsu-hh.de\/psy-meth\/\">Psychologische Methoden und Statistik<\/a><a href=\"https:\/\/www.hsu-hh.de\/apo\/\"><br><\/a><abbr title=\"Universit\u00e4tsprofessor\">Univ.-Prof.<\/abbr> <abbr title=\"Doktor\">Dr.<\/abbr> Philipp Y. Herzberg, <a href=\"https:\/\/www.hsu-hh.de\/diffpsych\/\">Professur f\u00fcr Pers\u00f6nlichkeitspsychologie und Psychologische Diagnostik<br><\/a><abbr title=\"Universit\u00e4tsprofessor\">Univ.-Prof.<\/abbr> <abbr title=\"Doktor\">Dr.<\/abbr> Thomas H\u00f6hne, <a href=\"https:\/\/www.hsu-hh.de\/ggb\/\">Professur f\u00fcr Erziehungswissenschaft, insbesondere gesellschaftliche, politische und rechtliche Grundlagen von Bildung und Erziehung<br><\/a>N.N., <a href=\"https:\/\/www.hsu-hh.de\/thekat\">Professur f\u00fcr Katholische Theologie unter besonderer Ber\u00fccksichtigung der Sozialwissenschaften und der Sozialethik\u00a0<\/a><br><abbr title=\"Universit\u00e4tsprofessor\">Univ.-Prof.<\/abbr> <abbr title=\"Doktor\">Dr.<\/abbr> Thomas Jacobsen, <a href=\"https:\/\/www.hsu-hh.de\/epu\/\">Professur f\u00fcr Allgemeine und Biologische Psychologie<br><\/a><abbr title=\"Universit\u00e4tsprofessor\">Univ.-Prof.<\/abbr> Teresa Koloma Beck, <a href=\"https:\/\/www.hsu-hh.de\/soziologie\/\">Professur f\u00fcr Soziologie mit dem Schwerpunkt Gesellschaftsanalyse und sozialer Wandel<\/a><br><a href=\"https:\/\/www.hsu-hh.de\/methoden\/pd-dr-jens-jetzkowitz\"><abbr title=\"Privatdozent\">PD<\/abbr>\u00a0<abbr title=\"Doktor\">Dr.<\/abbr>\u00a0Jens Jetzkowitz (Professurvertreter)<\/a>, <a href=\"https:\/\/www.hsu-hh.de\/methoden\/\">Professur f\u00fcr Methoden der empirischen Sozialforschung und Statistik<\/a><br><abbr title=\"Universit\u00e4tsprofessor\">Univ.-Prof.<\/abbr> <abbr title=\"Doktor\">Dr.<\/abbr> Martin Krzywdzinski, <a href=\"https:\/\/www.hsu-hh.de\/arbeit\/\">Professur f\u00fcr Internationale Arbeitsbeziehungen<\/a><br><abbr title=\"Universit\u00e4tsprofessor\">Univ.-Prof.<\/abbr> <abbr title=\"Doktor\">Dr.<\/abbr> Katharina Liebsch, <a href=\"https:\/\/www.hsu-hh.de\/mikrosoz\/\">Professur f\u00fcr Soziologie unter besonderer Ber\u00fccksichtigung der Mikrosoziologie<\/a><br>N.N., <a href=\"https:\/\/www.hsu-hh.de\/hisalt\/\">Professur f\u00fcr Alte Geschichte<\/a><br><abbr title=\"Universit\u00e4tsprofessor\">Univ.-Prof.<\/abbr> <abbr title=\"Doktor\">Dr.<\/abbr> Dr. Yvonne Nestoriuc, P<a href=\"https:\/\/www.hsu-hh.de\/klinpsych\">rofessur f\u00fcr Klinische Psychologie und Psychotherapie<\/a><br><abbr title=\"Universit\u00e4tsprofessor\">Univ.-Prof.<\/abbr> <abbr title=\"Doktor\">Dr.<\/abbr> Arnd-Michael Nohl, <a href=\"https:\/\/www.hsu-hh.de\/systpaed\/\">Professur f\u00fcr Erziehungswissenschaft, insbesondere systematische P\u00e4dagogik<\/a><br><abbr title=\"Universit\u00e4tsprofessor\">Univ.-Prof.<\/abbr> <abbr title=\"Doktor\">Dr.<\/abbr> Jutta Nowosadtko, <a href=\"https:\/\/www.hsu-hh.de\/hisfnz\/\">Professur f\u00fcr Geschichte der Fr\u00fchen Neuzeit<\/a><br><abbr title=\"Universit\u00e4tsprofessor\">Univ.-Prof.<\/abbr> <abbr title=\"Doktor\">Dr.<\/abbr> Marcus M. Payk, <a href=\"https:\/\/www.hsu-hh.de\/nng\/\">Professur f\u00fcr Neuere und Neueste Geschichte<\/a> (Dekan)<br><abbr title=\"Universit\u00e4tsprofessor\">Univ.-Prof.<\/abbr> <abbr title=\"Doktor\">Dr.<\/abbr> Olaf Sanders, <a href=\"https:\/\/www.hsu-hh.de\/bep\/\">Professur f\u00fcr Erziehungswissenschaft, insbesondere Bildungs- und Erziehungstheorie sowie philosophische Grundlagen<\/a><br>Privatdozent <abbr title=\"Doktor\">Dr.<\/abbr> Martin Scherm, <a href=\"https:\/\/www.hsu-hh.de\/afb\/\">Arbeitsbereich F\u00fchrungsbegleitung<\/a><br><abbr title=\"Universit\u00e4tsprofessor\">Univ.-Prof.<\/abbr> <abbr title=\"Doktor\">Dr.<\/abbr> Tobias Schl\u00f6mer, <a href=\"http:\/\/www.hsu-hh.de\/bwp-w\">Professur f\u00fcr Berufs- und Wirtschaftsp\u00e4dagogik \/ Wirtschaftsp\u00e4dagogik<\/a><br><abbr title=\"Universit\u00e4tsprofessor\">Univ.-Prof.<\/abbr> <abbr title=\"Doktor\">Dr.<\/abbr> Sabine Schmidt-Lauff, <a href=\"https:\/\/www.hsu-hh.de\/wb\/\">Professur f\u00fcr Weiterbildung und lebenslanges Lernen<\/a><br><abbr title=\"Universit\u00e4tsprofessor\">Univ.-Prof.<\/abbr> <abbr title=\"Doktor\">Dr.<\/abbr> Stephan Selzer, <a href=\"https:\/\/www.hsu-hh.de\/mittelalter\/\">Professur f\u00fcr Mittelalterliche Geschichte<br><\/a><abbr title=\"Universit\u00e4tsprofessor\">Univ.-Prof.<\/abbr> <abbr title=\"Doktor\">Dr.<\/abbr> Barbara Sieben, <a href=\"https:\/\/www.hsu-hh.de\/hrm-pol\/\">Professur f\u00fcr Personalpolitik<\/a><br><abbr title=\"Universit\u00e4tsprofessor\">Univ.-Prof.<\/abbr> <abbr title=\"Doktor\">Dr.<\/abbr> Gerhard Schreiber, <a href=\"https:\/\/www.hsu-hh.de\/theevs\/\">Professur f\u00fcr Evangelische Theologie unter besonderer Ber\u00fccksichtigung der Sozial- und Technikethik<\/a><br><abbr title=\"Universit\u00e4tsprofessor\">Univ.-Prof.<\/abbr> <abbr title=\"Doktor\">Dr.<\/abbr> Simona Szak\u00e1cs-Behling, <a href=\"https:\/\/www.hsu-hh.de\/ivb\/\">Professur f\u00fcr Erziehungswissenschaft, insbesondere interkulturelle und vergleichende Bildungsforschung<\/a><br>Professurvertretung <abbr title=\"Doktor\">Dr.<\/abbr> Antje Pabst, <a href=\"https:\/\/www.hsu-hh.de\/eb\/\">Professur f\u00fcr Erwachsenenbildung<\/a><\/p>\n","protected":false},"excerpt":{"rendered":"<p>Univ.-Prof. Dr. Esther Berner,\u00a0 Professur f\u00fcr Erziehungswissenschaft, insbesondere Ideen- und Diskursgeschichte von Bildung und ErziehungUniv.-Prof. Dr. Karin B\u00fcchter, Professur f\u00fcr Berufs- und Wirtschaftsp\u00e4dagogik \/ Berufsp\u00e4dagogikUniv.-Prof. Dr. Monika Daseking, Professur f\u00fcr [&hellip;]<\/p>\n","protected":false},"author":27,"featured_media":0,"parent":0,"menu_order":0,"comment_status":"closed","ping_status":"closed","template":"","meta":{"footnotes":""},"categories":[4],"tags":[],"class_list":["post-4188","page","type-page","status-publish","hentry","category-forschung"],"_links":{"self":[{"href":"https:\/\/www.hsu-hh.de\/geiso\/wp-json\/wp\/v2\/pages\/4188","targetHints":{"allow":["GET"]}}],"collection":[{"href":"https:\/\/www.hsu-hh.de\/geiso\/wp-json\/wp\/v2\/pages"}],"about":[{"href":"https:\/\/www.hsu-hh.de\/geiso\/wp-json\/wp\/v2\/types\/page"}],"author":[{"embeddable":true,"href":"https:\/\/www.hsu-hh.de\/geiso\/wp-json\/wp\/v2\/users\/27"}],"replies":[{"embeddable":true,"href":"https:\/\/www.hsu-hh.de\/geiso\/wp-json\/wp\/v2\/comments?post=4188"}],"version-history":[{"count":9,"href":"https:\/\/www.hsu-hh.de\/geiso\/wp-json\/wp\/v2\/pages\/4188\/revisions"}],"predecessor-version":[{"id":4600,"href":"https:\/\/www.hsu-hh.de\/geiso\/wp-json\/wp\/v2\/pages\/4188\/revisions\/4600"}],"wp:attachment":[{"href":"https:\/\/www.hsu-hh.de\/geiso\/wp-json\/wp\/v2\/media?parent=4188"}],"wp:term":[{"taxonomy":"category","embeddable":true,"href":"https:\/\/www.hsu-hh.de\/geiso\/wp-json\/wp\/v2\/categories?post=4188"},{"taxonomy":"post_tag","embeddable":true,"href":"https:\/\/www.hsu-hh.de\/geiso\/wp-json\/wp\/v2\/tags?post=4188"}],"curies":[{"name":"wp","href":"https:\/\/api.w.org\/{rel}","templated":true}]}}