{"id":4180,"date":"2024-12-02T18:20:20","date_gmt":"2024-12-02T17:20:20","guid":{"rendered":"https:\/\/www.hsu-hh.de\/geiso\/?page_id=4180"},"modified":"2024-12-02T18:20:20","modified_gmt":"2024-12-02T17:20:20","slug":"ehemalige","status":"publish","type":"page","link":"https:\/\/www.hsu-hh.de\/geiso\/ehemalige","title":{"rendered":"Ehemalige"},"content":{"rendered":"\n<p><abbr title=\"Universit\u00e4tsprofessor\">Univ.-Prof.<\/abbr> <abbr title=\"Doktor\">Dr.<\/abbr> phil. Klaus Arnold (Mittelalterliche Geschichte)<br><abbr title=\"Universit\u00e4tsprofessor\">Univ.-Prof.<\/abbr> <abbr title=\"Doktor\">Dr.<\/abbr> phil. Hans-Joachim Braun (Neuere Sozial- und Wirtschaftsgeschichte unter besonderer Ber\u00fccksichtigung der Technikgeschichte und des technologischen Wandels im industriellen Zeitalter)<br><abbr title=\"Universit\u00e4tsprofessor\">Univ.-Prof.<\/abbr> <abbr title=\"Doktor\">Dr.<\/abbr> <abbr title=\"rerum\">rer.<\/abbr> <abbr title=\"politicarum\">pol.<\/abbr> Peter Conrad (Personalwesen, insbesondere Personalauswahl und -entwicklung)<br><abbr title=\"Universit\u00e4tsprofessor\">Univ.-Prof.<\/abbr> <abbr title=\"Doktor\">Dr.<\/abbr> phil. Gisela Dahme (Sozialpsychologie)<br><abbr title=\"Universit\u00e4tsprofessor\">Univ.-Prof.<\/abbr> <abbr title=\"Doktor\">Dr.<\/abbr> phil. Peter Dehnbostel (Berufs- und Arbeitsp\u00e4dagogik)<br><abbr title=\"Universit\u00e4tsprofessor\">Univ.-Prof.<\/abbr> <abbr title=\"Doktor\">Dr.<\/abbr> phil. Rainer Dieterich (P\u00e4dagogische Psychologie), Ehrenprofessor der Central Connecticut State University, New Britain (USA)<br><abbr title=\"Universit\u00e4tsprofessor\">Univ.-Prof.<\/abbr> <abbr title=\"Doktor\">Dr.<\/abbr> phil. Harald Gei\u00dfler (Allgemeine P\u00e4dagogik mit besonderer Ber\u00fccksichtigung der Berufs- und Betriebsp\u00e4dagogik)<br><abbr title=\"Universit\u00e4tsprofessor\">Univ.-Prof.<\/abbr> <abbr title=\"Doktor\">Dr.<\/abbr> disc. pol Friedrich \u00a0Haeberlin (Methoden empirischer Sozialforschung)<br><abbr title=\"Universit\u00e4tsprofessor\">Univ.-Prof.<\/abbr> <abbr title=\"Doktor\">Dr.<\/abbr> theol. Thomas Hoppe (Katholische Theologie unter besonderer Ber\u00fccksichtigung der Sozialwissenschaften und der Sozialethik)\u00a0<br><abbr title=\"Universit\u00e4tsprofessor\">Univ.-Prof.<\/abbr> <abbr title=\"Doktor\">Dr.<\/abbr> phil. J\u00fcrgen H\u00fcllen (Erziehungswissenschaft unter besonderer Ber\u00fccksichtigung der Anthropologie<br><abbr title=\"Universit\u00e4tsprofessor\">Univ.-Prof.<\/abbr> <abbr title=\"Doktor\">Dr.<\/abbr> phil. Michael Jagenlauf (Erziehungswissenschaft unter besonderer Ber\u00fccksichtigung der Erwachsenenbildung)<br><abbr title=\"Universit\u00e4tsprofessor\">Univ.-Prof.<\/abbr> <abbr title=\"Doktor\">Dr.<\/abbr> paed. Manfred Jourdan (Allgemeine P\u00e4dagogik unter besonderer Ber\u00fccksichtigung der Geschichte der Erziehung und der Erziehungswissenschaft)<br><abbr title=\"Universit\u00e4tsprofessor\">Univ.-Prof.<\/abbr> <abbr title=\"Doktor\">Dr.<\/abbr> Nikolaus Katzer (Geschichte des 19. und 20. Jahrhunderts mit besonderer Ber\u00fccksichtigung Mittel- und Osteuropas), Email: katzer@hsu-hh.de<br><abbr title=\"Universit\u00e4tsprofessor\">Univ.-Prof.<\/abbr> <abbr title=\"Doktor\">Dr.<\/abbr> phil. Rainer H., Kluwe (Allgemeine Psychologie), Professor der Universit\u00e4t Hamburg (\u00a7 17 Abs. 1 HmbHG)<br><abbr title=\"Universit\u00e4tsprofessor\">Univ.-Prof.<\/abbr> <abbr title=\"Doktor\">Dr.<\/abbr> phil. Christiane Bender (Allgemeine Soziologie), <strong><em><a href=\"http:\/\/www.ch-bender.de\" rel='nofollow'>www.ch-bender.de<\/a><\/em><\/strong><br><abbr title=\"Universit\u00e4tsprofessor\">Univ.-Prof.<\/abbr> <abbr title=\"Doktor\">Dr.<\/abbr> phil., <abbr title=\"Diplom\">Dipl.<\/abbr>-Volksw. <abbr title=\"Diplom\">Dipl.<\/abbr>-Hdl. Hellmut Lamszus (Berufs- und Betriebsp\u00e4dagogik unter besonderer Ber\u00fccksichtigung der Curriculumtheorie, Didaktik und Methodik)<br>Privatdozent <abbr title=\"Doktor\">Dr.<\/abbr> Mark May<br><abbr title=\"Professor\">Prof.<\/abbr> <abbr title=\"Doktor\">Dr.<\/abbr> Rudolf Mark<br><abbr title=\"Universit\u00e4tsprofessor\">Univ.-Prof.<\/abbr> <abbr title=\"Doktor\">Dr.<\/abbr> phil. Karlheinz Messelken (Soziologie)<br><abbr title=\"Universit\u00e4tsprofessor\">Univ.-Prof.<\/abbr> <abbr title=\"Doktor\">Dr.<\/abbr> phil. Albrecht M\u00fcller (Sozialp\u00e4dagogik mit Ber\u00fccksichtigung erwachsenenp\u00e4dagogischer Aufgabenfelder)<br>Univ,-<abbr title=\"Doktor\">Dr.<\/abbr> Dr. theol. Ernst-Josef Nagel (Katholische Theologie und Sozialethik)<br><abbr title=\"Universit\u00e4tsprofessor\">Univ.-Prof.<\/abbr> <abbr title=\"Doktor\">Dr.<\/abbr> <abbr title=\"rerum\">rer.<\/abbr> <abbr title=\"politicarum\">pol.<\/abbr> Peter Nieder (Personalwesen, insbesondere Personalf\u00fchrung)<br><abbr title=\"Universit\u00e4tsprofessor\">Univ.-Prof.<\/abbr> <abbr title=\"Doktor\">Dr.<\/abbr> phil. Eckardt Opitz (Neuere Geschichte)<br><abbr title=\"Universit\u00e4tsprofessor\">Univ.-Prof.<\/abbr> <abbr title=\"Doktor\">Dr.<\/abbr> soc. Klaus Plake ( Erziehungssoziologireunter besonderer Ber\u00fccksichtigung der Sozialisationstheorie)<br>Univ. &#8211; <abbr title=\"Professor\">Prof.<\/abbr> <abbr title=\"Doktor\">Dr.<\/abbr>\u00a0 phil. Rainer Postel (Sozial- und Wirtschaftsgeschichte unter besonderer Ber\u00fccksichtigung der Fr\u00fchen Neuzeit)<br><abbr title=\"Universit\u00e4tsprofessor\">Univ.-Prof.<\/abbr> <abbr title=\"Doktor\">Dr.<\/abbr> jur. Lutz R. Reuter (Erziehungswissenschaft, <abbr title=\"insbesondere\">insb.<\/abbr> Bildungspolitikforschung)<br><abbr title=\"Universit\u00e4tsprofessor\">Univ.-Prof.<\/abbr> <abbr title=\"Doktor\">Dr.<\/abbr> Hans Ritscher (P\u00e4dagogik)<br><abbr title=\"Universit\u00e4tsprofessor\">Univ.-Prof.<\/abbr> <abbr title=\"Doktor\">Dr.<\/abbr>\u00a0 phil. Werner Sarges (Quantitative Methoden)<br><abbr title=\"Universit\u00e4tsprofessor\">Univ.-Prof.<\/abbr> <abbr title=\"Doktor\">Dr.<\/abbr> <abbr title=\"rerum\">rer.<\/abbr> <abbr title=\"politicarum\">pol.<\/abbr> Reinhardt Schultz (Personalwesen)<br><abbr title=\"Universit\u00e4tsprofessor\">Univ.-Prof.<\/abbr> <abbr title=\"Doktor\">Dr.<\/abbr> Ewald St\u00fcbinger (Professur f\u00fcr Evangelische Theologie)<br><abbr title=\"Universit\u00e4tsprofessor\">Univ.-Prof.<\/abbr> <abbr title=\"Doktor\">Dr.<\/abbr> phil. Gerhard Strunk (Allgemeine P\u00e4dagogik unter besonderer Ber\u00fccksichtigung der Erwachsenenbildung)<br>Univ.- <abbr title=\"Professor\">Prof.<\/abbr> <abbr title=\"Doktor\">Dr.<\/abbr> Alfred K. Treml (Erziehungswissenschaft, insbesondere Ideen- und Diskursgeschichte von Bildung und Erziehung)<br><abbr title=\"Universit\u00e4tsprofessor\">Univ.-Prof.<\/abbr> <abbr title=\"Doktor\">Dr.<\/abbr> phil. Bernd Wegner (Neuere Geschichte unter Ber\u00fccksichtigung Westeuropas)<br><abbr title=\"Universit\u00e4tsprofessor\">Univ.-Prof.<\/abbr> <abbr title=\"Doktor\">Dr.<\/abbr> phil.\/UCB, (Ph. D.) Weinert (Personalwesen unter besonderer Ber\u00fccksichtigung der Personalf\u00fchrung, Personalbeurteilung und Personalentwicklung)<br><abbr title=\"Universit\u00e4tsprofessor\">Univ.-Prof.<\/abbr> <abbr title=\"Doktor\">Dr.<\/abbr> phil. Georg Weise (Differentielle Psychologie und psychologische Diagnostik)<br>Univ.- <abbr title=\"Professor\">Prof.<\/abbr> <abbr title=\"Doktor\">Dr.<\/abbr> theol. Christian Friedrich Wilhelm Walther (Evangelische Theologie unter besonderer Ber\u00fccksichtigung der Sozialethik )<br><abbr title=\"Universit\u00e4tsprofessor\">Univ.-Prof.<\/abbr> <abbr title=\"Doktor\">Dr.<\/abbr> phil Gerhard M. Zimmer (Berufs- und Betriebsdp\u00e4dagogik, insbesondere berufliche \/ betriebliche Aus- und Weiterbildung)<\/p>\n","protected":false},"excerpt":{"rendered":"<p>Univ.-Prof. Dr. phil. Klaus Arnold (Mittelalterliche Geschichte)Univ.-Prof. Dr. phil. Hans-Joachim Braun (Neuere Sozial- und Wirtschaftsgeschichte unter besonderer Ber\u00fccksichtigung der Technikgeschichte und des technologischen Wandels im industriellen Zeitalter)Univ.-Prof. Dr. rer. pol. [&hellip;]<\/p>\n","protected":false},"author":27,"featured_media":0,"parent":0,"menu_order":0,"comment_status":"closed","ping_status":"closed","template":"","meta":{"footnotes":""},"categories":[4],"tags":[],"class_list":["post-4180","page","type-page","status-publish","hentry","category-forschung"],"_links":{"self":[{"href":"https:\/\/www.hsu-hh.de\/geiso\/wp-json\/wp\/v2\/pages\/4180","targetHints":{"allow":["GET"]}}],"collection":[{"href":"https:\/\/www.hsu-hh.de\/geiso\/wp-json\/wp\/v2\/pages"}],"about":[{"href":"https:\/\/www.hsu-hh.de\/geiso\/wp-json\/wp\/v2\/types\/page"}],"author":[{"embeddable":true,"href":"https:\/\/www.hsu-hh.de\/geiso\/wp-json\/wp\/v2\/users\/27"}],"replies":[{"embeddable":true,"href":"https:\/\/www.hsu-hh.de\/geiso\/wp-json\/wp\/v2\/comments?post=4180"}],"version-history":[{"count":1,"href":"https:\/\/www.hsu-hh.de\/geiso\/wp-json\/wp\/v2\/pages\/4180\/revisions"}],"predecessor-version":[{"id":4181,"href":"https:\/\/www.hsu-hh.de\/geiso\/wp-json\/wp\/v2\/pages\/4180\/revisions\/4181"}],"wp:attachment":[{"href":"https:\/\/www.hsu-hh.de\/geiso\/wp-json\/wp\/v2\/media?parent=4180"}],"wp:term":[{"taxonomy":"category","embeddable":true,"href":"https:\/\/www.hsu-hh.de\/geiso\/wp-json\/wp\/v2\/categories?post=4180"},{"taxonomy":"post_tag","embeddable":true,"href":"https:\/\/www.hsu-hh.de\/geiso\/wp-json\/wp\/v2\/tags?post=4180"}],"curies":[{"name":"wp","href":"https:\/\/api.w.org\/{rel}","templated":true}]}}