{"id":4165,"date":"2024-12-02T18:01:29","date_gmt":"2024-12-02T17:01:29","guid":{"rendered":"https:\/\/www.hsu-hh.de\/geiso\/?page_id=4165"},"modified":"2024-12-02T18:17:23","modified_gmt":"2024-12-02T17:17:23","slug":"informationen-fuer-lehrbeauftragte","status":"publish","type":"page","link":"https:\/\/www.hsu-hh.de\/geiso\/informationen-fuer-lehrbeauftragte","title":{"rendered":"Informationen f\u00fcr Lehrbeauftragte"},"content":{"rendered":"\n<p><\/p>\n\n\n\n<p>Sie \u00fcbernehmen demn\u00e4chst eine Lehrauftrag an der Fakult\u00e4t f\u00fcr Geistes- und Sozialwissenschaften? Hier finden Sie Informationen zur Planung und Durchf\u00fchrung von Lehrauftr\u00e4gen und zur administrativen Vorbereitung f\u00fcr die \u00dcbernahme eines Lehrauftrags<\/p>\n\n\n\n<p><strong>Allgemeines<\/strong><\/p>\n\n\n\n<p>Lehrauftr\u00e4ge k\u00f6nnen nur erteilt werden,<br>\u2013 soweit ein Lehrbedarf besteht, der nicht auf andere Weise, insbesondere nicht durch eine im Rahmen des Hauptamtes auszu\u00fcbende Lehrt\u00e4tigkeit der f\u00fcr im betreffenden Fachgebiet arbeitenden Lehrkr\u00e4fte gedeckt werden kann.<br>\u2013 soweit die erforderlichen Haushaltsmittel zur Verf\u00fcgung stehen.<\/p>\n\n\n\n<p>Die Erteilung eines Lehrauftrags setzt voraus, dass Sie \u00fcber eine entsprechende wissenschaftliche Qualifikation verf\u00fcgen. Mindestvoraussetzung sind ein abgeschlossenes Hochschulstudium in anderen als Fachhochschulstudieng\u00e4ngen und die p\u00e4dagogische Eignung, die in der Regel durch Erfahrungen in der Lehre nachgewiesen wird. Eine erfolgreiche Promotion sollte vorliegen. Aus Gr\u00fcnden der Kostenersparnis werden die Lehrauftr\u00e4ge nach M\u00f6glichkeit an ortsans\u00e4ssige Bewerber vergeben.<\/p>\n\n\n\n<p>Lehrauftr\u00e4ge werden in der Regel f\u00fcr ein Trimester vergeben.<\/p>\n\n\n\n<p><strong>Annahme des Lehrauftrags<\/strong><\/p>\n\n\n\n<p>In der Regel werden Sie von einer\/einem hauptamtlich Lehrenden der <abbr title=\"Helmut Schmidt Universit\u00e4t\">HSU<\/abbr> gebeten, einen Lehrauftrag im Rahmen eines Moduls f\u00fcr ein bestimmtes Lehrgebiet zu \u00fcbernehmen. Diese\/r beantragt den Lehrauftrag bei der Dekanin\/dem Dekan der Fakult\u00e4t, die\/der sie dem Fakult\u00e4tsrat zur Entscheidung vorlegt. Der Antrag muss eine Begr\u00fcndung f\u00fcr den Lehrauftrag, das Thema, die Art der Veranstaltung (Seminar, \u00dcbung, Vorlesung) und die Anzahl der Trimesterwochenstunden beinhalten.<\/p>\n\n\n\n<p>Wenn Sie zum ersten Mal einen Lehrauftrag \u00fcbernehmen, m\u00fcssen Sie in der Fakult\u00e4tsverwaltung folgende Unterlagen einreichen:<br>Lebenslauf<br>Zeugniskopien (beglaubigt)<br>Schriftenverzeichnis<br>Nachweis p\u00e4dagogischer Eignung<br>Adresse und Bankverbindung<\/p>\n\n\n\n<p>Grunds\u00e4tzlich ist es sinnvoll, sich vor \u00dcbernahme eines Lehrauftrags mit den jeweiligen Anforderungen der F\u00e4cher auseinander zu setzen, da Lehrbeauftragte bei der Durchf\u00fchrung von Lehrveranstaltungen automatisch Pr\u00fcfungsaufgaben im Rahmen der Modulpr\u00fcfungen \u00fcbernehmen.<\/p>\n\n\n\n<p><strong>Planung der Lehrveranstaltungen<\/strong><\/p>\n\n\n\n<p>Normalerweise werden Sie von der\/dem jeweiligen Modulbeauftragten der Fakult\u00e4t gebeten, einen Lehrauftrag innerhalb eines bestimmten Moduls eines Studienganges zu \u00fcbernehmen. Es ist sinnvoll, sich mit der\/dem jeweiligen Modulbeauftragten abzusprechen und die inhaltlichen Erwartungen\/Vorgaben zu kl\u00e4ren, die an die Lehrveranstaltung gekn\u00fcpft werden. Sie beziehen sich auf die in dem jeweiligen Modul angegebenen Schwerpunkte.<\/p>\n\n\n\n<p>Die Modulbeschreibungen geben zudem die Punktzahlen und damit die erwartbare Arbeitsleistung der Studierenden im Rahmen der Veranstaltungen vor. Im Hinblick auf die zeitliche Belastung der Studierenden im Gesamtrahmen des Studiums bitten wir Sie dringend, diese zeitlichen Obergrenzen im Rahmen ihrer inhaltlichen Planung \u2013 auch in Bezug auf zu vergebenden Arbeitsauftr\u00e4ge \u2013 zu ber\u00fccksichtigen.<\/p>\n\n\n\n<p><\/p>\n\n\n\n<p><strong>Durchf\u00fchrung der Lehrveranstaltungen<\/strong><\/p>\n\n\n\n<p>F\u00fcr die Durchf\u00fchrung der Lehrveranstaltung ist es sinnvoll, den Studierenden nicht nur einen Zeitplan zu geben, sondern auch Hinweise zu den erwarteten Arbeitsauftr\u00e4gen und ihrer Gewichtung. In vielen Veranstaltungen muss den Studierenden die erfolgreiche Teilnahme best\u00e4tigt werden. Diese muss im Campus Management System verbucht werden.<\/p>\n\n\n\n<p>Es bestehen mehrere M\u00f6glichkeiten, aus denen sich die Note f\u00fcr das Modul ergeben kann. Die Art der Abschlusspr\u00fcfung wird im Einzelfall in der jeweiligen fachspezifische Studien- und Pr\u00fcfungsordnung und in den jeweiligen Modulbeschreibungen geregelt.<\/p>\n\n\n\n<p><strong>\u00dcberblick \u00fcber die Lehrveranstaltung und Notenverbuchung<\/strong><\/p>\n\n\n\n<p>Mit der \u00dcbernahme des Lehrauftrags m\u00fcssen Sie eine Rechenzentrumsnutzerkennung (Benutzername und Kennwort) beantragen, die Ihnen den Zugang zum Campus-Portal und damit einen \u00dcberblick \u00fcber Ihre Lehrveranstaltung er\u00f6ffnet. Als Lehrbeauftragter (Rolle Lehrende im Campus Management System (CMS)) erhalten Sie hiermit Informationen \u00fcber Zeit, Raum und Modulzugeh\u00f6rigkeit Ihrer Lehrveranstaltung, k\u00f6nnen eine Anwesenheitsliste ausdrucken und die Studierenden Ihrer Veranstaltung per E-Mail kontaktieren. Als Pr\u00fcfer haben Sie die M\u00f6glichkeit Noten in das Campus Portal einzutragen. Den Zugang zum Campus Portal und zum Email System bleibt Ihnen bis zu 100 Tage nach Ende Ihres Lehrauftrags erhalten. Danach wird Ihr Account gesperrt.<\/p>\n\n\n\n<p>Um diesen Zugang zu bekommen, nehmen Sie bitte Kontakt mit der <abbr title=\"Informationstechnologie\">IT<\/abbr>-B Informationstechnik in der Verwaltung auf (Geb\u00e4ude H 1, Raum 702, E-Mail: chipkarte@hsu-hh.de, Telefon -2958). Lassen Sie sich gegebenenfalls einen Mitarbeiterausweis ausstellen und eine Rechenzentrumsnutzerkennung im Rechenzentrum (E-Mail: service@hsu-hh.de) aush\u00e4ndigen <abbr title=\"beziehungsweise\">bzw.<\/abbr> per Email zuschicken. Die Professur zu der Sie geh\u00f6ren, muss Sie dann noch im CMS in deren Gruppe eintragen.<\/p>\n\n\n\n<p>Am Ende der Lehrveranstaltung m\u00fcssen in der Regel die Noten verbucht beziehungsweise die Teilnahme in den Seminaren best\u00e4tigt werden (Rolle Pr\u00fcfende). Wenn f\u00fcr die Lehrveranstaltungen durch das Pr\u00fcfungsamt eine Pr\u00fcfungsnummer festgelegt wurde, werden die Studierenden entweder durch das Pr\u00fcfungsamt f\u00fcr die Pr\u00fcfung angemeldet oder die Studierenden werden aufgefordert, sich zur Pr\u00fcfung f\u00fcr Ihr Seminar anzumelden. \u2013 Dieses ist \u201eBringschuld\u201c der Studierenden, Sie selbst k\u00f6nnen sie nicht eintragen.<\/p>\n\n\n\n<p>Die Noten der Modulabschlusspr\u00fcfungen d\u00fcrfen erst, nachdem alle zu dem Modul geh\u00f6renden Veranstaltungen erfolgreich besucht worden sind, von den Pr\u00fcferinnen und Pr\u00fcfern ins Campus Portal eingetragen werden. \u00dcber wie viele Trimester das Modul, im Rahmen dessen Sie eine Veranstaltung anbieten, stattfindet, k\u00f6nnen Sie den Modulbeschreibungen entnehmen.<\/p>\n\n\n\n<p>In der Regel gilt f\u00fcr die Vergabe von Noten Folgendes: Wenn Studierenden nur die erfolgreiche Teilnahme best\u00e4tigt wird, wird f\u00fcr sie anstelle einer Zensur ++ eingetragen. Wenn Sie eine Zensur f\u00fcr eine Modularbeit erhalten, tragen Sie bspw. f\u00fcr eine 2,3 die Zahl 230 ein.<\/p>\n\n\n\n<p><strong>Evaluation der Lehrveranstaltungen<\/strong><\/p>\n\n\n\n<p>Laut Beschluss des Akademischen Senats sind alle Lehrenden, auch die Lehrbeauftragten, an der <abbr title=\"Helmut Schmidt Universit\u00e4t\">HSU<\/abbr> verpflichtet, einmal im akademischen Jahr eine Lehrveranstaltung evaluieren zu lassen, und zwar mit Hilfe eines von der Universit\u00e4t zur Verf\u00fcgung gestellten Evaluationsinstruments<\/p>\n\n\n\n<p>Unter der Email Adresse controlling@hsu-hh.de k\u00f6nnen Sie die Frageb\u00f6gen bestellen. Bitte f\u00fchren Sie die Lehrevaluation rechtzeitig durch (2-3 Wochen vor Trimesterende), damit die M\u00f6glichkeit besteht die Ergebnisse mit den Studierenden zu besprechen. Die Hochschulplanung und Hochschulsteuerung bem\u00fcht sich Ihnen den Evaluationsbericht zeitnah per E-Mail zukommen zu lassen. Auf der Homepage der Hochschulplanung und Hochschulsteuerung erhalten Sie Informationen, welche Angaben von Ihnen f\u00fcr die Anforderung der Frageb\u00f6gen ben\u00f6tigt werden.<\/p>\n\n\n\n<p><strong>G\u00e4steunterk\u00fcnfte<\/strong><br>Es besteht die M\u00f6glichkeit f\u00fcr die Dauer des Lehrauftrags eine Unterkunft auf dem Campus zu bekommen (Tel.: 040\/6541- 2380).<\/p>\n","protected":false},"excerpt":{"rendered":"<p>Sie \u00fcbernehmen demn\u00e4chst eine Lehrauftrag an der Fakult\u00e4t f\u00fcr Geistes- und Sozialwissenschaften? Hier finden Sie Informationen zur Planung und Durchf\u00fchrung von Lehrauftr\u00e4gen und zur administrativen Vorbereitung f\u00fcr die \u00dcbernahme eines [&hellip;]<\/p>\n","protected":false},"author":27,"featured_media":0,"parent":0,"menu_order":0,"comment_status":"closed","ping_status":"closed","template":"","meta":{"footnotes":""},"categories":[4],"tags":[],"class_list":["post-4165","page","type-page","status-publish","hentry","category-forschung"],"_links":{"self":[{"href":"https:\/\/www.hsu-hh.de\/geiso\/wp-json\/wp\/v2\/pages\/4165","targetHints":{"allow":["GET"]}}],"collection":[{"href":"https:\/\/www.hsu-hh.de\/geiso\/wp-json\/wp\/v2\/pages"}],"about":[{"href":"https:\/\/www.hsu-hh.de\/geiso\/wp-json\/wp\/v2\/types\/page"}],"author":[{"embeddable":true,"href":"https:\/\/www.hsu-hh.de\/geiso\/wp-json\/wp\/v2\/users\/27"}],"replies":[{"embeddable":true,"href":"https:\/\/www.hsu-hh.de\/geiso\/wp-json\/wp\/v2\/comments?post=4165"}],"version-history":[{"count":1,"href":"https:\/\/www.hsu-hh.de\/geiso\/wp-json\/wp\/v2\/pages\/4165\/revisions"}],"predecessor-version":[{"id":4166,"href":"https:\/\/www.hsu-hh.de\/geiso\/wp-json\/wp\/v2\/pages\/4165\/revisions\/4166"}],"wp:attachment":[{"href":"https:\/\/www.hsu-hh.de\/geiso\/wp-json\/wp\/v2\/media?parent=4165"}],"wp:term":[{"taxonomy":"category","embeddable":true,"href":"https:\/\/www.hsu-hh.de\/geiso\/wp-json\/wp\/v2\/categories?post=4165"},{"taxonomy":"post_tag","embeddable":true,"href":"https:\/\/www.hsu-hh.de\/geiso\/wp-json\/wp\/v2\/tags?post=4165"}],"curies":[{"name":"wp","href":"https:\/\/api.w.org\/{rel}","templated":true}]}}