{"id":405,"date":"2017-09-12T18:00:11","date_gmt":"2017-09-12T16:00:11","guid":{"rendered":"https:\/\/www.hsu-hh.de\/geiso\/?page_id=405"},"modified":"2023-03-06T16:20:32","modified_gmt":"2023-03-06T15:20:32","slug":"studium","status":"publish","type":"page","link":"https:\/\/www.hsu-hh.de\/geiso\/studium","title":{"rendered":"Studium"},"content":{"rendered":"<p>Hier finden Sie Informationen \u00fcber das\u00a0 Studium an der Helmut-Schmidt-Universit\u00e4t \/Universit\u00e4t der Bundeswehr Hamburg und an der Fakult\u00e4t f\u00fcr Geistes und Sozialwissenschaften\u00a0 und zu Themen wie\u00a0 \u201ePraktikum\u201c , \u201ePr\u00fcfungsangelegenheiten\u201c und &#8222;Ordnungen&#8220;.<\/p>\n<hr \/>\n<div class=\"content-block4\">\n<p style=\"text-align: center\"><a href=\"https:\/\/www.hsu-hh.de\/geiso\/startseite\/studieninteressierte\/\">Infos f\u00fcr Studieninteressierte<\/a><\/p>\n<p><img loading=\"lazy\" decoding=\"async\" class=\"aligncenter wp-image-1057 size-news1-image\" src=\"https:\/\/www.hsu-hh.de\/geiso\/wp-content\/uploads\/sites\/497\/2017\/12\/DSC_0423-400x200.jpg\" alt=\"Treppe\" width=\"400\" height=\"200\" \/><\/p>\n<p style=\"text-align: center\">Bildungs- und Erziehungswissenschaften<br \/>\nGeschichte<br \/>\nPsychologie<br \/>\nWeiterbildung Leading Diversity<\/p>\n<\/div>\n<div class=\"content-block4\" style=\"text-align: center\">\n<p><a href=\"https:\/\/www.hsu-hh.de\/geiso\/startseite\/studierende\/\">Infos f\u00fcr Studierende<\/a><\/p>\n<p><img loading=\"lazy\" decoding=\"async\" class=\"wp-image-1256 size-news1-image\" src=\"https:\/\/www.hsu-hh.de\/geiso\/wp-content\/uploads\/sites\/497\/2018\/01\/DSC_0051b_3Spalter-400x200.jpg\" alt=\"LV GeiSo\" width=\"400\" height=\"200\" \/><\/p>\n<p>Modulhandb\u00fccher<br \/>\nOrdnungen<br \/>\nLehrangebot<br \/>\nInfos f\u00fcr Lehrbeauftragte<br \/>\nAuslandsstudium<\/p>\n<\/div>\n<div class=\"content-block4\">\n<p style=\"text-align: center\"><a href=\"https:\/\/www.hsu-hh.de\/praktika\/\">Praktika<\/a><\/p>\n<p><img loading=\"lazy\" decoding=\"async\" class=\"alignnone wp-image-1129 size-news1-image\" src=\"https:\/\/www.hsu-hh.de\/geiso\/wp-content\/uploads\/sites\/497\/2017\/12\/DSC_2513-400x200.jpg\" alt=\"Praktikumstag\" width=\"400\" height=\"200\" \/><\/p>\n<p style=\"text-align: center\">Ansprechpartner*innen und \u00d6ffnungszeiten<br \/>\nim Praktikumsamt<br \/>\nInfos f\u00fcr Arbeitgeber*innen<br \/>\nPraktikumsdatenbank<\/p>\n<\/div>\n<div class=\"content-block4\">\n<p style=\"text-align: center\"><a href=\"https:\/\/www.hsu-hh.de\/geiso\/pruefungsangelegenheiten\/\">Pr\u00fcfungsangelegenheiten<\/a><\/p>\n<p><img loading=\"lazy\" decoding=\"async\" class=\"alignnone wp-image-1250 size-large\" src=\"https:\/\/www.hsu-hh.de\/geiso\/wp-content\/uploads\/sites\/497\/2018\/01\/DSC_0805_2Spalter-1024x512.jpg\" alt=\"Pr\u00fcfungsamt\" width=\"1024\" height=\"512\" srcset=\"https:\/\/www.hsu-hh.de\/geiso\/wp-content\/uploads\/sites\/497\/2018\/01\/DSC_0805_2Spalter-1024x512.jpg 1024w, https:\/\/www.hsu-hh.de\/geiso\/wp-content\/uploads\/sites\/497\/2018\/01\/DSC_0805_2Spalter-300x150.jpg 300w, https:\/\/www.hsu-hh.de\/geiso\/wp-content\/uploads\/sites\/497\/2018\/01\/DSC_0805_2Spalter-768x384.jpg 768w, https:\/\/www.hsu-hh.de\/geiso\/wp-content\/uploads\/sites\/497\/2018\/01\/DSC_0805_2Spalter-400x200.jpg 400w\" sizes=\"auto, (max-width: 1024px) 100vw, 1024px\" \/><\/p>\n<p style=\"text-align: center\">Ansprechpartner *innen und \u00d6ffnungszeiten im Pr\u00fcfungsamt<br \/>\nPr\u00fcfungsaussch\u00fcsse Bildungs- und Erziehungswissenschaften Geschichte Psychologie<\/p>\n<\/div>\n","protected":false},"excerpt":{"rendered":"<p>Hier finden Sie Informationen \u00fcber das\u00a0 Studium an der Helmut-Schmidt-Universit\u00e4t \/Universit\u00e4t der Bundeswehr Hamburg und an der Fakult\u00e4t f\u00fcr Geistes und Sozialwissenschaften\u00a0 und zu Themen wie\u00a0 \u201ePraktikum\u201c , \u201ePr\u00fcfungsangelegenheiten\u201c und [&hellip;]<\/p>\n","protected":false},"author":27,"featured_media":0,"parent":0,"menu_order":0,"comment_status":"closed","ping_status":"closed","template":"","meta":{"footnotes":""},"categories":[4],"tags":[],"class_list":["post-405","page","type-page","status-publish","hentry","category-forschung"],"_links":{"self":[{"href":"https:\/\/www.hsu-hh.de\/geiso\/wp-json\/wp\/v2\/pages\/405","targetHints":{"allow":["GET"]}}],"collection":[{"href":"https:\/\/www.hsu-hh.de\/geiso\/wp-json\/wp\/v2\/pages"}],"about":[{"href":"https:\/\/www.hsu-hh.de\/geiso\/wp-json\/wp\/v2\/types\/page"}],"author":[{"embeddable":true,"href":"https:\/\/www.hsu-hh.de\/geiso\/wp-json\/wp\/v2\/users\/27"}],"replies":[{"embeddable":true,"href":"https:\/\/www.hsu-hh.de\/geiso\/wp-json\/wp\/v2\/comments?post=405"}],"version-history":[{"count":70,"href":"https:\/\/www.hsu-hh.de\/geiso\/wp-json\/wp\/v2\/pages\/405\/revisions"}],"predecessor-version":[{"id":3538,"href":"https:\/\/www.hsu-hh.de\/geiso\/wp-json\/wp\/v2\/pages\/405\/revisions\/3538"}],"wp:attachment":[{"href":"https:\/\/www.hsu-hh.de\/geiso\/wp-json\/wp\/v2\/media?parent=405"}],"wp:term":[{"taxonomy":"category","embeddable":true,"href":"https:\/\/www.hsu-hh.de\/geiso\/wp-json\/wp\/v2\/categories?post=405"},{"taxonomy":"post_tag","embeddable":true,"href":"https:\/\/www.hsu-hh.de\/geiso\/wp-json\/wp\/v2\/tags?post=405"}],"curies":[{"name":"wp","href":"https:\/\/api.w.org\/{rel}","templated":true}]}}