{"id":401,"date":"2017-09-12T17:42:37","date_gmt":"2017-09-12T15:42:37","guid":{"rendered":"https:\/\/www.hsu-hh.de\/geiso\/?page_id=401"},"modified":"2026-02-16T13:33:26","modified_gmt":"2026-02-16T12:33:26","slug":"pruefungsangelegenheiten","status":"publish","type":"page","link":"https:\/\/www.hsu-hh.de\/geiso\/pruefungsangelegenheiten","title":{"rendered":"Pr\u00fcfungsangelegenheiten"},"content":{"rendered":"<p>Das <a href=\"https:\/\/www.hsu-hh.de\/campusinfo\/\">Pr\u00fcfungsamt\/Studiensekretariat<\/a> ist Ansprechpartner f\u00fcr die verwaltungsm\u00e4\u00dfige Abwicklung der Studien- und Pr\u00fcfungsangelegenheiten. Dazu geh\u00f6ren <abbr title=\"zum Beispiel\">z.B.<\/abbr> die Immatrikulation und Exmatrikulation, R\u00fcckmeldung\/Beurlaubung vom Studium, F\u00fchren von Hochschulstatistiken und die Bearbeitung von Gasth\u00f6rerangelegenheiten.<\/p>\n<p>Ferner erteilen die Mitarbeiterinnen und Mitarbeiter des Pr\u00fcfungsamtes Ausk\u00fcnfte zum formellen Ablauf des Studiums, wie er sich aus der jeweiligen Studien- und Pr\u00fcfungsordnung ergibt.<\/p>\n<p>Die \u00d6ffnungszeiten des Pr\u00fcfungsamtes sowie Ihre Ansprechpartner*innen f\u00fcr den jeweiligen Studiengang und deren Sprechzeiten finden Sie auf den Seiten des <a href=\"https:\/\/www.hsu-hh.de\/campusinfo\/\">Pr\u00fcfungsamtes<\/a>.<\/p>\n<p>Auf den Intranetseiten des Pr\u00fcfungsamtes in ILIAS finden Lehrende und Studierende auch Informationen\u00a0 \u00fcber die Pr\u00fcfungsanmeldesmodalit\u00e4ten, \u00fcber Klausurtermine und Pr\u00fcfungsfristen,\u00a0 \u00fcber die\u00a0 \u00dcbernahme einer BA oder MA Arbeit, die Liste der Pr\u00fcfungsnummern f\u00fcr jeden Studiengang und zahlreiche Formulare wie zum Beispiel das Deckblatt f\u00fcr Pr\u00fcfungsleistungen, die Nachmeldung zu Pr\u00fcfungen <abbr title=\"et cetera\">etc.<\/abbr><\/p>\n<p>Die <a href=\"https:\/\/www.hsu-hh.de\/geiso\/gremien-und-fakultaetsbeauftragte\/\">Pr\u00fcfungsaussch\u00fcsse<\/a> sind zust\u00e4ndig f\u00fcr die Organisation der Pr\u00fcfungen und die Einhaltung der Bestimmungen der Studien- und Pr\u00fcfungsordnungen.<\/p>\n<p><img loading=\"lazy\" decoding=\"async\" class=\"wp-image-1249 size-news1-image\" src=\"https:\/\/www.hsu-hh.de\/geiso\/wp-content\/uploads\/sites\/497\/2018\/01\/DSC_0791_2Spalter-400x200.jpg\" alt=\"Pr\u00fcfungsamt\" width=\"400\" height=\"200\" srcset=\"https:\/\/www.hsu-hh.de\/geiso\/wp-content\/uploads\/sites\/497\/2018\/01\/DSC_0791_2Spalter-400x200.jpg 400w, https:\/\/www.hsu-hh.de\/geiso\/wp-content\/uploads\/sites\/497\/2018\/01\/DSC_0791_2Spalter-300x150.jpg 300w, https:\/\/www.hsu-hh.de\/geiso\/wp-content\/uploads\/sites\/497\/2018\/01\/DSC_0791_2Spalter-768x384.jpg 768w, https:\/\/www.hsu-hh.de\/geiso\/wp-content\/uploads\/sites\/497\/2018\/01\/DSC_0791_2Spalter-1024x512.jpg 1024w\" sizes=\"auto, (max-width: 400px) 100vw, 400px\" \/><\/p>\n","protected":false},"excerpt":{"rendered":"<p>Das Pr\u00fcfungsamt\/Studiensekretariat ist Ansprechpartner f\u00fcr die verwaltungsm\u00e4\u00dfige Abwicklung der Studien- und Pr\u00fcfungsangelegenheiten. Dazu geh\u00f6ren z.B. die Immatrikulation und Exmatrikulation, R\u00fcckmeldung\/Beurlaubung vom Studium, F\u00fchren von Hochschulstatistiken und die Bearbeitung von Gasth\u00f6rerangelegenheiten. [&hellip;]<\/p>\n","protected":false},"author":27,"featured_media":0,"parent":0,"menu_order":0,"comment_status":"closed","ping_status":"closed","template":"","meta":{"footnotes":""},"categories":[6],"tags":[95,91,93],"class_list":["post-401","page","type-page","status-publish","hentry","category-lehre","tag-klausuren","tag-pruefungen","tag-pruefungsamt"],"_links":{"self":[{"href":"https:\/\/www.hsu-hh.de\/geiso\/wp-json\/wp\/v2\/pages\/401","targetHints":{"allow":["GET"]}}],"collection":[{"href":"https:\/\/www.hsu-hh.de\/geiso\/wp-json\/wp\/v2\/pages"}],"about":[{"href":"https:\/\/www.hsu-hh.de\/geiso\/wp-json\/wp\/v2\/types\/page"}],"author":[{"embeddable":true,"href":"https:\/\/www.hsu-hh.de\/geiso\/wp-json\/wp\/v2\/users\/27"}],"replies":[{"embeddable":true,"href":"https:\/\/www.hsu-hh.de\/geiso\/wp-json\/wp\/v2\/comments?post=401"}],"version-history":[{"count":22,"href":"https:\/\/www.hsu-hh.de\/geiso\/wp-json\/wp\/v2\/pages\/401\/revisions"}],"predecessor-version":[{"id":4615,"href":"https:\/\/www.hsu-hh.de\/geiso\/wp-json\/wp\/v2\/pages\/401\/revisions\/4615"}],"wp:attachment":[{"href":"https:\/\/www.hsu-hh.de\/geiso\/wp-json\/wp\/v2\/media?parent=401"}],"wp:term":[{"taxonomy":"category","embeddable":true,"href":"https:\/\/www.hsu-hh.de\/geiso\/wp-json\/wp\/v2\/categories?post=401"},{"taxonomy":"post_tag","embeddable":true,"href":"https:\/\/www.hsu-hh.de\/geiso\/wp-json\/wp\/v2\/tags?post=401"}],"curies":[{"name":"wp","href":"https:\/\/api.w.org\/{rel}","templated":true}]}}