{"id":373,"date":"2017-09-12T16:01:08","date_gmt":"2017-09-12T14:01:08","guid":{"rendered":"https:\/\/www.hsu-hh.de\/geiso\/?page_id=373"},"modified":"2026-02-16T13:27:11","modified_gmt":"2026-02-16T12:27:11","slug":"gremien-und-fakultaetsbeauftragte","status":"publish","type":"page","link":"https:\/\/www.hsu-hh.de\/geiso\/gremien-und-fakultaetsbeauftragte","title":{"rendered":"Gremien und Fakult\u00e4tsbeauftragte"},"content":{"rendered":"<h2>Gremien<\/h2>\n<p><em><strong>Fakult\u00e4tsrat<\/strong><\/em><br \/>Der Fakult\u00e4tsrat entscheidet in allen grunds\u00e4tzlichen Angelegenheiten der Fakult\u00e4t, soweit die Rahmenbestimmungen und die Grundordnung der <abbr title=\"Helmut Schmidt Universit\u00e4t\">HSU<\/abbr>\/UniBw H nichts anderes bestimmen.<br \/>Die Liste der Mitglieder des Fakult\u00e4tsrates, Sitzungstermine, Tagesordnungen und Protokolle\u00a0 finden Sie im\u00a0 <a href=\"https:\/\/intranet.hsu-hh.de\/ilias.php?baseClass=ilrepositorygui&amp;ref_id=14198\" rel='nofollow'>internen Dekanatsbereich<\/a> (Anmeldung erforderlich).<\/p>\n<p><em><strong>Pr\u00fcfungsaussch\u00fcsse<\/strong><\/em><br \/>Jeder der drei Studieng\u00e4nge der Fakult\u00e4t verf\u00fcgt \u00fcber einen eigenen Pr\u00fcfungsausschuss. Jeder\u00a0 Pr\u00fcfungsauschuss ist zust\u00e4ndig f\u00fcr die Organisation der Pr\u00fcfungen und die Einhaltung der Bestimmungen der Studien- und Pr\u00fcfungsordnungen des jeweiligen Studiengangs. Im Intranetbereich der Fakult\u00e4t (Anmeldung erforderlich) finden Sie alle relevanten Informationen zu dem <a href=\"https:\/\/intranet.hsu-hh.de\/ilias.php?baseClass=ilrepositorygui&amp;ref_id=14482\" rel='nofollow'>Pr\u00fcfungsauschuss Geschichte, dem Pr\u00fcfungsausschuss Psychologie und dem Pr\u00fcfungsausschuss Bildungs- und Erziehungswissenschaften.<\/a><\/p>\n<p><em><strong>Widerspruchsaussch\u00fcsse<\/strong><\/em><br \/>Im Intranetbereich der Fakult\u00e4t (Anmeldung erforderlich) finden Sie alle relevanten Informationen zu dem <a href=\"https:\/\/intranet.hsu-hh.de\/ilias.php?baseClass=ilrepositorygui&amp;ref_id=14482\" rel='nofollow'>Widerspruchssauschuss Geschichte, dem Widerspruchsausschuss Psychologie und dem Widerspruchssauschuss Bildungs- und Erziehungswissenschaften.<\/a><\/p>\n<p><em><strong>Ausschuss f\u00fcr Praktikumsfragen<\/strong><\/em><br \/>Im Intranetbereich der Fakult\u00e4t (Anmeldung erforderlich) finden Sie alle relevanten Informationen zu dem Ausschuss f\u00fcr <a href=\"https:\/\/intranet.hsu-hh.de\/ilias.php?baseClass=ilrepositorygui&amp;ref_id=14482\" rel='nofollow'>Praktikumsfragen.<\/a><\/p>\n<p><em><strong>Curriculumausschuss<\/strong><\/em><br \/>Die Aussch\u00fcsse befassen sich mit den jeweiligen Studieng\u00e4ngen der Fakult\u00e4t. Im Intranetbereich der Fakult\u00e4t (Anmeldung erforderlich) finden Sie alle relevanten Informationen zu den <a href=\"https:\/\/intranet.hsu-hh.de\/ilias.php?baseClass=ilrepositorygui&amp;ref_id=14482\" rel='nofollow'>Curriculumaussch\u00fcssen.<\/a><\/p>\n<h2>Fakult\u00e4tsbeauftragte<\/h2>\n<p>Fakult\u00e4tsbeauftragte nehmen Entscheidungs-, Informations-, Beratungs- und Ausf\u00fchrungsaufgaben f\u00fcr spezielle Bereiche (Haushalt und Planung, Weiterbildung, Bibliotheksangelegenheiten, Doktorandenweiterbildung <abbr title=\"et cetera\">etc.<\/abbr>) wahr. Eine \u00dcbersicht \u00fcber die Fakult\u00e4tsbeauftragten finden Sie im <a href=\"https:\/\/intranet.hsu-hh.de\/ilias.php?baseClass=ilrepositorygui&amp;ref_id=14482\" rel='nofollow'>internen Dekanatsbereich\u00a0<\/a> (Anmeldung erforderlich).<\/p>\n\n\n<p><\/p>\n","protected":false},"excerpt":{"rendered":"<p>Gremien Fakult\u00e4tsratDer Fakult\u00e4tsrat entscheidet in allen grunds\u00e4tzlichen Angelegenheiten der Fakult\u00e4t, soweit die Rahmenbestimmungen und die Grundordnung der HSU\/UniBw H nichts anderes bestimmen.Die Liste der Mitglieder des Fakult\u00e4tsrates, Sitzungstermine, Tagesordnungen und [&hellip;]<\/p>\n","protected":false},"author":27,"featured_media":0,"parent":0,"menu_order":0,"comment_status":"closed","ping_status":"closed","template":"","meta":{"footnotes":""},"categories":[83],"tags":[87,89,85],"class_list":["post-373","page","type-page","status-publish","hentry","category-gremien","tag-ausschuesse","tag-fakultaetsbeauftragte","tag-gremien"],"_links":{"self":[{"href":"https:\/\/www.hsu-hh.de\/geiso\/wp-json\/wp\/v2\/pages\/373","targetHints":{"allow":["GET"]}}],"collection":[{"href":"https:\/\/www.hsu-hh.de\/geiso\/wp-json\/wp\/v2\/pages"}],"about":[{"href":"https:\/\/www.hsu-hh.de\/geiso\/wp-json\/wp\/v2\/types\/page"}],"author":[{"embeddable":true,"href":"https:\/\/www.hsu-hh.de\/geiso\/wp-json\/wp\/v2\/users\/27"}],"replies":[{"embeddable":true,"href":"https:\/\/www.hsu-hh.de\/geiso\/wp-json\/wp\/v2\/comments?post=373"}],"version-history":[{"count":46,"href":"https:\/\/www.hsu-hh.de\/geiso\/wp-json\/wp\/v2\/pages\/373\/revisions"}],"predecessor-version":[{"id":4610,"href":"https:\/\/www.hsu-hh.de\/geiso\/wp-json\/wp\/v2\/pages\/373\/revisions\/4610"}],"wp:attachment":[{"href":"https:\/\/www.hsu-hh.de\/geiso\/wp-json\/wp\/v2\/media?parent=373"}],"wp:term":[{"taxonomy":"category","embeddable":true,"href":"https:\/\/www.hsu-hh.de\/geiso\/wp-json\/wp\/v2\/categories?post=373"},{"taxonomy":"post_tag","embeddable":true,"href":"https:\/\/www.hsu-hh.de\/geiso\/wp-json\/wp\/v2\/tags?post=373"}],"curies":[{"name":"wp","href":"https:\/\/api.w.org\/{rel}","templated":true}]}}