{"id":3618,"date":"2023-04-11T15:02:03","date_gmt":"2023-04-11T13:02:03","guid":{"rendered":"https:\/\/www.hsu-hh.de\/geiso\/?page_id=3618"},"modified":"2026-02-16T13:35:29","modified_gmt":"2026-02-16T12:35:29","slug":"ethikkommission","status":"publish","type":"page","link":"https:\/\/www.hsu-hh.de\/geiso\/ethikkommission","title":{"rendered":"Ethikkommission"},"content":{"rendered":"\n<p><\/p>\n\n\n\n<p>Das Professorium Psychologie der Fakult\u00e4t Geistes- und Sozialwissenschaften (<abbr title=\"Geistes-und Sozialwissenschaften\">GeiSo<\/abbr>) der Helmut-Schmidt-Universit\u00e4t\/Universit\u00e4t der Bundeswehr Hamburg (<abbr title=\"Helmut Schmidt Universit\u00e4t\">HSU<\/abbr>\/UniBw H) hat eine lokale und unabh\u00e4ngige Ethikkommission (Kommission) zur Beurteilung ethischer Aspekte bei an <abbr title=\"Helmut Schmidt Universit\u00e4t\">HSU<\/abbr>\/UniBw H durchgef\u00fchrten Forschungsvorhaben mit Menschen als Versuchspersonen oder solchen mit direktem oder indirektem Bezug zu Menschen<a> <\/a>wie Metaanalysen, Reanalysen von Daten, tierexperimentelle Untersuchungen mit Bezug zu Humanstudien oder digitale Untersuchungen, eingerichtet.<\/p>\n\n\n\n<p>Diese Kommission unterst\u00fctzt durch Ihre Stellungnahmen insbesondere Wissenschaftlerinnen und Wissenschaftler, die in Forschungsvorhaben des Professoriums Psychologie<a> <\/a>eingebunden sind. Daneben wird sie mit Unterst\u00fctzung der Ethikbeauftragten der Fakult\u00e4ten auch t\u00e4tig im Auftrag von Wissenschaftlerinnen und Wissenschaftlern der <abbr title=\"Helmut Schmidt Universit\u00e4t\">HSU<\/abbr>\/Uni Bw H, die in Forschungsvorhaben anderer Fakult\u00e4ten eingebunden sind.<\/p>\n\n\n\n<p><\/p>\n\n\n\n<p>Mehr Informationen zur <a href=\"https:\/\/intranet.hsu-hh.de\/ilias.php?baseClass=ilrepositorygui&amp;ref_id=14496\" rel='nofollow'>Ethikkommission<\/a> finden Sie im Intranetbereich der Fakult\u00e4t f\u00fcr Geistes- und Sozialwissenschaften.<\/p>\n\n\n\n<p>Email: ethikkommission.geiso@hsu-hh.de<\/p>\n","protected":false},"excerpt":{"rendered":"<p>Das Professorium Psychologie der Fakult\u00e4t Geistes- und Sozialwissenschaften (GeiSo) der Helmut-Schmidt-Universit\u00e4t\/Universit\u00e4t der Bundeswehr Hamburg (HSU\/UniBw H) hat eine lokale und unabh\u00e4ngige Ethikkommission (Kommission) zur Beurteilung ethischer Aspekte bei an HSU\/UniBw [&hellip;]<\/p>\n","protected":false},"author":27,"featured_media":0,"parent":0,"menu_order":0,"comment_status":"closed","ping_status":"closed","template":"","meta":{"footnotes":""},"categories":[4],"tags":[],"class_list":["post-3618","page","type-page","status-publish","hentry","category-forschung"],"_links":{"self":[{"href":"https:\/\/www.hsu-hh.de\/geiso\/wp-json\/wp\/v2\/pages\/3618","targetHints":{"allow":["GET"]}}],"collection":[{"href":"https:\/\/www.hsu-hh.de\/geiso\/wp-json\/wp\/v2\/pages"}],"about":[{"href":"https:\/\/www.hsu-hh.de\/geiso\/wp-json\/wp\/v2\/types\/page"}],"author":[{"embeddable":true,"href":"https:\/\/www.hsu-hh.de\/geiso\/wp-json\/wp\/v2\/users\/27"}],"replies":[{"embeddable":true,"href":"https:\/\/www.hsu-hh.de\/geiso\/wp-json\/wp\/v2\/comments?post=3618"}],"version-history":[{"count":13,"href":"https:\/\/www.hsu-hh.de\/geiso\/wp-json\/wp\/v2\/pages\/3618\/revisions"}],"predecessor-version":[{"id":4618,"href":"https:\/\/www.hsu-hh.de\/geiso\/wp-json\/wp\/v2\/pages\/3618\/revisions\/4618"}],"wp:attachment":[{"href":"https:\/\/www.hsu-hh.de\/geiso\/wp-json\/wp\/v2\/media?parent=3618"}],"wp:term":[{"taxonomy":"category","embeddable":true,"href":"https:\/\/www.hsu-hh.de\/geiso\/wp-json\/wp\/v2\/categories?post=3618"},{"taxonomy":"post_tag","embeddable":true,"href":"https:\/\/www.hsu-hh.de\/geiso\/wp-json\/wp\/v2\/tags?post=3618"}],"curies":[{"name":"wp","href":"https:\/\/api.w.org\/{rel}","templated":true}]}}