{"id":319,"date":"2017-09-12T11:46:09","date_gmt":"2017-09-12T09:46:09","guid":{"rendered":"https:\/\/www.hsu-hh.de\/geiso\/?page_id=319"},"modified":"2026-02-17T09:09:49","modified_gmt":"2026-02-17T08:09:49","slug":"forschungsbereiche","status":"publish","type":"page","link":"https:\/\/www.hsu-hh.de\/geiso\/forschungsbereiche","title":{"rendered":"Forschungsbereiche"},"content":{"rendered":"<h2><strong>Forschungsschwerpunkte<\/strong><\/h2>\n<p>Sie erhalten viele Informationen direkt \u00fcber <a href=\"https:\/\/www.hsu-hh.de\/geiso\/startseite\/professuren\">die Seiten der Professuren\u00a0<\/a> und \u00fcber die <a href=\"https:\/\/www.hsu-hh.de\/forschung\/\">Forschungsseiten der Helmut-Schmidt-Universit\u00e4t<\/a><\/p>\n<p>Die Fakult\u00e4t f\u00fcr Geistes- und Sozialwissenschaften bietet eine gro\u00dfe Vielfalt an Forschungsschwerpunkten, wie zum Beispiel:<\/p>\n<p>Interkulturalit\u00e4t und Migration \/ Diversit\u00e4t und Vielfalt<br \/>Bildung und \u00d6konomie \/ \u00d6konomisierung von Bildung<br \/>Dienstleistungsgesellschaft \/ Wissen in der Wissensgesellschaft<br \/>Historische Bildungs-, Wirtschafts- und Familienforschung<br \/>Milit\u00e4r, Medizin und Gesellschaft \/ Gewalt<br \/>Partizipation und Mitbestimmung \/ Urteilsbildung \/ Normenanalyse<br \/>Sensibilit\u00e4t \/ Neuro-Kognition der \u00c4sthetik<br \/>Arbeit und Arbeitsverh\u00e4ltnisse \/ Evaluation von Arbeitsorganisation(sprozessen)<br \/>Gender &amp; Diversity\/ Chancengleichheit in Organisationen<br \/>Mitarbeiterf\u00fchrung\/ Mitarbeiterbindung\/ Personalauswahl<br \/>Betriebliches Gesundheitsmanagement \/ Soziale Urteils- und Entscheidungsprozesse<br \/><a href=\"https:\/\/www.hsu-hh.de\/epu\/forschung\">Exekutive Funktionen<\/a><br \/>Rekonstruktive Bildungs- und Erziehungsforschung<em><br \/><\/em><\/p>\n<h2>Forschungscluster<\/h2>\n<p><a href=\"https:\/\/www.hsu-hh.de\/cogsci\/beteiligte-einrichtungen-und-projekte\">Cognitive Science<\/a><br \/>An diesem Cluster sind Professuren des Faches Psychologie beteiligt.\u00a0 Der Cognitive Science Cluster bietet eine Plattform f\u00fcr alle Forschenden, die interdisziplin\u00e4r an Strukturen und Prozessen der Informationsverarbeitung interessiert sind. Mitglieder des Clusters publizieren ihre Forschungsergebnisse erfolgreich. Der Cluster erm\u00f6glicht ferner eine erleichterte Kooperation mit anderen Einrichtungen.<\/p>\n<p><a href=\"https:\/\/www.hsu-hh.de\/bidrge\/\">Bildung, Differenz und plurale Gesellschaften<\/a><br \/>Der Forschungsschwerpunkt untersucht den Zusammenhang von Bildung, Differenz und pluralen Gesellschaften. Dabei werden mehrere Perspektiven in Anschlag gebracht und eine Vielzahl von Theorien und Formen empirischer Daten miteinander kombiniert.<\/p>\n<p><a href=\"https:\/\/www.hsu-hh.de\/opal\/\">OPAL<\/a><br \/>An diesem Cluster sind viele Professuren der Fakult\u00e4t f\u00fcr Geistes- und Sozialwissenschaften beteiligt.\u00a0<\/p>\n<p>An dem Exzellenzcluster &#8222;<a href=\"https:\/\/www.hsu-hh.de\/exzellenzinitiative-hsu-ist-bei-zwei-clustern-dabei\">Understanding Written Artefacts<\/a>\u201c (Manuskriptforschung), der ab 2019 gef\u00f6rdert wird,\u00a0 ist die Professur f\u00fcr <a href=\"https:\/\/www.hsu-hh.de\/epu\/\">Allgemeine und Biologische Psychologie<\/a> beteiligt.<\/p>\n<p>Mehr Informationen finden Sie auf der<a href=\"https:\/\/www.hsu-hh.de\/forschung6\/\"> Forschungsseite<\/a><a href=\"https:\/\/www.hsu-hh.de\/forschung\/\">\u00a0<\/a> der Helmut-Schmidt-Universit\u00e4t\u00a0 und auf den <a href=\"https:\/\/www.hsu-hh.de\/geiso\/startseite\/professuren\/\">Seiten der einzelnen Professuren<\/a>.<\/p>\n<h2><strong>Kooperationsvereinbarungen<\/strong><\/h2>\n<ul>\n<li>zwischen der Helmut Schmidt Universit\u00e4t\/Universit\u00e4t der Bundeswehr Hamburg (<abbr title=\"Helmut Schmidt Universit\u00e4t\">HSU<\/abbr>\/UniBw H) und dem Wissenschaftszentrum Berlin f\u00fcr Sozialforschung (WZB)<br \/>Im Rahmen der <a href=\"https:\/\/www.hsu-hh.de\/12-2017-kooperationsvereinbarung-mit-wzb-geschlossen\">Kooperationsvereinbarung mit dem Wissenschaftszentrum Berlin f\u00fcr Sozialforschung (WZB)<\/a> wurde in der Fakult\u00e4t <abbr title=\"Geistes-und Sozialwissenschaften\">GeiSo<\/abbr> die Professur <a href=\"https:\/\/www.hsu-hh.de\/arbeit\/\">Internationale Beziehungen<\/a> eingerichtet.<\/li>\n<\/ul>\n<ul>\n<li>zwischen der Helmut Schmidt Universit\u00e4t\/Universit\u00e4t der Bundeswehr Hamburg (<abbr title=\"Helmut Schmidt Universit\u00e4t\">HSU<\/abbr>\/UniBw H) und dem Streitkr\u00e4fteamt der Bundeswehr<br \/><a href=\"https:\/\/www.hsu-hh.de\/geiso\/startseite\/professuren\">Ausf\u00fchrende Stelle an der <abbr title=\"Helmut Schmidt Universit\u00e4t\">HSU<\/abbr> ist das Professorium Psychologie<\/a><\/li>\n<\/ul>\n<ul>\n<li>zwischen der Helmut Schmidt Universit\u00e4t\/Universit\u00e4t der Bundeswehr Hamburg (<abbr title=\"Helmut Schmidt Universit\u00e4t\">HSU<\/abbr>\/UniBw H) und dem Kommando Feldj\u00e4ger der Bundeswehr<\/li>\n<li>Demn\u00e4chst: zwischen der Helmut Schmidt Universit\u00e4t\/Universit\u00e4t der Bundeswehr Hamburg (<abbr title=\"Helmut Schmidt Universit\u00e4t\">HSU<\/abbr>\/UniBw H) und der Fakult\u00e4t f\u00fcr Geisteswissenschaften der Universit\u00e4t Hamburg <br \/>\u00d6ffnung von Lehrveranstaltungen f\u00fcr den Bachelor-Nebenfachstudiengang Osteuropastudien und den Masterstudiengang Osteuropastudien\u00a0<\/li>\n<\/ul>\n<p><a href=\"https:\/\/www.hsu-hh.de\/wb\/compall\">Comparative Studies in Adult Education and Lifelong Learning \u2013 COMPALL<\/a><\/p>\n<p><a href=\"https:\/\/www.hsu-hh.de\/geiso\/forschungsbereiche-dokumentarische-methode\">Internationales Forschungsnetzwerk DOKUMENTARISCHE METHODE \/<br \/>The International Research Network DOCUMENTARY METHOD<\/a><\/p>\n<h2><strong>Projekte im Rahmen vom Zentrum f\u00fcr Digitalisierung- und Technologieforschung der Bundeswehr (DTEC)<\/strong><\/h2>\n<p><a href=\"https:\/\/dtecbw.de\/home\/forschung\/hsu\/digital-leadership-and-health\/digital-leadership-and-health\" rel='nofollow'>Digital Leadership &amp; Health \u2013 Digitale F\u00fchrung und Homeoffice<\/a><\/p>\n<p><a href=\"https:\/\/dtecbw.de\/home\/forschung\/kompetenzen-fuer-die-digitale-arbeitswelt-kodia\" rel='nofollow'>Kompetenzen f\u00fcr die digitale Arbeitswelt (KoDiA)<\/a><\/p>\n<p><a href=\"https:\/\/www.hsu-hh.de\/sozgov\/forschung\/smasch\/\">SMASCH Smarte Schulen<\/a><\/p>\n<p><a href=\"https:\/\/www.hsu-hh.de\/wb\/digitaks\">DigiTaKS* \u2013 Digitale Schl\u00fcsselkompetenzen f\u00fcr Studium und Beruf<\/a><\/p>\n<p><a href=\"https:\/\/www.hsu-hh.de\/mikrosoz\/forschung\/\">DTEC-Projekt Digitalisierung der psychosozialen Beratung im Feld der Familien- und Lebenshilfe (PsyBeDig)<\/a><\/p>\n<p><a href=\"https:\/\/www.hsu-hh.de\/opal\/crowdwork-und-crowdworker-vor-waehrend-und-nach-der-beruflichen-ausbildung-kompetenz-subjektivierungseffekte-individuelle-beruflichkeit-und-lernfoerderliche-plattformgestaltung\/\">Crowdwork und Crowdworker vor, w\u00e4hrend und nach der beruflichen Ausbildung \u2013 Kompetenz-\/ Subjektivierungseffekte, individuelle Beruflichkeit und lernf\u00f6rderliche Plattformgestaltung<\/a><\/p>\n\n\n<h2 class=\"wp-block-heading\"><\/h2>\n\n\n\n<p><\/p>\n","protected":false},"excerpt":{"rendered":"<p>Forschungsschwerpunkte Sie erhalten viele Informationen direkt \u00fcber die Seiten der Professuren\u00a0 und \u00fcber die Forschungsseiten der Helmut-Schmidt-Universit\u00e4t Die Fakult\u00e4t f\u00fcr Geistes- und Sozialwissenschaften bietet eine gro\u00dfe Vielfalt an Forschungsschwerpunkten, wie [&hellip;]<\/p>\n","protected":false},"author":27,"featured_media":0,"parent":0,"menu_order":0,"comment_status":"closed","ping_status":"closed","template":"","meta":{"footnotes":""},"categories":[4],"tags":[],"class_list":["post-319","page","type-page","status-publish","hentry","category-forschung"],"_links":{"self":[{"href":"https:\/\/www.hsu-hh.de\/geiso\/wp-json\/wp\/v2\/pages\/319","targetHints":{"allow":["GET"]}}],"collection":[{"href":"https:\/\/www.hsu-hh.de\/geiso\/wp-json\/wp\/v2\/pages"}],"about":[{"href":"https:\/\/www.hsu-hh.de\/geiso\/wp-json\/wp\/v2\/types\/page"}],"author":[{"embeddable":true,"href":"https:\/\/www.hsu-hh.de\/geiso\/wp-json\/wp\/v2\/users\/27"}],"replies":[{"embeddable":true,"href":"https:\/\/www.hsu-hh.de\/geiso\/wp-json\/wp\/v2\/comments?post=319"}],"version-history":[{"count":90,"href":"https:\/\/www.hsu-hh.de\/geiso\/wp-json\/wp\/v2\/pages\/319\/revisions"}],"predecessor-version":[{"id":4627,"href":"https:\/\/www.hsu-hh.de\/geiso\/wp-json\/wp\/v2\/pages\/319\/revisions\/4627"}],"wp:attachment":[{"href":"https:\/\/www.hsu-hh.de\/geiso\/wp-json\/wp\/v2\/media?parent=319"}],"wp:term":[{"taxonomy":"category","embeddable":true,"href":"https:\/\/www.hsu-hh.de\/geiso\/wp-json\/wp\/v2\/categories?post=319"},{"taxonomy":"post_tag","embeddable":true,"href":"https:\/\/www.hsu-hh.de\/geiso\/wp-json\/wp\/v2\/tags?post=319"}],"curies":[{"name":"wp","href":"https:\/\/api.w.org\/{rel}","templated":true}]}}