{"id":314,"date":"2017-09-12T11:44:48","date_gmt":"2017-09-12T09:44:48","guid":{"rendered":"https:\/\/www.hsu-hh.de\/geiso\/?page_id=314"},"modified":"2026-02-16T13:35:06","modified_gmt":"2026-02-16T12:35:06","slug":"doktorandenprogramme","status":"publish","type":"page","link":"https:\/\/www.hsu-hh.de\/geiso\/doktorandenprogramme","title":{"rendered":"Doktorand*innenprogramme und Weiterbildung"},"content":{"rendered":"<p>Die\u00a0 Fakult\u00e4t f\u00fcr Wirtschafts- und Sozialwissenschaften\u00a0 sowie die Fakult\u00e4t f\u00fcr Geistes- und Sozialwissenschaften\u00a0 an der Helmut-Schmidt-Universit\u00e4t bieten im &#8222;Netzwerk&#8220; mit anderen Universit\u00e4ten (Universit\u00e4t Hamburg <abbr title=\"Wirtschafts- und Sozialwissenschaften\">WiSo<\/abbr> Graduate School, Universit\u00e4t Hamburg Fakult\u00e4t f\u00fcr <abbr title=\"Betriebswirtschaftslehre\">BWL<\/abbr>, <abbr title=\"Technische Universit\u00e4t\">TU<\/abbr> Hamburg Harburg, Leuphana Universit\u00e4t L\u00fcneburg, Christian-Albrechts-Universit\u00e4t Kiel, Universit\u00e4t Flensburg und Syddansk-Universitet) sowie einer Reihe au\u00dferuniversit\u00e4rer Forschungseinrichtungen (DIW Berlin, GESIS Mannheim\/K\u00f6ln\/Berlin, HWWI Hamburg, IAB N\u00fcrnberg und IUC Dubrovnik) ein breites <strong>Kursprogramm f\u00fcr Doktorand*innen<\/strong> in den Geistes-, Sozial- und Wirtschaftswissenschaften an.<br \/>\u00dcber das Kursangebot informiert die Internetseite des <a href=\"https:\/\/www.hsu-hh.de\/forschung\/phd-network\">PhD Network <\/a>.<\/p>\n<p>Das <strong>Zentrum f\u00fcr Wissenschaftliche Weiterbildung<\/strong> (ZWW) organisiert die externe wissenschaftliche Weiterbildung an der <abbr title=\"Helmut Schmidt Universit\u00e4t\">HSU<\/abbr> \/ UniBw H und ist mit der Entwicklung von Zertifikatsmodulen und weiterbildenden Studieng\u00e4ngen befasst.<br \/>Studienangebote und Informationen zu Voraussetzungen und Abschl\u00fcssen sowie Ansprechpartnerinnen und Ansprechpartnern im Weiterbildungsbereich, finden Sie auf der Seite des<a href=\"https:\/\/www.hsu-hh.de\/weiterbildung\/\"> ZWW<\/a>.<\/p>\n\n\n<p><\/p>\n","protected":false},"excerpt":{"rendered":"<p>Die\u00a0 Fakult\u00e4t f\u00fcr Wirtschafts- und Sozialwissenschaften\u00a0 sowie die Fakult\u00e4t f\u00fcr Geistes- und Sozialwissenschaften\u00a0 an der Helmut-Schmidt-Universit\u00e4t bieten im &#8222;Netzwerk&#8220; mit anderen Universit\u00e4ten (Universit\u00e4t Hamburg WiSo Graduate School, Universit\u00e4t Hamburg Fakult\u00e4t [&hellip;]<\/p>\n","protected":false},"author":27,"featured_media":0,"parent":0,"menu_order":0,"comment_status":"closed","ping_status":"closed","template":"","meta":{"footnotes":""},"categories":[4],"tags":[],"class_list":["post-314","page","type-page","status-publish","hentry","category-forschung"],"_links":{"self":[{"href":"https:\/\/www.hsu-hh.de\/geiso\/wp-json\/wp\/v2\/pages\/314","targetHints":{"allow":["GET"]}}],"collection":[{"href":"https:\/\/www.hsu-hh.de\/geiso\/wp-json\/wp\/v2\/pages"}],"about":[{"href":"https:\/\/www.hsu-hh.de\/geiso\/wp-json\/wp\/v2\/types\/page"}],"author":[{"embeddable":true,"href":"https:\/\/www.hsu-hh.de\/geiso\/wp-json\/wp\/v2\/users\/27"}],"replies":[{"embeddable":true,"href":"https:\/\/www.hsu-hh.de\/geiso\/wp-json\/wp\/v2\/comments?post=314"}],"version-history":[{"count":13,"href":"https:\/\/www.hsu-hh.de\/geiso\/wp-json\/wp\/v2\/pages\/314\/revisions"}],"predecessor-version":[{"id":4617,"href":"https:\/\/www.hsu-hh.de\/geiso\/wp-json\/wp\/v2\/pages\/314\/revisions\/4617"}],"wp:attachment":[{"href":"https:\/\/www.hsu-hh.de\/geiso\/wp-json\/wp\/v2\/media?parent=314"}],"wp:term":[{"taxonomy":"category","embeddable":true,"href":"https:\/\/www.hsu-hh.de\/geiso\/wp-json\/wp\/v2\/categories?post=314"},{"taxonomy":"post_tag","embeddable":true,"href":"https:\/\/www.hsu-hh.de\/geiso\/wp-json\/wp\/v2\/tags?post=314"}],"curies":[{"name":"wp","href":"https:\/\/api.w.org\/{rel}","templated":true}]}}