{"id":310,"date":"2017-09-12T11:27:19","date_gmt":"2017-09-12T09:27:19","guid":{"rendered":"https:\/\/www.hsu-hh.de\/geiso\/?page_id=310"},"modified":"2023-03-14T08:24:03","modified_gmt":"2023-03-14T07:24:03","slug":"promotionhabilitation","status":"publish","type":"page","link":"https:\/\/www.hsu-hh.de\/geiso\/promotionhabilitation","title":{"rendered":"Promotion und Habilitation"},"content":{"rendered":"<p>Die Fakult\u00e4t verleiht den akademischen Grad einer Doktorin oder eines Doktors der Philosophie. \u00dcber die Feststellung der Erf\u00fcllung der Zulassungsvoraussetzungen zur Promotion, die Annahme von Doktorand*innen <abbr title=\"et cetera\">etc.<\/abbr> entscheidet der Fakult\u00e4tsrat.<\/p>\n<p><a href=\"https:\/\/www.hsu-hh.de\/asv\/promo-geiso\/\">Promotionsordnung <\/a>der Fakult\u00e4t f\u00fcr <abbr title=\"Geistes-und Sozialwissenschaften\">GeiSo<\/abbr><\/p>\n<p><strong>Ansprechpartner:<\/strong><br \/>\n<a href=\"https:\/\/www.hsu-hh.de\/geiso\/fakultaetsverwaltung-edv\/\">Fakult\u00e4tsverwaltung <abbr title=\"Geistes-und Sozialwissenschaften\">GeiSo<\/abbr><\/a><\/p>\n<p>Die Habilitation ist die Anerkennung einer besonderen wissenschaftlichen Bef\u00e4higung f\u00fcr Forschung und Lehre durch die Fakult\u00e4t in einem oder mehreren F\u00e4chern oder Fachgebieten der Fakult\u00e4t.<\/p>\n<p><a href=\"https:\/\/www.hsu-hh.de\/asv\/habo-geiso\/\">Habilitationsordnung<\/a> der Fakult\u00e4t f\u00fcr <abbr title=\"Geistes-und Sozialwissenschaften\">GeiSo<\/abbr>.<\/p>\n<p><strong>Kontakt:<\/strong><br \/>\n<a href=\"https:\/\/www.hsu-hh.de\/geiso\/fakultaetsverwaltung-edv\/\">Fakult\u00e4tsverwaltung <abbr title=\"Geistes-und Sozialwissenschaften\">GeiSo<\/abbr><\/a><\/p>\n","protected":false},"excerpt":{"rendered":"<p>Die Fakult\u00e4t verleiht den akademischen Grad einer Doktorin oder eines Doktors der Philosophie. \u00dcber die Feststellung der Erf\u00fcllung der Zulassungsvoraussetzungen zur Promotion, die Annahme von Doktorand*innen etc. entscheidet der Fakult\u00e4tsrat. [&hellip;]<\/p>\n","protected":false},"author":27,"featured_media":0,"parent":0,"menu_order":0,"comment_status":"closed","ping_status":"closed","template":"","meta":{"footnotes":""},"categories":[4],"tags":[78],"class_list":["post-310","page","type-page","status-publish","hentry","category-forschung","tag-promotion-habilitation"],"_links":{"self":[{"href":"https:\/\/www.hsu-hh.de\/geiso\/wp-json\/wp\/v2\/pages\/310","targetHints":{"allow":["GET"]}}],"collection":[{"href":"https:\/\/www.hsu-hh.de\/geiso\/wp-json\/wp\/v2\/pages"}],"about":[{"href":"https:\/\/www.hsu-hh.de\/geiso\/wp-json\/wp\/v2\/types\/page"}],"author":[{"embeddable":true,"href":"https:\/\/www.hsu-hh.de\/geiso\/wp-json\/wp\/v2\/users\/27"}],"replies":[{"embeddable":true,"href":"https:\/\/www.hsu-hh.de\/geiso\/wp-json\/wp\/v2\/comments?post=310"}],"version-history":[{"count":19,"href":"https:\/\/www.hsu-hh.de\/geiso\/wp-json\/wp\/v2\/pages\/310\/revisions"}],"predecessor-version":[{"id":3580,"href":"https:\/\/www.hsu-hh.de\/geiso\/wp-json\/wp\/v2\/pages\/310\/revisions\/3580"}],"wp:attachment":[{"href":"https:\/\/www.hsu-hh.de\/geiso\/wp-json\/wp\/v2\/media?parent=310"}],"wp:term":[{"taxonomy":"category","embeddable":true,"href":"https:\/\/www.hsu-hh.de\/geiso\/wp-json\/wp\/v2\/categories?post=310"},{"taxonomy":"post_tag","embeddable":true,"href":"https:\/\/www.hsu-hh.de\/geiso\/wp-json\/wp\/v2\/tags?post=310"}],"curies":[{"name":"wp","href":"https:\/\/api.w.org\/{rel}","templated":true}]}}