{"id":2710,"date":"2021-07-14T21:16:49","date_gmt":"2021-07-14T19:16:49","guid":{"rendered":"https:\/\/www.hsu-hh.de\/geiso\/?page_id=2710"},"modified":"2024-11-07T10:02:56","modified_gmt":"2024-11-07T09:02:56","slug":"faculty-administration","status":"publish","type":"page","link":"https:\/\/www.hsu-hh.de\/geiso\/en\/faculty-administration","title":{"rendered":"Faculty Administration"},"content":{"rendered":"\n<p>The faculty administration is your first point of contact for a range of issues. Our staff assists and advises colleagues on budgetary issues, recruitment and hiring, events with external speakers, user rights, and much more. University affiliates can access further information <a href=\"https:\/\/ilias.hsu-hh.de\/goto.php?target=cat_61579&amp;client_id=unibw\" rel='nofollow'>here<\/a>.<\/p>\n\n\n\n<p><strong>Head of Faculty Administration<\/strong><br><a href=\"https:\/\/www.hsu-hh.de\/geiso\/anja-sommer\" data-type=\"page\" data-id=\"886\">Anja Sommer<\/a><\/p>\n\n\n\n<p><strong>Assistant<\/strong><br>N.N.<br><\/p>\n\n\n\n<p><strong>Mailing Address: <\/strong><\/p>\n\n\n\n<p>Helmut-Schmidt-Universit\u00e4t \/Universit\u00e4t der Bundeswehr Hamburg<br>Fakult\u00e4t f\u00fcr Geistes- und Sozialwissenschaften<br>Postfach 700822<br>22008 Hamburg<\/p>\n\n\n\n<p><strong>Visitor Address: <\/strong><\/p>\n\n\n\n<p>Helmut-Schmidt-Universit\u00e4t \/Universit\u00e4t der Bundeswehr Hamburg<br>Geb\u00e4ude H1<br>Holstenhofweg 85<br>22043 Hamburg<\/p>\n\n\n\n<p><strong>How to find us<\/strong><\/p>\n\n\n\n<p>By car: coming from the A24 highway, take exit <abbr title=\"Hamburg\">HH<\/abbr>-Jenfeld, go on Schiffbeker Weg heading north (Rahlstedt), then turn left into Rodigallee, follow the signs, the campus will be on your left<\/p>\n\n\n\n<p>By train from Hamburg Hauptbahnhof: take express bus 35 (direction Rahlstedt Ost) until the stop \u201cUniversit\u00e4t der Bundeswehr\u201d; alternatively, take the subway U1 until Wandsbek Markt, then take local busses 261, 263 or 10 until \u201cUniversit\u00e4t der Bundeswehr\u201d<\/p>\n\n\n\n<p>For further information on trains and local transport, please consult:<br><a href=\"https:\/\/www.bahn.de\/p\/view\/index.shtml\" rel='nofollow'>Deutsche Bahn<\/a><br><a href=\"http:\/\/www.hvv.de\/\" rel='nofollow'>HVV<\/a><\/p>\n\n\n\n<p>By airplane: take express bus 38 (direction Rahlstedt) until Wandsbek Markt, then take local busses 261, 263 or 10 until the stop \u201cUniversit\u00e4t der Bundeswehr\u201d; for further information, see <a href=\"http:\/\/www.hamburg-airport.de\/de\/\" rel='nofollow'>Airport <\/a><\/p>\n\n\n\n<p><a href=\"http:\/\/www.taxihamburg.de\/startseite\/\" rel='nofollow'>By taxi<\/a><\/p>\n","protected":false},"excerpt":{"rendered":"<p>The faculty administration is your first point of contact for a range of issues. Our staff assists and advises colleagues on budgetary issues, recruitment and hiring, events with external speakers, [&hellip;]<\/p>\n","protected":false},"author":27,"featured_media":0,"parent":0,"menu_order":0,"comment_status":"closed","ping_status":"closed","template":"","meta":{"footnotes":""},"categories":[9],"tags":[],"class_list":["post-2710","page","type-page","status-publish","hentry","category-team-en"],"_links":{"self":[{"href":"https:\/\/www.hsu-hh.de\/geiso\/wp-json\/wp\/v2\/pages\/2710","targetHints":{"allow":["GET"]}}],"collection":[{"href":"https:\/\/www.hsu-hh.de\/geiso\/wp-json\/wp\/v2\/pages"}],"about":[{"href":"https:\/\/www.hsu-hh.de\/geiso\/wp-json\/wp\/v2\/types\/page"}],"author":[{"embeddable":true,"href":"https:\/\/www.hsu-hh.de\/geiso\/wp-json\/wp\/v2\/users\/27"}],"replies":[{"embeddable":true,"href":"https:\/\/www.hsu-hh.de\/geiso\/wp-json\/wp\/v2\/comments?post=2710"}],"version-history":[{"count":9,"href":"https:\/\/www.hsu-hh.de\/geiso\/wp-json\/wp\/v2\/pages\/2710\/revisions"}],"predecessor-version":[{"id":4127,"href":"https:\/\/www.hsu-hh.de\/geiso\/wp-json\/wp\/v2\/pages\/2710\/revisions\/4127"}],"wp:attachment":[{"href":"https:\/\/www.hsu-hh.de\/geiso\/wp-json\/wp\/v2\/media?parent=2710"}],"wp:term":[{"taxonomy":"category","embeddable":true,"href":"https:\/\/www.hsu-hh.de\/geiso\/wp-json\/wp\/v2\/categories?post=2710"},{"taxonomy":"post_tag","embeddable":true,"href":"https:\/\/www.hsu-hh.de\/geiso\/wp-json\/wp\/v2\/tags?post=2710"}],"curies":[{"name":"wp","href":"https:\/\/api.w.org\/{rel}","templated":true}]}}