{"id":2683,"date":"2021-05-31T10:46:15","date_gmt":"2021-05-31T08:46:15","guid":{"rendered":"https:\/\/www.hsu-hh.de\/geiso\/?page_id=2683"},"modified":"2026-04-01T08:25:54","modified_gmt":"2026-04-01T06:25:54","slug":"contact","status":"publish","type":"page","link":"https:\/\/www.hsu-hh.de\/geiso\/en\/contact","title":{"rendered":"Contact"},"content":{"rendered":"\n<p><strong>Dean<\/strong><br><a href=\"https:\/\/www.hsu-hh.de\/nng\/team\/payk\"><abbr title=\"Universit\u00e4tsprofessor\">Univ.-Prof.<\/abbr> <abbr title=\"Doktor\">Dr.<\/abbr> Marcus Payk<\/a><\/p>\n\n\n\n<p><strong>Associate Dean<\/strong><br><a href=\"https:\/\/www.hsu-hh.de\/geiso\/startseite\/professuren\" data-type=\"page\" data-id=\"224\">Univ. <abbr title=\"Professor\">Prof.<\/abbr> <abbr title=\"Doktor\">Dr.<\/abbr> Esther Berner<\/a><\/p>\n\n\n\n<p><strong>Deans of Studies<\/strong><\/p>\n\n\n\n<p><strong><em>Education and Educational Science<\/em><\/strong><br><a href=\"https:\/\/www.hsu-hh.de\/systpaed\/Team\"><abbr title=\"Universit\u00e4tsprofessor\">Univ.-Prof.<\/abbr> <abbr title=\"Doktor\">Dr.<\/abbr> Arnd-Michael Nohl<\/a><br><br><em><strong>History<\/strong><\/em><br><a href=\"https:\/\/www.hsu-hh.de\/histec\/pd-dr-heinrich-hartmann\"><abbr title=\"Universit\u00e4tsprofessor\">Univ.-Prof.<\/abbr> <abbr title=\"Doktor\">Dr.<\/abbr> Heinrich Hartmann<\/a><\/p>\n\n\n\n<p><strong><em>Psychology<\/em><\/strong><br><a href=\"https:\/\/www.hsu-hh.de\/diffpsych\/team\/philipp-yorck-herzberg\"><abbr title=\"Universit\u00e4tsprofessor\">Univ.-Prof.<\/abbr> <abbr title=\"Doktor\">Dr.<\/abbr> Philipp Y. Herzberg<\/a><\/p>\n\n\n\n<p><strong>Faculty planning<\/strong><\/p>\n\n\n\n<p>Email: <a href=\"mailto:fakultaetsplanung.geiso@hsu-hh.de\" rel='nofollow'>fakultaetsplanung.geiso@hsu-hh.de<\/a><br><a href=\"https:\/\/www.hsu-hh.de\/geiso\/startseite\/te\" data-type=\"page\" data-id=\"164\">Eliane Tenten<\/a><br><a href=\"https:\/\/www.hsu-hh.de\/geiso\/la\" data-type=\"page\" data-id=\"3101\">Valentina Dimova<\/a><\/p>\n\n\n\n<p><strong>Faculty Administration <\/strong><br>Head of Faculty Administration: <a href=\"https:\/\/www.hsu-hh.de\/geiso\/anja-sommer\" data-type=\"page\" data-id=\"886\">Anja Sommer<\/a><br>Assistant:<\/p>\n\n\n\n<p><strong><abbr title=\"Informationstechnologie\">IT<\/abbr><\/strong><br>Head of <abbr title=\"Informationstechnologie\">IT<\/abbr>: <a href=\"https:\/\/www.hsu-hh.de\/it\/team\"> <\/a><a href=\"https:\/\/www.hsu-hh.de\/it-gws\/team\">Dr Manuel Thiel<\/a><br><a href=\"https:\/\/www.hsu-hh.de\/it-gws\/team\">Stephanie Ibscher<\/a><br><a href=\"https:\/\/www.hsu-hh.de\/it-gws\/team\">Justin Piper<\/a><\/p>\n\n\n\n<p><strong>Mailing Address:<\/strong> <\/p>\n\n\n\n<p>Helmut-Schmidt-Universit\u00e4t \/Universit\u00e4t der Bundeswehr Hamburg<br>Fakult\u00e4t f\u00fcr Geistes- und Sozialwissenschaften<br>Postfach 700822<br>22008 Hamburg<\/p>\n\n\n\n<p><strong>Visitor Address: <\/strong><\/p>\n\n\n\n<p>Helmut-Schmidt-Universit\u00e4t \/Universit\u00e4t der Bundeswehr Hamburg<br>Geb\u00e4ude H1<br>Holstenhofweg 85<br>22043 Hamburg<\/p>\n\n\n\n<p><strong>How to find us<\/strong><\/p>\n\n\n\n<p>By car: coming from the A24 highway, take exit <abbr title=\"Hamburg\">HH<\/abbr>-Jenfeld, go on Schiffbeker Weg heading north (Rahlstedt), then turn left into Rodigallee, follow the signs, the campus will be on your left<\/p>\n\n\n\n<p>By train from Hamburg Hauptbahnhof: take express bus 35 (direction Rahlstedt Ost) until the stop \u201cUniversit\u00e4t der Bundeswehr\u201d; alternatively, take the subway U1 until Wandsbek Markt, then take local busses 261, 263 or 10 until \u201cUniversit\u00e4t der Bundeswehr\u201d<\/p>\n\n\n\n<p>For further information on trains and local transport, please consult:<br><a href=\"https:\/\/www.bahn.de\/p\/view\/index.shtml\" rel='nofollow'>Deutsche Bahn<\/a><br><a href=\"http:\/\/www.hvv.de\/\" rel='nofollow'>HVV<\/a><\/p>\n\n\n\n<p>By airplane: take express bus 38 (direction Rahlstedt) until Wandsbek Markt, then take local busses 261, 263 or 10 until the stop \u201cUniversit\u00e4t der Bundeswehr\u201d; for further information, see <a href=\"http:\/\/www.hamburg-airport.de\/de\/\" rel='nofollow'>Airport <\/a><\/p>\n\n\n\n<p><a href=\"http:\/\/www.taxihamburg.de\/startseite\/\" rel='nofollow'>By taxi<\/a><\/p>\n","protected":false},"excerpt":{"rendered":"<p>DeanUniv.-Prof. Dr. Marcus Payk Associate DeanUniv. Prof. Dr. Esther Berner Deans of Studies Education and Educational ScienceUniv.-Prof. Dr. Arnd-Michael Nohl HistoryUniv.-Prof. Dr. Heinrich Hartmann PsychologyUniv.-Prof. Dr. Philipp Y. Herzberg Faculty [&hellip;]<\/p>\n","protected":false},"author":27,"featured_media":0,"parent":0,"menu_order":0,"comment_status":"closed","ping_status":"closed","template":"","meta":{"footnotes":""},"categories":[2],"tags":[],"class_list":["post-2683","page","type-page","status-publish","hentry","category-about"],"_links":{"self":[{"href":"https:\/\/www.hsu-hh.de\/geiso\/wp-json\/wp\/v2\/pages\/2683","targetHints":{"allow":["GET"]}}],"collection":[{"href":"https:\/\/www.hsu-hh.de\/geiso\/wp-json\/wp\/v2\/pages"}],"about":[{"href":"https:\/\/www.hsu-hh.de\/geiso\/wp-json\/wp\/v2\/types\/page"}],"author":[{"embeddable":true,"href":"https:\/\/www.hsu-hh.de\/geiso\/wp-json\/wp\/v2\/users\/27"}],"replies":[{"embeddable":true,"href":"https:\/\/www.hsu-hh.de\/geiso\/wp-json\/wp\/v2\/comments?post=2683"}],"version-history":[{"count":29,"href":"https:\/\/www.hsu-hh.de\/geiso\/wp-json\/wp\/v2\/pages\/2683\/revisions"}],"predecessor-version":[{"id":4661,"href":"https:\/\/www.hsu-hh.de\/geiso\/wp-json\/wp\/v2\/pages\/2683\/revisions\/4661"}],"wp:attachment":[{"href":"https:\/\/www.hsu-hh.de\/geiso\/wp-json\/wp\/v2\/media?parent=2683"}],"wp:term":[{"taxonomy":"category","embeddable":true,"href":"https:\/\/www.hsu-hh.de\/geiso\/wp-json\/wp\/v2\/categories?post=2683"},{"taxonomy":"post_tag","embeddable":true,"href":"https:\/\/www.hsu-hh.de\/geiso\/wp-json\/wp\/v2\/tags?post=2683"}],"curies":[{"name":"wp","href":"https:\/\/api.w.org\/{rel}","templated":true}]}}