{"id":259,"date":"2017-09-08T15:07:08","date_gmt":"2017-09-08T13:07:08","guid":{"rendered":"https:\/\/www.hsu-hh.de\/geiso\/?page_id=259"},"modified":"2023-03-06T16:14:57","modified_gmt":"2023-03-06T15:14:57","slug":"praktika","status":"publish","type":"page","link":"https:\/\/www.hsu-hh.de\/geiso\/praktika","title":{"rendered":"Praktika"},"content":{"rendered":"<p>Zu einem Studium an der Fakult\u00e4t f\u00fcr Geistes- und Sozialwissenschaften geh\u00f6ren auch Fachpraktika, die durch das Praktikumsamt begleitet und betreut werden. Mehr\u00a0 Informationen f\u00fcr Praktikumsgeber und Studierende sind auf den Seiten des <a href=\"https:\/\/www.hsu-hh.de\/praktika\/praktikumsgeber\/\">Praktikumsamtes <\/a>\u00a0 zu finden.<\/p>\n<p>Wie Sie sich an der Fakult\u00e4t f\u00fcr ein Auslandspraktikum oder eine Abschlussarbeit im Ausland bewerben und welche Voraussetzungen und Unterlagen Sie ben\u00f6tigen, erfahren Sie auch im <a href=\"https:\/\/www.hsu-hh.de\/praktika\/\">Praktikumsamt.<\/a><\/p>\n<p><em>\u00a0<\/em><\/p>\n<p><img loading=\"lazy\" decoding=\"async\" class=\"alignnone wp-image-708 \" src=\"https:\/\/www.hsu-hh.de\/geiso\/wp-content\/uploads\/sites\/497\/2017\/11\/H\u00e4nde_P-Amt-400x200.jpg\" alt=\"Praktika\" width=\"224\" height=\"112\" \/><\/p>\n","protected":false},"excerpt":{"rendered":"<p>Zu einem Studium an der Fakult\u00e4t f\u00fcr Geistes- und Sozialwissenschaften geh\u00f6ren auch Fachpraktika, die durch das Praktikumsamt begleitet und betreut werden. Mehr\u00a0 Informationen f\u00fcr Praktikumsgeber und Studierende sind auf den [&hellip;]<\/p>\n","protected":false},"author":27,"featured_media":0,"parent":0,"menu_order":0,"comment_status":"closed","ping_status":"closed","template":"","meta":{"footnotes":""},"categories":[4],"tags":[],"class_list":["post-259","page","type-page","status-publish","hentry","category-forschung"],"_links":{"self":[{"href":"https:\/\/www.hsu-hh.de\/geiso\/wp-json\/wp\/v2\/pages\/259","targetHints":{"allow":["GET"]}}],"collection":[{"href":"https:\/\/www.hsu-hh.de\/geiso\/wp-json\/wp\/v2\/pages"}],"about":[{"href":"https:\/\/www.hsu-hh.de\/geiso\/wp-json\/wp\/v2\/types\/page"}],"author":[{"embeddable":true,"href":"https:\/\/www.hsu-hh.de\/geiso\/wp-json\/wp\/v2\/users\/27"}],"replies":[{"embeddable":true,"href":"https:\/\/www.hsu-hh.de\/geiso\/wp-json\/wp\/v2\/comments?post=259"}],"version-history":[{"count":15,"href":"https:\/\/www.hsu-hh.de\/geiso\/wp-json\/wp\/v2\/pages\/259\/revisions"}],"predecessor-version":[{"id":3536,"href":"https:\/\/www.hsu-hh.de\/geiso\/wp-json\/wp\/v2\/pages\/259\/revisions\/3536"}],"wp:attachment":[{"href":"https:\/\/www.hsu-hh.de\/geiso\/wp-json\/wp\/v2\/media?parent=259"}],"wp:term":[{"taxonomy":"category","embeddable":true,"href":"https:\/\/www.hsu-hh.de\/geiso\/wp-json\/wp\/v2\/categories?post=259"},{"taxonomy":"post_tag","embeddable":true,"href":"https:\/\/www.hsu-hh.de\/geiso\/wp-json\/wp\/v2\/tags?post=259"}],"curies":[{"name":"wp","href":"https:\/\/api.w.org\/{rel}","templated":true}]}}