{"id":250,"date":"2017-09-08T14:52:09","date_gmt":"2017-09-08T12:52:09","guid":{"rendered":"https:\/\/www.hsu-hh.de\/geiso\/?page_id=250"},"modified":"2023-04-12T10:34:44","modified_gmt":"2023-04-12T08:34:44","slug":"forschung","status":"publish","type":"page","link":"https:\/\/www.hsu-hh.de\/geiso\/forschung","title":{"rendered":"Forschung"},"content":{"rendered":"<div class=\"content-block4\">\n<p style=\"text-align: center\"><a href=\"https:\/\/www.hsu-hh.de\/geiso\/forschungsbereiche\/\">Forschungsbereiche<\/a><br \/>\n.<\/p>\n<p><img loading=\"lazy\" decoding=\"async\" class=\"alignnone wp-image-1252 size-news1-image\" src=\"https:\/\/www.hsu-hh.de\/geiso\/wp-content\/uploads\/sites\/497\/2018\/01\/DSC_0059_3Spalter-400x200.jpg\" alt=\"Forschung\" width=\"400\" height=\"200\" \/><\/p>\n<p style=\"text-align: center\">Kooperationen<br \/>\nClusters of Excellence<br \/>\nAnsprechpartner*innen<br \/>\n.<\/p>\n<\/div>\n<div class=\"content-block4\">\n<p style=\"text-align: center\"><a href=\"https:\/\/www.hsu-hh.de\/geiso\/doktorandenprogramme\/\">Doktoranden*innenprogramme<\/a><br \/>\n<a href=\"https:\/\/www.hsu-hh.de\/geiso\/promotionhabilitation\">Promotion und Habilitation<\/a><\/p>\n<p><img loading=\"lazy\" decoding=\"async\" class=\"alignnone wp-image-1063 size-news1-image\" src=\"https:\/\/www.hsu-hh.de\/geiso\/wp-content\/uploads\/sites\/497\/2017\/12\/DSC_0604-400x200.jpg\" alt=\"B\u00fccher II\" width=\"400\" height=\"200\" \/><\/p>\n<p style=\"text-align: center\">Angebote<br \/>\nAnsprechpartner*innen<br \/>\nPromotions- und Habilitationsordnung<\/p>\n<\/div>\n<div class=\"content-block4\">\n<p style=\"text-align: center\"><a href=\"https:\/\/www.hsu-hh.de\/geiso\/ethikkommission\">Ethikkommission<\/a><br \/>\n.<\/p>\n<p><img loading=\"lazy\" decoding=\"async\" class=\"alignnone wp-image-1105 size-news1-image\" src=\"https:\/\/www.hsu-hh.de\/geiso\/wp-content\/uploads\/sites\/497\/2017\/12\/DSC_0070-400x200.jpg\" alt=\"Tastatur\" width=\"400\" height=\"200\" \/><\/p>\n<p style=\"text-align: center\">Gesch\u00e4fts- und Verfahrensordnung<br \/>\nAnsprechpartner*innen<br \/>\n.<\/p>\n<\/div>\n<div class=\"content-block4\">\n<p style=\"text-align: center\"><a href=\"https:\/\/www.hsu-hh.de\/geiso\/psychologische-labore\">Psychologische Labore<\/a><br \/>\n.<\/p>\n<p><img loading=\"lazy\" decoding=\"async\" class=\"alignnone wp-image-1247 size-news1-image\" src=\"https:\/\/www.hsu-hh.de\/geiso\/wp-content\/uploads\/sites\/497\/2018\/01\/DSC_0511_3Spalter-400x200.jpg\" alt=\"Labor\" width=\"400\" height=\"200\" \/><\/p>\n<p style=\"text-align: center\">Ansprechpartner*innen<br \/>\nAustattung<br \/>\nTermine<br \/>\n.<\/p>\n<\/div>\n<p>Hier finden Sie Informationen zu den unterschiedlichen Forschungsbereichen der Fakult\u00e4t f\u00fcr Geistes- und Sozialwissenschaften sowie \u00fcber das laufende Doktorandenprogramm. Die Psychologischen Labore sowie die aktuelle Promotionsordnung und Habilitationsordnung der Fakult\u00e4t finden Sie ebenfalls auf dieser Seite.<\/p>\n","protected":false},"excerpt":{"rendered":"<p>Forschungsbereiche . Kooperationen Clusters of Excellence Ansprechpartner*innen . Doktoranden*innenprogramme Promotion und Habilitation Angebote Ansprechpartner*innen Promotions- und Habilitationsordnung Ethikkommission . Gesch\u00e4fts- und Verfahrensordnung Ansprechpartner*innen . Psychologische Labore . Ansprechpartner*innen Austattung Termine [&hellip;]<\/p>\n","protected":false},"author":27,"featured_media":0,"parent":0,"menu_order":0,"comment_status":"closed","ping_status":"closed","template":"","meta":{"footnotes":""},"categories":[4],"tags":[72,70],"class_list":["post-250","page","type-page","status-publish","hentry","category-forschung","tag-doktorandenprogramme","tag-weiterbildung"],"_links":{"self":[{"href":"https:\/\/www.hsu-hh.de\/geiso\/wp-json\/wp\/v2\/pages\/250","targetHints":{"allow":["GET"]}}],"collection":[{"href":"https:\/\/www.hsu-hh.de\/geiso\/wp-json\/wp\/v2\/pages"}],"about":[{"href":"https:\/\/www.hsu-hh.de\/geiso\/wp-json\/wp\/v2\/types\/page"}],"author":[{"embeddable":true,"href":"https:\/\/www.hsu-hh.de\/geiso\/wp-json\/wp\/v2\/users\/27"}],"replies":[{"embeddable":true,"href":"https:\/\/www.hsu-hh.de\/geiso\/wp-json\/wp\/v2\/comments?post=250"}],"version-history":[{"count":59,"href":"https:\/\/www.hsu-hh.de\/geiso\/wp-json\/wp\/v2\/pages\/250\/revisions"}],"predecessor-version":[{"id":3636,"href":"https:\/\/www.hsu-hh.de\/geiso\/wp-json\/wp\/v2\/pages\/250\/revisions\/3636"}],"wp:attachment":[{"href":"https:\/\/www.hsu-hh.de\/geiso\/wp-json\/wp\/v2\/media?parent=250"}],"wp:term":[{"taxonomy":"category","embeddable":true,"href":"https:\/\/www.hsu-hh.de\/geiso\/wp-json\/wp\/v2\/categories?post=250"},{"taxonomy":"post_tag","embeddable":true,"href":"https:\/\/www.hsu-hh.de\/geiso\/wp-json\/wp\/v2\/tags?post=250"}],"curies":[{"name":"wp","href":"https:\/\/api.w.org\/{rel}","templated":true}]}}