{"id":228,"date":"2017-09-08T13:53:09","date_gmt":"2017-09-08T11:53:09","guid":{"rendered":"https:\/\/www.hsu-hh.de\/geiso\/?page_id=228"},"modified":"2024-12-03T15:20:34","modified_gmt":"2024-12-03T14:20:34","slug":"studieninteressierte","status":"publish","type":"page","link":"https:\/\/www.hsu-hh.de\/geiso\/startseite\/studieninteressierte","title":{"rendered":"Informationen f\u00fcr Studieninteressierte"},"content":{"rendered":"<p>Die Fakult\u00e4t f\u00fcr Geistes- und Sozialwissenschaften bietet angehenden Offizieren die M\u00f6glichkeit Bachelor- und\/oder Master-Abschl\u00fcsse in den Studieng\u00e4ngen Bildungs- und Erziehungswissenschaften, Geschichte und Psychologie zu absolvieren.\u00a0 Auch <a href=\"https:\/\/www.hsu-hh.de\/hsm\/ziviles-studium\/\">zivile Studierende<\/a> sind an der Fakult\u00e4t f\u00fcr Geistes- und Sozialwissenschaften herzlich willkommen.<\/p>\n<p><strong>Allgemeines zum Studium an der Helmut-Schmidt-Universit\u00e4t<\/strong><\/p>\n<p><a href=\"https:\/\/www.hsu-hh.de\/studieninteressierte\">Erste Informationen f\u00fcr Studieninteressierte<\/a><\/p>\n<p>Obwohl sich das Studium an einer Universit\u00e4t der Bundeswehr inhaltlich nicht von \u00f6ffentlichen Hochschulen unterscheidet, gibt es doch einige Besonderheiten. <a href=\"https:\/\/www.hsu-hh.de\/studium\/\">Weiter<br \/>\n<\/a><\/p>\n<h2><strong>Studiengang Bildungs- und Erziehungswissenschaft (B. A.\/M. A.)<\/strong><\/h2>\n<p>Der B.A- und M.A.-Studiengang Bildungs- und Erziehungswissenschaft vermittelt Kompetenzen, die seine AbsolventInnen zu gefragten Fachkr\u00e4ften auf dem zivilen Arbeitsmarkt wie auch im milit\u00e4rischen Bereich werden lassen.<\/p>\n<p><a href=\"https:\/\/www.hsu-hh.de\/geiso\/startseite\/studieninteressierte\/warum-man-an-der-helmut-schmidt-universitaet-bildungs-und-erziehungswissenschaft-studieren-sollte\">Weiter zu den vermittelten Kompetenzen, zum zivilen Arbeitsmarkt und zu den Bez\u00fcgen zum Offiziersberuf<\/a><\/p>\n<div class=\"col-xs-12 downloads-item\">\n<div class=\"row border-line\">\n<div class=\"thumbnail-area\"><img decoding=\"async\" class=\"download-image\" src=\"\/wp-content\/themes\/hsu\/img\/dummy\/downloads_dummy.png\" alt=\"\" \/><\/div>\n<div class=\"text-area\"><span class=\"download-text\">Warum man an der <abbr title=\"Helmut Schmidt Universit\u00e4t\">HSU<\/abbr> Bildungs- und Erziehungswissenschaft studieren sollte <\/span><\/div>\n<div class=\"download-area\"><a class=\"download-link\" href=\"https:\/\/www.hsu-hh.de\/geiso\/wp-content\/uploads\/sites\/497\/2019\/01\/Warum-es-sich-lohnt-Endfassung.pdf\"><span class=\"download-name\">pdf laden<\/span><span class=\"donwload-icon\"><img decoding=\"async\" class=\"download-icon\" src=\"\/wp-content\/themes\/hsu\/img\/icons\/download_icon.png\" alt=\"download icon\" \/><\/span><span class=\"download-size\">308 KB<\/span><\/a><\/div>\n<\/div>\n<\/div>\n<p><a href=\"https:\/\/www.hsu-hh.de\/studium\/bildungs-und-erziehungswissenschaft\/\">Weiter zur Studienbeschreibung<\/a><\/p>\n<h2><strong>Studiengang<\/strong> <strong>Geschichte (B. A.\/M. A.)<\/strong><\/h2>\n<p>Die Studierenden erwerben bis zum Ende ihres Bachelor-Studiums grundlegende Kenntnisse und ein kritisches Verst\u00e4ndnis der Theorien, Methoden und Forschungsergebnisse der Geschichtswissenschaft sowie der weiteren am Studiengang beteiligten F\u00e4cher. <a href=\"https:\/\/www.hsu-hh.de\/studium\/geschichtswissenschaft\/\">Weiter<\/a><\/p>\n<h2><strong>Studiengang<\/strong> <strong>Psychologie (B. Sc.\/M. Sc.)<\/strong><\/h2>\n<p>Die Psychologie als empirische Wissenschaft erforscht menschliches Erleben und Verhalten, mit dem Ziel, dieses systematisch und umfassend zu beschreiben, zu erkl\u00e4ren und vorherzusagen. Studierende der Psychologie an der Helmut-Schmidt-Universit\u00e4t (<abbr title=\"Helmut Schmidt Universit\u00e4t\">HSU<\/abbr>) durchlaufen einen modular aufgebauten Bachelor-Studiengang sowie einen darauf aufbauenden konsekutiven Master-Studiengang. <a href=\"https:\/\/www.hsu-hh.de\/studium\/psychologie\/\">Weiter<\/a><\/p>\n<h2><strong>Weiterbildungsstudieng\u00e4nge<\/strong><\/h2>\n<p>Das Zentrum f\u00fcr Wissenschaftliche Weiterbildung (ZWW) organisiert die externe wissenschaftliche Weiterbildung an der <abbr title=\"Helmut Schmidt Universit\u00e4t\">HSU<\/abbr> \/ UniBw H und ist mit der Entwicklung von Zertifikatsmodulen und weiterbildenden Studieng\u00e4ngen befasst. Dazu z\u00e4hlte auch der nun auslaufende weiterbildende Masterstudiengang Leading Diversity (M-LeaD), der durch die Expertise ausgewiesener Wissenschaftler\/innen auf diesen Gebieten &#8211; hier v. a. Professor\/innen der Fakult\u00e4t f\u00fcr Geistes- und Sozialwissenschaften angeleitet wurde<\/p>\n<p>Weitere Studienangebote und Informationen zu Voraussetzungen und Abschl\u00fcssen <abbr title=\"et cetera\">etc.<\/abbr> im Weiterbildungsbereich, finden Sie auf der<a href=\"https:\/\/www.hsu-hh.de\/weiterbildung\/\" target=\"_blank\" rel=\"noopener noreferrer\"> Seite des ZWW<\/a>.<\/p>\n","protected":false},"excerpt":{"rendered":"<p>Die Fakult\u00e4t f\u00fcr Geistes- und Sozialwissenschaften bietet angehenden Offizieren die M\u00f6glichkeit Bachelor- und\/oder Master-Abschl\u00fcsse in den Studieng\u00e4ngen Bildungs- und Erziehungswissenschaften, Geschichte und Psychologie zu absolvieren.\u00a0 Auch zivile Studierende sind an [&hellip;]<\/p>\n","protected":false},"author":27,"featured_media":0,"parent":73,"menu_order":0,"comment_status":"closed","ping_status":"closed","template":"","meta":{"footnotes":""},"categories":[6],"tags":[66],"class_list":["post-228","page","type-page","status-publish","hentry","category-lehre","tag-studiengaenge"],"_links":{"self":[{"href":"https:\/\/www.hsu-hh.de\/geiso\/wp-json\/wp\/v2\/pages\/228","targetHints":{"allow":["GET"]}}],"collection":[{"href":"https:\/\/www.hsu-hh.de\/geiso\/wp-json\/wp\/v2\/pages"}],"about":[{"href":"https:\/\/www.hsu-hh.de\/geiso\/wp-json\/wp\/v2\/types\/page"}],"author":[{"embeddable":true,"href":"https:\/\/www.hsu-hh.de\/geiso\/wp-json\/wp\/v2\/users\/27"}],"replies":[{"embeddable":true,"href":"https:\/\/www.hsu-hh.de\/geiso\/wp-json\/wp\/v2\/comments?post=228"}],"version-history":[{"count":54,"href":"https:\/\/www.hsu-hh.de\/geiso\/wp-json\/wp\/v2\/pages\/228\/revisions"}],"predecessor-version":[{"id":4259,"href":"https:\/\/www.hsu-hh.de\/geiso\/wp-json\/wp\/v2\/pages\/228\/revisions\/4259"}],"up":[{"embeddable":true,"href":"https:\/\/www.hsu-hh.de\/geiso\/wp-json\/wp\/v2\/pages\/73"}],"wp:attachment":[{"href":"https:\/\/www.hsu-hh.de\/geiso\/wp-json\/wp\/v2\/media?parent=228"}],"wp:term":[{"taxonomy":"category","embeddable":true,"href":"https:\/\/www.hsu-hh.de\/geiso\/wp-json\/wp\/v2\/categories?post=228"},{"taxonomy":"post_tag","embeddable":true,"href":"https:\/\/www.hsu-hh.de\/geiso\/wp-json\/wp\/v2\/tags?post=228"}],"curies":[{"name":"wp","href":"https:\/\/api.w.org\/{rel}","templated":true}]}}